{"id":99,"date":"2016-09-12T13:38:38","date_gmt":"2016-09-12T11:38:38","guid":{"rendered":"http:\/\/www.mmracing.sk\/wp\/sk\/?page_id=99"},"modified":"2022-12-30T17:43:07","modified_gmt":"2022-12-30T16:43:07","slug":"profil-spolocnosti","status":"publish","type":"page","link":"https:\/\/www.mmracing.sk\/sk\/kontakt\/profil-spolocnosti\/","title":{"rendered":"Profil spolo\u010dnosti"},"content":{"rendered":"<div id=\"attachment_100\" style=\"width: 305px\" class=\"wp-caption alignnone\"><a href=\"https:\/\/www.mmracing.sk\/wp\/wp-content\/uploads\/logo-mmracing-1.jpg\"><img loading=\"lazy\" decoding=\"async\" aria-describedby=\"caption-attachment-100\" class=\"size-full wp-image-100\" src=\"https:\/\/www.mmracing.sk\/wp\/wp-content\/uploads\/logo-mmracing-1.jpg\" alt=\"mm racing old logo\" width=\"295\" height=\"62\" srcset=\"https:\/\/www.mmracing.sk\/wp\/wp-content\/uploads\/logo-mmracing-1.jpg 295w, https:\/\/www.mmracing.sk\/wp\/wp-content\/uploads\/logo-mmracing-1-120x25.jpg 120w, https:\/\/www.mmracing.sk\/wp\/wp-content\/uploads\/logo-mmracing-1-180x38.jpg 180w\" sizes=\"auto, (max-width: 295px) 100vw, 295px\" \/><\/a><p id=\"caption-attachment-100\" class=\"wp-caption-text\">star\u00e9 logo spolo\u010dnosti MM RACING<\/p><\/div>\n<p>\u0160portov\u00fdmi \u00fapravami vozidiel sa zaober\u00e1me v na\u0161ej firme od roku 1999. K tejto \u010dinnosti sme sa dostali cez automobilov\u00fd a motocyklov\u00fd \u0161port, ktor\u00e9mu sa akt\u00edvne venujeme.<br \/>\nSk\u00fasenosti a snaha ma\u0165 motor na s\u00fa\u0165a\u017ei v\u017edy o \u010dosi v\u00fdkonnej\u0161\u00ed, n\u00e1s priviedla k my\u0161lienke zaobera\u0165 sa tuningom profesion\u00e1lne. Za\u010dala spolupr\u00e1ca s firmou ALIEN TECH, ktor\u00e1 okrem techniky poskytla aj svoje bohat\u00e9 sk\u00fasenosti s chiptuningom. (ALIEN TECH poskytuje podporu mnoh\u00fdm firm\u00e1m vo svete, od Japonska po Braz\u00edliu) Vz\u00e1jomn\u00e1 spolupr\u00e1ca v roku 2002 nabrala nov\u00fd smer, zna\u010dku reprezentujeme na Slovensku ako ich ofici\u00e1lny z\u00e1stupca.<\/p>\n<div id=\"attachment_101\" style=\"width: 322px\" class=\"wp-caption alignnone\"><a href=\"https:\/\/www.mmracing.sk\/wp\/wp-content\/uploads\/logo-mmracing-2_jpg.gif\"><img loading=\"lazy\" decoding=\"async\" aria-describedby=\"caption-attachment-101\" class=\" wp-image-101\" src=\"https:\/\/www.mmracing.sk\/wp\/wp-content\/uploads\/logo-mmracing-2_jpg.gif\" alt=\"old logo MM RACING\" width=\"312\" height=\"77\" srcset=\"https:\/\/www.mmracing.sk\/wp\/wp-content\/uploads\/logo-mmracing-2_jpg.gif 174w, https:\/\/www.mmracing.sk\/wp\/wp-content\/uploads\/logo-mmracing-2_jpg-120x30.gif 120w\" sizes=\"auto, (max-width: 312px) 100vw, 312px\" \/><\/a><p id=\"caption-attachment-101\" class=\"wp-caption-text\">star\u00e9 logo spolo\u010dnosti MM RACING<\/p><\/div>\n<p>V roku 2004 v\u0161ak pri\u0161la nov\u00e1 \u00e9ra riadiacich jednotiek, ktor\u00e1 ovplyvnila aj v\u00fdvoj na\u0161ej firmy. Vozidl\u00e1 s\u013a\u0148aj\u00face normu EURO 4 s\u00fa riaden\u00e9 najnov\u0161\u00edmi riadiacimi jednotkami motorov, vyu\u017e\u00edvaj\u00face najmodernej\u0161\u00ed procesor, pou\u017e\u00edvan\u00fd v motoristickom priemysle, Motorola MPC5xx. S\u00fa montovan\u00e9 do najnov\u0161\u00edch modelov automobilov, ako napr\u00edklad Octavia II, Golf 5, A6 3.0TDI a podobne. A preto vznikaj\u00fa \u010fa\u013e\u0161ie obchodn\u00e9 vz\u0165ahy so spolo\u010dnos\u0165ami CMD a EVC , ktor\u00fdmi sa sna\u017e\u00edme doplni\u0165 ponuku zna\u010dky MM RACING &#8211; the chiptuning company, ktor\u00e1 sa zaober\u00e1 v\u00fdhradne chip tuningom a najnov\u0161ie riadiace jednotky upravujeme, ako prv\u00ed na Slovensku pr\u00edstrojom BDM vyu\u017e\u00edvaj\u00facim OBD interface pre programovanie riadiacich jednotiek novej gener\u00e1cie cez diagnotick\u00fd port vozidla.<\/p>\n<div id=\"attachment_102\" style=\"width: 324px\" class=\"wp-caption alignnone\"><a href=\"https:\/\/www.mmracing.sk\/wp\/wp-content\/uploads\/logo-mmracing-3.gif\"><img loading=\"lazy\" decoding=\"async\" aria-describedby=\"caption-attachment-102\" class=\"size-full wp-image-102\" src=\"https:\/\/www.mmracing.sk\/wp\/wp-content\/uploads\/logo-mmracing-3.gif\" alt=\"old logo MM RACING\" width=\"314\" height=\"54\" srcset=\"https:\/\/www.mmracing.sk\/wp\/wp-content\/uploads\/logo-mmracing-3.gif 314w, https:\/\/www.mmracing.sk\/wp\/wp-content\/uploads\/logo-mmracing-3-120x21.gif 120w, https:\/\/www.mmracing.sk\/wp\/wp-content\/uploads\/logo-mmracing-3-180x31.gif 180w\" sizes=\"auto, (max-width: 314px) 100vw, 314px\" \/><\/a><p id=\"caption-attachment-102\" class=\"wp-caption-text\">star\u00e9 logo spolo\u010dnosti MM RACING<\/p><\/div>\n<p>V roku 2006 sme absolvovali dal\u0161ie \u0161kolenie v spolo\u010dnosti DIM SPORT a vznikol nov\u00fd obchodn\u00fd vz\u0165ah, v\u010faka ktor\u00e9mu sme si upevnili poz\u00edciu l\u00eddra v oblasti chiptuningu na slovenskom trhu.<\/p>\n<div id=\"attachment_103\" style=\"width: 302px\" class=\"wp-caption alignnone\"><a href=\"https:\/\/www.mmracing.sk\/wp\/wp-content\/uploads\/logo-mmracing-4.gif\"><img loading=\"lazy\" decoding=\"async\" aria-describedby=\"caption-attachment-103\" class=\"size-full wp-image-103\" src=\"https:\/\/www.mmracing.sk\/wp\/wp-content\/uploads\/logo-mmracing-4.gif\" alt=\"old logo MM RACING\" width=\"292\" height=\"69\" srcset=\"https:\/\/www.mmracing.sk\/wp\/wp-content\/uploads\/logo-mmracing-4.gif 292w, https:\/\/www.mmracing.sk\/wp\/wp-content\/uploads\/logo-mmracing-4-120x28.gif 120w, https:\/\/www.mmracing.sk\/wp\/wp-content\/uploads\/logo-mmracing-4-180x43.gif 180w\" sizes=\"auto, (max-width: 292px) 100vw, 292px\" \/><\/a><p id=\"caption-attachment-103\" class=\"wp-caption-text\">star\u00e9 logo spolo\u010dnosti MM RACING<\/p><\/div>\n<p>Na \u0161portov\u00fa sez\u00f3nu 2008 sme sa dostato\u010dne pripravili s vozidlom BMW E46 330xd na preteky do vrchu, vytrvalostn\u00e9 6 a 12 hodinov\u00e9 preteky a s vozidlom BMW E30 335i Alpina na drift a preteky do vrchu.<br \/>\nV roku 2007 sa svetom automobilizmu prehnala vlna nad\u0161enia z nov\u00fdch riadiacich syst\u00e9mov EDC17 a MED17, ktor\u00e9 pou\u017e\u00edvaj\u00fa najmodernej\u0161\u00ed TriCore &#8211; troj-jadrov\u00fd procesor. T\u00e1 v\u0161ak po uveden\u00ed automobilov s t\u00fdmto vstrekovac\u00edm syst\u00e9mom na trh ve\u013emi r\u00fdchlo opadla, lebo ak\u00e9ko\u013evek programovanie nepripadalo do \u00favahy. Syst\u00e9m je vybaven\u00fd pr\u00edsnej\u0161ou ochranou, pou\u017e\u00edva zlo\u017eitej\u0161\u00ed algoritmus a najnov\u0161ie m\u00e1 aj uzamknut\u00e9 d\u00e1ta, chr\u00e1nen\u00e9 proti \u010d\u00edtaniu.<br \/>\nMM RACING &#8211; chip tuning na sklonku roka 2008 pokoril aj posledn\u00fd, najzlo\u017eitej\u0161i syst\u00e9m koncernu VAG. Pri tejto pr\u00edle\u017eitosti sme predstavili n\u00e1s showcar VW Golf V 1.4TSI 140k s upraven\u00fdm v\u00fdkonom na 230k.<\/p>\n<div id=\"attachment_104\" style=\"width: 355px\" class=\"wp-caption alignnone\"><a href=\"https:\/\/www.mmracing.sk\/wp\/wp-content\/uploads\/logo-mmracing-5.gif\"><img loading=\"lazy\" decoding=\"async\" aria-describedby=\"caption-attachment-104\" class=\"size-medium wp-image-104\" src=\"https:\/\/www.mmracing.sk\/wp\/wp-content\/uploads\/logo-mmracing-5-345x58.gif\" alt=\"new logo MMRACING\" width=\"345\" height=\"58\" srcset=\"https:\/\/www.mmracing.sk\/wp\/wp-content\/uploads\/logo-mmracing-5-345x58.gif 345w, https:\/\/www.mmracing.sk\/wp\/wp-content\/uploads\/logo-mmracing-5-120x20.gif 120w, https:\/\/www.mmracing.sk\/wp\/wp-content\/uploads\/logo-mmracing-5-180x30.gif 180w\" sizes=\"auto, (max-width: 345px) 100vw, 345px\" \/><\/a><p id=\"caption-attachment-104\" class=\"wp-caption-text\">nov\u00e9 logo spolo\u010dnosti MM RACING<\/p><\/div>\n<p>P\u00ed\u0161e sa rok 2009 a MM RACING oslavuje 10 ro\u010dn\u00e9 v\u00fdro\u010die svojej p\u00f4sobnosti.<br \/>\nPri tejto pr\u00edle\u017eitosti sme prist\u00fapili k radik\u00e1lnej\u0161ej zmene loga, ktor\u00e9 navrhol prest\u00ed\u017eny dizajn\u00e9r Kent Labadie z Floridy. Z\u00e1rove\u0148 sme uzatvorili dohodu so spolo\u010dnos\u0165ou Piasini Engineering o ich zast\u00fapen\u00ed na Slovensku, \u010d\u00edm sme zna\u010dne roz\u0161\u00edrili portf\u00f3lio nami upravovan\u00fdch vozidiel hlavne o Japonsk\u00e9 a Korejsk\u00e9 zna\u010dky.<br \/>\nNa pretek\u00e1rsku sez\u00f3nu 2009 sme u\u017e dostato\u010dne pripraven\u00ed nielen s vynoven\u00fdm dieselov\u00fdm motorom do \u0161peci\u00e1lu BMW 330xd, ale i nov\u00fdm pr\u00edrastkom &#8211; BMW E46 M3, s ktor\u00fdm n\u00e1s bude vidie\u0165 ur\u010dite \u010dasto hlavne na driftingov\u00fdch podujatiach.<\/p>\n<p>V roku 2010 sme nadviazali \u00fazku spolupr\u00e1cu so spolo\u010dnos\u0165ou G-POWER, ktor\u00e1 sa venuje sofistikovanej z\u00e1stavbe kompresorov do vozidiel zna\u010diek BMW. Predstavili sme n\u00e1\u0161 nov\u00fd showcar VW Multivan 2.0 BiTDI, ktor\u00e9mu sme sa venovali po motorickej str\u00e1nke.<\/p>\n<p>V roku 2011 sme z\u00edskali exkluz\u00edvne zast\u00fapenie KAHN DESIGN pre Slovensko, taktie\u017e sme predstavili &#8220;Slovensk\u00fd&#8221; showcar G-POWER BMW E46 M3 a na pretek\u00e1rsku sez\u00f3nu 2012 pripravujeme projekt BMW E46 s motorom Toyota 1JZ.<\/p>\n<p>V roku 2013 sme sa pres\u0165ahovali na nov\u00fa adresu. Zmena adresy n\u00e1m umo\u017enila roz\u0161\u00edri\u0165 svoje slu\u017eby, postupne sme sa stali predajcami r\u00f4znych prest\u00ed\u017enych zna\u010diek, ako napr\u00edklad Akrapovic, Remus, KW, ST a podobne.<\/p>\n","protected":false},"excerpt":{"rendered":"<p>\u0160portov\u00fdmi \u00fapravami vozidiel sa zaober\u00e1me v na\u0161ej firme od roku 1999. K tejto \u010dinnosti sme sa dostali cez automobilov\u00fd a [&hellip;]<\/p>\n","protected":false},"author":1,"featured_media":0,"parent":46,"menu_order":0,"comment_status":"closed","ping_status":"closed","template":"","meta":{"footnotes":""},"class_list":["post-99","page","type-page","status-publish","hentry"],"yoast_head":"<!-- This site is optimized with the Yoast SEO Premium plugin v23.8 (Yoast SEO v27.6) - https:\/\/yoast.com\/product\/yoast-seo-premium-wordpress\/ -->\n<title>Profil spolo\u010dnosti - MM RACING<\/title>\n<meta name=\"robots\" content=\"index, follow, max-snippet:-1, max-image-preview:large, max-video-preview:-1\" \/>\n<link rel=\"canonical\" href=\"https:\/\/www.mmracing.sk\/sk\/kontakt\/profil-spolocnosti\/\" \/>\n<meta property=\"og:locale\" content=\"en_GB\" \/>\n<meta property=\"og:type\" content=\"article\" \/>\n<meta property=\"og:title\" content=\"Profil spolo\u010dnosti\" \/>\n<meta property=\"og:description\" content=\"\u0160portov\u00fdmi \u00fapravami vozidiel sa zaober\u00e1me v na\u0161ej firme od roku 1999. K tejto \u010dinnosti sme sa dostali cez automobilov\u00fd a [&hellip;]\" \/>\n<meta property=\"og:url\" content=\"https:\/\/www.mmracing.sk\/sk\/kontakt\/profil-spolocnosti\/\" \/>\n<meta property=\"og:site_name\" content=\"MM RACING\" \/>\n<meta property=\"article:modified_time\" content=\"2022-12-30T16:43:07+00:00\" \/>\n<meta property=\"og:image\" content=\"https:\/\/www.mmracing.sk\/wp\/wp-content\/uploads\/logo-mmracing-1.jpg\" \/>\n<meta name=\"twitter:card\" content=\"summary_large_image\" \/>\n<meta name=\"twitter:label1\" content=\"Estimated reading time\" \/>\n\t<meta name=\"twitter:data1\" content=\"4 minutes\" \/>\n<script type=\"application\/ld+json\" class=\"yoast-schema-graph\">{\"@context\":\"https:\\\/\\\/schema.org\",\"@graph\":[{\"@type\":\"WebPage\",\"@id\":\"https:\\\/\\\/www.mmracing.sk\\\/sk\\\/kontakt\\\/profil-spolocnosti\\\/\",\"url\":\"https:\\\/\\\/www.mmracing.sk\\\/sk\\\/kontakt\\\/profil-spolocnosti\\\/\",\"name\":\"Profil spolo\u010dnosti - MM RACING\",\"isPartOf\":{\"@id\":\"https:\\\/\\\/www.mmracing.sk\\\/sk\\\/#website\"},\"primaryImageOfPage\":{\"@id\":\"https:\\\/\\\/www.mmracing.sk\\\/sk\\\/kontakt\\\/profil-spolocnosti\\\/#primaryimage\"},\"image\":{\"@id\":\"https:\\\/\\\/www.mmracing.sk\\\/sk\\\/kontakt\\\/profil-spolocnosti\\\/#primaryimage\"},\"thumbnailUrl\":\"https:\\\/\\\/www.mmracing.sk\\\/wp\\\/wp-content\\\/uploads\\\/logo-mmracing-1.jpg\",\"datePublished\":\"2016-09-12T11:38:38+00:00\",\"dateModified\":\"2022-12-30T16:43:07+00:00\",\"breadcrumb\":{\"@id\":\"https:\\\/\\\/www.mmracing.sk\\\/sk\\\/kontakt\\\/profil-spolocnosti\\\/#breadcrumb\"},\"inLanguage\":\"en-GB\",\"potentialAction\":[{\"@type\":\"ReadAction\",\"target\":[\"https:\\\/\\\/www.mmracing.sk\\\/sk\\\/kontakt\\\/profil-spolocnosti\\\/\"]}]},{\"@type\":\"ImageObject\",\"inLanguage\":\"en-GB\",\"@id\":\"https:\\\/\\\/www.mmracing.sk\\\/sk\\\/kontakt\\\/profil-spolocnosti\\\/#primaryimage\",\"url\":\"https:\\\/\\\/www.mmracing.sk\\\/wp\\\/wp-content\\\/uploads\\\/logo-mmracing-1.jpg\",\"contentUrl\":\"https:\\\/\\\/www.mmracing.sk\\\/wp\\\/wp-content\\\/uploads\\\/logo-mmracing-1.jpg\"},{\"@type\":\"BreadcrumbList\",\"@id\":\"https:\\\/\\\/www.mmracing.sk\\\/sk\\\/kontakt\\\/profil-spolocnosti\\\/#breadcrumb\",\"itemListElement\":[{\"@type\":\"ListItem\",\"position\":1,\"name\":\"Domovsk\u00e1 str\u00e1nka\",\"item\":\"https:\\\/\\\/www.mmracing.sk\\\/sk\\\/\"},{\"@type\":\"ListItem\",\"position\":2,\"name\":\"Kontakt\",\"item\":\"https:\\\/\\\/www.mmracing.sk\\\/sk\\\/kontakt\\\/\"},{\"@type\":\"ListItem\",\"position\":3,\"name\":\"Profil spolo\u010dnosti\"}]},{\"@type\":\"WebSite\",\"@id\":\"https:\\\/\\\/www.mmracing.sk\\\/sk\\\/#website\",\"url\":\"https:\\\/\\\/www.mmracing.sk\\\/sk\\\/\",\"name\":\"MM RACING\",\"description\":\"MM RACING V\u00e1m pon\u00faka profesion\u00e1lny chip tuning automobilov. Pon\u00fakame aj diagnostiku vozidiel a mno\u017estvo \u010fal\u0161\u00edch slu\u017eieb v Bratislave. Viac na mmracing.sk.\",\"potentialAction\":[{\"@type\":\"SearchAction\",\"target\":{\"@type\":\"EntryPoint\",\"urlTemplate\":\"https:\\\/\\\/www.mmracing.sk\\\/sk\\\/?s={search_term_string}\"},\"query-input\":{\"@type\":\"PropertyValueSpecification\",\"valueRequired\":true,\"valueName\":\"search_term_string\"}}],\"inLanguage\":\"en-GB\"}]}<\/script>\n<!-- \/ Yoast SEO Premium plugin. -->","yoast_head_json":{"title":"Profil spolo\u010dnosti - MM RACING","robots":{"index":"index","follow":"follow","max-snippet":"max-snippet:-1","max-image-preview":"max-image-preview:large","max-video-preview":"max-video-preview:-1"},"canonical":"https:\/\/www.mmracing.sk\/sk\/kontakt\/profil-spolocnosti\/","og_locale":"en_GB","og_type":"article","og_title":"Profil spolo\u010dnosti","og_description":"\u0160portov\u00fdmi \u00fapravami vozidiel sa zaober\u00e1me v na\u0161ej firme od roku 1999. K tejto \u010dinnosti sme sa dostali cez automobilov\u00fd a [&hellip;]","og_url":"https:\/\/www.mmracing.sk\/sk\/kontakt\/profil-spolocnosti\/","og_site_name":"MM RACING","article_modified_time":"2022-12-30T16:43:07+00:00","og_image":[{"url":"https:\/\/www.mmracing.sk\/wp\/wp-content\/uploads\/logo-mmracing-1.jpg","type":"","width":"","height":""}],"twitter_card":"summary_large_image","twitter_misc":{"Estimated reading time":"4 minutes"},"schema":{"@context":"https:\/\/schema.org","@graph":[{"@type":"WebPage","@id":"https:\/\/www.mmracing.sk\/sk\/kontakt\/profil-spolocnosti\/","url":"https:\/\/www.mmracing.sk\/sk\/kontakt\/profil-spolocnosti\/","name":"Profil spolo\u010dnosti - MM RACING","isPartOf":{"@id":"https:\/\/www.mmracing.sk\/sk\/#website"},"primaryImageOfPage":{"@id":"https:\/\/www.mmracing.sk\/sk\/kontakt\/profil-spolocnosti\/#primaryimage"},"image":{"@id":"https:\/\/www.mmracing.sk\/sk\/kontakt\/profil-spolocnosti\/#primaryimage"},"thumbnailUrl":"https:\/\/www.mmracing.sk\/wp\/wp-content\/uploads\/logo-mmracing-1.jpg","datePublished":"2016-09-12T11:38:38+00:00","dateModified":"2022-12-30T16:43:07+00:00","breadcrumb":{"@id":"https:\/\/www.mmracing.sk\/sk\/kontakt\/profil-spolocnosti\/#breadcrumb"},"inLanguage":"en-GB","potentialAction":[{"@type":"ReadAction","target":["https:\/\/www.mmracing.sk\/sk\/kontakt\/profil-spolocnosti\/"]}]},{"@type":"ImageObject","inLanguage":"en-GB","@id":"https:\/\/www.mmracing.sk\/sk\/kontakt\/profil-spolocnosti\/#primaryimage","url":"https:\/\/www.mmracing.sk\/wp\/wp-content\/uploads\/logo-mmracing-1.jpg","contentUrl":"https:\/\/www.mmracing.sk\/wp\/wp-content\/uploads\/logo-mmracing-1.jpg"},{"@type":"BreadcrumbList","@id":"https:\/\/www.mmracing.sk\/sk\/kontakt\/profil-spolocnosti\/#breadcrumb","itemListElement":[{"@type":"ListItem","position":1,"name":"Domovsk\u00e1 str\u00e1nka","item":"https:\/\/www.mmracing.sk\/sk\/"},{"@type":"ListItem","position":2,"name":"Kontakt","item":"https:\/\/www.mmracing.sk\/sk\/kontakt\/"},{"@type":"ListItem","position":3,"name":"Profil spolo\u010dnosti"}]},{"@type":"WebSite","@id":"https:\/\/www.mmracing.sk\/sk\/#website","url":"https:\/\/www.mmracing.sk\/sk\/","name":"MM RACING","description":"MM RACING V\u00e1m pon\u00faka profesion\u00e1lny chip tuning automobilov. Pon\u00fakame aj diagnostiku vozidiel a mno\u017estvo \u010fal\u0161\u00edch slu\u017eieb v Bratislave. Viac na mmracing.sk.","potentialAction":[{"@type":"SearchAction","target":{"@type":"EntryPoint","urlTemplate":"https:\/\/www.mmracing.sk\/sk\/?s={search_term_string}"},"query-input":{"@type":"PropertyValueSpecification","valueRequired":true,"valueName":"search_term_string"}}],"inLanguage":"en-GB"}]}},"_links":{"self":[{"href":"https:\/\/www.mmracing.sk\/sk\/wp-json\/wp\/v2\/pages\/99","targetHints":{"allow":["GET"]}}],"collection":[{"href":"https:\/\/www.mmracing.sk\/sk\/wp-json\/wp\/v2\/pages"}],"about":[{"href":"https:\/\/www.mmracing.sk\/sk\/wp-json\/wp\/v2\/types\/page"}],"author":[{"embeddable":true,"href":"https:\/\/www.mmracing.sk\/sk\/wp-json\/wp\/v2\/users\/1"}],"replies":[{"embeddable":true,"href":"https:\/\/www.mmracing.sk\/sk\/wp-json\/wp\/v2\/comments?post=99"}],"version-history":[{"count":2,"href":"https:\/\/www.mmracing.sk\/sk\/wp-json\/wp\/v2\/pages\/99\/revisions"}],"predecessor-version":[{"id":9783,"href":"https:\/\/www.mmracing.sk\/sk\/wp-json\/wp\/v2\/pages\/99\/revisions\/9783"}],"up":[{"embeddable":true,"href":"https:\/\/www.mmracing.sk\/sk\/wp-json\/wp\/v2\/pages\/46"}],"wp:attachment":[{"href":"https:\/\/www.mmracing.sk\/sk\/wp-json\/wp\/v2\/media?parent=99"}],"curies":[{"name":"wp","href":"https:\/\/api.w.org\/{rel}","templated":true}]}}