{"id":9,"date":"2016-09-11T14:48:46","date_gmt":"2016-09-11T12:48:46","guid":{"rendered":"http:\/\/www.mmracing.sk\/wp\/sk\/?page_id=9"},"modified":"2023-07-11T20:13:14","modified_gmt":"2023-07-11T18:13:14","slug":"sluzby-meranie-vykonu","status":"publish","type":"page","link":"https:\/\/www.mmracing.sk\/sk\/sluzby\/sluzby-meranie-vykonu\/","title":{"rendered":"Meranie v\u00fdkonu vozidla"},"content":{"rendered":"<p>Disponujeme najmodernej\u0161ou valcovou z\u00e1\u0165a\u017eovou sk\u00fa\u0161ob\u0148ou na meranie v\u00fdkonu motorov\u00fdch vozidiel MAHA MSR500 4&#215;4 s pohonom prednej, zadnej n\u00e1pravy alebo pohonom v\u0161etk\u00fdch kolies &#8211; 4&#215;4.<\/p>\n<p>Z\u00e1\u0165a\u017eov\u00e1 sk\u00fa\u0161ob\u0148a typu MSR disponuje elektromotormi pre pohon z\u00e1\u0165a\u017eovej sk\u00fa\u0161obne, pre predn\u00fa aj zadn\u00fa n\u00e1pravu. V\u010faka pohonu je mo\u017en\u00e9 aj pri pohone len jednej n\u00e1pravy vozidla, plne simulova\u0165 jazdu vozidla po vozovke, nako\u013eko elektromotormi je synchronizovan\u00e1 r\u00fdchlos\u0165 ot\u00e1\u010dania kolies n\u00e1pravy vozidla bez pohonu s n\u00e1pravou ktor\u00e1 je vozidlom poh\u00e1\u0148an\u00e1.<\/p>\n<p>V\u010faka elektromotorom je rovnako mo\u017en\u00e9 vytv\u00e1ra\u0165 v\u0161etky plnohodnotn\u00e9 jazdn\u00e9 podmienky pre vozidlo, vr\u00e1tane deceler\u00e1cie &#8211; jazdy s vozidlom dole kopcom. V\u010faka tejto mo\u017enosti je t\u00e1to sk\u00fa\u0161ob\u0148a ide\u00e1lnym rie\u0161en\u00edm v pr\u00edpade potreby diagnostiky napr\u00edklad automatickej prevodovky, ale hlavne diagnostiky v\u0161etk\u00fdch vozidiel s rekuper\u00e1ciou, tzn. hybridov aj elektromobilov.<\/p>\n<p>Vozidlo pri z\u00e1\u0165a\u017eovom teste chlad\u00edme \u0161peci\u00e1lne navrhnutou vzduchotechnikou pre pretek\u00e1rske vozidl\u00e1 s mno\u017estvom prenesen\u00e9ho vzduchu 60.000 m3 \/ hod.a r\u00fdchlos\u0165ou vzduchu obtekaj\u00faceho vozidlo 150 km\/h.<\/p>\n<p>Pre n\u00e1s neexistuje \u017eiaden kompromis, nespoliehame sa na n\u00e1hodu, pon\u00fakame profituning!<\/p>\n<h3>Cena merania v\u00fdkonu vozidla:<\/h3>\n<ul>\n<li>s jednou poh\u00e1\u0148anou n\u00e1pravou v re\u017eime 4&#215;2 70,00\u20ac bez DPH \/ 84,00\u20ac s DPH<\/li>\n<li>s pohonom 4&#215;4 alebo automatickou prevodovkou a pohonom jednej n\u00e1pravy v re\u017eime 4&#215;4 100,00\u20ac bez DPH \/ 120,00\u20ac s DPH<\/li>\n<\/ul>\n\n\t\t<style type=\"text\/css\">\n\t\t\t#gallery-1 {\n\t\t\t\tmargin: auto;\n\t\t\t}\n\t\t\t#gallery-1 .gallery-item {\n\t\t\t\tfloat: left;\n\t\t\t\tmargin-top: 10px;\n\t\t\t\ttext-align: center;\n\t\t\t\twidth: 50%;\n\t\t\t}\n\t\t\t#gallery-1 img {\n\t\t\t\tborder: 2px solid #cfcfcf;\n\t\t\t}\n\t\t\t#gallery-1 .gallery-caption {\n\t\t\t\tmargin-left: 0;\n\t\t\t}\n\t\t\t\/* see gallery_shortcode() in wp-includes\/media.php *\/\n\t\t<\/style>\n\t\t<div id='gallery-1' class='gallery galleryid-9 gallery-columns-2 gallery-size-large'><dl class='gallery-item'>\n\t\t\t<dt class='gallery-icon landscape'>\n\t\t\t\t<a href='https:\/\/www.mmracing.sk\/sk\/sluzby\/autoservis\/brzda1\/'><img loading=\"lazy\" decoding=\"async\" width=\"640\" height=\"480\" src=\"https:\/\/www.mmracing.sk\/wp\/wp-content\/uploads\/2016\/09\/BRZDA1.jpg\" class=\"attachment-large size-large\" alt=\"\" srcset=\"https:\/\/www.mmracing.sk\/wp\/wp-content\/uploads\/2016\/09\/BRZDA1.jpg 640w, https:\/\/www.mmracing.sk\/wp\/wp-content\/uploads\/2016\/09\/BRZDA1-120x90.jpg 120w, https:\/\/www.mmracing.sk\/wp\/wp-content\/uploads\/2016\/09\/BRZDA1-180x135.jpg 180w, https:\/\/www.mmracing.sk\/wp\/wp-content\/uploads\/2016\/09\/BRZDA1-345x259.jpg 345w, https:\/\/www.mmracing.sk\/wp\/wp-content\/uploads\/2016\/09\/BRZDA1-600x450.jpg 600w\" sizes=\"auto, (max-width: 640px) 100vw, 640px\" \/><\/a>\n\t\t\t<\/dt><\/dl><dl class='gallery-item'>\n\t\t\t<dt class='gallery-icon landscape'>\n\t\t\t\t<a href='https:\/\/www.mmracing.sk\/sk\/sluzby\/autoservis\/brzda2\/'><img loading=\"lazy\" decoding=\"async\" width=\"640\" height=\"480\" src=\"https:\/\/www.mmracing.sk\/wp\/wp-content\/uploads\/2016\/09\/BRZDA2.jpg\" class=\"attachment-large size-large\" alt=\"\" srcset=\"https:\/\/www.mmracing.sk\/wp\/wp-content\/uploads\/2016\/09\/BRZDA2.jpg 640w, https:\/\/www.mmracing.sk\/wp\/wp-content\/uploads\/2016\/09\/BRZDA2-120x90.jpg 120w, https:\/\/www.mmracing.sk\/wp\/wp-content\/uploads\/2016\/09\/BRZDA2-180x135.jpg 180w, https:\/\/www.mmracing.sk\/wp\/wp-content\/uploads\/2016\/09\/BRZDA2-345x259.jpg 345w, https:\/\/www.mmracing.sk\/wp\/wp-content\/uploads\/2016\/09\/BRZDA2-600x450.jpg 600w\" sizes=\"auto, (max-width: 640px) 100vw, 640px\" \/><\/a>\n\t\t\t<\/dt><\/dl><br style=\"clear: both\" \/><dl class='gallery-item'>\n\t\t\t<dt class='gallery-icon landscape'>\n\t\t\t\t<a href='https:\/\/www.mmracing.sk\/sk\/sluzby\/autoservis\/maha-msr500-4x4-mmracing-chiptuning\/'><img loading=\"lazy\" decoding=\"async\" width=\"960\" height=\"720\" src=\"https:\/\/www.mmracing.sk\/wp\/wp-content\/uploads\/2016\/09\/maha-msr500-4x4-mmracing-chiptuning.jpg\" class=\"attachment-large size-large\" alt=\"\" srcset=\"https:\/\/www.mmracing.sk\/wp\/wp-content\/uploads\/2016\/09\/maha-msr500-4x4-mmracing-chiptuning.jpg 960w, https:\/\/www.mmracing.sk\/wp\/wp-content\/uploads\/2016\/09\/maha-msr500-4x4-mmracing-chiptuning-120x90.jpg 120w, https:\/\/www.mmracing.sk\/wp\/wp-content\/uploads\/2016\/09\/maha-msr500-4x4-mmracing-chiptuning-180x135.jpg 180w, https:\/\/www.mmracing.sk\/wp\/wp-content\/uploads\/2016\/09\/maha-msr500-4x4-mmracing-chiptuning-345x259.jpg 345w, https:\/\/www.mmracing.sk\/wp\/wp-content\/uploads\/2016\/09\/maha-msr500-4x4-mmracing-chiptuning-768x576.jpg 768w, https:\/\/www.mmracing.sk\/wp\/wp-content\/uploads\/2016\/09\/maha-msr500-4x4-mmracing-chiptuning-600x450.jpg 600w\" sizes=\"auto, (max-width: 960px) 100vw, 960px\" \/><\/a>\n\t\t\t<\/dt><\/dl>\n\t\t\t<br style='clear: both' \/>\n\t\t<\/div>\n\n","protected":false},"excerpt":{"rendered":"<p>Disponujeme najmodernej\u0161ou valcovou z\u00e1\u0165a\u017eovou sk\u00fa\u0161ob\u0148ou na meranie v\u00fdkonu motorov\u00fdch vozidiel MAHA MSR500 4&#215;4 s pohonom prednej, zadnej n\u00e1pravy alebo pohonom [&hellip;]<\/p>\n","protected":false},"author":1,"featured_media":0,"parent":121,"menu_order":0,"comment_status":"closed","ping_status":"closed","template":"","meta":{"footnotes":""},"class_list":["post-9","page","type-page","status-publish","hentry"],"yoast_head":"<!-- This site is optimized with the Yoast SEO Premium plugin v23.8 (Yoast SEO v27.6) - https:\/\/yoast.com\/product\/yoast-seo-premium-wordpress\/ -->\n<title>Meranie v\u00fdkonu vozidla - MM RACING<\/title>\n<meta name=\"description\" content=\"Disponujeme najmodernej\u0161ou valcovou z\u00e1\u0165a\u017eovou sk\u00fa\u0161ob\u0148ou na meranie v\u00fdkonu motorov\u00fdch vozidiel MAHA MSR500 4x4 s pohonom jednej alebo obidvoch n\u00e1prav.\" \/>\n<meta name=\"robots\" content=\"index, follow, max-snippet:-1, max-image-preview:large, max-video-preview:-1\" \/>\n<link rel=\"canonical\" href=\"https:\/\/www.mmracing.sk\/sk\/sluzby\/sluzby-meranie-vykonu\/\" \/>\n<meta property=\"og:locale\" content=\"en_GB\" \/>\n<meta property=\"og:type\" content=\"article\" \/>\n<meta property=\"og:title\" content=\"Meranie v\u00fdkonu vozidla\" \/>\n<meta property=\"og:description\" content=\"Disponujeme najmodernej\u0161ou valcovou z\u00e1\u0165a\u017eovou sk\u00fa\u0161ob\u0148ou na meranie v\u00fdkonu motorov\u00fdch vozidiel MAHA MSR500 4x4 s pohonom jednej alebo obidvoch n\u00e1prav.\" \/>\n<meta property=\"og:url\" content=\"https:\/\/www.mmracing.sk\/sk\/sluzby\/sluzby-meranie-vykonu\/\" \/>\n<meta property=\"og:site_name\" content=\"MM RACING\" \/>\n<meta property=\"article:modified_time\" content=\"2023-07-11T18:13:14+00:00\" \/>\n<meta property=\"og:image\" content=\"https:\/\/www.mmracing.sk\/wp\/wp-content\/uploads\/2016\/09\/BRZDA1.jpg\" \/>\n<meta name=\"twitter:card\" content=\"summary_large_image\" \/>\n<meta name=\"twitter:label1\" content=\"Estimated reading time\" \/>\n\t<meta name=\"twitter:data1\" content=\"1 minute\" \/>\n<script type=\"application\/ld+json\" class=\"yoast-schema-graph\">{\"@context\":\"https:\\\/\\\/schema.org\",\"@graph\":[{\"@type\":\"WebPage\",\"@id\":\"https:\\\/\\\/www.mmracing.sk\\\/sk\\\/sluzby\\\/sluzby-meranie-vykonu\\\/\",\"url\":\"https:\\\/\\\/www.mmracing.sk\\\/sk\\\/sluzby\\\/sluzby-meranie-vykonu\\\/\",\"name\":\"Meranie v\u00fdkonu vozidla - MM RACING\",\"isPartOf\":{\"@id\":\"https:\\\/\\\/www.mmracing.sk\\\/sk\\\/#website\"},\"datePublished\":\"2016-09-11T12:48:46+00:00\",\"dateModified\":\"2023-07-11T18:13:14+00:00\",\"description\":\"Disponujeme najmodernej\u0161ou valcovou z\u00e1\u0165a\u017eovou sk\u00fa\u0161ob\u0148ou na meranie v\u00fdkonu motorov\u00fdch vozidiel MAHA MSR500 4x4 s pohonom jednej alebo obidvoch n\u00e1prav.\",\"breadcrumb\":{\"@id\":\"https:\\\/\\\/www.mmracing.sk\\\/sk\\\/sluzby\\\/sluzby-meranie-vykonu\\\/#breadcrumb\"},\"inLanguage\":\"en-GB\",\"potentialAction\":[{\"@type\":\"ReadAction\",\"target\":[\"https:\\\/\\\/www.mmracing.sk\\\/sk\\\/sluzby\\\/sluzby-meranie-vykonu\\\/\"]}]},{\"@type\":\"BreadcrumbList\",\"@id\":\"https:\\\/\\\/www.mmracing.sk\\\/sk\\\/sluzby\\\/sluzby-meranie-vykonu\\\/#breadcrumb\",\"itemListElement\":[{\"@type\":\"ListItem\",\"position\":1,\"name\":\"Domovsk\u00e1 str\u00e1nka\",\"item\":\"https:\\\/\\\/www.mmracing.sk\\\/sk\\\/\"},{\"@type\":\"ListItem\",\"position\":2,\"name\":\"Slu\u017eby\",\"item\":\"https:\\\/\\\/www.mmracing.sk\\\/sk\\\/sluzby\\\/\"},{\"@type\":\"ListItem\",\"position\":3,\"name\":\"Meranie v\u00fdkonu vozidla\"}]},{\"@type\":\"WebSite\",\"@id\":\"https:\\\/\\\/www.mmracing.sk\\\/sk\\\/#website\",\"url\":\"https:\\\/\\\/www.mmracing.sk\\\/sk\\\/\",\"name\":\"MM RACING\",\"description\":\"MM RACING V\u00e1m pon\u00faka profesion\u00e1lny chip tuning automobilov. Pon\u00fakame aj diagnostiku vozidiel a mno\u017estvo \u010fal\u0161\u00edch slu\u017eieb v Bratislave. Viac na mmracing.sk.\",\"potentialAction\":[{\"@type\":\"SearchAction\",\"target\":{\"@type\":\"EntryPoint\",\"urlTemplate\":\"https:\\\/\\\/www.mmracing.sk\\\/sk\\\/?s={search_term_string}\"},\"query-input\":{\"@type\":\"PropertyValueSpecification\",\"valueRequired\":true,\"valueName\":\"search_term_string\"}}],\"inLanguage\":\"en-GB\"}]}<\/script>\n<!-- \/ Yoast SEO Premium plugin. -->","yoast_head_json":{"title":"Meranie v\u00fdkonu vozidla - MM RACING","description":"Disponujeme najmodernej\u0161ou valcovou z\u00e1\u0165a\u017eovou sk\u00fa\u0161ob\u0148ou na meranie v\u00fdkonu motorov\u00fdch vozidiel MAHA MSR500 4x4 s pohonom jednej alebo obidvoch n\u00e1prav.","robots":{"index":"index","follow":"follow","max-snippet":"max-snippet:-1","max-image-preview":"max-image-preview:large","max-video-preview":"max-video-preview:-1"},"canonical":"https:\/\/www.mmracing.sk\/sk\/sluzby\/sluzby-meranie-vykonu\/","og_locale":"en_GB","og_type":"article","og_title":"Meranie v\u00fdkonu vozidla","og_description":"Disponujeme najmodernej\u0161ou valcovou z\u00e1\u0165a\u017eovou sk\u00fa\u0161ob\u0148ou na meranie v\u00fdkonu motorov\u00fdch vozidiel MAHA MSR500 4x4 s pohonom jednej alebo obidvoch n\u00e1prav.","og_url":"https:\/\/www.mmracing.sk\/sk\/sluzby\/sluzby-meranie-vykonu\/","og_site_name":"MM RACING","article_modified_time":"2023-07-11T18:13:14+00:00","og_image":[{"url":"https:\/\/www.mmracing.sk\/wp\/wp-content\/uploads\/2016\/09\/BRZDA1.jpg","type":"","width":"","height":""}],"twitter_card":"summary_large_image","twitter_misc":{"Estimated reading time":"1 minute"},"schema":{"@context":"https:\/\/schema.org","@graph":[{"@type":"WebPage","@id":"https:\/\/www.mmracing.sk\/sk\/sluzby\/sluzby-meranie-vykonu\/","url":"https:\/\/www.mmracing.sk\/sk\/sluzby\/sluzby-meranie-vykonu\/","name":"Meranie v\u00fdkonu vozidla - MM RACING","isPartOf":{"@id":"https:\/\/www.mmracing.sk\/sk\/#website"},"datePublished":"2016-09-11T12:48:46+00:00","dateModified":"2023-07-11T18:13:14+00:00","description":"Disponujeme najmodernej\u0161ou valcovou z\u00e1\u0165a\u017eovou sk\u00fa\u0161ob\u0148ou na meranie v\u00fdkonu motorov\u00fdch vozidiel MAHA MSR500 4x4 s pohonom jednej alebo obidvoch n\u00e1prav.","breadcrumb":{"@id":"https:\/\/www.mmracing.sk\/sk\/sluzby\/sluzby-meranie-vykonu\/#breadcrumb"},"inLanguage":"en-GB","potentialAction":[{"@type":"ReadAction","target":["https:\/\/www.mmracing.sk\/sk\/sluzby\/sluzby-meranie-vykonu\/"]}]},{"@type":"BreadcrumbList","@id":"https:\/\/www.mmracing.sk\/sk\/sluzby\/sluzby-meranie-vykonu\/#breadcrumb","itemListElement":[{"@type":"ListItem","position":1,"name":"Domovsk\u00e1 str\u00e1nka","item":"https:\/\/www.mmracing.sk\/sk\/"},{"@type":"ListItem","position":2,"name":"Slu\u017eby","item":"https:\/\/www.mmracing.sk\/sk\/sluzby\/"},{"@type":"ListItem","position":3,"name":"Meranie v\u00fdkonu vozidla"}]},{"@type":"WebSite","@id":"https:\/\/www.mmracing.sk\/sk\/#website","url":"https:\/\/www.mmracing.sk\/sk\/","name":"MM RACING","description":"MM RACING V\u00e1m pon\u00faka profesion\u00e1lny chip tuning automobilov. Pon\u00fakame aj diagnostiku vozidiel a mno\u017estvo \u010fal\u0161\u00edch slu\u017eieb v Bratislave. Viac na mmracing.sk.","potentialAction":[{"@type":"SearchAction","target":{"@type":"EntryPoint","urlTemplate":"https:\/\/www.mmracing.sk\/sk\/?s={search_term_string}"},"query-input":{"@type":"PropertyValueSpecification","valueRequired":true,"valueName":"search_term_string"}}],"inLanguage":"en-GB"}]}},"_links":{"self":[{"href":"https:\/\/www.mmracing.sk\/sk\/wp-json\/wp\/v2\/pages\/9","targetHints":{"allow":["GET"]}}],"collection":[{"href":"https:\/\/www.mmracing.sk\/sk\/wp-json\/wp\/v2\/pages"}],"about":[{"href":"https:\/\/www.mmracing.sk\/sk\/wp-json\/wp\/v2\/types\/page"}],"author":[{"embeddable":true,"href":"https:\/\/www.mmracing.sk\/sk\/wp-json\/wp\/v2\/users\/1"}],"replies":[{"embeddable":true,"href":"https:\/\/www.mmracing.sk\/sk\/wp-json\/wp\/v2\/comments?post=9"}],"version-history":[{"count":5,"href":"https:\/\/www.mmracing.sk\/sk\/wp-json\/wp\/v2\/pages\/9\/revisions"}],"predecessor-version":[{"id":9829,"href":"https:\/\/www.mmracing.sk\/sk\/wp-json\/wp\/v2\/pages\/9\/revisions\/9829"}],"up":[{"embeddable":true,"href":"https:\/\/www.mmracing.sk\/sk\/wp-json\/wp\/v2\/pages\/121"}],"wp:attachment":[{"href":"https:\/\/www.mmracing.sk\/sk\/wp-json\/wp\/v2\/media?parent=9"}],"curies":[{"name":"wp","href":"https:\/\/api.w.org\/{rel}","templated":true}]}}