{"id":587,"date":"2016-09-21T20:28:26","date_gmt":"2016-09-21T18:28:26","guid":{"rendered":"http:\/\/www.mmracing.sk\/wp\/sk\/kontakt\/galeria\/g-power\/bmw-e46-m3-g-power-by-mm-racing\/"},"modified":"2016-09-21T20:35:06","modified_gmt":"2016-09-21T18:35:06","slug":"bmw-e46-m3-g-power-by-mm-racing","status":"publish","type":"page","link":"https:\/\/www.mmracing.sk\/sk\/kontakt\/galeria\/g-power\/bmw-e46-m3-g-power-by-mm-racing\/","title":{"rendered":"BMW E46 M3 G-POWER by MM RACING"},"content":{"rendered":"\n\t\t<style type=\"text\/css\">\n\t\t\t#gallery-1 {\n\t\t\t\tmargin: auto;\n\t\t\t}\n\t\t\t#gallery-1 .gallery-item {\n\t\t\t\tfloat: left;\n\t\t\t\tmargin-top: 10px;\n\t\t\t\ttext-align: center;\n\t\t\t\twidth: 50%;\n\t\t\t}\n\t\t\t#gallery-1 img {\n\t\t\t\tborder: 2px solid #cfcfcf;\n\t\t\t}\n\t\t\t#gallery-1 .gallery-caption {\n\t\t\t\tmargin-left: 0;\n\t\t\t}\n\t\t\t\/* see gallery_shortcode() in wp-includes\/media.php *\/\n\t\t<\/style>\n\t\t<div id='gallery-1' class='gallery galleryid-587 gallery-columns-2 gallery-size-thumbnail'><dl class='gallery-item'>\n\t\t\t<dt class='gallery-icon landscape'>\n\t\t\t\t<a href='https:\/\/www.mmracing.sk\/sk\/kontakt\/galeria\/g-power\/bmw-e46-m3-g-power-by-mm-racing\/attachment\/1322063752\/'><img loading=\"lazy\" decoding=\"async\" width=\"331\" height=\"331\" src=\"https:\/\/www.mmracing.sk\/wp\/wp-content\/uploads\/1322063752-331x331.png\" class=\"attachment-thumbnail size-thumbnail\" alt=\"interi\u00e9r BMW M3 MMRACING\" aria-describedby=\"gallery-1-600\" srcset=\"https:\/\/www.mmracing.sk\/wp\/wp-content\/uploads\/1322063752-331x331.png 331w, https:\/\/www.mmracing.sk\/wp\/wp-content\/uploads\/1322063752-100x100.png 100w\" sizes=\"auto, (max-width: 331px) 100vw, 331px\" \/><\/a>\n\t\t\t<\/dt>\n\t\t\t\t<dd class='wp-caption-text gallery-caption' id='gallery-1-600'>\n\t\t\t\tinteri\u00e9r BMW M3 MMRACING\n\t\t\t\t<\/dd><\/dl><dl class='gallery-item'>\n\t\t\t<dt class='gallery-icon portrait'>\n\t\t\t\t<a href='https:\/\/www.mmracing.sk\/sk\/kontakt\/galeria\/g-power\/bmw-e46-m3-g-power-by-mm-racing\/attachment\/1322063732\/'><img loading=\"lazy\" decoding=\"async\" width=\"331\" height=\"331\" src=\"https:\/\/www.mmracing.sk\/wp\/wp-content\/uploads\/1322063732-331x331.png\" class=\"attachment-thumbnail size-thumbnail\" alt=\"karb\u00f3nov\u00e1 z\u00e1slepka miesto r\u00e1dia BMW M3 MMRACING\" aria-describedby=\"gallery-1-599\" srcset=\"https:\/\/www.mmracing.sk\/wp\/wp-content\/uploads\/1322063732-331x331.png 331w, https:\/\/www.mmracing.sk\/wp\/wp-content\/uploads\/1322063732-100x100.png 100w\" sizes=\"auto, (max-width: 331px) 100vw, 331px\" \/><\/a>\n\t\t\t<\/dt>\n\t\t\t\t<dd class='wp-caption-text gallery-caption' id='gallery-1-599'>\n\t\t\t\tkarb\u00f3nov\u00e1 z\u00e1slepka miesto r\u00e1dia BMW M3 MMRACING\n\t\t\t\t<\/dd><\/dl><br style=\"clear: both\" \/><dl class='gallery-item'>\n\t\t\t<dt class='gallery-icon landscape'>\n\t\t\t\t<a href='https:\/\/www.mmracing.sk\/sk\/kontakt\/galeria\/g-power\/bmw-e46-m3-g-power-by-mm-racing\/attachment\/1322063714\/'><img loading=\"lazy\" decoding=\"async\" width=\"331\" height=\"331\" src=\"https:\/\/www.mmracing.sk\/wp\/wp-content\/uploads\/1322063714-331x331.png\" class=\"attachment-thumbnail size-thumbnail\" alt=\"MMRACING chiptuning\" aria-describedby=\"gallery-1-598\" srcset=\"https:\/\/www.mmracing.sk\/wp\/wp-content\/uploads\/1322063714-331x331.png 331w, https:\/\/www.mmracing.sk\/wp\/wp-content\/uploads\/1322063714-100x100.png 100w\" sizes=\"auto, (max-width: 331px) 100vw, 331px\" \/><\/a>\n\t\t\t<\/dt>\n\t\t\t\t<dd class='wp-caption-text gallery-caption' id='gallery-1-598'>\n\t\t\t\tMMRACING chiptuning\n\t\t\t\t<\/dd><\/dl><dl class='gallery-item'>\n\t\t\t<dt class='gallery-icon landscape'>\n\t\t\t\t<a href='https:\/\/www.mmracing.sk\/sk\/kontakt\/galeria\/g-power\/bmw-e46-m3-g-power-by-mm-racing\/attachment\/1322063690\/'><img loading=\"lazy\" decoding=\"async\" width=\"331\" height=\"331\" src=\"https:\/\/www.mmracing.sk\/wp\/wp-content\/uploads\/1322063690-331x331.png\" class=\"attachment-thumbnail size-thumbnail\" alt=\"karb\u00f3nov\u00e1 predn\u00e1 kapota BMW M3 MMRACING chiptuning\" aria-describedby=\"gallery-1-597\" srcset=\"https:\/\/www.mmracing.sk\/wp\/wp-content\/uploads\/1322063690-331x331.png 331w, https:\/\/www.mmracing.sk\/wp\/wp-content\/uploads\/1322063690-100x100.png 100w\" sizes=\"auto, (max-width: 331px) 100vw, 331px\" \/><\/a>\n\t\t\t<\/dt>\n\t\t\t\t<dd class='wp-caption-text gallery-caption' id='gallery-1-597'>\n\t\t\t\tkarb\u00f3nov\u00e1 predn\u00e1 kapota BMW M3 MMRACING chiptuning\n\t\t\t\t<\/dd><\/dl><br style=\"clear: both\" \/><dl class='gallery-item'>\n\t\t\t<dt class='gallery-icon landscape'>\n\t\t\t\t<a href='https:\/\/www.mmracing.sk\/sk\/kontakt\/galeria\/g-power\/bmw-e46-m3-g-power-by-mm-racing\/attachment\/1322063668\/'><img loading=\"lazy\" decoding=\"async\" width=\"331\" height=\"331\" src=\"https:\/\/www.mmracing.sk\/wp\/wp-content\/uploads\/1322063668-331x331.png\" class=\"attachment-thumbnail size-thumbnail\" alt=\"odvetranie motorov\u00e9ho riestoru BMW M3 MMRACING chiptuning\" aria-describedby=\"gallery-1-596\" srcset=\"https:\/\/www.mmracing.sk\/wp\/wp-content\/uploads\/1322063668-331x331.png 331w, https:\/\/www.mmracing.sk\/wp\/wp-content\/uploads\/1322063668-100x100.png 100w\" sizes=\"auto, (max-width: 331px) 100vw, 331px\" \/><\/a>\n\t\t\t<\/dt>\n\t\t\t\t<dd class='wp-caption-text gallery-caption' id='gallery-1-596'>\n\t\t\t\todvetranie motorov\u00e9ho riestoru BMW M3 MMRACING chiptuning\n\t\t\t\t<\/dd><\/dl><dl class='gallery-item'>\n\t\t\t<dt class='gallery-icon landscape'>\n\t\t\t\t<a href='https:\/\/www.mmracing.sk\/sk\/kontakt\/galeria\/g-power\/bmw-e46-m3-g-power-by-mm-racing\/attachment\/1321282457\/'><img loading=\"lazy\" decoding=\"async\" width=\"331\" height=\"331\" src=\"https:\/\/www.mmracing.sk\/wp\/wp-content\/uploads\/1321282457-331x331.png\" class=\"attachment-thumbnail size-thumbnail\" alt=\"prepl\u0148ovan\u00e1 M3 MMRACING chiptuning\" aria-describedby=\"gallery-1-595\" srcset=\"https:\/\/www.mmracing.sk\/wp\/wp-content\/uploads\/1321282457-331x331.png 331w, https:\/\/www.mmracing.sk\/wp\/wp-content\/uploads\/1321282457-100x100.png 100w\" sizes=\"auto, (max-width: 331px) 100vw, 331px\" \/><\/a>\n\t\t\t<\/dt>\n\t\t\t\t<dd class='wp-caption-text gallery-caption' id='gallery-1-595'>\n\t\t\t\tprepl\u0148ovan\u00e1 M3 MMRACING chiptuning\n\t\t\t\t<\/dd><\/dl><br style=\"clear: both\" \/><dl class='gallery-item'>\n\t\t\t<dt class='gallery-icon portrait'>\n\t\t\t\t<a href='https:\/\/www.mmracing.sk\/sk\/kontakt\/galeria\/g-power\/bmw-e46-m3-g-power-by-mm-racing\/attachment\/1321282435\/'><img loading=\"lazy\" decoding=\"async\" width=\"331\" height=\"331\" src=\"https:\/\/www.mmracing.sk\/wp\/wp-content\/uploads\/1321282435-331x331.png\" class=\"attachment-thumbnail size-thumbnail\" alt=\"BMW M3 Gpower MMRACING\" aria-describedby=\"gallery-1-594\" srcset=\"https:\/\/www.mmracing.sk\/wp\/wp-content\/uploads\/1321282435-331x331.png 331w, https:\/\/www.mmracing.sk\/wp\/wp-content\/uploads\/1321282435-100x100.png 100w\" sizes=\"auto, (max-width: 331px) 100vw, 331px\" \/><\/a>\n\t\t\t<\/dt>\n\t\t\t\t<dd class='wp-caption-text gallery-caption' id='gallery-1-594'>\n\t\t\t\tBMW M3 Gpower MMRACING\n\t\t\t\t<\/dd><\/dl><dl class='gallery-item'>\n\t\t\t<dt class='gallery-icon landscape'>\n\t\t\t\t<a href='https:\/\/www.mmracing.sk\/sk\/kontakt\/galeria\/g-power\/bmw-e46-m3-g-power-by-mm-racing\/attachment\/1321282401\/'><img loading=\"lazy\" decoding=\"async\" width=\"331\" height=\"331\" src=\"https:\/\/www.mmracing.sk\/wp\/wp-content\/uploads\/1321282401-331x331.png\" class=\"attachment-thumbnail size-thumbnail\" alt=\"karb\u00f3nov\u00fd dif\u00fazor BMW M3 MMRACING chiptuning\" aria-describedby=\"gallery-1-593\" srcset=\"https:\/\/www.mmracing.sk\/wp\/wp-content\/uploads\/1321282401-331x331.png 331w, https:\/\/www.mmracing.sk\/wp\/wp-content\/uploads\/1321282401-100x100.png 100w\" sizes=\"auto, (max-width: 331px) 100vw, 331px\" \/><\/a>\n\t\t\t<\/dt>\n\t\t\t\t<dd class='wp-caption-text gallery-caption' id='gallery-1-593'>\n\t\t\t\tkarb\u00f3nov\u00fd dif\u00fazor BMW M3 MMRACING chiptuning\n\t\t\t\t<\/dd><\/dl><br style=\"clear: both\" \/><dl class='gallery-item'>\n\t\t\t<dt class='gallery-icon landscape'>\n\t\t\t\t<a href='https:\/\/www.mmracing.sk\/sk\/kontakt\/galeria\/g-power\/bmw-e46-m3-g-power-by-mm-racing\/attachment\/1321282361\/'><img loading=\"lazy\" decoding=\"async\" width=\"331\" height=\"331\" src=\"https:\/\/www.mmracing.sk\/wp\/wp-content\/uploads\/1321282361-331x331.png\" class=\"attachment-thumbnail size-thumbnail\" alt=\"kompresor G-POWER pre BMW M3 E46, MMRACING chiptuning\" aria-describedby=\"gallery-1-592\" srcset=\"https:\/\/www.mmracing.sk\/wp\/wp-content\/uploads\/1321282361-331x331.png 331w, https:\/\/www.mmracing.sk\/wp\/wp-content\/uploads\/1321282361-100x100.png 100w\" sizes=\"auto, (max-width: 331px) 100vw, 331px\" \/><\/a>\n\t\t\t<\/dt>\n\t\t\t\t<dd class='wp-caption-text gallery-caption' id='gallery-1-592'>\n\t\t\t\tkompresor G-POWER pre BMW M3 E46, MMRACING chiptuning\n\t\t\t\t<\/dd><\/dl><dl class='gallery-item'>\n\t\t\t<dt class='gallery-icon portrait'>\n\t\t\t\t<a href='https:\/\/www.mmracing.sk\/sk\/kontakt\/galeria\/g-power\/bmw-e46-m3-g-power-by-mm-racing\/attachment\/1321282351\/'><img loading=\"lazy\" decoding=\"async\" width=\"331\" height=\"331\" src=\"https:\/\/www.mmracing.sk\/wp\/wp-content\/uploads\/1321282351-331x331.png\" class=\"attachment-thumbnail size-thumbnail\" alt=\"syst\u00e9m prepl\u0148ovania motora BMW M3, MMRACING chiptuning\" aria-describedby=\"gallery-1-591\" srcset=\"https:\/\/www.mmracing.sk\/wp\/wp-content\/uploads\/1321282351-331x331.png 331w, https:\/\/www.mmracing.sk\/wp\/wp-content\/uploads\/1321282351-100x100.png 100w\" sizes=\"auto, (max-width: 331px) 100vw, 331px\" \/><\/a>\n\t\t\t<\/dt>\n\t\t\t\t<dd class='wp-caption-text gallery-caption' id='gallery-1-591'>\n\t\t\t\tsyst\u00e9m prepl\u0148ovania motora BMW M3, MMRACING chiptuning\n\t\t\t\t<\/dd><\/dl><br style=\"clear: both\" \/><dl class='gallery-item'>\n\t\t\t<dt class='gallery-icon portrait'>\n\t\t\t\t<a href='https:\/\/www.mmracing.sk\/sk\/kontakt\/galeria\/g-power\/bmw-e46-m3-g-power-by-mm-racing\/attachment\/1321282331\/'><img loading=\"lazy\" decoding=\"async\" width=\"331\" height=\"331\" src=\"https:\/\/www.mmracing.sk\/wp\/wp-content\/uploads\/1321282331-331x331.png\" class=\"attachment-thumbnail size-thumbnail\" alt=\"BMW M3 GPOWER, MMRACING chiptuning\" aria-describedby=\"gallery-1-590\" srcset=\"https:\/\/www.mmracing.sk\/wp\/wp-content\/uploads\/1321282331-331x331.png 331w, https:\/\/www.mmracing.sk\/wp\/wp-content\/uploads\/1321282331-100x100.png 100w\" sizes=\"auto, (max-width: 331px) 100vw, 331px\" \/><\/a>\n\t\t\t<\/dt>\n\t\t\t\t<dd class='wp-caption-text gallery-caption' id='gallery-1-590'>\n\t\t\t\tBMW M3 GPOWER, MMRACING chiptuning\n\t\t\t\t<\/dd><\/dl><dl class='gallery-item'>\n\t\t\t<dt class='gallery-icon landscape'>\n\t\t\t\t<a href='https:\/\/www.mmracing.sk\/sk\/kontakt\/galeria\/g-power\/bmw-e46-m3-g-power-by-mm-racing\/attachment\/1321282310\/'><img loading=\"lazy\" decoding=\"async\" width=\"331\" height=\"331\" src=\"https:\/\/www.mmracing.sk\/wp\/wp-content\/uploads\/1321282310-331x331.jpg\" class=\"attachment-thumbnail size-thumbnail\" alt=\"karb\u00f3nov\u00e9 doplnky BMW M3 E46, MMRACING chiptuning\" aria-describedby=\"gallery-1-588\" srcset=\"https:\/\/www.mmracing.sk\/wp\/wp-content\/uploads\/1321282310-331x331.jpg 331w, https:\/\/www.mmracing.sk\/wp\/wp-content\/uploads\/1321282310-100x100.jpg 100w\" sizes=\"auto, (max-width: 331px) 100vw, 331px\" \/><\/a>\n\t\t\t<\/dt>\n\t\t\t\t<dd class='wp-caption-text gallery-caption' id='gallery-1-588'>\n\t\t\t\tkarb\u00f3nov\u00e9 doplnky BMW M3 E46, MMRACING chiptuning\n\t\t\t\t<\/dd><\/dl><br style=\"clear: both\" \/><dl class='gallery-item'>\n\t\t\t<dt class='gallery-icon landscape'>\n\t\t\t\t<a href='https:\/\/www.mmracing.sk\/sk\/kontakt\/galeria\/g-power\/bmw-e46-m3-g-power-by-mm-racing\/attachment\/1321282319\/'><img loading=\"lazy\" decoding=\"async\" width=\"331\" height=\"331\" src=\"https:\/\/www.mmracing.sk\/wp\/wp-content\/uploads\/1321282319-331x331.png\" class=\"attachment-thumbnail size-thumbnail\" alt=\"M3 E46 G-POWER v MM RACING chiptuning\" aria-describedby=\"gallery-1-589\" srcset=\"https:\/\/www.mmracing.sk\/wp\/wp-content\/uploads\/1321282319-331x331.png 331w, https:\/\/www.mmracing.sk\/wp\/wp-content\/uploads\/1321282319-100x100.png 100w\" sizes=\"auto, (max-width: 331px) 100vw, 331px\" \/><\/a>\n\t\t\t<\/dt>\n\t\t\t\t<dd class='wp-caption-text gallery-caption' id='gallery-1-589'>\n\t\t\t\tM3 E46 G-POWER v MM RACING chiptuning\n\t\t\t\t<\/dd><\/dl>\n\t\t\t<br style='clear: both' \/>\n\t\t<\/div>\n\n","protected":false},"excerpt":{"rendered":"","protected":false},"author":1,"featured_media":588,"parent":585,"menu_order":0,"comment_status":"closed","ping_status":"closed","template":"","meta":{"footnotes":""},"class_list":["post-587","page","type-page","status-publish","has-post-thumbnail","hentry"],"yoast_head":"<!-- This site is optimized with the Yoast SEO Premium plugin v23.8 (Yoast SEO v27.6) - https:\/\/yoast.com\/product\/yoast-seo-premium-wordpress\/ -->\n<title>BMW E46 M3 G-POWER by MM RACING - MM RACING<\/title>\n<meta name=\"robots\" content=\"index, follow, max-snippet:-1, max-image-preview:large, max-video-preview:-1\" \/>\n<link rel=\"canonical\" href=\"https:\/\/www.mmracing.sk\/sk\/kontakt\/galeria\/g-power\/bmw-e46-m3-g-power-by-mm-racing\/\" \/>\n<meta property=\"og:locale\" content=\"en_GB\" \/>\n<meta property=\"og:type\" content=\"article\" \/>\n<meta property=\"og:title\" content=\"BMW E46 M3 G-POWER by MM RACING\" \/>\n<meta property=\"og:url\" content=\"https:\/\/www.mmracing.sk\/sk\/kontakt\/galeria\/g-power\/bmw-e46-m3-g-power-by-mm-racing\/\" \/>\n<meta property=\"og:site_name\" content=\"MM RACING\" \/>\n<meta property=\"article:modified_time\" content=\"2016-09-21T18:35:06+00:00\" \/>\n<meta property=\"og:image\" content=\"https:\/\/www.mmracing.sk\/wp\/wp-content\/uploads\/1321282310-rotated.jpg\" \/>\n\t<meta property=\"og:image:width\" content=\"1024\" \/>\n\t<meta property=\"og:image:height\" content=\"683\" \/>\n\t<meta property=\"og:image:type\" content=\"image\/jpeg\" \/>\n<meta name=\"twitter:card\" content=\"summary_large_image\" \/>\n<script type=\"application\/ld+json\" class=\"yoast-schema-graph\">{\"@context\":\"https:\\\/\\\/schema.org\",\"@graph\":[{\"@type\":\"WebPage\",\"@id\":\"https:\\\/\\\/www.mmracing.sk\\\/sk\\\/kontakt\\\/galeria\\\/g-power\\\/bmw-e46-m3-g-power-by-mm-racing\\\/\",\"url\":\"https:\\\/\\\/www.mmracing.sk\\\/sk\\\/kontakt\\\/galeria\\\/g-power\\\/bmw-e46-m3-g-power-by-mm-racing\\\/\",\"name\":\"BMW E46 M3 G-POWER by MM RACING - MM RACING\",\"isPartOf\":{\"@id\":\"https:\\\/\\\/www.mmracing.sk\\\/sk\\\/#website\"},\"primaryImageOfPage\":{\"@id\":\"https:\\\/\\\/www.mmracing.sk\\\/sk\\\/kontakt\\\/galeria\\\/g-power\\\/bmw-e46-m3-g-power-by-mm-racing\\\/#primaryimage\"},\"image\":{\"@id\":\"https:\\\/\\\/www.mmracing.sk\\\/sk\\\/kontakt\\\/galeria\\\/g-power\\\/bmw-e46-m3-g-power-by-mm-racing\\\/#primaryimage\"},\"thumbnailUrl\":\"https:\\\/\\\/www.mmracing.sk\\\/wp\\\/wp-content\\\/uploads\\\/1321282310-rotated.jpg\",\"datePublished\":\"2016-09-21T18:28:26+00:00\",\"dateModified\":\"2016-09-21T18:35:06+00:00\",\"breadcrumb\":{\"@id\":\"https:\\\/\\\/www.mmracing.sk\\\/sk\\\/kontakt\\\/galeria\\\/g-power\\\/bmw-e46-m3-g-power-by-mm-racing\\\/#breadcrumb\"},\"inLanguage\":\"en-GB\",\"potentialAction\":[{\"@type\":\"ReadAction\",\"target\":[\"https:\\\/\\\/www.mmracing.sk\\\/sk\\\/kontakt\\\/galeria\\\/g-power\\\/bmw-e46-m3-g-power-by-mm-racing\\\/\"]}]},{\"@type\":\"ImageObject\",\"inLanguage\":\"en-GB\",\"@id\":\"https:\\\/\\\/www.mmracing.sk\\\/sk\\\/kontakt\\\/galeria\\\/g-power\\\/bmw-e46-m3-g-power-by-mm-racing\\\/#primaryimage\",\"url\":\"https:\\\/\\\/www.mmracing.sk\\\/wp\\\/wp-content\\\/uploads\\\/1321282310-rotated.jpg\",\"contentUrl\":\"https:\\\/\\\/www.mmracing.sk\\\/wp\\\/wp-content\\\/uploads\\\/1321282310-rotated.jpg\",\"width\":1024,\"height\":683,\"caption\":\"karb\u00f3nov\u00e9 doplnky BMW M3 E46, MMRACING chiptuning\"},{\"@type\":\"BreadcrumbList\",\"@id\":\"https:\\\/\\\/www.mmracing.sk\\\/sk\\\/kontakt\\\/galeria\\\/g-power\\\/bmw-e46-m3-g-power-by-mm-racing\\\/#breadcrumb\",\"itemListElement\":[{\"@type\":\"ListItem\",\"position\":1,\"name\":\"Domovsk\u00e1 str\u00e1nka\",\"item\":\"https:\\\/\\\/www.mmracing.sk\\\/sk\\\/\"},{\"@type\":\"ListItem\",\"position\":2,\"name\":\"Kontakt\",\"item\":\"https:\\\/\\\/www.mmracing.sk\\\/sk\\\/kontakt\\\/\"},{\"@type\":\"ListItem\",\"position\":3,\"name\":\"Gal\u00e9ria\",\"item\":\"https:\\\/\\\/www.mmracing.sk\\\/sk\\\/kontakt\\\/galeria\\\/\"},{\"@type\":\"ListItem\",\"position\":4,\"name\":\"G-POWER\",\"item\":\"https:\\\/\\\/www.mmracing.sk\\\/sk\\\/kontakt\\\/galeria\\\/g-power\\\/\"},{\"@type\":\"ListItem\",\"position\":5,\"name\":\"BMW E46 M3 G-POWER by MM RACING\"}]},{\"@type\":\"WebSite\",\"@id\":\"https:\\\/\\\/www.mmracing.sk\\\/sk\\\/#website\",\"url\":\"https:\\\/\\\/www.mmracing.sk\\\/sk\\\/\",\"name\":\"MM RACING\",\"description\":\"MM RACING V\u00e1m pon\u00faka profesion\u00e1lny chip tuning automobilov. Pon\u00fakame aj diagnostiku vozidiel a mno\u017estvo \u010fal\u0161\u00edch slu\u017eieb v Bratislave. Viac na mmracing.sk.\",\"potentialAction\":[{\"@type\":\"SearchAction\",\"target\":{\"@type\":\"EntryPoint\",\"urlTemplate\":\"https:\\\/\\\/www.mmracing.sk\\\/sk\\\/?s={search_term_string}\"},\"query-input\":{\"@type\":\"PropertyValueSpecification\",\"valueRequired\":true,\"valueName\":\"search_term_string\"}}],\"inLanguage\":\"en-GB\"}]}<\/script>\n<!-- \/ Yoast SEO Premium plugin. -->","yoast_head_json":{"title":"BMW E46 M3 G-POWER by MM RACING - MM RACING","robots":{"index":"index","follow":"follow","max-snippet":"max-snippet:-1","max-image-preview":"max-image-preview:large","max-video-preview":"max-video-preview:-1"},"canonical":"https:\/\/www.mmracing.sk\/sk\/kontakt\/galeria\/g-power\/bmw-e46-m3-g-power-by-mm-racing\/","og_locale":"en_GB","og_type":"article","og_title":"BMW E46 M3 G-POWER by MM RACING","og_url":"https:\/\/www.mmracing.sk\/sk\/kontakt\/galeria\/g-power\/bmw-e46-m3-g-power-by-mm-racing\/","og_site_name":"MM RACING","article_modified_time":"2016-09-21T18:35:06+00:00","og_image":[{"width":1024,"height":683,"url":"https:\/\/www.mmracing.sk\/wp\/wp-content\/uploads\/1321282310-rotated.jpg","type":"image\/jpeg"}],"twitter_card":"summary_large_image","schema":{"@context":"https:\/\/schema.org","@graph":[{"@type":"WebPage","@id":"https:\/\/www.mmracing.sk\/sk\/kontakt\/galeria\/g-power\/bmw-e46-m3-g-power-by-mm-racing\/","url":"https:\/\/www.mmracing.sk\/sk\/kontakt\/galeria\/g-power\/bmw-e46-m3-g-power-by-mm-racing\/","name":"BMW E46 M3 G-POWER by MM RACING - MM RACING","isPartOf":{"@id":"https:\/\/www.mmracing.sk\/sk\/#website"},"primaryImageOfPage":{"@id":"https:\/\/www.mmracing.sk\/sk\/kontakt\/galeria\/g-power\/bmw-e46-m3-g-power-by-mm-racing\/#primaryimage"},"image":{"@id":"https:\/\/www.mmracing.sk\/sk\/kontakt\/galeria\/g-power\/bmw-e46-m3-g-power-by-mm-racing\/#primaryimage"},"thumbnailUrl":"https:\/\/www.mmracing.sk\/wp\/wp-content\/uploads\/1321282310-rotated.jpg","datePublished":"2016-09-21T18:28:26+00:00","dateModified":"2016-09-21T18:35:06+00:00","breadcrumb":{"@id":"https:\/\/www.mmracing.sk\/sk\/kontakt\/galeria\/g-power\/bmw-e46-m3-g-power-by-mm-racing\/#breadcrumb"},"inLanguage":"en-GB","potentialAction":[{"@type":"ReadAction","target":["https:\/\/www.mmracing.sk\/sk\/kontakt\/galeria\/g-power\/bmw-e46-m3-g-power-by-mm-racing\/"]}]},{"@type":"ImageObject","inLanguage":"en-GB","@id":"https:\/\/www.mmracing.sk\/sk\/kontakt\/galeria\/g-power\/bmw-e46-m3-g-power-by-mm-racing\/#primaryimage","url":"https:\/\/www.mmracing.sk\/wp\/wp-content\/uploads\/1321282310-rotated.jpg","contentUrl":"https:\/\/www.mmracing.sk\/wp\/wp-content\/uploads\/1321282310-rotated.jpg","width":1024,"height":683,"caption":"karb\u00f3nov\u00e9 doplnky BMW M3 E46, MMRACING chiptuning"},{"@type":"BreadcrumbList","@id":"https:\/\/www.mmracing.sk\/sk\/kontakt\/galeria\/g-power\/bmw-e46-m3-g-power-by-mm-racing\/#breadcrumb","itemListElement":[{"@type":"ListItem","position":1,"name":"Domovsk\u00e1 str\u00e1nka","item":"https:\/\/www.mmracing.sk\/sk\/"},{"@type":"ListItem","position":2,"name":"Kontakt","item":"https:\/\/www.mmracing.sk\/sk\/kontakt\/"},{"@type":"ListItem","position":3,"name":"Gal\u00e9ria","item":"https:\/\/www.mmracing.sk\/sk\/kontakt\/galeria\/"},{"@type":"ListItem","position":4,"name":"G-POWER","item":"https:\/\/www.mmracing.sk\/sk\/kontakt\/galeria\/g-power\/"},{"@type":"ListItem","position":5,"name":"BMW E46 M3 G-POWER by MM RACING"}]},{"@type":"WebSite","@id":"https:\/\/www.mmracing.sk\/sk\/#website","url":"https:\/\/www.mmracing.sk\/sk\/","name":"MM RACING","description":"MM RACING V\u00e1m pon\u00faka profesion\u00e1lny chip tuning automobilov. Pon\u00fakame aj diagnostiku vozidiel a mno\u017estvo \u010fal\u0161\u00edch slu\u017eieb v Bratislave. Viac na mmracing.sk.","potentialAction":[{"@type":"SearchAction","target":{"@type":"EntryPoint","urlTemplate":"https:\/\/www.mmracing.sk\/sk\/?s={search_term_string}"},"query-input":{"@type":"PropertyValueSpecification","valueRequired":true,"valueName":"search_term_string"}}],"inLanguage":"en-GB"}]}},"_links":{"self":[{"href":"https:\/\/www.mmracing.sk\/sk\/wp-json\/wp\/v2\/pages\/587","targetHints":{"allow":["GET"]}}],"collection":[{"href":"https:\/\/www.mmracing.sk\/sk\/wp-json\/wp\/v2\/pages"}],"about":[{"href":"https:\/\/www.mmracing.sk\/sk\/wp-json\/wp\/v2\/types\/page"}],"author":[{"embeddable":true,"href":"https:\/\/www.mmracing.sk\/sk\/wp-json\/wp\/v2\/users\/1"}],"replies":[{"embeddable":true,"href":"https:\/\/www.mmracing.sk\/sk\/wp-json\/wp\/v2\/comments?post=587"}],"version-history":[{"count":3,"href":"https:\/\/www.mmracing.sk\/sk\/wp-json\/wp\/v2\/pages\/587\/revisions"}],"predecessor-version":[{"id":603,"href":"https:\/\/www.mmracing.sk\/sk\/wp-json\/wp\/v2\/pages\/587\/revisions\/603"}],"up":[{"embeddable":true,"href":"https:\/\/www.mmracing.sk\/sk\/wp-json\/wp\/v2\/pages\/585"}],"wp:featuredmedia":[{"embeddable":true,"href":"https:\/\/www.mmracing.sk\/sk\/wp-json\/wp\/v2\/media\/588"}],"wp:attachment":[{"href":"https:\/\/www.mmracing.sk\/sk\/wp-json\/wp\/v2\/media?parent=587"}],"curies":[{"name":"wp","href":"https:\/\/api.w.org\/{rel}","templated":true}]}}