{"id":527,"date":"2016-09-21T13:33:40","date_gmt":"2016-09-21T11:33:40","guid":{"rendered":"http:\/\/www.mmracing.sk\/wp\/sk\/?page_id=527"},"modified":"2023-07-27T15:48:44","modified_gmt":"2023-07-27T13:48:44","slug":"poskytujete-upravu-zaruku","status":"publish","type":"page","link":"https:\/\/www.mmracing.sk\/sk\/chip-tuning\/najcastejsie-otazky\/poskytujete-upravu-zaruku\/","title":{"rendered":"Poskytujete na \u00fapravu z\u00e1ruku?"},"content":{"rendered":"<p>Na nami nain\u0161talovan\u00fd upraven\u00fd softv\u00e9r v riadiacej jednotke motora alebo prevodovky poskytujeme z\u00e1ruku pod\u013ea z\u00e1kona.<\/p>\n<p><span style=\"font-size: revert;\">Poskytujeme mo\u017enos\u0165 poistenia tov\u00e1renskej z\u00e1ruky po zv\u00fd\u0161en\u00ed v\u00fdkonu motora, chiptuningu. <\/span><a style=\"font-size: revert;\" href=\"http:\/\/www.mmracing.sk\/sk\/poistenie-chiptuningu\/\">Viac info o tov\u00e1renskej z\u00e1ruke.<\/a><\/p>\n","protected":false},"excerpt":{"rendered":"<p>Na nami nain\u0161talovan\u00fd upraven\u00fd softv\u00e9r v riadiacej jednotke motora alebo prevodovky poskytujeme z\u00e1ruku pod\u013ea z\u00e1kona. Poskytujeme mo\u017enos\u0165 poistenia tov\u00e1renskej z\u00e1ruky [&hellip;]<\/p>\n","protected":false},"author":1,"featured_media":0,"parent":493,"menu_order":6,"comment_status":"closed","ping_status":"closed","template":"","meta":{"footnotes":""},"class_list":["post-527","page","type-page","status-publish","hentry"],"yoast_head":"<!-- This site is optimized with the Yoast SEO Premium plugin v23.8 (Yoast SEO v27.5) - https:\/\/yoast.com\/product\/yoast-seo-premium-wordpress\/ -->\n<title>Z\u00e1ruka na zv\u00fd\u0161enie v\u00fdkonu - MM RACING chiptuning<\/title>\n<meta name=\"description\" content=\"Profesion\u00e1lny chiptuning so z\u00e1rukou kvality. Spo\u013eahlivos\u0165 a z\u00e1ruka je samozrejmos\u0165ou. Navy\u0161e pon\u00fakame tuning vozidiel v z\u00e1ruke.\" \/>\n<meta name=\"robots\" content=\"index, follow, max-snippet:-1, max-image-preview:large, max-video-preview:-1\" \/>\n<link rel=\"canonical\" href=\"https:\/\/www.mmracing.sk\/sk\/chip-tuning\/najcastejsie-otazky\/poskytujete-upravu-zaruku\/\" \/>\n<meta property=\"og:locale\" content=\"en_GB\" \/>\n<meta property=\"og:type\" content=\"article\" \/>\n<meta property=\"og:title\" content=\"Poskytujete na \u00fapravu z\u00e1ruku?\" \/>\n<meta property=\"og:description\" content=\"Profesion\u00e1lny chiptuning so z\u00e1rukou kvality. Spo\u013eahlivos\u0165 a z\u00e1ruka je samozrejmos\u0165ou. Navy\u0161e pon\u00fakame tuning vozidiel v z\u00e1ruke.\" \/>\n<meta property=\"og:url\" content=\"https:\/\/www.mmracing.sk\/sk\/chip-tuning\/najcastejsie-otazky\/poskytujete-upravu-zaruku\/\" \/>\n<meta property=\"og:site_name\" content=\"MM RACING\" \/>\n<meta property=\"article:modified_time\" content=\"2023-07-27T13:48:44+00:00\" \/>\n<meta name=\"twitter:card\" content=\"summary_large_image\" \/>\n<meta name=\"twitter:label1\" content=\"Estimated reading time\" \/>\n\t<meta name=\"twitter:data1\" content=\"1 minute\" \/>\n<script type=\"application\/ld+json\" class=\"yoast-schema-graph\">{\"@context\":\"https:\\\/\\\/schema.org\",\"@graph\":[{\"@type\":\"WebPage\",\"@id\":\"https:\\\/\\\/www.mmracing.sk\\\/sk\\\/chip-tuning\\\/najcastejsie-otazky\\\/poskytujete-upravu-zaruku\\\/\",\"url\":\"https:\\\/\\\/www.mmracing.sk\\\/sk\\\/chip-tuning\\\/najcastejsie-otazky\\\/poskytujete-upravu-zaruku\\\/\",\"name\":\"Z\u00e1ruka na zv\u00fd\u0161enie v\u00fdkonu - MM RACING chiptuning\",\"isPartOf\":{\"@id\":\"https:\\\/\\\/www.mmracing.sk\\\/sk\\\/#website\"},\"datePublished\":\"2016-09-21T11:33:40+00:00\",\"dateModified\":\"2023-07-27T13:48:44+00:00\",\"description\":\"Profesion\u00e1lny chiptuning so z\u00e1rukou kvality. Spo\u013eahlivos\u0165 a z\u00e1ruka je samozrejmos\u0165ou. Navy\u0161e pon\u00fakame tuning vozidiel v z\u00e1ruke.\",\"breadcrumb\":{\"@id\":\"https:\\\/\\\/www.mmracing.sk\\\/sk\\\/chip-tuning\\\/najcastejsie-otazky\\\/poskytujete-upravu-zaruku\\\/#breadcrumb\"},\"inLanguage\":\"en-GB\",\"potentialAction\":[{\"@type\":\"ReadAction\",\"target\":[\"https:\\\/\\\/www.mmracing.sk\\\/sk\\\/chip-tuning\\\/najcastejsie-otazky\\\/poskytujete-upravu-zaruku\\\/\"]}]},{\"@type\":\"BreadcrumbList\",\"@id\":\"https:\\\/\\\/www.mmracing.sk\\\/sk\\\/chip-tuning\\\/najcastejsie-otazky\\\/poskytujete-upravu-zaruku\\\/#breadcrumb\",\"itemListElement\":[{\"@type\":\"ListItem\",\"position\":1,\"name\":\"Domovsk\u00e1 str\u00e1nka\",\"item\":\"https:\\\/\\\/www.mmracing.sk\\\/sk\\\/\"},{\"@type\":\"ListItem\",\"position\":2,\"name\":\"Chip tuning\",\"item\":\"https:\\\/\\\/www.mmracing.sk\\\/sk\\\/chip-tuning\\\/\"},{\"@type\":\"ListItem\",\"position\":3,\"name\":\"Naj\u010dastej\u0161ie ot\u00e1zky pri chiptuningu\",\"item\":\"https:\\\/\\\/www.mmracing.sk\\\/sk\\\/chip-tuning\\\/najcastejsie-otazky\\\/\"},{\"@type\":\"ListItem\",\"position\":4,\"name\":\"Poskytujete na \u00fapravu z\u00e1ruku?\"}]},{\"@type\":\"WebSite\",\"@id\":\"https:\\\/\\\/www.mmracing.sk\\\/sk\\\/#website\",\"url\":\"https:\\\/\\\/www.mmracing.sk\\\/sk\\\/\",\"name\":\"MM RACING\",\"description\":\"MM RACING V\u00e1m pon\u00faka profesion\u00e1lny chip tuning automobilov. Pon\u00fakame aj diagnostiku vozidiel a mno\u017estvo \u010fal\u0161\u00edch slu\u017eieb v Bratislave. Viac na mmracing.sk.\",\"potentialAction\":[{\"@type\":\"SearchAction\",\"target\":{\"@type\":\"EntryPoint\",\"urlTemplate\":\"https:\\\/\\\/www.mmracing.sk\\\/sk\\\/?s={search_term_string}\"},\"query-input\":{\"@type\":\"PropertyValueSpecification\",\"valueRequired\":true,\"valueName\":\"search_term_string\"}}],\"inLanguage\":\"en-GB\"}]}<\/script>\n<!-- \/ Yoast SEO Premium plugin. -->","yoast_head_json":{"title":"Z\u00e1ruka na zv\u00fd\u0161enie v\u00fdkonu - MM RACING chiptuning","description":"Profesion\u00e1lny chiptuning so z\u00e1rukou kvality. Spo\u013eahlivos\u0165 a z\u00e1ruka je samozrejmos\u0165ou. Navy\u0161e pon\u00fakame tuning vozidiel v z\u00e1ruke.","robots":{"index":"index","follow":"follow","max-snippet":"max-snippet:-1","max-image-preview":"max-image-preview:large","max-video-preview":"max-video-preview:-1"},"canonical":"https:\/\/www.mmracing.sk\/sk\/chip-tuning\/najcastejsie-otazky\/poskytujete-upravu-zaruku\/","og_locale":"en_GB","og_type":"article","og_title":"Poskytujete na \u00fapravu z\u00e1ruku?","og_description":"Profesion\u00e1lny chiptuning so z\u00e1rukou kvality. Spo\u013eahlivos\u0165 a z\u00e1ruka je samozrejmos\u0165ou. Navy\u0161e pon\u00fakame tuning vozidiel v z\u00e1ruke.","og_url":"https:\/\/www.mmracing.sk\/sk\/chip-tuning\/najcastejsie-otazky\/poskytujete-upravu-zaruku\/","og_site_name":"MM RACING","article_modified_time":"2023-07-27T13:48:44+00:00","twitter_card":"summary_large_image","twitter_misc":{"Estimated reading time":"1 minute"},"schema":{"@context":"https:\/\/schema.org","@graph":[{"@type":"WebPage","@id":"https:\/\/www.mmracing.sk\/sk\/chip-tuning\/najcastejsie-otazky\/poskytujete-upravu-zaruku\/","url":"https:\/\/www.mmracing.sk\/sk\/chip-tuning\/najcastejsie-otazky\/poskytujete-upravu-zaruku\/","name":"Z\u00e1ruka na zv\u00fd\u0161enie v\u00fdkonu - MM RACING chiptuning","isPartOf":{"@id":"https:\/\/www.mmracing.sk\/sk\/#website"},"datePublished":"2016-09-21T11:33:40+00:00","dateModified":"2023-07-27T13:48:44+00:00","description":"Profesion\u00e1lny chiptuning so z\u00e1rukou kvality. Spo\u013eahlivos\u0165 a z\u00e1ruka je samozrejmos\u0165ou. Navy\u0161e pon\u00fakame tuning vozidiel v z\u00e1ruke.","breadcrumb":{"@id":"https:\/\/www.mmracing.sk\/sk\/chip-tuning\/najcastejsie-otazky\/poskytujete-upravu-zaruku\/#breadcrumb"},"inLanguage":"en-GB","potentialAction":[{"@type":"ReadAction","target":["https:\/\/www.mmracing.sk\/sk\/chip-tuning\/najcastejsie-otazky\/poskytujete-upravu-zaruku\/"]}]},{"@type":"BreadcrumbList","@id":"https:\/\/www.mmracing.sk\/sk\/chip-tuning\/najcastejsie-otazky\/poskytujete-upravu-zaruku\/#breadcrumb","itemListElement":[{"@type":"ListItem","position":1,"name":"Domovsk\u00e1 str\u00e1nka","item":"https:\/\/www.mmracing.sk\/sk\/"},{"@type":"ListItem","position":2,"name":"Chip tuning","item":"https:\/\/www.mmracing.sk\/sk\/chip-tuning\/"},{"@type":"ListItem","position":3,"name":"Naj\u010dastej\u0161ie ot\u00e1zky pri chiptuningu","item":"https:\/\/www.mmracing.sk\/sk\/chip-tuning\/najcastejsie-otazky\/"},{"@type":"ListItem","position":4,"name":"Poskytujete na \u00fapravu z\u00e1ruku?"}]},{"@type":"WebSite","@id":"https:\/\/www.mmracing.sk\/sk\/#website","url":"https:\/\/www.mmracing.sk\/sk\/","name":"MM RACING","description":"MM RACING V\u00e1m pon\u00faka profesion\u00e1lny chip tuning automobilov. Pon\u00fakame aj diagnostiku vozidiel a mno\u017estvo \u010fal\u0161\u00edch slu\u017eieb v Bratislave. Viac na mmracing.sk.","potentialAction":[{"@type":"SearchAction","target":{"@type":"EntryPoint","urlTemplate":"https:\/\/www.mmracing.sk\/sk\/?s={search_term_string}"},"query-input":{"@type":"PropertyValueSpecification","valueRequired":true,"valueName":"search_term_string"}}],"inLanguage":"en-GB"}]}},"_links":{"self":[{"href":"https:\/\/www.mmracing.sk\/sk\/wp-json\/wp\/v2\/pages\/527","targetHints":{"allow":["GET"]}}],"collection":[{"href":"https:\/\/www.mmracing.sk\/sk\/wp-json\/wp\/v2\/pages"}],"about":[{"href":"https:\/\/www.mmracing.sk\/sk\/wp-json\/wp\/v2\/types\/page"}],"author":[{"embeddable":true,"href":"https:\/\/www.mmracing.sk\/sk\/wp-json\/wp\/v2\/users\/1"}],"replies":[{"embeddable":true,"href":"https:\/\/www.mmracing.sk\/sk\/wp-json\/wp\/v2\/comments?post=527"}],"version-history":[{"count":3,"href":"https:\/\/www.mmracing.sk\/sk\/wp-json\/wp\/v2\/pages\/527\/revisions"}],"predecessor-version":[{"id":9832,"href":"https:\/\/www.mmracing.sk\/sk\/wp-json\/wp\/v2\/pages\/527\/revisions\/9832"}],"up":[{"embeddable":true,"href":"https:\/\/www.mmracing.sk\/sk\/wp-json\/wp\/v2\/pages\/493"}],"wp:attachment":[{"href":"https:\/\/www.mmracing.sk\/sk\/wp-json\/wp\/v2\/media?parent=527"}],"curies":[{"name":"wp","href":"https:\/\/api.w.org\/{rel}","templated":true}]}}