{"id":519,"date":"2016-09-21T13:31:37","date_gmt":"2016-09-21T11:31:37","guid":{"rendered":"http:\/\/www.mmracing.sk\/wp\/sk\/?page_id=519"},"modified":"2016-09-21T20:06:45","modified_gmt":"2016-09-21T18:06:45","slug":"preco-mi-trha-motor","status":"publish","type":"page","link":"https:\/\/www.mmracing.sk\/sk\/chip-tuning\/najcastejsie-otazky\/preco-mi-trha-motor\/","title":{"rendered":"Pre\u010do mi trh\u00e1 motor?"},"content":{"rendered":"<p>Naj\u010dastej\u0161\u00edmi probl\u00e9mami vyskytuj\u00facimi sa v prev\u00e1dzke s\u00fa poruchy \u0161krtiacej klapky , ktorej vadn\u00fd potenciometer ovplyv\u0148uje \u010dinnos\u0165 riad. jednotky a sn\u00edma\u010da mno\u017estva nas\u00e1van\u00e9ho vzduchu, v pr\u00edpade \u0161krtiacej klapky ob\u010das pom\u00f4\u017ee jednoduch\u00e9 vy\u010distenie telesa, \u017eia\u013e v pr\u00edpade probl\u00e9mu s tzv. v\u00e1hou vzduchu pom\u00f4\u017ee jedine v\u00fdmena. Tieto z\u00e1vady samozrejme nes\u00favisia s \u00fapravou programu v riadiacej jednotke. Ale n\u00e1rast v\u00fdkonu je podmienen\u00fd stavom nielen uveden\u00fdch ale v\u0161etk\u00fdch ak\u010dn\u00fdch \u010dlenov motora. Na nami upraven\u00fa riadiacu jednotku poskytujeme 2 ro\u010dn\u00fa z\u00e1ruku.<\/p>\n","protected":false},"excerpt":{"rendered":"<p>Naj\u010dastej\u0161\u00edmi probl\u00e9mami vyskytuj\u00facimi sa v prev\u00e1dzke s\u00fa poruchy \u0161krtiacej klapky , ktorej vadn\u00fd potenciometer ovplyv\u0148uje \u010dinnos\u0165 riad. jednotky a sn\u00edma\u010da [&hellip;]<\/p>\n","protected":false},"author":1,"featured_media":0,"parent":493,"menu_order":3,"comment_status":"closed","ping_status":"closed","template":"","meta":{"footnotes":""},"class_list":["post-519","page","type-page","status-publish","hentry"],"yoast_head":"<!-- This site is optimized with the Yoast SEO Premium plugin v23.8 (Yoast SEO v27.5) - https:\/\/yoast.com\/product\/yoast-seo-premium-wordpress\/ -->\n<title>Pre\u010do mi trh\u00e1 motor? - MM RACING<\/title>\n<meta name=\"robots\" content=\"index, follow, max-snippet:-1, max-image-preview:large, max-video-preview:-1\" \/>\n<link rel=\"canonical\" href=\"https:\/\/www.mmracing.sk\/sk\/chip-tuning\/najcastejsie-otazky\/preco-mi-trha-motor\/\" \/>\n<meta property=\"og:locale\" content=\"en_GB\" \/>\n<meta property=\"og:type\" content=\"article\" \/>\n<meta property=\"og:title\" content=\"Pre\u010do mi trh\u00e1 motor?\" \/>\n<meta property=\"og:description\" content=\"Naj\u010dastej\u0161\u00edmi probl\u00e9mami vyskytuj\u00facimi sa v prev\u00e1dzke s\u00fa poruchy \u0161krtiacej klapky , ktorej vadn\u00fd potenciometer ovplyv\u0148uje \u010dinnos\u0165 riad. jednotky a sn\u00edma\u010da [&hellip;]\" \/>\n<meta property=\"og:url\" content=\"https:\/\/www.mmracing.sk\/sk\/chip-tuning\/najcastejsie-otazky\/preco-mi-trha-motor\/\" \/>\n<meta property=\"og:site_name\" content=\"MM RACING\" \/>\n<meta property=\"article:modified_time\" content=\"2016-09-21T18:06:45+00:00\" \/>\n<meta name=\"twitter:card\" content=\"summary_large_image\" \/>\n<meta name=\"twitter:label1\" content=\"Estimated reading time\" \/>\n\t<meta name=\"twitter:data1\" content=\"1 minute\" \/>\n<script type=\"application\/ld+json\" class=\"yoast-schema-graph\">{\"@context\":\"https:\\\/\\\/schema.org\",\"@graph\":[{\"@type\":\"WebPage\",\"@id\":\"https:\\\/\\\/www.mmracing.sk\\\/sk\\\/chip-tuning\\\/najcastejsie-otazky\\\/preco-mi-trha-motor\\\/\",\"url\":\"https:\\\/\\\/www.mmracing.sk\\\/sk\\\/chip-tuning\\\/najcastejsie-otazky\\\/preco-mi-trha-motor\\\/\",\"name\":\"Pre\u010do mi trh\u00e1 motor? - MM RACING\",\"isPartOf\":{\"@id\":\"https:\\\/\\\/www.mmracing.sk\\\/sk\\\/#website\"},\"datePublished\":\"2016-09-21T11:31:37+00:00\",\"dateModified\":\"2016-09-21T18:06:45+00:00\",\"breadcrumb\":{\"@id\":\"https:\\\/\\\/www.mmracing.sk\\\/sk\\\/chip-tuning\\\/najcastejsie-otazky\\\/preco-mi-trha-motor\\\/#breadcrumb\"},\"inLanguage\":\"en-GB\",\"potentialAction\":[{\"@type\":\"ReadAction\",\"target\":[\"https:\\\/\\\/www.mmracing.sk\\\/sk\\\/chip-tuning\\\/najcastejsie-otazky\\\/preco-mi-trha-motor\\\/\"]}]},{\"@type\":\"BreadcrumbList\",\"@id\":\"https:\\\/\\\/www.mmracing.sk\\\/sk\\\/chip-tuning\\\/najcastejsie-otazky\\\/preco-mi-trha-motor\\\/#breadcrumb\",\"itemListElement\":[{\"@type\":\"ListItem\",\"position\":1,\"name\":\"Domovsk\u00e1 str\u00e1nka\",\"item\":\"https:\\\/\\\/www.mmracing.sk\\\/sk\\\/\"},{\"@type\":\"ListItem\",\"position\":2,\"name\":\"Chip tuning\",\"item\":\"https:\\\/\\\/www.mmracing.sk\\\/sk\\\/chip-tuning\\\/\"},{\"@type\":\"ListItem\",\"position\":3,\"name\":\"Naj\u010dastej\u0161ie ot\u00e1zky pri chiptuningu\",\"item\":\"https:\\\/\\\/www.mmracing.sk\\\/sk\\\/chip-tuning\\\/najcastejsie-otazky\\\/\"},{\"@type\":\"ListItem\",\"position\":4,\"name\":\"Pre\u010do mi trh\u00e1 motor?\"}]},{\"@type\":\"WebSite\",\"@id\":\"https:\\\/\\\/www.mmracing.sk\\\/sk\\\/#website\",\"url\":\"https:\\\/\\\/www.mmracing.sk\\\/sk\\\/\",\"name\":\"MM RACING\",\"description\":\"MM RACING V\u00e1m pon\u00faka profesion\u00e1lny chip tuning automobilov. Pon\u00fakame aj diagnostiku vozidiel a mno\u017estvo \u010fal\u0161\u00edch slu\u017eieb v Bratislave. Viac na mmracing.sk.\",\"potentialAction\":[{\"@type\":\"SearchAction\",\"target\":{\"@type\":\"EntryPoint\",\"urlTemplate\":\"https:\\\/\\\/www.mmracing.sk\\\/sk\\\/?s={search_term_string}\"},\"query-input\":{\"@type\":\"PropertyValueSpecification\",\"valueRequired\":true,\"valueName\":\"search_term_string\"}}],\"inLanguage\":\"en-GB\"}]}<\/script>\n<!-- \/ Yoast SEO Premium plugin. -->","yoast_head_json":{"title":"Pre\u010do mi trh\u00e1 motor? - MM RACING","robots":{"index":"index","follow":"follow","max-snippet":"max-snippet:-1","max-image-preview":"max-image-preview:large","max-video-preview":"max-video-preview:-1"},"canonical":"https:\/\/www.mmracing.sk\/sk\/chip-tuning\/najcastejsie-otazky\/preco-mi-trha-motor\/","og_locale":"en_GB","og_type":"article","og_title":"Pre\u010do mi trh\u00e1 motor?","og_description":"Naj\u010dastej\u0161\u00edmi probl\u00e9mami vyskytuj\u00facimi sa v prev\u00e1dzke s\u00fa poruchy \u0161krtiacej klapky , ktorej vadn\u00fd potenciometer ovplyv\u0148uje \u010dinnos\u0165 riad. jednotky a sn\u00edma\u010da [&hellip;]","og_url":"https:\/\/www.mmracing.sk\/sk\/chip-tuning\/najcastejsie-otazky\/preco-mi-trha-motor\/","og_site_name":"MM RACING","article_modified_time":"2016-09-21T18:06:45+00:00","twitter_card":"summary_large_image","twitter_misc":{"Estimated reading time":"1 minute"},"schema":{"@context":"https:\/\/schema.org","@graph":[{"@type":"WebPage","@id":"https:\/\/www.mmracing.sk\/sk\/chip-tuning\/najcastejsie-otazky\/preco-mi-trha-motor\/","url":"https:\/\/www.mmracing.sk\/sk\/chip-tuning\/najcastejsie-otazky\/preco-mi-trha-motor\/","name":"Pre\u010do mi trh\u00e1 motor? - MM RACING","isPartOf":{"@id":"https:\/\/www.mmracing.sk\/sk\/#website"},"datePublished":"2016-09-21T11:31:37+00:00","dateModified":"2016-09-21T18:06:45+00:00","breadcrumb":{"@id":"https:\/\/www.mmracing.sk\/sk\/chip-tuning\/najcastejsie-otazky\/preco-mi-trha-motor\/#breadcrumb"},"inLanguage":"en-GB","potentialAction":[{"@type":"ReadAction","target":["https:\/\/www.mmracing.sk\/sk\/chip-tuning\/najcastejsie-otazky\/preco-mi-trha-motor\/"]}]},{"@type":"BreadcrumbList","@id":"https:\/\/www.mmracing.sk\/sk\/chip-tuning\/najcastejsie-otazky\/preco-mi-trha-motor\/#breadcrumb","itemListElement":[{"@type":"ListItem","position":1,"name":"Domovsk\u00e1 str\u00e1nka","item":"https:\/\/www.mmracing.sk\/sk\/"},{"@type":"ListItem","position":2,"name":"Chip tuning","item":"https:\/\/www.mmracing.sk\/sk\/chip-tuning\/"},{"@type":"ListItem","position":3,"name":"Naj\u010dastej\u0161ie ot\u00e1zky pri chiptuningu","item":"https:\/\/www.mmracing.sk\/sk\/chip-tuning\/najcastejsie-otazky\/"},{"@type":"ListItem","position":4,"name":"Pre\u010do mi trh\u00e1 motor?"}]},{"@type":"WebSite","@id":"https:\/\/www.mmracing.sk\/sk\/#website","url":"https:\/\/www.mmracing.sk\/sk\/","name":"MM RACING","description":"MM RACING V\u00e1m pon\u00faka profesion\u00e1lny chip tuning automobilov. Pon\u00fakame aj diagnostiku vozidiel a mno\u017estvo \u010fal\u0161\u00edch slu\u017eieb v Bratislave. Viac na mmracing.sk.","potentialAction":[{"@type":"SearchAction","target":{"@type":"EntryPoint","urlTemplate":"https:\/\/www.mmracing.sk\/sk\/?s={search_term_string}"},"query-input":{"@type":"PropertyValueSpecification","valueRequired":true,"valueName":"search_term_string"}}],"inLanguage":"en-GB"}]}},"_links":{"self":[{"href":"https:\/\/www.mmracing.sk\/sk\/wp-json\/wp\/v2\/pages\/519","targetHints":{"allow":["GET"]}}],"collection":[{"href":"https:\/\/www.mmracing.sk\/sk\/wp-json\/wp\/v2\/pages"}],"about":[{"href":"https:\/\/www.mmracing.sk\/sk\/wp-json\/wp\/v2\/types\/page"}],"author":[{"embeddable":true,"href":"https:\/\/www.mmracing.sk\/sk\/wp-json\/wp\/v2\/users\/1"}],"replies":[{"embeddable":true,"href":"https:\/\/www.mmracing.sk\/sk\/wp-json\/wp\/v2\/comments?post=519"}],"version-history":[{"count":1,"href":"https:\/\/www.mmracing.sk\/sk\/wp-json\/wp\/v2\/pages\/519\/revisions"}],"predecessor-version":[{"id":520,"href":"https:\/\/www.mmracing.sk\/sk\/wp-json\/wp\/v2\/pages\/519\/revisions\/520"}],"up":[{"embeddable":true,"href":"https:\/\/www.mmracing.sk\/sk\/wp-json\/wp\/v2\/pages\/493"}],"wp:attachment":[{"href":"https:\/\/www.mmracing.sk\/sk\/wp-json\/wp\/v2\/media?parent=519"}],"curies":[{"name":"wp","href":"https:\/\/api.w.org\/{rel}","templated":true}]}}