{"id":513,"date":"2016-09-21T13:29:12","date_gmt":"2016-09-21T11:29:12","guid":{"rendered":"http:\/\/www.mmracing.sk\/wp\/sk\/?page_id=513"},"modified":"2017-10-25T21:02:37","modified_gmt":"2017-10-25T19:02:37","slug":"deaktivacia-systemu-recirkulacie-vyfukovych-plynov-egr","status":"publish","type":"page","link":"https:\/\/www.mmracing.sk\/sk\/chip-tuning\/najcastejsie-otazky\/deaktivacia-systemu-recirkulacie-vyfukovych-plynov-egr\/","title":{"rendered":"Deaktiv\u00e1cia Syst\u00e9mu Recirkul\u00e1cie V\u00fdfukov\u00fdch Plynov (EGR)"},"content":{"rendered":"<p>U\u017e dlh\u0161iu dobu rie\u0161ime z\u00e1kazn\u00edkom nielen problemy s filtrami pevn\u00fdch \u010dast\u00edc, ale rovnako aj s EGR (syst\u00e9m recirkul\u00e1cie v\u00fdfukov\u00fdch plynov). Najm\u00e4 v pr\u00edpadoch, ke\u010f je tento diel naozaj drah\u00fd, ke\u010f\u017ee nie je ovl\u00e1dan\u00fd podtlakom, ale motor\u010dekom &#8211; ako napr\u00edklad pri koncernovom motore PSA 1.6 HDI resp. 1.6TDCI.<\/p>\n<p>\u010eal\u0161ou v\u00fdhodou neakt\u00edvneho EGR je, \u017ee nikdy viac v\u010faka nemu nebude zne\u010dis\u0165ovan\u00fd sac\u00ed tratkt v\u00e1\u0161ho motora, \u010do v\u00fdrazne vpl\u00fdva na postupn\u00fd pokles motora.<\/p>\n<p>Preto v\u00e1m po\u010das celej jesene pon\u00fakame nov\u00fa \u0161peci\u00e1lnu akciu.<br \/>\nPo \u00faprave u\u017e nikdy nebudete ma\u0165 probl\u00e9m so svietiacou kontrolkou motora kv\u00f4li nefunk\u010dn\u00e9mu syst\u00e9mu EGR.<br \/>\nU\u017e nikdy ho nebudete musie\u0165 d\u00e1va\u0165 pravide\u013ene \u010disti\u0165, a\u017e napokon vymeni\u0165.<\/p>\n<p>Deaktiv\u00e1ciu syst\u00e9mu sp\u00e4tn\u00e9ho vracania v\u00fdfukov\u00fdch plynov si m\u00f4\u017eete teraz necha\u0165 urobi\u0165 u\u017e od 100,00 \u20ac.<\/p>\n","protected":false},"excerpt":{"rendered":"<p>U\u017e dlh\u0161iu dobu rie\u0161ime z\u00e1kazn\u00edkom nielen problemy s filtrami pevn\u00fdch \u010dast\u00edc, ale rovnako aj s EGR (syst\u00e9m recirkul\u00e1cie v\u00fdfukov\u00fdch plynov). [&hellip;]<\/p>\n","protected":false},"author":1,"featured_media":0,"parent":493,"menu_order":0,"comment_status":"closed","ping_status":"closed","template":"","meta":{"footnotes":""},"class_list":["post-513","page","type-page","status-publish","hentry"],"yoast_head":"<!-- This site is optimized with the Yoast SEO Premium plugin v23.8 (Yoast SEO v27.5) - https:\/\/yoast.com\/product\/yoast-seo-premium-wordpress\/ -->\n<title>Deaktiv\u00e1cia Syst\u00e9mu Recirkul\u00e1cie V\u00fdfukov\u00fdch Plynov (EGR) - MM RACING<\/title>\n<meta name=\"description\" content=\"Pon\u00fakame rie\u0161nenie probl\u00e9mu, opravu EGR, recirkul\u00e1cia v\u00fdfukov\u00fdch plynov.\" \/>\n<meta name=\"robots\" content=\"index, follow, max-snippet:-1, max-image-preview:large, max-video-preview:-1\" \/>\n<link rel=\"canonical\" href=\"https:\/\/www.mmracing.sk\/sk\/chip-tuning\/najcastejsie-otazky\/deaktivacia-systemu-recirkulacie-vyfukovych-plynov-egr\/\" \/>\n<meta property=\"og:locale\" content=\"en_GB\" \/>\n<meta property=\"og:type\" content=\"article\" \/>\n<meta property=\"og:title\" content=\"Deaktiv\u00e1cia Syst\u00e9mu Recirkul\u00e1cie V\u00fdfukov\u00fdch Plynov (EGR)\" \/>\n<meta property=\"og:description\" content=\"Pon\u00fakame rie\u0161nenie probl\u00e9mu, opravu EGR, recirkul\u00e1cia v\u00fdfukov\u00fdch plynov.\" \/>\n<meta property=\"og:url\" content=\"https:\/\/www.mmracing.sk\/sk\/chip-tuning\/najcastejsie-otazky\/deaktivacia-systemu-recirkulacie-vyfukovych-plynov-egr\/\" \/>\n<meta property=\"og:site_name\" content=\"MM RACING\" \/>\n<meta property=\"article:modified_time\" content=\"2017-10-25T19:02:37+00:00\" \/>\n<meta name=\"twitter:card\" content=\"summary_large_image\" \/>\n<meta name=\"twitter:label1\" content=\"Estimated reading time\" \/>\n\t<meta name=\"twitter:data1\" content=\"1 minute\" \/>\n<script type=\"application\/ld+json\" class=\"yoast-schema-graph\">{\"@context\":\"https:\\\/\\\/schema.org\",\"@graph\":[{\"@type\":\"WebPage\",\"@id\":\"https:\\\/\\\/www.mmracing.sk\\\/sk\\\/chip-tuning\\\/najcastejsie-otazky\\\/deaktivacia-systemu-recirkulacie-vyfukovych-plynov-egr\\\/\",\"url\":\"https:\\\/\\\/www.mmracing.sk\\\/sk\\\/chip-tuning\\\/najcastejsie-otazky\\\/deaktivacia-systemu-recirkulacie-vyfukovych-plynov-egr\\\/\",\"name\":\"Deaktiv\u00e1cia Syst\u00e9mu Recirkul\u00e1cie V\u00fdfukov\u00fdch Plynov (EGR) - MM RACING\",\"isPartOf\":{\"@id\":\"https:\\\/\\\/www.mmracing.sk\\\/sk\\\/#website\"},\"datePublished\":\"2016-09-21T11:29:12+00:00\",\"dateModified\":\"2017-10-25T19:02:37+00:00\",\"description\":\"Pon\u00fakame rie\u0161nenie probl\u00e9mu, opravu EGR, recirkul\u00e1cia v\u00fdfukov\u00fdch plynov.\",\"breadcrumb\":{\"@id\":\"https:\\\/\\\/www.mmracing.sk\\\/sk\\\/chip-tuning\\\/najcastejsie-otazky\\\/deaktivacia-systemu-recirkulacie-vyfukovych-plynov-egr\\\/#breadcrumb\"},\"inLanguage\":\"en-GB\",\"potentialAction\":[{\"@type\":\"ReadAction\",\"target\":[\"https:\\\/\\\/www.mmracing.sk\\\/sk\\\/chip-tuning\\\/najcastejsie-otazky\\\/deaktivacia-systemu-recirkulacie-vyfukovych-plynov-egr\\\/\"]}]},{\"@type\":\"BreadcrumbList\",\"@id\":\"https:\\\/\\\/www.mmracing.sk\\\/sk\\\/chip-tuning\\\/najcastejsie-otazky\\\/deaktivacia-systemu-recirkulacie-vyfukovych-plynov-egr\\\/#breadcrumb\",\"itemListElement\":[{\"@type\":\"ListItem\",\"position\":1,\"name\":\"Domovsk\u00e1 str\u00e1nka\",\"item\":\"https:\\\/\\\/www.mmracing.sk\\\/sk\\\/\"},{\"@type\":\"ListItem\",\"position\":2,\"name\":\"Chip tuning\",\"item\":\"https:\\\/\\\/www.mmracing.sk\\\/sk\\\/chip-tuning\\\/\"},{\"@type\":\"ListItem\",\"position\":3,\"name\":\"Naj\u010dastej\u0161ie ot\u00e1zky pri chiptuningu\",\"item\":\"https:\\\/\\\/www.mmracing.sk\\\/sk\\\/chip-tuning\\\/najcastejsie-otazky\\\/\"},{\"@type\":\"ListItem\",\"position\":4,\"name\":\"Deaktiv\u00e1cia Syst\u00e9mu Recirkul\u00e1cie V\u00fdfukov\u00fdch Plynov (EGR)\"}]},{\"@type\":\"WebSite\",\"@id\":\"https:\\\/\\\/www.mmracing.sk\\\/sk\\\/#website\",\"url\":\"https:\\\/\\\/www.mmracing.sk\\\/sk\\\/\",\"name\":\"MM RACING\",\"description\":\"MM RACING V\u00e1m pon\u00faka profesion\u00e1lny chip tuning automobilov. Pon\u00fakame aj diagnostiku vozidiel a mno\u017estvo \u010fal\u0161\u00edch slu\u017eieb v Bratislave. Viac na mmracing.sk.\",\"potentialAction\":[{\"@type\":\"SearchAction\",\"target\":{\"@type\":\"EntryPoint\",\"urlTemplate\":\"https:\\\/\\\/www.mmracing.sk\\\/sk\\\/?s={search_term_string}\"},\"query-input\":{\"@type\":\"PropertyValueSpecification\",\"valueRequired\":true,\"valueName\":\"search_term_string\"}}],\"inLanguage\":\"en-GB\"}]}<\/script>\n<!-- \/ Yoast SEO Premium plugin. -->","yoast_head_json":{"title":"Deaktiv\u00e1cia Syst\u00e9mu Recirkul\u00e1cie V\u00fdfukov\u00fdch Plynov (EGR) - MM RACING","description":"Pon\u00fakame rie\u0161nenie probl\u00e9mu, opravu EGR, recirkul\u00e1cia v\u00fdfukov\u00fdch plynov.","robots":{"index":"index","follow":"follow","max-snippet":"max-snippet:-1","max-image-preview":"max-image-preview:large","max-video-preview":"max-video-preview:-1"},"canonical":"https:\/\/www.mmracing.sk\/sk\/chip-tuning\/najcastejsie-otazky\/deaktivacia-systemu-recirkulacie-vyfukovych-plynov-egr\/","og_locale":"en_GB","og_type":"article","og_title":"Deaktiv\u00e1cia Syst\u00e9mu Recirkul\u00e1cie V\u00fdfukov\u00fdch Plynov (EGR)","og_description":"Pon\u00fakame rie\u0161nenie probl\u00e9mu, opravu EGR, recirkul\u00e1cia v\u00fdfukov\u00fdch plynov.","og_url":"https:\/\/www.mmracing.sk\/sk\/chip-tuning\/najcastejsie-otazky\/deaktivacia-systemu-recirkulacie-vyfukovych-plynov-egr\/","og_site_name":"MM RACING","article_modified_time":"2017-10-25T19:02:37+00:00","twitter_card":"summary_large_image","twitter_misc":{"Estimated reading time":"1 minute"},"schema":{"@context":"https:\/\/schema.org","@graph":[{"@type":"WebPage","@id":"https:\/\/www.mmracing.sk\/sk\/chip-tuning\/najcastejsie-otazky\/deaktivacia-systemu-recirkulacie-vyfukovych-plynov-egr\/","url":"https:\/\/www.mmracing.sk\/sk\/chip-tuning\/najcastejsie-otazky\/deaktivacia-systemu-recirkulacie-vyfukovych-plynov-egr\/","name":"Deaktiv\u00e1cia Syst\u00e9mu Recirkul\u00e1cie V\u00fdfukov\u00fdch Plynov (EGR) - MM RACING","isPartOf":{"@id":"https:\/\/www.mmracing.sk\/sk\/#website"},"datePublished":"2016-09-21T11:29:12+00:00","dateModified":"2017-10-25T19:02:37+00:00","description":"Pon\u00fakame rie\u0161nenie probl\u00e9mu, opravu EGR, recirkul\u00e1cia v\u00fdfukov\u00fdch plynov.","breadcrumb":{"@id":"https:\/\/www.mmracing.sk\/sk\/chip-tuning\/najcastejsie-otazky\/deaktivacia-systemu-recirkulacie-vyfukovych-plynov-egr\/#breadcrumb"},"inLanguage":"en-GB","potentialAction":[{"@type":"ReadAction","target":["https:\/\/www.mmracing.sk\/sk\/chip-tuning\/najcastejsie-otazky\/deaktivacia-systemu-recirkulacie-vyfukovych-plynov-egr\/"]}]},{"@type":"BreadcrumbList","@id":"https:\/\/www.mmracing.sk\/sk\/chip-tuning\/najcastejsie-otazky\/deaktivacia-systemu-recirkulacie-vyfukovych-plynov-egr\/#breadcrumb","itemListElement":[{"@type":"ListItem","position":1,"name":"Domovsk\u00e1 str\u00e1nka","item":"https:\/\/www.mmracing.sk\/sk\/"},{"@type":"ListItem","position":2,"name":"Chip tuning","item":"https:\/\/www.mmracing.sk\/sk\/chip-tuning\/"},{"@type":"ListItem","position":3,"name":"Naj\u010dastej\u0161ie ot\u00e1zky pri chiptuningu","item":"https:\/\/www.mmracing.sk\/sk\/chip-tuning\/najcastejsie-otazky\/"},{"@type":"ListItem","position":4,"name":"Deaktiv\u00e1cia Syst\u00e9mu Recirkul\u00e1cie V\u00fdfukov\u00fdch Plynov (EGR)"}]},{"@type":"WebSite","@id":"https:\/\/www.mmracing.sk\/sk\/#website","url":"https:\/\/www.mmracing.sk\/sk\/","name":"MM RACING","description":"MM RACING V\u00e1m pon\u00faka profesion\u00e1lny chip tuning automobilov. Pon\u00fakame aj diagnostiku vozidiel a mno\u017estvo \u010fal\u0161\u00edch slu\u017eieb v Bratislave. Viac na mmracing.sk.","potentialAction":[{"@type":"SearchAction","target":{"@type":"EntryPoint","urlTemplate":"https:\/\/www.mmracing.sk\/sk\/?s={search_term_string}"},"query-input":{"@type":"PropertyValueSpecification","valueRequired":true,"valueName":"search_term_string"}}],"inLanguage":"en-GB"}]}},"_links":{"self":[{"href":"https:\/\/www.mmracing.sk\/sk\/wp-json\/wp\/v2\/pages\/513","targetHints":{"allow":["GET"]}}],"collection":[{"href":"https:\/\/www.mmracing.sk\/sk\/wp-json\/wp\/v2\/pages"}],"about":[{"href":"https:\/\/www.mmracing.sk\/sk\/wp-json\/wp\/v2\/types\/page"}],"author":[{"embeddable":true,"href":"https:\/\/www.mmracing.sk\/sk\/wp-json\/wp\/v2\/users\/1"}],"replies":[{"embeddable":true,"href":"https:\/\/www.mmracing.sk\/sk\/wp-json\/wp\/v2\/comments?post=513"}],"version-history":[{"count":1,"href":"https:\/\/www.mmracing.sk\/sk\/wp-json\/wp\/v2\/pages\/513\/revisions"}],"predecessor-version":[{"id":514,"href":"https:\/\/www.mmracing.sk\/sk\/wp-json\/wp\/v2\/pages\/513\/revisions\/514"}],"up":[{"embeddable":true,"href":"https:\/\/www.mmracing.sk\/sk\/wp-json\/wp\/v2\/pages\/493"}],"wp:attachment":[{"href":"https:\/\/www.mmracing.sk\/sk\/wp-json\/wp\/v2\/media?parent=513"}],"curies":[{"name":"wp","href":"https:\/\/api.w.org\/{rel}","templated":true}]}}