{"id":5,"date":"2016-09-11T14:46:21","date_gmt":"2016-09-11T12:46:21","guid":{"rendered":"http:\/\/www.mmracing.sk\/wp\/sk\/?page_id=5"},"modified":"2017-10-25T14:20:39","modified_gmt":"2017-10-25T12:20:39","slug":"chiptuning","status":"publish","type":"page","link":"https:\/\/www.mmracing.sk\/sk\/chip-tuning\/chiptuning\/","title":{"rendered":"Chiptuning a zv\u00fd\u0161enie v\u00fdkonu motora"},"content":{"rendered":"<p>Chip tuning vykon\u00e1vame za pomoci verifik\u00e1cie spr\u00e1vnej funk\u010dnosti motora po \u00faprave pomocou z\u00e1\u0165a\u017eovej brzdy Maha MSR 500 4&#215;4, s vyu\u017ei\u0165\u00edm maxim\u00e1lneho mno\u017estva kontrolovan\u00fdch hodn\u00f4t d\u00f4le\u017eit\u00fdch pre spr\u00e1vnu funk\u010dnos\u0165 motora a to v\u0161etko po\u010das z\u00e1\u0165a\u017eov\u00e9ho testu vo v\u0161etk\u00fdch re\u017eimoch vozidla (akceler\u00e1cia, kon\u0161tantn\u00e1 \u010diasto\u010dn\u00e1 z\u00e1\u0165a\u017e aj deceler\u00e1cia) v priebehu kr\u00e1tkeho \u010dasu. Vozidl\u00e1 upravujeme cez diagnostick\u00fa z\u00e1suvku vozidla, bez z\u00e1sahu do riadiacej jednotky motora a mo\u017enosti identifik\u00e1cie \u00fapravy v servise diagnostikou.<\/p>\n<p>Na\u0161a pr\u00e1ca je v\u00fdsledkom sk\u00fasenost\u00ed, nadobudnut\u00fdch dlhodob\u00fdm v\u00fdvojom a prec\u00edznym zodpovedn\u00fdm pr\u00edstupom k problematike upravovania riadiacich jednotiek. To sa odzrkad\u013euje predov\u0161etk\u00fdm v kvalite a profesionalite \u00fapravy.<\/p>\n<p>&nbsp;<\/p>\n","protected":false},"excerpt":{"rendered":"<p>Chip tuning vykon\u00e1vame za pomoci verifik\u00e1cie spr\u00e1vnej funk\u010dnosti motora po \u00faprave pomocou z\u00e1\u0165a\u017eovej brzdy Maha MSR 500 4&#215;4, s vyu\u017ei\u0165\u00edm [&hellip;]<\/p>\n","protected":false},"author":1,"featured_media":0,"parent":187,"menu_order":8,"comment_status":"closed","ping_status":"closed","template":"","meta":{"footnotes":""},"class_list":["post-5","page","type-page","status-publish","hentry"],"yoast_head":"<!-- This site is optimized with the Yoast SEO Premium plugin v23.8 (Yoast SEO v27.3) - https:\/\/yoast.com\/product\/yoast-seo-premium-wordpress\/ -->\n<title>Chiptuning a zv\u00fd\u0161enie v\u00fdkonu motora - MM RACING<\/title>\n<meta name=\"robots\" content=\"index, follow, max-snippet:-1, max-image-preview:large, max-video-preview:-1\" \/>\n<link rel=\"canonical\" href=\"https:\/\/www.mmracing.sk\/sk\/chip-tuning\/chiptuning\/\" \/>\n<meta property=\"og:locale\" content=\"en_GB\" \/>\n<meta property=\"og:type\" content=\"article\" \/>\n<meta property=\"og:title\" content=\"Chiptuning a zv\u00fd\u0161enie v\u00fdkonu motora\" \/>\n<meta property=\"og:description\" content=\"Chip tuning vykon\u00e1vame za pomoci verifik\u00e1cie spr\u00e1vnej funk\u010dnosti motora po \u00faprave pomocou z\u00e1\u0165a\u017eovej brzdy Maha MSR 500 4&#215;4, s vyu\u017ei\u0165\u00edm [&hellip;]\" \/>\n<meta property=\"og:url\" content=\"https:\/\/www.mmracing.sk\/sk\/chip-tuning\/chiptuning\/\" \/>\n<meta property=\"og:site_name\" content=\"MM RACING\" \/>\n<meta property=\"article:modified_time\" content=\"2017-10-25T12:20:39+00:00\" \/>\n<meta property=\"og:image\" content=\"https:\/\/www.mmracing.sk\/wp\/wp-content\/uploads\/IMG_1033-scaled.jpg\" \/>\n\t<meta property=\"og:image:width\" content=\"2560\" \/>\n\t<meta property=\"og:image:height\" content=\"1920\" \/>\n\t<meta property=\"og:image:type\" content=\"image\/jpeg\" \/>\n<meta name=\"twitter:card\" content=\"summary_large_image\" \/>\n<meta name=\"twitter:label1\" content=\"Estimated reading time\" \/>\n\t<meta name=\"twitter:data1\" content=\"1 minute\" \/>\n<script type=\"application\/ld+json\" class=\"yoast-schema-graph\">{\"@context\":\"https:\\\/\\\/schema.org\",\"@graph\":[{\"@type\":\"WebPage\",\"@id\":\"https:\\\/\\\/www.mmracing.sk\\\/sk\\\/chip-tuning\\\/chiptuning\\\/\",\"url\":\"https:\\\/\\\/www.mmracing.sk\\\/sk\\\/chip-tuning\\\/chiptuning\\\/\",\"name\":\"Chiptuning a zv\u00fd\u0161enie v\u00fdkonu motora - MM RACING\",\"isPartOf\":{\"@id\":\"https:\\\/\\\/www.mmracing.sk\\\/sk\\\/#website\"},\"datePublished\":\"2016-09-11T12:46:21+00:00\",\"dateModified\":\"2017-10-25T12:20:39+00:00\",\"breadcrumb\":{\"@id\":\"https:\\\/\\\/www.mmracing.sk\\\/sk\\\/chip-tuning\\\/chiptuning\\\/#breadcrumb\"},\"inLanguage\":\"en-GB\",\"potentialAction\":[{\"@type\":\"ReadAction\",\"target\":[\"https:\\\/\\\/www.mmracing.sk\\\/sk\\\/chip-tuning\\\/chiptuning\\\/\"]}]},{\"@type\":\"BreadcrumbList\",\"@id\":\"https:\\\/\\\/www.mmracing.sk\\\/sk\\\/chip-tuning\\\/chiptuning\\\/#breadcrumb\",\"itemListElement\":[{\"@type\":\"ListItem\",\"position\":1,\"name\":\"Domovsk\u00e1 str\u00e1nka\",\"item\":\"https:\\\/\\\/www.mmracing.sk\\\/sk\\\/\"},{\"@type\":\"ListItem\",\"position\":2,\"name\":\"Chip tuning\",\"item\":\"https:\\\/\\\/www.mmracing.sk\\\/sk\\\/chip-tuning\\\/\"},{\"@type\":\"ListItem\",\"position\":3,\"name\":\"Chiptuning a zv\u00fd\u0161enie v\u00fdkonu motora\"}]},{\"@type\":\"WebSite\",\"@id\":\"https:\\\/\\\/www.mmracing.sk\\\/sk\\\/#website\",\"url\":\"https:\\\/\\\/www.mmracing.sk\\\/sk\\\/\",\"name\":\"MM RACING\",\"description\":\"MM RACING V\u00e1m pon\u00faka profesion\u00e1lny chip tuning automobilov. Pon\u00fakame aj diagnostiku vozidiel a mno\u017estvo \u010fal\u0161\u00edch slu\u017eieb v Bratislave. Viac na mmracing.sk.\",\"potentialAction\":[{\"@type\":\"SearchAction\",\"target\":{\"@type\":\"EntryPoint\",\"urlTemplate\":\"https:\\\/\\\/www.mmracing.sk\\\/sk\\\/?s={search_term_string}\"},\"query-input\":{\"@type\":\"PropertyValueSpecification\",\"valueRequired\":true,\"valueName\":\"search_term_string\"}}],\"inLanguage\":\"en-GB\"}]}<\/script>\n<!-- \/ Yoast SEO Premium plugin. -->","yoast_head_json":{"title":"Chiptuning a zv\u00fd\u0161enie v\u00fdkonu motora - MM RACING","robots":{"index":"index","follow":"follow","max-snippet":"max-snippet:-1","max-image-preview":"max-image-preview:large","max-video-preview":"max-video-preview:-1"},"canonical":"https:\/\/www.mmracing.sk\/sk\/chip-tuning\/chiptuning\/","og_locale":"en_GB","og_type":"article","og_title":"Chiptuning a zv\u00fd\u0161enie v\u00fdkonu motora","og_description":"Chip tuning vykon\u00e1vame za pomoci verifik\u00e1cie spr\u00e1vnej funk\u010dnosti motora po \u00faprave pomocou z\u00e1\u0165a\u017eovej brzdy Maha MSR 500 4&#215;4, s vyu\u017ei\u0165\u00edm [&hellip;]","og_url":"https:\/\/www.mmracing.sk\/sk\/chip-tuning\/chiptuning\/","og_site_name":"MM RACING","article_modified_time":"2017-10-25T12:20:39+00:00","og_image":[{"width":2560,"height":1920,"url":"https:\/\/www.mmracing.sk\/wp\/wp-content\/uploads\/IMG_1033-scaled.jpg","type":"image\/jpeg"}],"twitter_card":"summary_large_image","twitter_misc":{"Estimated reading time":"1 minute"},"schema":{"@context":"https:\/\/schema.org","@graph":[{"@type":"WebPage","@id":"https:\/\/www.mmracing.sk\/sk\/chip-tuning\/chiptuning\/","url":"https:\/\/www.mmracing.sk\/sk\/chip-tuning\/chiptuning\/","name":"Chiptuning a zv\u00fd\u0161enie v\u00fdkonu motora - MM RACING","isPartOf":{"@id":"https:\/\/www.mmracing.sk\/sk\/#website"},"datePublished":"2016-09-11T12:46:21+00:00","dateModified":"2017-10-25T12:20:39+00:00","breadcrumb":{"@id":"https:\/\/www.mmracing.sk\/sk\/chip-tuning\/chiptuning\/#breadcrumb"},"inLanguage":"en-GB","potentialAction":[{"@type":"ReadAction","target":["https:\/\/www.mmracing.sk\/sk\/chip-tuning\/chiptuning\/"]}]},{"@type":"BreadcrumbList","@id":"https:\/\/www.mmracing.sk\/sk\/chip-tuning\/chiptuning\/#breadcrumb","itemListElement":[{"@type":"ListItem","position":1,"name":"Domovsk\u00e1 str\u00e1nka","item":"https:\/\/www.mmracing.sk\/sk\/"},{"@type":"ListItem","position":2,"name":"Chip tuning","item":"https:\/\/www.mmracing.sk\/sk\/chip-tuning\/"},{"@type":"ListItem","position":3,"name":"Chiptuning a zv\u00fd\u0161enie v\u00fdkonu motora"}]},{"@type":"WebSite","@id":"https:\/\/www.mmracing.sk\/sk\/#website","url":"https:\/\/www.mmracing.sk\/sk\/","name":"MM RACING","description":"MM RACING V\u00e1m pon\u00faka profesion\u00e1lny chip tuning automobilov. Pon\u00fakame aj diagnostiku vozidiel a mno\u017estvo \u010fal\u0161\u00edch slu\u017eieb v Bratislave. Viac na mmracing.sk.","potentialAction":[{"@type":"SearchAction","target":{"@type":"EntryPoint","urlTemplate":"https:\/\/www.mmracing.sk\/sk\/?s={search_term_string}"},"query-input":{"@type":"PropertyValueSpecification","valueRequired":true,"valueName":"search_term_string"}}],"inLanguage":"en-GB"}]}},"_links":{"self":[{"href":"https:\/\/www.mmracing.sk\/sk\/wp-json\/wp\/v2\/pages\/5","targetHints":{"allow":["GET"]}}],"collection":[{"href":"https:\/\/www.mmracing.sk\/sk\/wp-json\/wp\/v2\/pages"}],"about":[{"href":"https:\/\/www.mmracing.sk\/sk\/wp-json\/wp\/v2\/types\/page"}],"author":[{"embeddable":true,"href":"https:\/\/www.mmracing.sk\/sk\/wp-json\/wp\/v2\/users\/1"}],"replies":[{"embeddable":true,"href":"https:\/\/www.mmracing.sk\/sk\/wp-json\/wp\/v2\/comments?post=5"}],"version-history":[{"count":4,"href":"https:\/\/www.mmracing.sk\/sk\/wp-json\/wp\/v2\/pages\/5\/revisions"}],"predecessor-version":[{"id":1034,"href":"https:\/\/www.mmracing.sk\/sk\/wp-json\/wp\/v2\/pages\/5\/revisions\/1034"}],"up":[{"embeddable":true,"href":"https:\/\/www.mmracing.sk\/sk\/wp-json\/wp\/v2\/pages\/187"}],"wp:attachment":[{"href":"https:\/\/www.mmracing.sk\/sk\/wp-json\/wp\/v2\/media?parent=5"}],"curies":[{"name":"wp","href":"https:\/\/api.w.org\/{rel}","templated":true}]}}