{"id":495,"date":"2016-09-21T13:16:28","date_gmt":"2016-09-21T11:16:28","guid":{"rendered":"http:\/\/www.mmracing.sk\/wp\/sk\/?page_id=495"},"modified":"2016-09-21T20:06:46","modified_gmt":"2016-09-21T18:06:46","slug":"afera-klamari","status":"publish","type":"page","link":"https:\/\/www.mmracing.sk\/sk\/chip-tuning\/najcastejsie-otazky\/afera-klamari\/","title":{"rendered":"Af\u00e9ra Klam\u00e1ri !!!"},"content":{"rendered":"<p><a href=\"http:\/\/www.mmracing.sk\/wp\/wp-content\/uploads\/afera.pdf\">Pre\u010d\u00edtajte si o tom, ako to vo &#8220;svete tuningu&#8221; \u010dasto kr\u00e1t funguje!<\/a><\/p>\n","protected":false},"excerpt":{"rendered":"<p>Pre\u010d\u00edtajte si o tom, ako to vo &#8220;svete tuningu&#8221; \u010dasto kr\u00e1t funguje!<\/p>\n","protected":false},"author":1,"featured_media":0,"parent":493,"menu_order":12,"comment_status":"closed","ping_status":"closed","template":"","meta":{"footnotes":""},"class_list":["post-495","page","type-page","status-publish","hentry"],"yoast_head":"<!-- This site is optimized with the Yoast SEO Premium plugin v23.8 (Yoast SEO v27.5) - https:\/\/yoast.com\/product\/yoast-seo-premium-wordpress\/ -->\n<title>Af\u00e9ra Klam\u00e1ri !!! - MM RACING<\/title>\n<meta name=\"robots\" content=\"index, follow, max-snippet:-1, max-image-preview:large, max-video-preview:-1\" \/>\n<link rel=\"canonical\" href=\"https:\/\/www.mmracing.sk\/sk\/chip-tuning\/najcastejsie-otazky\/afera-klamari\/\" \/>\n<meta property=\"og:locale\" content=\"en_GB\" \/>\n<meta property=\"og:type\" content=\"article\" \/>\n<meta property=\"og:title\" content=\"Af\u00e9ra Klam\u00e1ri !!!\" \/>\n<meta property=\"og:description\" content=\"Pre\u010d\u00edtajte si o tom, ako to vo &#8220;svete tuningu&#8221; \u010dasto kr\u00e1t funguje!\" \/>\n<meta property=\"og:url\" content=\"https:\/\/www.mmracing.sk\/sk\/chip-tuning\/najcastejsie-otazky\/afera-klamari\/\" \/>\n<meta property=\"og:site_name\" content=\"MM RACING\" \/>\n<meta property=\"article:modified_time\" content=\"2016-09-21T18:06:46+00:00\" \/>\n<meta name=\"twitter:card\" content=\"summary_large_image\" \/>\n<script type=\"application\/ld+json\" class=\"yoast-schema-graph\">{\"@context\":\"https:\\\/\\\/schema.org\",\"@graph\":[{\"@type\":\"WebPage\",\"@id\":\"https:\\\/\\\/www.mmracing.sk\\\/sk\\\/chip-tuning\\\/najcastejsie-otazky\\\/afera-klamari\\\/\",\"url\":\"https:\\\/\\\/www.mmracing.sk\\\/sk\\\/chip-tuning\\\/najcastejsie-otazky\\\/afera-klamari\\\/\",\"name\":\"Af\u00e9ra Klam\u00e1ri !!! - MM RACING\",\"isPartOf\":{\"@id\":\"https:\\\/\\\/www.mmracing.sk\\\/sk\\\/#website\"},\"datePublished\":\"2016-09-21T11:16:28+00:00\",\"dateModified\":\"2016-09-21T18:06:46+00:00\",\"breadcrumb\":{\"@id\":\"https:\\\/\\\/www.mmracing.sk\\\/sk\\\/chip-tuning\\\/najcastejsie-otazky\\\/afera-klamari\\\/#breadcrumb\"},\"inLanguage\":\"en-GB\",\"potentialAction\":[{\"@type\":\"ReadAction\",\"target\":[\"https:\\\/\\\/www.mmracing.sk\\\/sk\\\/chip-tuning\\\/najcastejsie-otazky\\\/afera-klamari\\\/\"]}]},{\"@type\":\"BreadcrumbList\",\"@id\":\"https:\\\/\\\/www.mmracing.sk\\\/sk\\\/chip-tuning\\\/najcastejsie-otazky\\\/afera-klamari\\\/#breadcrumb\",\"itemListElement\":[{\"@type\":\"ListItem\",\"position\":1,\"name\":\"Domovsk\u00e1 str\u00e1nka\",\"item\":\"https:\\\/\\\/www.mmracing.sk\\\/sk\\\/\"},{\"@type\":\"ListItem\",\"position\":2,\"name\":\"Chip tuning\",\"item\":\"https:\\\/\\\/www.mmracing.sk\\\/sk\\\/chip-tuning\\\/\"},{\"@type\":\"ListItem\",\"position\":3,\"name\":\"Naj\u010dastej\u0161ie ot\u00e1zky pri chiptuningu\",\"item\":\"https:\\\/\\\/www.mmracing.sk\\\/sk\\\/chip-tuning\\\/najcastejsie-otazky\\\/\"},{\"@type\":\"ListItem\",\"position\":4,\"name\":\"Af\u00e9ra Klam\u00e1ri !!!\"}]},{\"@type\":\"WebSite\",\"@id\":\"https:\\\/\\\/www.mmracing.sk\\\/sk\\\/#website\",\"url\":\"https:\\\/\\\/www.mmracing.sk\\\/sk\\\/\",\"name\":\"MM RACING\",\"description\":\"MM RACING V\u00e1m pon\u00faka profesion\u00e1lny chip tuning automobilov. Pon\u00fakame aj diagnostiku vozidiel a mno\u017estvo \u010fal\u0161\u00edch slu\u017eieb v Bratislave. Viac na mmracing.sk.\",\"potentialAction\":[{\"@type\":\"SearchAction\",\"target\":{\"@type\":\"EntryPoint\",\"urlTemplate\":\"https:\\\/\\\/www.mmracing.sk\\\/sk\\\/?s={search_term_string}\"},\"query-input\":{\"@type\":\"PropertyValueSpecification\",\"valueRequired\":true,\"valueName\":\"search_term_string\"}}],\"inLanguage\":\"en-GB\"}]}<\/script>\n<!-- \/ Yoast SEO Premium plugin. -->","yoast_head_json":{"title":"Af\u00e9ra Klam\u00e1ri !!! - MM RACING","robots":{"index":"index","follow":"follow","max-snippet":"max-snippet:-1","max-image-preview":"max-image-preview:large","max-video-preview":"max-video-preview:-1"},"canonical":"https:\/\/www.mmracing.sk\/sk\/chip-tuning\/najcastejsie-otazky\/afera-klamari\/","og_locale":"en_GB","og_type":"article","og_title":"Af\u00e9ra Klam\u00e1ri !!!","og_description":"Pre\u010d\u00edtajte si o tom, ako to vo &#8220;svete tuningu&#8221; \u010dasto kr\u00e1t funguje!","og_url":"https:\/\/www.mmracing.sk\/sk\/chip-tuning\/najcastejsie-otazky\/afera-klamari\/","og_site_name":"MM RACING","article_modified_time":"2016-09-21T18:06:46+00:00","twitter_card":"summary_large_image","schema":{"@context":"https:\/\/schema.org","@graph":[{"@type":"WebPage","@id":"https:\/\/www.mmracing.sk\/sk\/chip-tuning\/najcastejsie-otazky\/afera-klamari\/","url":"https:\/\/www.mmracing.sk\/sk\/chip-tuning\/najcastejsie-otazky\/afera-klamari\/","name":"Af\u00e9ra Klam\u00e1ri !!! - MM RACING","isPartOf":{"@id":"https:\/\/www.mmracing.sk\/sk\/#website"},"datePublished":"2016-09-21T11:16:28+00:00","dateModified":"2016-09-21T18:06:46+00:00","breadcrumb":{"@id":"https:\/\/www.mmracing.sk\/sk\/chip-tuning\/najcastejsie-otazky\/afera-klamari\/#breadcrumb"},"inLanguage":"en-GB","potentialAction":[{"@type":"ReadAction","target":["https:\/\/www.mmracing.sk\/sk\/chip-tuning\/najcastejsie-otazky\/afera-klamari\/"]}]},{"@type":"BreadcrumbList","@id":"https:\/\/www.mmracing.sk\/sk\/chip-tuning\/najcastejsie-otazky\/afera-klamari\/#breadcrumb","itemListElement":[{"@type":"ListItem","position":1,"name":"Domovsk\u00e1 str\u00e1nka","item":"https:\/\/www.mmracing.sk\/sk\/"},{"@type":"ListItem","position":2,"name":"Chip tuning","item":"https:\/\/www.mmracing.sk\/sk\/chip-tuning\/"},{"@type":"ListItem","position":3,"name":"Naj\u010dastej\u0161ie ot\u00e1zky pri chiptuningu","item":"https:\/\/www.mmracing.sk\/sk\/chip-tuning\/najcastejsie-otazky\/"},{"@type":"ListItem","position":4,"name":"Af\u00e9ra Klam\u00e1ri !!!"}]},{"@type":"WebSite","@id":"https:\/\/www.mmracing.sk\/sk\/#website","url":"https:\/\/www.mmracing.sk\/sk\/","name":"MM RACING","description":"MM RACING V\u00e1m pon\u00faka profesion\u00e1lny chip tuning automobilov. Pon\u00fakame aj diagnostiku vozidiel a mno\u017estvo \u010fal\u0161\u00edch slu\u017eieb v Bratislave. Viac na mmracing.sk.","potentialAction":[{"@type":"SearchAction","target":{"@type":"EntryPoint","urlTemplate":"https:\/\/www.mmracing.sk\/sk\/?s={search_term_string}"},"query-input":{"@type":"PropertyValueSpecification","valueRequired":true,"valueName":"search_term_string"}}],"inLanguage":"en-GB"}]}},"_links":{"self":[{"href":"https:\/\/www.mmracing.sk\/sk\/wp-json\/wp\/v2\/pages\/495","targetHints":{"allow":["GET"]}}],"collection":[{"href":"https:\/\/www.mmracing.sk\/sk\/wp-json\/wp\/v2\/pages"}],"about":[{"href":"https:\/\/www.mmracing.sk\/sk\/wp-json\/wp\/v2\/types\/page"}],"author":[{"embeddable":true,"href":"https:\/\/www.mmracing.sk\/sk\/wp-json\/wp\/v2\/users\/1"}],"replies":[{"embeddable":true,"href":"https:\/\/www.mmracing.sk\/sk\/wp-json\/wp\/v2\/comments?post=495"}],"version-history":[{"count":1,"href":"https:\/\/www.mmracing.sk\/sk\/wp-json\/wp\/v2\/pages\/495\/revisions"}],"predecessor-version":[{"id":497,"href":"https:\/\/www.mmracing.sk\/sk\/wp-json\/wp\/v2\/pages\/495\/revisions\/497"}],"up":[{"embeddable":true,"href":"https:\/\/www.mmracing.sk\/sk\/wp-json\/wp\/v2\/pages\/493"}],"wp:attachment":[{"href":"https:\/\/www.mmracing.sk\/sk\/wp-json\/wp\/v2\/media?parent=495"}],"curies":[{"name":"wp","href":"https:\/\/api.w.org\/{rel}","templated":true}]}}