{"id":493,"date":"2016-09-21T13:12:09","date_gmt":"2016-09-21T11:12:09","guid":{"rendered":"http:\/\/www.mmracing.sk\/wp\/sk\/?page_id=493"},"modified":"2017-10-25T21:03:59","modified_gmt":"2017-10-25T19:03:59","slug":"najcastejsie-otazky","status":"publish","type":"page","link":"https:\/\/www.mmracing.sk\/sk\/chip-tuning\/najcastejsie-otazky\/","title":{"rendered":"Naj\u010dastej\u0161ie ot\u00e1zky pri chiptuningu"},"content":{"rendered":"","protected":false},"excerpt":{"rendered":"","protected":false},"author":1,"featured_media":0,"parent":187,"menu_order":1,"comment_status":"closed","ping_status":"closed","template":"","meta":{"footnotes":""},"class_list":["post-493","page","type-page","status-publish","hentry"],"yoast_head":"<!-- This site is optimized with the Yoast SEO Premium plugin v23.8 (Yoast SEO v27.5) - https:\/\/yoast.com\/product\/yoast-seo-premium-wordpress\/ -->\n<title>Naj\u010dastej\u0161ie ot\u00e1zky pri chiptuningu - MM RACING<\/title>\n<meta name=\"description\" content=\"FAQ - Naj\u010dastej\u0161ie ot\u00e1zky kladen\u00e9 pred zv\u00fd\u0161en\u00edm v\u00fdkonu - chiptuningom. MM RACING - l\u00edder v oblasti \u00faprav na Slovensku.\" \/>\n<meta name=\"robots\" content=\"index, follow, max-snippet:-1, max-image-preview:large, max-video-preview:-1\" \/>\n<link rel=\"canonical\" href=\"https:\/\/www.mmracing.sk\/sk\/chip-tuning\/najcastejsie-otazky\/\" \/>\n<meta property=\"og:locale\" content=\"en_GB\" \/>\n<meta property=\"og:type\" content=\"article\" \/>\n<meta property=\"og:title\" content=\"Naj\u010dastej\u0161ie ot\u00e1zky pri chiptuningu\" \/>\n<meta property=\"og:description\" content=\"FAQ - Naj\u010dastej\u0161ie ot\u00e1zky kladen\u00e9 pred zv\u00fd\u0161en\u00edm v\u00fdkonu - chiptuningom. MM RACING - l\u00edder v oblasti \u00faprav na Slovensku.\" \/>\n<meta property=\"og:url\" content=\"https:\/\/www.mmracing.sk\/sk\/chip-tuning\/najcastejsie-otazky\/\" \/>\n<meta property=\"og:site_name\" content=\"MM RACING\" \/>\n<meta property=\"article:modified_time\" content=\"2017-10-25T19:03:59+00:00\" \/>\n<meta name=\"twitter:card\" content=\"summary_large_image\" \/>\n<script type=\"application\/ld+json\" class=\"yoast-schema-graph\">{\"@context\":\"https:\\\/\\\/schema.org\",\"@graph\":[{\"@type\":\"WebPage\",\"@id\":\"https:\\\/\\\/www.mmracing.sk\\\/sk\\\/chip-tuning\\\/najcastejsie-otazky\\\/\",\"url\":\"https:\\\/\\\/www.mmracing.sk\\\/sk\\\/chip-tuning\\\/najcastejsie-otazky\\\/\",\"name\":\"Naj\u010dastej\u0161ie ot\u00e1zky pri chiptuningu - MM RACING\",\"isPartOf\":{\"@id\":\"https:\\\/\\\/www.mmracing.sk\\\/sk\\\/#website\"},\"datePublished\":\"2016-09-21T11:12:09+00:00\",\"dateModified\":\"2017-10-25T19:03:59+00:00\",\"description\":\"FAQ - Naj\u010dastej\u0161ie ot\u00e1zky kladen\u00e9 pred zv\u00fd\u0161en\u00edm v\u00fdkonu - chiptuningom. MM RACING - l\u00edder v oblasti \u00faprav na Slovensku.\",\"breadcrumb\":{\"@id\":\"https:\\\/\\\/www.mmracing.sk\\\/sk\\\/chip-tuning\\\/najcastejsie-otazky\\\/#breadcrumb\"},\"inLanguage\":\"en-GB\",\"potentialAction\":[{\"@type\":\"ReadAction\",\"target\":[\"https:\\\/\\\/www.mmracing.sk\\\/sk\\\/chip-tuning\\\/najcastejsie-otazky\\\/\"]}]},{\"@type\":\"BreadcrumbList\",\"@id\":\"https:\\\/\\\/www.mmracing.sk\\\/sk\\\/chip-tuning\\\/najcastejsie-otazky\\\/#breadcrumb\",\"itemListElement\":[{\"@type\":\"ListItem\",\"position\":1,\"name\":\"Domovsk\u00e1 str\u00e1nka\",\"item\":\"https:\\\/\\\/www.mmracing.sk\\\/sk\\\/\"},{\"@type\":\"ListItem\",\"position\":2,\"name\":\"Chip tuning\",\"item\":\"https:\\\/\\\/www.mmracing.sk\\\/sk\\\/chip-tuning\\\/\"},{\"@type\":\"ListItem\",\"position\":3,\"name\":\"Naj\u010dastej\u0161ie ot\u00e1zky pri chiptuningu\"}]},{\"@type\":\"WebSite\",\"@id\":\"https:\\\/\\\/www.mmracing.sk\\\/sk\\\/#website\",\"url\":\"https:\\\/\\\/www.mmracing.sk\\\/sk\\\/\",\"name\":\"MM RACING\",\"description\":\"MM RACING V\u00e1m pon\u00faka profesion\u00e1lny chip tuning automobilov. Pon\u00fakame aj diagnostiku vozidiel a mno\u017estvo \u010fal\u0161\u00edch slu\u017eieb v Bratislave. Viac na mmracing.sk.\",\"potentialAction\":[{\"@type\":\"SearchAction\",\"target\":{\"@type\":\"EntryPoint\",\"urlTemplate\":\"https:\\\/\\\/www.mmracing.sk\\\/sk\\\/?s={search_term_string}\"},\"query-input\":{\"@type\":\"PropertyValueSpecification\",\"valueRequired\":true,\"valueName\":\"search_term_string\"}}],\"inLanguage\":\"en-GB\"}]}<\/script>\n<!-- \/ Yoast SEO Premium plugin. -->","yoast_head_json":{"title":"Naj\u010dastej\u0161ie ot\u00e1zky pri chiptuningu - MM RACING","description":"FAQ - Naj\u010dastej\u0161ie ot\u00e1zky kladen\u00e9 pred zv\u00fd\u0161en\u00edm v\u00fdkonu - chiptuningom. MM RACING - l\u00edder v oblasti \u00faprav na Slovensku.","robots":{"index":"index","follow":"follow","max-snippet":"max-snippet:-1","max-image-preview":"max-image-preview:large","max-video-preview":"max-video-preview:-1"},"canonical":"https:\/\/www.mmracing.sk\/sk\/chip-tuning\/najcastejsie-otazky\/","og_locale":"en_GB","og_type":"article","og_title":"Naj\u010dastej\u0161ie ot\u00e1zky pri chiptuningu","og_description":"FAQ - Naj\u010dastej\u0161ie ot\u00e1zky kladen\u00e9 pred zv\u00fd\u0161en\u00edm v\u00fdkonu - chiptuningom. MM RACING - l\u00edder v oblasti \u00faprav na Slovensku.","og_url":"https:\/\/www.mmracing.sk\/sk\/chip-tuning\/najcastejsie-otazky\/","og_site_name":"MM RACING","article_modified_time":"2017-10-25T19:03:59+00:00","twitter_card":"summary_large_image","schema":{"@context":"https:\/\/schema.org","@graph":[{"@type":"WebPage","@id":"https:\/\/www.mmracing.sk\/sk\/chip-tuning\/najcastejsie-otazky\/","url":"https:\/\/www.mmracing.sk\/sk\/chip-tuning\/najcastejsie-otazky\/","name":"Naj\u010dastej\u0161ie ot\u00e1zky pri chiptuningu - MM RACING","isPartOf":{"@id":"https:\/\/www.mmracing.sk\/sk\/#website"},"datePublished":"2016-09-21T11:12:09+00:00","dateModified":"2017-10-25T19:03:59+00:00","description":"FAQ - Naj\u010dastej\u0161ie ot\u00e1zky kladen\u00e9 pred zv\u00fd\u0161en\u00edm v\u00fdkonu - chiptuningom. MM RACING - l\u00edder v oblasti \u00faprav na Slovensku.","breadcrumb":{"@id":"https:\/\/www.mmracing.sk\/sk\/chip-tuning\/najcastejsie-otazky\/#breadcrumb"},"inLanguage":"en-GB","potentialAction":[{"@type":"ReadAction","target":["https:\/\/www.mmracing.sk\/sk\/chip-tuning\/najcastejsie-otazky\/"]}]},{"@type":"BreadcrumbList","@id":"https:\/\/www.mmracing.sk\/sk\/chip-tuning\/najcastejsie-otazky\/#breadcrumb","itemListElement":[{"@type":"ListItem","position":1,"name":"Domovsk\u00e1 str\u00e1nka","item":"https:\/\/www.mmracing.sk\/sk\/"},{"@type":"ListItem","position":2,"name":"Chip tuning","item":"https:\/\/www.mmracing.sk\/sk\/chip-tuning\/"},{"@type":"ListItem","position":3,"name":"Naj\u010dastej\u0161ie ot\u00e1zky pri chiptuningu"}]},{"@type":"WebSite","@id":"https:\/\/www.mmracing.sk\/sk\/#website","url":"https:\/\/www.mmracing.sk\/sk\/","name":"MM RACING","description":"MM RACING V\u00e1m pon\u00faka profesion\u00e1lny chip tuning automobilov. Pon\u00fakame aj diagnostiku vozidiel a mno\u017estvo \u010fal\u0161\u00edch slu\u017eieb v Bratislave. Viac na mmracing.sk.","potentialAction":[{"@type":"SearchAction","target":{"@type":"EntryPoint","urlTemplate":"https:\/\/www.mmracing.sk\/sk\/?s={search_term_string}"},"query-input":{"@type":"PropertyValueSpecification","valueRequired":true,"valueName":"search_term_string"}}],"inLanguage":"en-GB"}]}},"_links":{"self":[{"href":"https:\/\/www.mmracing.sk\/sk\/wp-json\/wp\/v2\/pages\/493","targetHints":{"allow":["GET"]}}],"collection":[{"href":"https:\/\/www.mmracing.sk\/sk\/wp-json\/wp\/v2\/pages"}],"about":[{"href":"https:\/\/www.mmracing.sk\/sk\/wp-json\/wp\/v2\/types\/page"}],"author":[{"embeddable":true,"href":"https:\/\/www.mmracing.sk\/sk\/wp-json\/wp\/v2\/users\/1"}],"replies":[{"embeddable":true,"href":"https:\/\/www.mmracing.sk\/sk\/wp-json\/wp\/v2\/comments?post=493"}],"version-history":[{"count":1,"href":"https:\/\/www.mmracing.sk\/sk\/wp-json\/wp\/v2\/pages\/493\/revisions"}],"predecessor-version":[{"id":494,"href":"https:\/\/www.mmracing.sk\/sk\/wp-json\/wp\/v2\/pages\/493\/revisions\/494"}],"up":[{"embeddable":true,"href":"https:\/\/www.mmracing.sk\/sk\/wp-json\/wp\/v2\/pages\/187"}],"wp:attachment":[{"href":"https:\/\/www.mmracing.sk\/sk\/wp-json\/wp\/v2\/media?parent=493"}],"curies":[{"name":"wp","href":"https:\/\/api.w.org\/{rel}","templated":true}]}}