{"id":46,"date":"2016-09-11T17:36:33","date_gmt":"2016-09-11T15:36:33","guid":{"rendered":"http:\/\/www.mmracing.sk\/wp\/sk\/?page_id=46"},"modified":"2025-10-24T11:57:36","modified_gmt":"2025-10-24T09:57:36","slug":"kontakt","status":"publish","type":"page","link":"https:\/\/www.mmracing.sk\/sk\/kontakt\/","title":{"rendered":"Kontakt"},"content":{"rendered":"<h3>MM RACING s.r.o<\/h3>\n<p>Pri Starom Letisku 1<br \/>\n831 07 Bratislava<\/p>\n<p>Telef\u00f3n +421 905 611 421<\/p>\n<h3>Otv\u00e1racie Hodiny<\/h3>\n<p>Pondelok &#8211; Piatok<br \/>\n08:00 &#8211; 12:00 a 12:30 &#8211; 16:30<\/p>\n<p>I\u010cO: 44 167 067<br \/>\nI\u010c-DPH: SK 20 22 623 020<\/p>\n<p>zap\u00edsan\u00e1 v OR Okresn\u00e9ho s\u00fadu Bratislava I, Vlo\u017eka \u010d\u00edslo: 52639\/B<br \/>\n<head><br \/>\n<!-- Event snippet for N\u00e1kup conversion page --><br \/>\n<script>\n  gtag('event', 'conversion', {\n      'send_to': 'AW-1052889843\/WcCKCObYtbAbEPOlh_YD',\n      'value': 1.0,\n      'currency': 'EUR',\n      'transaction_id': ''\n  });\n<\/script><br \/>\n<\/head><\/p>\n","protected":false},"excerpt":{"rendered":"<p>MM RACING s.r.o Pri Starom Letisku 1 831 07 Bratislava Telef\u00f3n +421 905 611 421 Otv\u00e1racie Hodiny Pondelok &#8211; Piatok [&hellip;]<\/p>\n","protected":false},"author":1,"featured_media":0,"parent":0,"menu_order":6,"comment_status":"closed","ping_status":"closed","template":"page-kontakt.php","meta":{"footnotes":""},"class_list":["post-46","page","type-page","status-publish","hentry"],"yoast_head":"<!-- This site is optimized with the Yoast SEO Premium plugin v23.8 (Yoast SEO v27.6) - https:\/\/yoast.com\/product\/yoast-seo-premium-wordpress\/ -->\n<title>Kontakt a otv\u00e1racie hodiny - MM RACING s.r.o.<\/title>\n<meta name=\"description\" content=\"Nap\u00ed\u0161te n\u00e1m, n\u00e1jdite na\u0161u adresu, zavolajte n\u00e1m. MM RACING s.r.o, na\u0161e kontaktn\u00e9 \u00fadaje a mapa\" \/>\n<meta name=\"robots\" content=\"index, follow, max-snippet:-1, max-image-preview:large, max-video-preview:-1\" \/>\n<link rel=\"canonical\" href=\"https:\/\/www.mmracing.sk\/sk\/kontakt\/\" \/>\n<meta property=\"og:locale\" content=\"en_GB\" \/>\n<meta property=\"og:type\" content=\"article\" \/>\n<meta property=\"og:title\" content=\"Kontakt\" \/>\n<meta property=\"og:description\" content=\"Nap\u00ed\u0161te n\u00e1m, n\u00e1jdite na\u0161u adresu, zavolajte n\u00e1m. MM RACING s.r.o, na\u0161e kontaktn\u00e9 \u00fadaje a mapa\" \/>\n<meta property=\"og:url\" content=\"https:\/\/www.mmracing.sk\/sk\/kontakt\/\" \/>\n<meta property=\"og:site_name\" content=\"MM RACING\" \/>\n<meta property=\"article:modified_time\" content=\"2025-10-24T09:57:36+00:00\" \/>\n<meta name=\"twitter:card\" content=\"summary_large_image\" \/>\n<script type=\"application\/ld+json\" class=\"yoast-schema-graph\">{\"@context\":\"https:\\\/\\\/schema.org\",\"@graph\":[{\"@type\":\"WebPage\",\"@id\":\"https:\\\/\\\/www.mmracing.sk\\\/sk\\\/kontakt\\\/\",\"url\":\"https:\\\/\\\/www.mmracing.sk\\\/sk\\\/kontakt\\\/\",\"name\":\"Kontakt a otv\u00e1racie hodiny - MM RACING s.r.o.\",\"isPartOf\":{\"@id\":\"https:\\\/\\\/www.mmracing.sk\\\/sk\\\/#website\"},\"datePublished\":\"2016-09-11T15:36:33+00:00\",\"dateModified\":\"2025-10-24T09:57:36+00:00\",\"description\":\"Nap\u00ed\u0161te n\u00e1m, n\u00e1jdite na\u0161u adresu, zavolajte n\u00e1m. MM RACING s.r.o, na\u0161e kontaktn\u00e9 \u00fadaje a mapa\",\"breadcrumb\":{\"@id\":\"https:\\\/\\\/www.mmracing.sk\\\/sk\\\/kontakt\\\/#breadcrumb\"},\"inLanguage\":\"en-GB\",\"potentialAction\":[{\"@type\":\"ReadAction\",\"target\":[\"https:\\\/\\\/www.mmracing.sk\\\/sk\\\/kontakt\\\/\"]}]},{\"@type\":\"BreadcrumbList\",\"@id\":\"https:\\\/\\\/www.mmracing.sk\\\/sk\\\/kontakt\\\/#breadcrumb\",\"itemListElement\":[{\"@type\":\"ListItem\",\"position\":1,\"name\":\"Domovsk\u00e1 str\u00e1nka\",\"item\":\"https:\\\/\\\/www.mmracing.sk\\\/sk\\\/\"},{\"@type\":\"ListItem\",\"position\":2,\"name\":\"Kontakt\"}]},{\"@type\":\"WebSite\",\"@id\":\"https:\\\/\\\/www.mmracing.sk\\\/sk\\\/#website\",\"url\":\"https:\\\/\\\/www.mmracing.sk\\\/sk\\\/\",\"name\":\"MM RACING\",\"description\":\"MM RACING V\u00e1m pon\u00faka profesion\u00e1lny chip tuning automobilov. Pon\u00fakame aj diagnostiku vozidiel a mno\u017estvo \u010fal\u0161\u00edch slu\u017eieb v Bratislave. Viac na mmracing.sk.\",\"potentialAction\":[{\"@type\":\"SearchAction\",\"target\":{\"@type\":\"EntryPoint\",\"urlTemplate\":\"https:\\\/\\\/www.mmracing.sk\\\/sk\\\/?s={search_term_string}\"},\"query-input\":{\"@type\":\"PropertyValueSpecification\",\"valueRequired\":true,\"valueName\":\"search_term_string\"}}],\"inLanguage\":\"en-GB\"}]}<\/script>\n<!-- \/ Yoast SEO Premium plugin. -->","yoast_head_json":{"title":"Kontakt a otv\u00e1racie hodiny - MM RACING s.r.o.","description":"Nap\u00ed\u0161te n\u00e1m, n\u00e1jdite na\u0161u adresu, zavolajte n\u00e1m. MM RACING s.r.o, na\u0161e kontaktn\u00e9 \u00fadaje a mapa","robots":{"index":"index","follow":"follow","max-snippet":"max-snippet:-1","max-image-preview":"max-image-preview:large","max-video-preview":"max-video-preview:-1"},"canonical":"https:\/\/www.mmracing.sk\/sk\/kontakt\/","og_locale":"en_GB","og_type":"article","og_title":"Kontakt","og_description":"Nap\u00ed\u0161te n\u00e1m, n\u00e1jdite na\u0161u adresu, zavolajte n\u00e1m. MM RACING s.r.o, na\u0161e kontaktn\u00e9 \u00fadaje a mapa","og_url":"https:\/\/www.mmracing.sk\/sk\/kontakt\/","og_site_name":"MM RACING","article_modified_time":"2025-10-24T09:57:36+00:00","twitter_card":"summary_large_image","schema":{"@context":"https:\/\/schema.org","@graph":[{"@type":"WebPage","@id":"https:\/\/www.mmracing.sk\/sk\/kontakt\/","url":"https:\/\/www.mmracing.sk\/sk\/kontakt\/","name":"Kontakt a otv\u00e1racie hodiny - MM RACING s.r.o.","isPartOf":{"@id":"https:\/\/www.mmracing.sk\/sk\/#website"},"datePublished":"2016-09-11T15:36:33+00:00","dateModified":"2025-10-24T09:57:36+00:00","description":"Nap\u00ed\u0161te n\u00e1m, n\u00e1jdite na\u0161u adresu, zavolajte n\u00e1m. MM RACING s.r.o, na\u0161e kontaktn\u00e9 \u00fadaje a mapa","breadcrumb":{"@id":"https:\/\/www.mmracing.sk\/sk\/kontakt\/#breadcrumb"},"inLanguage":"en-GB","potentialAction":[{"@type":"ReadAction","target":["https:\/\/www.mmracing.sk\/sk\/kontakt\/"]}]},{"@type":"BreadcrumbList","@id":"https:\/\/www.mmracing.sk\/sk\/kontakt\/#breadcrumb","itemListElement":[{"@type":"ListItem","position":1,"name":"Domovsk\u00e1 str\u00e1nka","item":"https:\/\/www.mmracing.sk\/sk\/"},{"@type":"ListItem","position":2,"name":"Kontakt"}]},{"@type":"WebSite","@id":"https:\/\/www.mmracing.sk\/sk\/#website","url":"https:\/\/www.mmracing.sk\/sk\/","name":"MM RACING","description":"MM RACING V\u00e1m pon\u00faka profesion\u00e1lny chip tuning automobilov. Pon\u00fakame aj diagnostiku vozidiel a mno\u017estvo \u010fal\u0161\u00edch slu\u017eieb v Bratislave. Viac na mmracing.sk.","potentialAction":[{"@type":"SearchAction","target":{"@type":"EntryPoint","urlTemplate":"https:\/\/www.mmracing.sk\/sk\/?s={search_term_string}"},"query-input":{"@type":"PropertyValueSpecification","valueRequired":true,"valueName":"search_term_string"}}],"inLanguage":"en-GB"}]}},"_links":{"self":[{"href":"https:\/\/www.mmracing.sk\/sk\/wp-json\/wp\/v2\/pages\/46","targetHints":{"allow":["GET"]}}],"collection":[{"href":"https:\/\/www.mmracing.sk\/sk\/wp-json\/wp\/v2\/pages"}],"about":[{"href":"https:\/\/www.mmracing.sk\/sk\/wp-json\/wp\/v2\/types\/page"}],"author":[{"embeddable":true,"href":"https:\/\/www.mmracing.sk\/sk\/wp-json\/wp\/v2\/users\/1"}],"replies":[{"embeddable":true,"href":"https:\/\/www.mmracing.sk\/sk\/wp-json\/wp\/v2\/comments?post=46"}],"version-history":[{"count":6,"href":"https:\/\/www.mmracing.sk\/sk\/wp-json\/wp\/v2\/pages\/46\/revisions"}],"predecessor-version":[{"id":9969,"href":"https:\/\/www.mmracing.sk\/sk\/wp-json\/wp\/v2\/pages\/46\/revisions\/9969"}],"wp:attachment":[{"href":"https:\/\/www.mmracing.sk\/sk\/wp-json\/wp\/v2\/media?parent=46"}],"curies":[{"name":"wp","href":"https:\/\/api.w.org\/{rel}","templated":true}]}}