{"id":432,"date":"2016-09-21T09:05:43","date_gmt":"2016-09-21T07:05:43","guid":{"rendered":"http:\/\/www.mmracing.sk\/wp\/sk\/?page_id=432"},"modified":"2016-09-21T20:06:52","modified_gmt":"2016-09-21T18:06:52","slug":"opel-corsa-opc-rallye-cup-powered-by-mm-racing","status":"publish","type":"page","link":"https:\/\/www.mmracing.sk\/sk\/kontakt\/galeria\/opel-corsa-opc-rallye-cup-powered-by-mm-racing\/","title":{"rendered":"Opel Corsa OPC Rallye Cup powered by MM RACING"},"content":{"rendered":"\n\t\t<style type=\"text\/css\">\n\t\t\t#gallery-1 {\n\t\t\t\tmargin: auto;\n\t\t\t}\n\t\t\t#gallery-1 .gallery-item {\n\t\t\t\tfloat: left;\n\t\t\t\tmargin-top: 10px;\n\t\t\t\ttext-align: center;\n\t\t\t\twidth: 50%;\n\t\t\t}\n\t\t\t#gallery-1 img {\n\t\t\t\tborder: 2px solid #cfcfcf;\n\t\t\t}\n\t\t\t#gallery-1 .gallery-caption {\n\t\t\t\tmargin-left: 0;\n\t\t\t}\n\t\t\t\/* see gallery_shortcode() in wp-includes\/media.php *\/\n\t\t<\/style>\n\t\t<div id='gallery-1' class='gallery galleryid-432 gallery-columns-2 gallery-size-thumbnail'><dl class='gallery-item'>\n\t\t\t<dt class='gallery-icon landscape'>\n\t\t\t\t<a href='https:\/\/www.mmracing.sk\/sk\/kontakt\/galeria\/opel-corsa-opc-rallye-cup-powered-by-mm-racing\/attachment\/1333051190\/'><img loading=\"lazy\" decoding=\"async\" width=\"331\" height=\"331\" src=\"https:\/\/www.mmracing.sk\/wp\/wp-content\/uploads\/1333051190-331x331.png\" class=\"attachment-thumbnail size-thumbnail\" alt=\"testovanie a kalibrovanie Opel Corsa OPC Rallye Cup v MMRACING chiptuning\" aria-describedby=\"gallery-1-435\" srcset=\"https:\/\/www.mmracing.sk\/wp\/wp-content\/uploads\/1333051190-331x331.png 331w, https:\/\/www.mmracing.sk\/wp\/wp-content\/uploads\/1333051190-100x100.png 100w\" sizes=\"auto, (max-width: 331px) 100vw, 331px\" \/><\/a>\n\t\t\t<\/dt>\n\t\t\t\t<dd class='wp-caption-text gallery-caption' id='gallery-1-435'>\n\t\t\t\ttestovanie a kalibrovanie Opel Corsa OPC Rallye Cup v MMRACING chiptuning\n\t\t\t\t<\/dd><\/dl><dl class='gallery-item'>\n\t\t\t<dt class='gallery-icon landscape'>\n\t\t\t\t<a href='https:\/\/www.mmracing.sk\/sk\/kontakt\/galeria\/opel-corsa-opc-rallye-cup-powered-by-mm-racing\/attachment\/1333051156\/'><img loading=\"lazy\" decoding=\"async\" width=\"331\" height=\"331\" src=\"https:\/\/www.mmracing.sk\/wp\/wp-content\/uploads\/1333051156-331x331.png\" class=\"attachment-thumbnail size-thumbnail\" alt=\"programovanie prvej s\u00e9rie vozidiel pre div\u00edziu Opel OPC v MMRACING chiptuning\" aria-describedby=\"gallery-1-434\" srcset=\"https:\/\/www.mmracing.sk\/wp\/wp-content\/uploads\/1333051156-331x331.png 331w, https:\/\/www.mmracing.sk\/wp\/wp-content\/uploads\/1333051156-100x100.png 100w\" sizes=\"auto, (max-width: 331px) 100vw, 331px\" \/><\/a>\n\t\t\t<\/dt>\n\t\t\t\t<dd class='wp-caption-text gallery-caption' id='gallery-1-434'>\n\t\t\t\tprogramovanie prvej s\u00e9rie vozidiel pre div\u00edziu Opel OPC v MMRACING chiptuning\n\t\t\t\t<\/dd><\/dl><br style=\"clear: both\" \/><dl class='gallery-item'>\n\t\t\t<dt class='gallery-icon landscape'>\n\t\t\t\t<a href='https:\/\/www.mmracing.sk\/sk\/kontakt\/galeria\/opel-corsa-opc-rallye-cup-powered-by-mm-racing\/attachment\/1333051112\/'><img loading=\"lazy\" decoding=\"async\" width=\"331\" height=\"331\" src=\"https:\/\/www.mmracing.sk\/wp\/wp-content\/uploads\/1333051112-331x331.jpg\" class=\"attachment-thumbnail size-thumbnail\" alt=\"fin\u00e1lne programovanie po dokon\u010den\u00ed kalibr\u00e1cie Opel Corsa OPC v MMRACING chiptuning\" aria-describedby=\"gallery-1-433\" srcset=\"https:\/\/www.mmracing.sk\/wp\/wp-content\/uploads\/1333051112-331x331.jpg 331w, https:\/\/www.mmracing.sk\/wp\/wp-content\/uploads\/1333051112-100x100.jpg 100w\" sizes=\"auto, (max-width: 331px) 100vw, 331px\" \/><\/a>\n\t\t\t<\/dt>\n\t\t\t\t<dd class='wp-caption-text gallery-caption' id='gallery-1-433'>\n\t\t\t\tfin\u00e1lne programovanie po dokon\u010den\u00ed kalibr\u00e1cie Opel Corsa OPC v MMRACING chiptuning\n\t\t\t\t<\/dd><\/dl>\n\t\t\t<br style='clear: both' \/>\n\t\t<\/div>\n\n","protected":false},"excerpt":{"rendered":"","protected":false},"author":1,"featured_media":435,"parent":350,"menu_order":6,"comment_status":"closed","ping_status":"closed","template":"","meta":{"footnotes":""},"class_list":["post-432","page","type-page","status-publish","has-post-thumbnail","hentry"],"yoast_head":"<!-- This site is optimized with the Yoast SEO Premium plugin v23.8 (Yoast SEO v27.5) - https:\/\/yoast.com\/product\/yoast-seo-premium-wordpress\/ -->\n<title>Opel Corsa OPC Rallye Cup powered by MM RACING - MM RACING<\/title>\n<meta name=\"robots\" content=\"index, follow, max-snippet:-1, max-image-preview:large, max-video-preview:-1\" \/>\n<link rel=\"canonical\" href=\"https:\/\/www.mmracing.sk\/sk\/kontakt\/galeria\/opel-corsa-opc-rallye-cup-powered-by-mm-racing\/\" \/>\n<meta property=\"og:locale\" content=\"en_GB\" \/>\n<meta property=\"og:type\" content=\"article\" \/>\n<meta property=\"og:title\" content=\"Opel Corsa OPC Rallye Cup powered by MM RACING\" \/>\n<meta property=\"og:url\" content=\"https:\/\/www.mmracing.sk\/sk\/kontakt\/galeria\/opel-corsa-opc-rallye-cup-powered-by-mm-racing\/\" \/>\n<meta property=\"og:site_name\" content=\"MM RACING\" \/>\n<meta property=\"article:modified_time\" content=\"2016-09-21T18:06:52+00:00\" \/>\n<meta property=\"og:image\" content=\"https:\/\/www.mmracing.sk\/wp\/wp-content\/uploads\/1333051190.png\" \/>\n\t<meta property=\"og:image:width\" content=\"800\" \/>\n\t<meta property=\"og:image:height\" content=\"598\" \/>\n\t<meta property=\"og:image:type\" content=\"image\/png\" \/>\n<meta name=\"twitter:card\" content=\"summary_large_image\" \/>\n<script type=\"application\/ld+json\" class=\"yoast-schema-graph\">{\"@context\":\"https:\\\/\\\/schema.org\",\"@graph\":[{\"@type\":\"WebPage\",\"@id\":\"https:\\\/\\\/www.mmracing.sk\\\/sk\\\/kontakt\\\/galeria\\\/opel-corsa-opc-rallye-cup-powered-by-mm-racing\\\/\",\"url\":\"https:\\\/\\\/www.mmracing.sk\\\/sk\\\/kontakt\\\/galeria\\\/opel-corsa-opc-rallye-cup-powered-by-mm-racing\\\/\",\"name\":\"Opel Corsa OPC Rallye Cup powered by MM RACING - MM RACING\",\"isPartOf\":{\"@id\":\"https:\\\/\\\/www.mmracing.sk\\\/sk\\\/#website\"},\"primaryImageOfPage\":{\"@id\":\"https:\\\/\\\/www.mmracing.sk\\\/sk\\\/kontakt\\\/galeria\\\/opel-corsa-opc-rallye-cup-powered-by-mm-racing\\\/#primaryimage\"},\"image\":{\"@id\":\"https:\\\/\\\/www.mmracing.sk\\\/sk\\\/kontakt\\\/galeria\\\/opel-corsa-opc-rallye-cup-powered-by-mm-racing\\\/#primaryimage\"},\"thumbnailUrl\":\"https:\\\/\\\/www.mmracing.sk\\\/wp\\\/wp-content\\\/uploads\\\/1333051190.png\",\"datePublished\":\"2016-09-21T07:05:43+00:00\",\"dateModified\":\"2016-09-21T18:06:52+00:00\",\"breadcrumb\":{\"@id\":\"https:\\\/\\\/www.mmracing.sk\\\/sk\\\/kontakt\\\/galeria\\\/opel-corsa-opc-rallye-cup-powered-by-mm-racing\\\/#breadcrumb\"},\"inLanguage\":\"en-GB\",\"potentialAction\":[{\"@type\":\"ReadAction\",\"target\":[\"https:\\\/\\\/www.mmracing.sk\\\/sk\\\/kontakt\\\/galeria\\\/opel-corsa-opc-rallye-cup-powered-by-mm-racing\\\/\"]}]},{\"@type\":\"ImageObject\",\"inLanguage\":\"en-GB\",\"@id\":\"https:\\\/\\\/www.mmracing.sk\\\/sk\\\/kontakt\\\/galeria\\\/opel-corsa-opc-rallye-cup-powered-by-mm-racing\\\/#primaryimage\",\"url\":\"https:\\\/\\\/www.mmracing.sk\\\/wp\\\/wp-content\\\/uploads\\\/1333051190.png\",\"contentUrl\":\"https:\\\/\\\/www.mmracing.sk\\\/wp\\\/wp-content\\\/uploads\\\/1333051190.png\",\"width\":800,\"height\":598,\"caption\":\"testovanie a kalibrovanie Opel Corsa OPC Rallye Cup v MMRACING chiptuning\"},{\"@type\":\"BreadcrumbList\",\"@id\":\"https:\\\/\\\/www.mmracing.sk\\\/sk\\\/kontakt\\\/galeria\\\/opel-corsa-opc-rallye-cup-powered-by-mm-racing\\\/#breadcrumb\",\"itemListElement\":[{\"@type\":\"ListItem\",\"position\":1,\"name\":\"Domovsk\u00e1 str\u00e1nka\",\"item\":\"https:\\\/\\\/www.mmracing.sk\\\/sk\\\/\"},{\"@type\":\"ListItem\",\"position\":2,\"name\":\"Kontakt\",\"item\":\"https:\\\/\\\/www.mmracing.sk\\\/sk\\\/kontakt\\\/\"},{\"@type\":\"ListItem\",\"position\":3,\"name\":\"Gal\u00e9ria\",\"item\":\"https:\\\/\\\/www.mmracing.sk\\\/sk\\\/kontakt\\\/galeria\\\/\"},{\"@type\":\"ListItem\",\"position\":4,\"name\":\"Opel Corsa OPC Rallye Cup powered by MM RACING\"}]},{\"@type\":\"WebSite\",\"@id\":\"https:\\\/\\\/www.mmracing.sk\\\/sk\\\/#website\",\"url\":\"https:\\\/\\\/www.mmracing.sk\\\/sk\\\/\",\"name\":\"MM RACING\",\"description\":\"MM RACING V\u00e1m pon\u00faka profesion\u00e1lny chip tuning automobilov. Pon\u00fakame aj diagnostiku vozidiel a mno\u017estvo \u010fal\u0161\u00edch slu\u017eieb v Bratislave. Viac na mmracing.sk.\",\"potentialAction\":[{\"@type\":\"SearchAction\",\"target\":{\"@type\":\"EntryPoint\",\"urlTemplate\":\"https:\\\/\\\/www.mmracing.sk\\\/sk\\\/?s={search_term_string}\"},\"query-input\":{\"@type\":\"PropertyValueSpecification\",\"valueRequired\":true,\"valueName\":\"search_term_string\"}}],\"inLanguage\":\"en-GB\"}]}<\/script>\n<!-- \/ Yoast SEO Premium plugin. -->","yoast_head_json":{"title":"Opel Corsa OPC Rallye Cup powered by MM RACING - MM RACING","robots":{"index":"index","follow":"follow","max-snippet":"max-snippet:-1","max-image-preview":"max-image-preview:large","max-video-preview":"max-video-preview:-1"},"canonical":"https:\/\/www.mmracing.sk\/sk\/kontakt\/galeria\/opel-corsa-opc-rallye-cup-powered-by-mm-racing\/","og_locale":"en_GB","og_type":"article","og_title":"Opel Corsa OPC Rallye Cup powered by MM RACING","og_url":"https:\/\/www.mmracing.sk\/sk\/kontakt\/galeria\/opel-corsa-opc-rallye-cup-powered-by-mm-racing\/","og_site_name":"MM RACING","article_modified_time":"2016-09-21T18:06:52+00:00","og_image":[{"width":800,"height":598,"url":"https:\/\/www.mmracing.sk\/wp\/wp-content\/uploads\/1333051190.png","type":"image\/png"}],"twitter_card":"summary_large_image","schema":{"@context":"https:\/\/schema.org","@graph":[{"@type":"WebPage","@id":"https:\/\/www.mmracing.sk\/sk\/kontakt\/galeria\/opel-corsa-opc-rallye-cup-powered-by-mm-racing\/","url":"https:\/\/www.mmracing.sk\/sk\/kontakt\/galeria\/opel-corsa-opc-rallye-cup-powered-by-mm-racing\/","name":"Opel Corsa OPC Rallye Cup powered by MM RACING - MM RACING","isPartOf":{"@id":"https:\/\/www.mmracing.sk\/sk\/#website"},"primaryImageOfPage":{"@id":"https:\/\/www.mmracing.sk\/sk\/kontakt\/galeria\/opel-corsa-opc-rallye-cup-powered-by-mm-racing\/#primaryimage"},"image":{"@id":"https:\/\/www.mmracing.sk\/sk\/kontakt\/galeria\/opel-corsa-opc-rallye-cup-powered-by-mm-racing\/#primaryimage"},"thumbnailUrl":"https:\/\/www.mmracing.sk\/wp\/wp-content\/uploads\/1333051190.png","datePublished":"2016-09-21T07:05:43+00:00","dateModified":"2016-09-21T18:06:52+00:00","breadcrumb":{"@id":"https:\/\/www.mmracing.sk\/sk\/kontakt\/galeria\/opel-corsa-opc-rallye-cup-powered-by-mm-racing\/#breadcrumb"},"inLanguage":"en-GB","potentialAction":[{"@type":"ReadAction","target":["https:\/\/www.mmracing.sk\/sk\/kontakt\/galeria\/opel-corsa-opc-rallye-cup-powered-by-mm-racing\/"]}]},{"@type":"ImageObject","inLanguage":"en-GB","@id":"https:\/\/www.mmracing.sk\/sk\/kontakt\/galeria\/opel-corsa-opc-rallye-cup-powered-by-mm-racing\/#primaryimage","url":"https:\/\/www.mmracing.sk\/wp\/wp-content\/uploads\/1333051190.png","contentUrl":"https:\/\/www.mmracing.sk\/wp\/wp-content\/uploads\/1333051190.png","width":800,"height":598,"caption":"testovanie a kalibrovanie Opel Corsa OPC Rallye Cup v MMRACING chiptuning"},{"@type":"BreadcrumbList","@id":"https:\/\/www.mmracing.sk\/sk\/kontakt\/galeria\/opel-corsa-opc-rallye-cup-powered-by-mm-racing\/#breadcrumb","itemListElement":[{"@type":"ListItem","position":1,"name":"Domovsk\u00e1 str\u00e1nka","item":"https:\/\/www.mmracing.sk\/sk\/"},{"@type":"ListItem","position":2,"name":"Kontakt","item":"https:\/\/www.mmracing.sk\/sk\/kontakt\/"},{"@type":"ListItem","position":3,"name":"Gal\u00e9ria","item":"https:\/\/www.mmracing.sk\/sk\/kontakt\/galeria\/"},{"@type":"ListItem","position":4,"name":"Opel Corsa OPC Rallye Cup powered by MM RACING"}]},{"@type":"WebSite","@id":"https:\/\/www.mmracing.sk\/sk\/#website","url":"https:\/\/www.mmracing.sk\/sk\/","name":"MM RACING","description":"MM RACING V\u00e1m pon\u00faka profesion\u00e1lny chip tuning automobilov. Pon\u00fakame aj diagnostiku vozidiel a mno\u017estvo \u010fal\u0161\u00edch slu\u017eieb v Bratislave. Viac na mmracing.sk.","potentialAction":[{"@type":"SearchAction","target":{"@type":"EntryPoint","urlTemplate":"https:\/\/www.mmracing.sk\/sk\/?s={search_term_string}"},"query-input":{"@type":"PropertyValueSpecification","valueRequired":true,"valueName":"search_term_string"}}],"inLanguage":"en-GB"}]}},"_links":{"self":[{"href":"https:\/\/www.mmracing.sk\/sk\/wp-json\/wp\/v2\/pages\/432","targetHints":{"allow":["GET"]}}],"collection":[{"href":"https:\/\/www.mmracing.sk\/sk\/wp-json\/wp\/v2\/pages"}],"about":[{"href":"https:\/\/www.mmracing.sk\/sk\/wp-json\/wp\/v2\/types\/page"}],"author":[{"embeddable":true,"href":"https:\/\/www.mmracing.sk\/sk\/wp-json\/wp\/v2\/users\/1"}],"replies":[{"embeddable":true,"href":"https:\/\/www.mmracing.sk\/sk\/wp-json\/wp\/v2\/comments?post=432"}],"version-history":[{"count":1,"href":"https:\/\/www.mmracing.sk\/sk\/wp-json\/wp\/v2\/pages\/432\/revisions"}],"predecessor-version":[{"id":437,"href":"https:\/\/www.mmracing.sk\/sk\/wp-json\/wp\/v2\/pages\/432\/revisions\/437"}],"up":[{"embeddable":true,"href":"https:\/\/www.mmracing.sk\/sk\/wp-json\/wp\/v2\/pages\/350"}],"wp:featuredmedia":[{"embeddable":true,"href":"https:\/\/www.mmracing.sk\/sk\/wp-json\/wp\/v2\/media\/435"}],"wp:attachment":[{"href":"https:\/\/www.mmracing.sk\/sk\/wp-json\/wp\/v2\/media?parent=432"}],"curies":[{"name":"wp","href":"https:\/\/api.w.org\/{rel}","templated":true}]}}