{"id":38,"date":"2016-09-11T17:22:18","date_gmt":"2016-09-11T15:22:18","guid":{"rendered":"http:\/\/www.mmracing.sk\/wp\/sk\/?page_id=38"},"modified":"2018-10-23T11:51:59","modified_gmt":"2018-10-23T09:51:59","slug":"winols-reseller-database","status":"publish","type":"page","link":"https:\/\/www.mmracing.sk\/sk\/file-service\/winols-reseller-database\/","title":{"rendered":"Winols reseller database"},"content":{"rendered":"<h2>Buy Tuningfiles via EVC WinOLS Reseller Database<\/h2>\n<p>The best way for professional tuner to get Tuningfiles.<\/p>\n<p>We supply the database for our customers with Cars, Trucks and Tractor Tuningfiles<\/p>\n<p>and Limited Mappacks also Super Mappacks.<\/p>\n<p>Here is the link of our <a title=\"MMRACINGWINOLS RESELLER ACCOUNT\" href=\"http:\/\/www.evc.de\/en\/product\/ols\/reseller\/projects.asp?Hersteller=&amp;resellername=MM+RACING+Ltd&amp;projekttyp=&amp;search=\">reseller account<\/a>.<\/p>\n<p>Our Tuningfiles are developed at the dyno, before Maha LPS 3000 4&#215;4, now Maha MSR500 4&#215;4.<br \/>\nWe offer 16 years of experience in tuning.<\/p>\n<h2><a href=\"http:\/\/www.mmracing.sk\/sk\/my-account\/\">Easy way to access our reseller databank: create account, <span style=\"color: #ff0000;\">fill your EVC ID Nr<\/span> and you can start working<\/a>.<\/h2>\n<p>&nbsp;<\/p>\n<p>Payment possible with Paypal accout or Credit card.<\/p>\n<p><a href=\"https:\/\/www.evc.de\/en\/check_evc_license.asp?k=koAsasAsLTfWz67DxdGayA%3d%3d\" target=\"_blank\" rel=\"noopener\"><img decoding=\"async\" src=\"https:\/\/www.evc.de\/common\/check_evc_license_image.asp?k=koAsasAsLTfWz67DxdGayA%3d%3d\" \/><\/a><\/p>\n","protected":false},"excerpt":{"rendered":"<p>Buy Tuningfiles via EVC WinOLS Reseller Database The best way for professional tuner to get Tuningfiles. We supply the database [&hellip;]<\/p>\n","protected":false},"author":1,"featured_media":0,"parent":33,"menu_order":1,"comment_status":"closed","ping_status":"closed","template":"","meta":{"footnotes":""},"class_list":["post-38","page","type-page","status-publish","hentry"],"yoast_head":"<!-- This site is optimized with the Yoast SEO Premium plugin v23.8 (Yoast SEO v27.6) - https:\/\/yoast.com\/product\/yoast-seo-premium-wordpress\/ -->\n<title>WinOLS reseller database - MM RACING Ltd<\/title>\n<meta name=\"description\" content=\"We are WinOLS reseller. Just make account and fill your EVC ID, than you are automatically added into reseller account. You can simply working.\" \/>\n<meta name=\"robots\" content=\"index, follow, max-snippet:-1, max-image-preview:large, max-video-preview:-1\" \/>\n<link rel=\"canonical\" href=\"https:\/\/www.mmracing.sk\/sk\/file-service\/winols-reseller-database\/\" \/>\n<meta property=\"og:locale\" content=\"en_GB\" \/>\n<meta property=\"og:type\" content=\"article\" \/>\n<meta property=\"og:title\" content=\"Winols reseller database\" \/>\n<meta property=\"og:description\" content=\"We are WinOLS reseller. Just make account and fill your EVC ID, than you are automatically added into reseller account. You can simply working.\" \/>\n<meta property=\"og:url\" content=\"https:\/\/www.mmracing.sk\/sk\/file-service\/winols-reseller-database\/\" \/>\n<meta property=\"og:site_name\" content=\"MM RACING\" \/>\n<meta property=\"article:modified_time\" content=\"2018-10-23T09:51:59+00:00\" \/>\n<meta property=\"og:image\" content=\"https:\/\/www.evc.de\/common\/check_evc_license_image.asp?k=koAsasAsLTfWz67DxdGayA%3d%3d\" \/>\n<meta name=\"twitter:card\" content=\"summary_large_image\" \/>\n<script type=\"application\/ld+json\" class=\"yoast-schema-graph\">{\"@context\":\"https:\\\/\\\/schema.org\",\"@graph\":[{\"@type\":\"WebPage\",\"@id\":\"https:\\\/\\\/www.mmracing.sk\\\/sk\\\/file-service\\\/winols-reseller-database\\\/\",\"url\":\"https:\\\/\\\/www.mmracing.sk\\\/sk\\\/file-service\\\/winols-reseller-database\\\/\",\"name\":\"WinOLS reseller database - MM RACING Ltd\",\"isPartOf\":{\"@id\":\"https:\\\/\\\/www.mmracing.sk\\\/sk\\\/#website\"},\"primaryImageOfPage\":{\"@id\":\"https:\\\/\\\/www.mmracing.sk\\\/sk\\\/file-service\\\/winols-reseller-database\\\/#primaryimage\"},\"image\":{\"@id\":\"https:\\\/\\\/www.mmracing.sk\\\/sk\\\/file-service\\\/winols-reseller-database\\\/#primaryimage\"},\"thumbnailUrl\":\"https:\\\/\\\/www.evc.de\\\/common\\\/check_evc_license_image.asp?k=koAsasAsLTfWz67DxdGayA%3d%3d\",\"datePublished\":\"2016-09-11T15:22:18+00:00\",\"dateModified\":\"2018-10-23T09:51:59+00:00\",\"description\":\"We are WinOLS reseller. Just make account and fill your EVC ID, than you are automatically added into reseller account. You can simply working.\",\"breadcrumb\":{\"@id\":\"https:\\\/\\\/www.mmracing.sk\\\/sk\\\/file-service\\\/winols-reseller-database\\\/#breadcrumb\"},\"inLanguage\":\"en-GB\",\"potentialAction\":[{\"@type\":\"ReadAction\",\"target\":[\"https:\\\/\\\/www.mmracing.sk\\\/sk\\\/file-service\\\/winols-reseller-database\\\/\"]}]},{\"@type\":\"ImageObject\",\"inLanguage\":\"en-GB\",\"@id\":\"https:\\\/\\\/www.mmracing.sk\\\/sk\\\/file-service\\\/winols-reseller-database\\\/#primaryimage\",\"url\":\"https:\\\/\\\/www.evc.de\\\/common\\\/check_evc_license_image.asp?k=koAsasAsLTfWz67DxdGayA%3d%3d\",\"contentUrl\":\"https:\\\/\\\/www.evc.de\\\/common\\\/check_evc_license_image.asp?k=koAsasAsLTfWz67DxdGayA%3d%3d\"},{\"@type\":\"BreadcrumbList\",\"@id\":\"https:\\\/\\\/www.mmracing.sk\\\/sk\\\/file-service\\\/winols-reseller-database\\\/#breadcrumb\",\"itemListElement\":[{\"@type\":\"ListItem\",\"position\":1,\"name\":\"Domovsk\u00e1 str\u00e1nka\",\"item\":\"https:\\\/\\\/www.mmracing.sk\\\/sk\\\/\"},{\"@type\":\"ListItem\",\"position\":2,\"name\":\"File Service\",\"item\":\"https:\\\/\\\/www.mmracing.sk\\\/sk\\\/file-service\\\/\"},{\"@type\":\"ListItem\",\"position\":3,\"name\":\"Winols reseller database\"}]},{\"@type\":\"WebSite\",\"@id\":\"https:\\\/\\\/www.mmracing.sk\\\/sk\\\/#website\",\"url\":\"https:\\\/\\\/www.mmracing.sk\\\/sk\\\/\",\"name\":\"MM RACING\",\"description\":\"MM RACING V\u00e1m pon\u00faka profesion\u00e1lny chip tuning automobilov. Pon\u00fakame aj diagnostiku vozidiel a mno\u017estvo \u010fal\u0161\u00edch slu\u017eieb v Bratislave. Viac na mmracing.sk.\",\"potentialAction\":[{\"@type\":\"SearchAction\",\"target\":{\"@type\":\"EntryPoint\",\"urlTemplate\":\"https:\\\/\\\/www.mmracing.sk\\\/sk\\\/?s={search_term_string}\"},\"query-input\":{\"@type\":\"PropertyValueSpecification\",\"valueRequired\":true,\"valueName\":\"search_term_string\"}}],\"inLanguage\":\"en-GB\"}]}<\/script>\n<!-- \/ Yoast SEO Premium plugin. -->","yoast_head_json":{"title":"WinOLS reseller database - MM RACING Ltd","description":"We are WinOLS reseller. Just make account and fill your EVC ID, than you are automatically added into reseller account. You can simply working.","robots":{"index":"index","follow":"follow","max-snippet":"max-snippet:-1","max-image-preview":"max-image-preview:large","max-video-preview":"max-video-preview:-1"},"canonical":"https:\/\/www.mmracing.sk\/sk\/file-service\/winols-reseller-database\/","og_locale":"en_GB","og_type":"article","og_title":"Winols reseller database","og_description":"We are WinOLS reseller. Just make account and fill your EVC ID, than you are automatically added into reseller account. You can simply working.","og_url":"https:\/\/www.mmracing.sk\/sk\/file-service\/winols-reseller-database\/","og_site_name":"MM RACING","article_modified_time":"2018-10-23T09:51:59+00:00","og_image":[{"url":"https:\/\/www.evc.de\/common\/check_evc_license_image.asp?k=koAsasAsLTfWz67DxdGayA%3d%3d","type":"","width":"","height":""}],"twitter_card":"summary_large_image","schema":{"@context":"https:\/\/schema.org","@graph":[{"@type":"WebPage","@id":"https:\/\/www.mmracing.sk\/sk\/file-service\/winols-reseller-database\/","url":"https:\/\/www.mmracing.sk\/sk\/file-service\/winols-reseller-database\/","name":"WinOLS reseller database - MM RACING Ltd","isPartOf":{"@id":"https:\/\/www.mmracing.sk\/sk\/#website"},"primaryImageOfPage":{"@id":"https:\/\/www.mmracing.sk\/sk\/file-service\/winols-reseller-database\/#primaryimage"},"image":{"@id":"https:\/\/www.mmracing.sk\/sk\/file-service\/winols-reseller-database\/#primaryimage"},"thumbnailUrl":"https:\/\/www.evc.de\/common\/check_evc_license_image.asp?k=koAsasAsLTfWz67DxdGayA%3d%3d","datePublished":"2016-09-11T15:22:18+00:00","dateModified":"2018-10-23T09:51:59+00:00","description":"We are WinOLS reseller. Just make account and fill your EVC ID, than you are automatically added into reseller account. You can simply working.","breadcrumb":{"@id":"https:\/\/www.mmracing.sk\/sk\/file-service\/winols-reseller-database\/#breadcrumb"},"inLanguage":"en-GB","potentialAction":[{"@type":"ReadAction","target":["https:\/\/www.mmracing.sk\/sk\/file-service\/winols-reseller-database\/"]}]},{"@type":"ImageObject","inLanguage":"en-GB","@id":"https:\/\/www.mmracing.sk\/sk\/file-service\/winols-reseller-database\/#primaryimage","url":"https:\/\/www.evc.de\/common\/check_evc_license_image.asp?k=koAsasAsLTfWz67DxdGayA%3d%3d","contentUrl":"https:\/\/www.evc.de\/common\/check_evc_license_image.asp?k=koAsasAsLTfWz67DxdGayA%3d%3d"},{"@type":"BreadcrumbList","@id":"https:\/\/www.mmracing.sk\/sk\/file-service\/winols-reseller-database\/#breadcrumb","itemListElement":[{"@type":"ListItem","position":1,"name":"Domovsk\u00e1 str\u00e1nka","item":"https:\/\/www.mmracing.sk\/sk\/"},{"@type":"ListItem","position":2,"name":"File Service","item":"https:\/\/www.mmracing.sk\/sk\/file-service\/"},{"@type":"ListItem","position":3,"name":"Winols reseller database"}]},{"@type":"WebSite","@id":"https:\/\/www.mmracing.sk\/sk\/#website","url":"https:\/\/www.mmracing.sk\/sk\/","name":"MM RACING","description":"MM RACING V\u00e1m pon\u00faka profesion\u00e1lny chip tuning automobilov. Pon\u00fakame aj diagnostiku vozidiel a mno\u017estvo \u010fal\u0161\u00edch slu\u017eieb v Bratislave. Viac na mmracing.sk.","potentialAction":[{"@type":"SearchAction","target":{"@type":"EntryPoint","urlTemplate":"https:\/\/www.mmracing.sk\/sk\/?s={search_term_string}"},"query-input":{"@type":"PropertyValueSpecification","valueRequired":true,"valueName":"search_term_string"}}],"inLanguage":"en-GB"}]}},"_links":{"self":[{"href":"https:\/\/www.mmracing.sk\/sk\/wp-json\/wp\/v2\/pages\/38","targetHints":{"allow":["GET"]}}],"collection":[{"href":"https:\/\/www.mmracing.sk\/sk\/wp-json\/wp\/v2\/pages"}],"about":[{"href":"https:\/\/www.mmracing.sk\/sk\/wp-json\/wp\/v2\/types\/page"}],"author":[{"embeddable":true,"href":"https:\/\/www.mmracing.sk\/sk\/wp-json\/wp\/v2\/users\/1"}],"replies":[{"embeddable":true,"href":"https:\/\/www.mmracing.sk\/sk\/wp-json\/wp\/v2\/comments?post=38"}],"version-history":[{"count":10,"href":"https:\/\/www.mmracing.sk\/sk\/wp-json\/wp\/v2\/pages\/38\/revisions"}],"predecessor-version":[{"id":1234,"href":"https:\/\/www.mmracing.sk\/sk\/wp-json\/wp\/v2\/pages\/38\/revisions\/1234"}],"up":[{"embeddable":true,"href":"https:\/\/www.mmracing.sk\/sk\/wp-json\/wp\/v2\/pages\/33"}],"wp:attachment":[{"href":"https:\/\/www.mmracing.sk\/sk\/wp-json\/wp\/v2\/media?parent=38"}],"curies":[{"name":"wp","href":"https:\/\/api.w.org\/{rel}","templated":true}]}}