{"id":33,"date":"2016-09-11T17:17:36","date_gmt":"2016-09-11T15:17:36","guid":{"rendered":"http:\/\/www.mmracing.sk\/wp\/sk\/?page_id=33"},"modified":"2016-09-21T20:06:49","modified_gmt":"2016-09-21T18:06:49","slug":"file-service","status":"publish","type":"page","link":"https:\/\/www.mmracing.sk\/sk\/file-service\/","title":{"rendered":"File Service"},"content":{"rendered":"<p>We offer individual file service also Winols database. Experience since 1999.<\/p>\n","protected":false},"excerpt":{"rendered":"<p>We offer individual file service also Winols database. Experience since 1999.<\/p>\n","protected":false},"author":1,"featured_media":0,"parent":0,"menu_order":5,"comment_status":"closed","ping_status":"closed","template":"","meta":{"footnotes":""},"class_list":["post-33","page","type-page","status-publish","hentry"],"yoast_head":"<!-- This site is optimized with the Yoast SEO Premium plugin v23.8 (Yoast SEO v27.6) - https:\/\/yoast.com\/product\/yoast-seo-premium-wordpress\/ -->\n<title>File Service - MM RACING<\/title>\n<meta name=\"robots\" content=\"index, follow, max-snippet:-1, max-image-preview:large, max-video-preview:-1\" \/>\n<link rel=\"canonical\" href=\"https:\/\/www.mmracing.sk\/sk\/file-service\/\" \/>\n<meta property=\"og:locale\" content=\"en_GB\" \/>\n<meta property=\"og:type\" content=\"article\" \/>\n<meta property=\"og:title\" content=\"File Service\" \/>\n<meta property=\"og:description\" content=\"We offer individual file service also Winols database. Experience since 1999.\" \/>\n<meta property=\"og:url\" content=\"https:\/\/www.mmracing.sk\/sk\/file-service\/\" \/>\n<meta property=\"og:site_name\" content=\"MM RACING\" \/>\n<meta property=\"article:modified_time\" content=\"2016-09-21T18:06:49+00:00\" \/>\n<meta name=\"twitter:card\" content=\"summary_large_image\" \/>\n<script type=\"application\/ld+json\" class=\"yoast-schema-graph\">{\"@context\":\"https:\\\/\\\/schema.org\",\"@graph\":[{\"@type\":\"WebPage\",\"@id\":\"https:\\\/\\\/www.mmracing.sk\\\/sk\\\/file-service\\\/\",\"url\":\"https:\\\/\\\/www.mmracing.sk\\\/sk\\\/file-service\\\/\",\"name\":\"File Service - MM RACING\",\"isPartOf\":{\"@id\":\"https:\\\/\\\/www.mmracing.sk\\\/sk\\\/#website\"},\"datePublished\":\"2016-09-11T15:17:36+00:00\",\"dateModified\":\"2016-09-21T18:06:49+00:00\",\"breadcrumb\":{\"@id\":\"https:\\\/\\\/www.mmracing.sk\\\/sk\\\/file-service\\\/#breadcrumb\"},\"inLanguage\":\"en-GB\",\"potentialAction\":[{\"@type\":\"ReadAction\",\"target\":[\"https:\\\/\\\/www.mmracing.sk\\\/sk\\\/file-service\\\/\"]}]},{\"@type\":\"BreadcrumbList\",\"@id\":\"https:\\\/\\\/www.mmracing.sk\\\/sk\\\/file-service\\\/#breadcrumb\",\"itemListElement\":[{\"@type\":\"ListItem\",\"position\":1,\"name\":\"Domovsk\u00e1 str\u00e1nka\",\"item\":\"https:\\\/\\\/www.mmracing.sk\\\/sk\\\/\"},{\"@type\":\"ListItem\",\"position\":2,\"name\":\"File Service\"}]},{\"@type\":\"WebSite\",\"@id\":\"https:\\\/\\\/www.mmracing.sk\\\/sk\\\/#website\",\"url\":\"https:\\\/\\\/www.mmracing.sk\\\/sk\\\/\",\"name\":\"MM RACING\",\"description\":\"MM RACING V\u00e1m pon\u00faka profesion\u00e1lny chip tuning automobilov. Pon\u00fakame aj diagnostiku vozidiel a mno\u017estvo \u010fal\u0161\u00edch slu\u017eieb v Bratislave. Viac na mmracing.sk.\",\"potentialAction\":[{\"@type\":\"SearchAction\",\"target\":{\"@type\":\"EntryPoint\",\"urlTemplate\":\"https:\\\/\\\/www.mmracing.sk\\\/sk\\\/?s={search_term_string}\"},\"query-input\":{\"@type\":\"PropertyValueSpecification\",\"valueRequired\":true,\"valueName\":\"search_term_string\"}}],\"inLanguage\":\"en-GB\"}]}<\/script>\n<!-- \/ Yoast SEO Premium plugin. -->","yoast_head_json":{"title":"File Service - MM RACING","robots":{"index":"index","follow":"follow","max-snippet":"max-snippet:-1","max-image-preview":"max-image-preview:large","max-video-preview":"max-video-preview:-1"},"canonical":"https:\/\/www.mmracing.sk\/sk\/file-service\/","og_locale":"en_GB","og_type":"article","og_title":"File Service","og_description":"We offer individual file service also Winols database. Experience since 1999.","og_url":"https:\/\/www.mmracing.sk\/sk\/file-service\/","og_site_name":"MM RACING","article_modified_time":"2016-09-21T18:06:49+00:00","twitter_card":"summary_large_image","schema":{"@context":"https:\/\/schema.org","@graph":[{"@type":"WebPage","@id":"https:\/\/www.mmracing.sk\/sk\/file-service\/","url":"https:\/\/www.mmracing.sk\/sk\/file-service\/","name":"File Service - MM RACING","isPartOf":{"@id":"https:\/\/www.mmracing.sk\/sk\/#website"},"datePublished":"2016-09-11T15:17:36+00:00","dateModified":"2016-09-21T18:06:49+00:00","breadcrumb":{"@id":"https:\/\/www.mmracing.sk\/sk\/file-service\/#breadcrumb"},"inLanguage":"en-GB","potentialAction":[{"@type":"ReadAction","target":["https:\/\/www.mmracing.sk\/sk\/file-service\/"]}]},{"@type":"BreadcrumbList","@id":"https:\/\/www.mmracing.sk\/sk\/file-service\/#breadcrumb","itemListElement":[{"@type":"ListItem","position":1,"name":"Domovsk\u00e1 str\u00e1nka","item":"https:\/\/www.mmracing.sk\/sk\/"},{"@type":"ListItem","position":2,"name":"File Service"}]},{"@type":"WebSite","@id":"https:\/\/www.mmracing.sk\/sk\/#website","url":"https:\/\/www.mmracing.sk\/sk\/","name":"MM RACING","description":"MM RACING V\u00e1m pon\u00faka profesion\u00e1lny chip tuning automobilov. Pon\u00fakame aj diagnostiku vozidiel a mno\u017estvo \u010fal\u0161\u00edch slu\u017eieb v Bratislave. Viac na mmracing.sk.","potentialAction":[{"@type":"SearchAction","target":{"@type":"EntryPoint","urlTemplate":"https:\/\/www.mmracing.sk\/sk\/?s={search_term_string}"},"query-input":{"@type":"PropertyValueSpecification","valueRequired":true,"valueName":"search_term_string"}}],"inLanguage":"en-GB"}]}},"_links":{"self":[{"href":"https:\/\/www.mmracing.sk\/sk\/wp-json\/wp\/v2\/pages\/33","targetHints":{"allow":["GET"]}}],"collection":[{"href":"https:\/\/www.mmracing.sk\/sk\/wp-json\/wp\/v2\/pages"}],"about":[{"href":"https:\/\/www.mmracing.sk\/sk\/wp-json\/wp\/v2\/types\/page"}],"author":[{"embeddable":true,"href":"https:\/\/www.mmracing.sk\/sk\/wp-json\/wp\/v2\/users\/1"}],"replies":[{"embeddable":true,"href":"https:\/\/www.mmracing.sk\/sk\/wp-json\/wp\/v2\/comments?post=33"}],"version-history":[{"count":1,"href":"https:\/\/www.mmracing.sk\/sk\/wp-json\/wp\/v2\/pages\/33\/revisions"}],"predecessor-version":[{"id":35,"href":"https:\/\/www.mmracing.sk\/sk\/wp-json\/wp\/v2\/pages\/33\/revisions\/35"}],"wp:attachment":[{"href":"https:\/\/www.mmracing.sk\/sk\/wp-json\/wp\/v2\/media?parent=33"}],"curies":[{"name":"wp","href":"https:\/\/api.w.org\/{rel}","templated":true}]}}