{"id":238,"date":"2016-09-19T16:28:48","date_gmt":"2016-09-19T14:28:48","guid":{"rendered":"http:\/\/www.mmracing.sk\/wp\/sk\/?page_id=238"},"modified":"2016-09-21T20:06:48","modified_gmt":"2016-09-21T18:06:48","slug":"audi","status":"publish","type":"page","link":"https:\/\/www.mmracing.sk\/sk\/chip-tuning\/vysledky-uprav-vykonove-grafy\/audi\/","title":{"rendered":"AUDI"},"content":{"rendered":"<p><a href=\"http:\/\/www.mmracing.sk\/wp\/wp-content\/uploads\/vag-12tsi-63kw.pdf\" target=\"_blank target=\"_blank\">AUDI 1.2TSI 85k &#8211; 90k\/160Nm ST3 &#8211; po \u00faprave 130k \/ 215Nm<\/a><br \/>\n<a href=\"http:\/\/www.mmracing.sk\/wp\/wp-content\/uploads\/12tsi77mmracing.pdf\" target=\"_blank target=\"_blank\">AUDI 1.2TSI 105k\/175Nm ST1 &#8211; po \u00faprave 120k \/ 200Nm<\/a><br \/>\n<a href=\"http:\/\/www.mmracing.sk\/wp\/wp-content\/uploads\/vag-18tsi-my2010.pdf target=\"_blank\">Audi 1.8TSI MY2010 160k\/250Nm &#8211; po \u00faprave 205k\/280Nm<\/a><br \/>\n<a href=\"http:\/\/www.mmracing.sk\/wp\/wp-content\/uploads\/audi-a3-18tfsi-2015-mmracing.pdf\" target=\"_blank target=\"_blank\">Audi 1.8TSI MY2015 180k\/250Nm &#8211; po \u00faprave 235k\/310Nm<\/a><br \/>\n<a href=\"http:\/\/www.mmracing.sk\/wp\/wp-content\/uploads\/vag-19tdi-105k-my2010.pdf target=\"_blank\">Audi 1.9TDI MY2010 105k\/250Nm &#8211; po \u00faprave 150k\/290Nm<\/a><br \/>\n<a href=\"http:\/\/www.mmracing.sk\/wp\/wp-content\/uploads\/vag-30tdi-my2010.pdf target=\"_blank\">Audi 3.0TDI MY2010 240k\/550Nm &#8211; po \u00faprave 300k\/630Nm<\/a><br \/>\n<a href=\"http:\/\/www.mmracing.sk\/wp\/wp-content\/uploads\/a3_18t.pdf target=\"_blank\">Audi A3 1.8T 150k\/240Nm &#8211; po \u00faprave 178k\/272Nm<\/a><br \/>\n<a href=\"http:\/\/www.mmracing.sk\/wp\/wp-content\/uploads\/vag-20tdi-81kw-2011-mmracing.pdf\" target=\"_blank target=\"_blank\">AUDI 2.0TDI 81kW\/300Nm MY2012\/2013 &#8211; po \u00faprave 170k \/ 380Nm<\/a><br \/>\n<a href=\"http:\/\/www.mmracing.sk\/wp\/wp-content\/uploads\/vag-20tdi-81kw-my2012_2013.pdf\" target=\"_blank target=\"_blank\">AUDI 2.0TDI 85kW\/300Nm MY2012\/2013 &#8211; po \u00faprave 170k \/ 380Nm<\/a><br \/>\n<a href=\"http:\/\/www.mmracing.sk\/wp\/wp-content\/uploads\/vag-20tdi-103kw-my2013_2013.pdf\" target=\"_blank target=\"_blank\">AUDI 2.0TDI 103kW\/320Nm MY2012\/2013 &#8211; po \u00faprave 170k \/ 380Nm<\/a><br \/>\n<a href=\"http:\/\/www.mmracing.sk\/wp\/wp-content\/uploads\/skoda-octavia-20tdi-4x4-dsg-2014-mmracing.pdf\" target=\"_blank target=\"_blank\">AUDI 2.0TDI 135kW\/380Nm MY2015 4&#215;4 DSG &#8211; po \u00faprave 205k \/ 415Nm<\/a><br \/>\n<a href=\"http:\/\/www.mmracing.sk\/wp\/wp-content\/uploads\/vag-20tdi-135kw-2014-mmracing.pdf\" target=\"_blank target=\"_blank\">AUDI 2.0TDI 135kW\/380Nm MY2014 &#8211; po \u00faprave 230k \/ 440Nm<\/a><br \/>\n<a href=\"http:\/\/www.mmracing.sk\/wp\/wp-content\/uploads\/a3-20tdi.pdf target=\"_blank\">Audi A3 2.0TDI 140k\/320Nm &#8211; po \u00faprave 186k\/423Nm<\/a><br \/>\n<a href=\"http:\/\/www.mmracing.sk\/wp\/wp-content\/uploads\/vag-20tfsi-200hp-mmracing.pdf\" target=\"_blank target=\"_blank\">Audi 2.0TFSI 200k &#8211; po \u00faprave 255k\/370Nm<\/a><br \/>\n<a href=\"http:\/\/www.mmracing.sk\/wp\/wp-content\/uploads\/s3_20tfsi.pdf target=\"_blank\">Audi S3 2.0TFSI 265k\/350Nm &#8211; po \u00faprave 324k\/447Nm<\/a><br \/>\n<a href=\"http:\/\/www.mmracing.sk\/wp\/wp-content\/uploads\/audi-a4-20tdi-143k.pdf target=\"_blank\">Audi A4 2.0tdi CR 143k\/320Nm &#8211; po \u00faprave 175k\/380Nm<\/a><br \/>\n<a href=\"http:\/\/www.mmracing.sk\/wp\/wp-content\/uploads\/audi-a4-2008-20tdi-cr-170k.pdf target=\"_blank\">Audi A4 2.0tdi CR 170k\/380Nm &#8211; po \u00faprave 210k\/430Nm<\/a><br \/>\n<a href=\"http:\/\/www.mmracing.sk\/wp\/wp-content\/uploads\/a4_25tdi.pdf target=\"_blank\">Audi A4 2.5tdi 180k\/380Nm &#8211; po \u00faprave 214k\/459Nm<\/a><br \/>\n<a href=\"http:\/\/www.mmracing.sk\/wp\/wp-content\/uploads\/audi-a4-30tdi-2009.pdf target=\"_blank\">Audi A4 3.0tdi 240k\/500Nm &#8211; po \u00faprave 300k\/570Nm<\/a><br \/>\n<a href=\"http:\/\/www.mmracing.sk\/wp\/wp-content\/uploads\/audi-a4-30tdi-2009.pdf target=\"_blank\">Audi A5 2.7tdi &#8211; po \u00faprave 230k\/40Nm<\/a><br \/>\n<a href=\"http:\/\/www.mmracing.sk\/wp\/wp-content\/uploads\/audi-s4-27t.pdf target=\"_blank\">Audi S4 2.7t 265k\/400Nm &#8211; po \u00faprave 310k\/490Nm<\/a><br \/>\n<a href=\"http:\/\/www.mmracing.sk\/wp\/wp-content\/uploads\/audi-s4-27t.pdf target=\"_blank\">Audi S4 2.7t 250k\/350Nm &#8211; po \u00faprave 330k\/470Nm<\/a><br \/>\n<a href=\"http:\/\/www.mmracing.sk\/wp\/wp-content\/uploads\/audi-rs4-27biturbo.pdf\" target=\"_blank target=\"_blank\">Audi RS4 2.7BT &#8211; po \u00faprave 460k\/530Nm<\/a><br \/>\n<a href=\"http:\/\/www.mmracing.sk\/wp\/wp-content\/uploads\/audi_a6_27bt.pdf target=\"_blank\">Audi A6 2.7BT 250k &#8211; po \u00faprave 300k\/430Nm<\/a><br \/>\n<a href=\"http:\/\/www.mmracing.sk\/wp\/wp-content\/uploads\/audi-a6-27tdi.pdf target=\"_blank\">Audi A6 2.7tdi 173k\/375Nm &#8211; po \u00faprave 222k\/440Nm<\/a><br \/>\n<a href=\"http:\/\/www.mmracing.sk\/wp\/wp-content\/uploads\/a6_30tdi.pdf target=\"_blank\">Audi A6 3.0tdi 225k\/450Nm &#8211; po \u00faprave 284k\/531Nm<\/a><br \/>\n<a href=\"http:\/\/www.mmracing.sk\/wp\/wp-content\/uploads\/a6-3_0TDI-232k.pdf target=\"_blank\">Audi A6 3.0tdi 232k\/500Nm &#8211; po \u00faprave 294k\/570Nm<\/a><br \/>\n<a href=\"http:\/\/www.mmracing.sk\/wp\/wp-content\/uploads\/a6_25.pdf target=\"_blank\">Audi A6 2.5tdi 150k\/310Nm &#8211; po \u00faprave 172k\/361Nm<\/a><br \/>\n<a href=\"http:\/\/www.mmracing.sk\/wp\/wp-content\/uploads\/a6_28.pdf target=\"_blank\">Audi A6 2.8i 152K\/205Nm &#8211; po \u00faprave 166k\/227Nm<\/a><br \/>\n<a href=\"http:\/\/www.mmracing.sk\/wp\/wp-content\/uploads\/a6-4_2i.pdf target=\"_blank\">Audi A6 4.2i 278K\/380Nm &#8211; po \u00faprave 290k\/400Nm<\/a><br \/>\n<a href=\"http:\/\/www.mmracing.sk\/wp\/wp-content\/uploads\/allroad2700t.pdf target=\"_blank\">Audi Allroad 2.7T230k\/310Nm &#8211; po \u00faprave 308k\/441Nm<\/a><br \/>\n<a href=\"http:\/\/www.mmracing.sk\/wp\/wp-content\/uploads\/audi-rs6-4,2t-speed-limit-off.pdf target=\"_blank\">Audi RS6 limit 250km\/h &#8211; po \u00faprave bez obmedzenia<\/a><br \/>\n<a href=\"http:\/\/www.mmracing.sk\/wp\/wp-content\/uploads\/audi-rs6-v10.pdf\" target=\"_blank target=\"_blank\">Audi RS6 V10 &#8211; po \u00faprave 675k\/850Nm <\/a><br \/>\n<a href=\"http:\/\/www.mmracing.sk\/wp\/wp-content\/uploads\/a8_40.pdf target=\"_blank\">Audi A8 4.0TDI 260k\/620Nm &#8211; po \u00faprave 307k\/730Nm<\/a><br \/>\n<a href=\"http:\/\/www.mmracing.sk\/wp\/wp-content\/uploads\/audi-s8-52fsi.pdf target=\"_blank\">Audi S8 5.2FSI 405k\/520Nm &#8211; po \u00faprave 425k\/555Nm<\/a><br \/>\n<a href=\"http:\/\/www.mmracing.sk\/wp\/wp-content\/uploads\/q7_30tdi.pdf target=\"_blank\">Audi Q7 3.0TDI 233k\/500Nm &#8211; po \u00faprave 280k\/587Nm<\/a><br \/>\n<a href=\"http:\/\/www.mmracing.sk\/wp\/wp-content\/uploads\/audi-q7-30tdi-240k.pdf target=\"_blank\">Audi Q7 3.0TDI 240k\/550Nm &#8211; po \u00faprave 300k\/630Nm<\/a><br \/>\n<a href=\"http:\/\/www.mmracing.sk\/wp\/wp-content\/uploads\/audi-q7-speed-limx.pdf target=\"_blank\">Audi Q7 4.2FSI limit 200km\/h &#8211; po \u00faprave bez obmedzenia<\/a><br \/>\n<a href=\"http:\/\/www.mmracing.sk\/wp\/wp-content\/uploads\/audi-q7-42fsi%281%29.pdf target=\"_blank\">Audi Q7 4.2FSI 300k\/403Nm &#8211; po \u00faprave 322k\/420Nm<\/a><br \/>\n<a href=\"http:\/\/www.mmracing.sk\/wp\/wp-content\/uploads\/audi-q7-42tdi.pdf target=\"_blank\">Audi Q7 4.2TDI 326k\/760Nm &#8211; po \u00faprave 390k\/910Nm<\/a><\/p>\n","protected":false},"excerpt":{"rendered":"<p>AUDI 1.2TSI 105k\/175Nm ST1 &#8211; po \u00faprave 120k \/ 200Nm Audi 1.8TSI MY2015 180k\/250Nm &#8211; po \u00faprave 235k\/310Nm Audi 3.0TDI [&hellip;]<\/p>\n","protected":false},"author":1,"featured_media":239,"parent":185,"menu_order":1,"comment_status":"closed","ping_status":"closed","template":"","meta":{"footnotes":""},"class_list":["post-238","page","type-page","status-publish","has-post-thumbnail","hentry"],"yoast_head":"<!-- This site is optimized with the Yoast SEO Premium plugin v23.8 (Yoast SEO v27.6) - https:\/\/yoast.com\/product\/yoast-seo-premium-wordpress\/ -->\n<title>AUDI - MM RACING<\/title>\n<meta name=\"robots\" content=\"index, follow, max-snippet:-1, max-image-preview:large, max-video-preview:-1\" \/>\n<link rel=\"canonical\" href=\"https:\/\/www.mmracing.sk\/sk\/chip-tuning\/vysledky-uprav-vykonove-grafy\/audi\/\" \/>\n<meta property=\"og:locale\" content=\"en_GB\" \/>\n<meta property=\"og:type\" content=\"article\" \/>\n<meta property=\"og:title\" content=\"AUDI\" \/>\n<meta property=\"og:description\" content=\"AUDI 1.2TSI 105k\/175Nm ST1 &#8211; po \u00faprave 120k \/ 200Nm Audi 1.8TSI MY2015 180k\/250Nm &#8211; po \u00faprave 235k\/310Nm Audi 3.0TDI [&hellip;]\" \/>\n<meta property=\"og:url\" content=\"https:\/\/www.mmracing.sk\/sk\/chip-tuning\/vysledky-uprav-vykonove-grafy\/audi\/\" \/>\n<meta property=\"og:site_name\" content=\"MM RACING\" \/>\n<meta property=\"article:modified_time\" content=\"2016-09-21T18:06:48+00:00\" \/>\n<meta property=\"og:image\" content=\"https:\/\/www.mmracing.sk\/wp\/wp-content\/uploads\/audi.jpg\" \/>\n\t<meta property=\"og:image:width\" content=\"448\" \/>\n\t<meta property=\"og:image:height\" content=\"245\" \/>\n\t<meta property=\"og:image:type\" content=\"image\/jpeg\" \/>\n<meta name=\"twitter:card\" content=\"summary_large_image\" \/>\n<meta name=\"twitter:label1\" content=\"Estimated reading time\" \/>\n\t<meta name=\"twitter:data1\" content=\"1 minute\" \/>\n<script type=\"application\/ld+json\" class=\"yoast-schema-graph\">{\"@context\":\"https:\\\/\\\/schema.org\",\"@graph\":[{\"@type\":\"WebPage\",\"@id\":\"https:\\\/\\\/www.mmracing.sk\\\/sk\\\/chip-tuning\\\/vysledky-uprav-vykonove-grafy\\\/audi\\\/\",\"url\":\"https:\\\/\\\/www.mmracing.sk\\\/sk\\\/chip-tuning\\\/vysledky-uprav-vykonove-grafy\\\/audi\\\/\",\"name\":\"AUDI - MM RACING\",\"isPartOf\":{\"@id\":\"https:\\\/\\\/www.mmracing.sk\\\/sk\\\/#website\"},\"primaryImageOfPage\":{\"@id\":\"https:\\\/\\\/www.mmracing.sk\\\/sk\\\/chip-tuning\\\/vysledky-uprav-vykonove-grafy\\\/audi\\\/#primaryimage\"},\"image\":{\"@id\":\"https:\\\/\\\/www.mmracing.sk\\\/sk\\\/chip-tuning\\\/vysledky-uprav-vykonove-grafy\\\/audi\\\/#primaryimage\"},\"thumbnailUrl\":\"https:\\\/\\\/www.mmracing.sk\\\/wp\\\/wp-content\\\/uploads\\\/audi.jpg\",\"datePublished\":\"2016-09-19T14:28:48+00:00\",\"dateModified\":\"2016-09-21T18:06:48+00:00\",\"breadcrumb\":{\"@id\":\"https:\\\/\\\/www.mmracing.sk\\\/sk\\\/chip-tuning\\\/vysledky-uprav-vykonove-grafy\\\/audi\\\/#breadcrumb\"},\"inLanguage\":\"en-GB\",\"potentialAction\":[{\"@type\":\"ReadAction\",\"target\":[\"https:\\\/\\\/www.mmracing.sk\\\/sk\\\/chip-tuning\\\/vysledky-uprav-vykonove-grafy\\\/audi\\\/\"]}]},{\"@type\":\"ImageObject\",\"inLanguage\":\"en-GB\",\"@id\":\"https:\\\/\\\/www.mmracing.sk\\\/sk\\\/chip-tuning\\\/vysledky-uprav-vykonove-grafy\\\/audi\\\/#primaryimage\",\"url\":\"https:\\\/\\\/www.mmracing.sk\\\/wp\\\/wp-content\\\/uploads\\\/audi.jpg\",\"contentUrl\":\"https:\\\/\\\/www.mmracing.sk\\\/wp\\\/wp-content\\\/uploads\\\/audi.jpg\",\"width\":448,\"height\":245},{\"@type\":\"BreadcrumbList\",\"@id\":\"https:\\\/\\\/www.mmracing.sk\\\/sk\\\/chip-tuning\\\/vysledky-uprav-vykonove-grafy\\\/audi\\\/#breadcrumb\",\"itemListElement\":[{\"@type\":\"ListItem\",\"position\":1,\"name\":\"Domovsk\u00e1 str\u00e1nka\",\"item\":\"https:\\\/\\\/www.mmracing.sk\\\/sk\\\/\"},{\"@type\":\"ListItem\",\"position\":2,\"name\":\"Chip tuning\",\"item\":\"https:\\\/\\\/www.mmracing.sk\\\/sk\\\/chip-tuning\\\/\"},{\"@type\":\"ListItem\",\"position\":3,\"name\":\"V\u00fdsledky \u00faprav (v\u00fdkonov\u00e9 grafy)\",\"item\":\"https:\\\/\\\/www.mmracing.sk\\\/sk\\\/chip-tuning\\\/vysledky-uprav-vykonove-grafy\\\/\"},{\"@type\":\"ListItem\",\"position\":4,\"name\":\"AUDI\"}]},{\"@type\":\"WebSite\",\"@id\":\"https:\\\/\\\/www.mmracing.sk\\\/sk\\\/#website\",\"url\":\"https:\\\/\\\/www.mmracing.sk\\\/sk\\\/\",\"name\":\"MM RACING\",\"description\":\"MM RACING V\u00e1m pon\u00faka profesion\u00e1lny chip tuning automobilov. Pon\u00fakame aj diagnostiku vozidiel a mno\u017estvo \u010fal\u0161\u00edch slu\u017eieb v Bratislave. Viac na mmracing.sk.\",\"potentialAction\":[{\"@type\":\"SearchAction\",\"target\":{\"@type\":\"EntryPoint\",\"urlTemplate\":\"https:\\\/\\\/www.mmracing.sk\\\/sk\\\/?s={search_term_string}\"},\"query-input\":{\"@type\":\"PropertyValueSpecification\",\"valueRequired\":true,\"valueName\":\"search_term_string\"}}],\"inLanguage\":\"en-GB\"}]}<\/script>\n<!-- \/ Yoast SEO Premium plugin. -->","yoast_head_json":{"title":"AUDI - MM RACING","robots":{"index":"index","follow":"follow","max-snippet":"max-snippet:-1","max-image-preview":"max-image-preview:large","max-video-preview":"max-video-preview:-1"},"canonical":"https:\/\/www.mmracing.sk\/sk\/chip-tuning\/vysledky-uprav-vykonove-grafy\/audi\/","og_locale":"en_GB","og_type":"article","og_title":"AUDI","og_description":"AUDI 1.2TSI 105k\/175Nm ST1 &#8211; po \u00faprave 120k \/ 200Nm Audi 1.8TSI MY2015 180k\/250Nm &#8211; po \u00faprave 235k\/310Nm Audi 3.0TDI [&hellip;]","og_url":"https:\/\/www.mmracing.sk\/sk\/chip-tuning\/vysledky-uprav-vykonove-grafy\/audi\/","og_site_name":"MM RACING","article_modified_time":"2016-09-21T18:06:48+00:00","og_image":[{"width":448,"height":245,"url":"https:\/\/www.mmracing.sk\/wp\/wp-content\/uploads\/audi.jpg","type":"image\/jpeg"}],"twitter_card":"summary_large_image","twitter_misc":{"Estimated reading time":"1 minute"},"schema":{"@context":"https:\/\/schema.org","@graph":[{"@type":"WebPage","@id":"https:\/\/www.mmracing.sk\/sk\/chip-tuning\/vysledky-uprav-vykonove-grafy\/audi\/","url":"https:\/\/www.mmracing.sk\/sk\/chip-tuning\/vysledky-uprav-vykonove-grafy\/audi\/","name":"AUDI - MM RACING","isPartOf":{"@id":"https:\/\/www.mmracing.sk\/sk\/#website"},"primaryImageOfPage":{"@id":"https:\/\/www.mmracing.sk\/sk\/chip-tuning\/vysledky-uprav-vykonove-grafy\/audi\/#primaryimage"},"image":{"@id":"https:\/\/www.mmracing.sk\/sk\/chip-tuning\/vysledky-uprav-vykonove-grafy\/audi\/#primaryimage"},"thumbnailUrl":"https:\/\/www.mmracing.sk\/wp\/wp-content\/uploads\/audi.jpg","datePublished":"2016-09-19T14:28:48+00:00","dateModified":"2016-09-21T18:06:48+00:00","breadcrumb":{"@id":"https:\/\/www.mmracing.sk\/sk\/chip-tuning\/vysledky-uprav-vykonove-grafy\/audi\/#breadcrumb"},"inLanguage":"en-GB","potentialAction":[{"@type":"ReadAction","target":["https:\/\/www.mmracing.sk\/sk\/chip-tuning\/vysledky-uprav-vykonove-grafy\/audi\/"]}]},{"@type":"ImageObject","inLanguage":"en-GB","@id":"https:\/\/www.mmracing.sk\/sk\/chip-tuning\/vysledky-uprav-vykonove-grafy\/audi\/#primaryimage","url":"https:\/\/www.mmracing.sk\/wp\/wp-content\/uploads\/audi.jpg","contentUrl":"https:\/\/www.mmracing.sk\/wp\/wp-content\/uploads\/audi.jpg","width":448,"height":245},{"@type":"BreadcrumbList","@id":"https:\/\/www.mmracing.sk\/sk\/chip-tuning\/vysledky-uprav-vykonove-grafy\/audi\/#breadcrumb","itemListElement":[{"@type":"ListItem","position":1,"name":"Domovsk\u00e1 str\u00e1nka","item":"https:\/\/www.mmracing.sk\/sk\/"},{"@type":"ListItem","position":2,"name":"Chip tuning","item":"https:\/\/www.mmracing.sk\/sk\/chip-tuning\/"},{"@type":"ListItem","position":3,"name":"V\u00fdsledky \u00faprav (v\u00fdkonov\u00e9 grafy)","item":"https:\/\/www.mmracing.sk\/sk\/chip-tuning\/vysledky-uprav-vykonove-grafy\/"},{"@type":"ListItem","position":4,"name":"AUDI"}]},{"@type":"WebSite","@id":"https:\/\/www.mmracing.sk\/sk\/#website","url":"https:\/\/www.mmracing.sk\/sk\/","name":"MM RACING","description":"MM RACING V\u00e1m pon\u00faka profesion\u00e1lny chip tuning automobilov. Pon\u00fakame aj diagnostiku vozidiel a mno\u017estvo \u010fal\u0161\u00edch slu\u017eieb v Bratislave. Viac na mmracing.sk.","potentialAction":[{"@type":"SearchAction","target":{"@type":"EntryPoint","urlTemplate":"https:\/\/www.mmracing.sk\/sk\/?s={search_term_string}"},"query-input":{"@type":"PropertyValueSpecification","valueRequired":true,"valueName":"search_term_string"}}],"inLanguage":"en-GB"}]}},"_links":{"self":[{"href":"https:\/\/www.mmracing.sk\/sk\/wp-json\/wp\/v2\/pages\/238","targetHints":{"allow":["GET"]}}],"collection":[{"href":"https:\/\/www.mmracing.sk\/sk\/wp-json\/wp\/v2\/pages"}],"about":[{"href":"https:\/\/www.mmracing.sk\/sk\/wp-json\/wp\/v2\/types\/page"}],"author":[{"embeddable":true,"href":"https:\/\/www.mmracing.sk\/sk\/wp-json\/wp\/v2\/users\/1"}],"replies":[{"embeddable":true,"href":"https:\/\/www.mmracing.sk\/sk\/wp-json\/wp\/v2\/comments?post=238"}],"version-history":[{"count":5,"href":"https:\/\/www.mmracing.sk\/sk\/wp-json\/wp\/v2\/pages\/238\/revisions"}],"predecessor-version":[{"id":284,"href":"https:\/\/www.mmracing.sk\/sk\/wp-json\/wp\/v2\/pages\/238\/revisions\/284"}],"up":[{"embeddable":true,"href":"https:\/\/www.mmracing.sk\/sk\/wp-json\/wp\/v2\/pages\/185"}],"wp:featuredmedia":[{"embeddable":true,"href":"https:\/\/www.mmracing.sk\/sk\/wp-json\/wp\/v2\/media\/239"}],"wp:attachment":[{"href":"https:\/\/www.mmracing.sk\/sk\/wp-json\/wp\/v2\/media?parent=238"}],"curies":[{"name":"wp","href":"https:\/\/api.w.org\/{rel}","templated":true}]}}