{"id":201,"date":"2016-09-12T19:28:38","date_gmt":"2016-09-12T17:28:38","guid":{"rendered":"http:\/\/www.mmracing.sk\/wp\/sk\/?page_id=201"},"modified":"2017-10-25T22:07:45","modified_gmt":"2017-10-25T20:07:45","slug":"rozsirena-zaruka-chiptuning","status":"publish","type":"page","link":"https:\/\/www.mmracing.sk\/sk\/chip-tuning\/rozsirena-zaruka-chiptuning\/","title":{"rendered":"Roz\u0161\u00edren\u00e1 z\u00e1ruka na chiptuning"},"content":{"rendered":"<p>V roku 2010 sme sa \u010dastej\u0161ie stret\u00e1vali s problematikou aktualiz\u00e1cie riadiacich syst\u00e9mov vozidla v zna\u010dkovom servise za \u00fa\u010delom elimin\u00e1cie ne\u017eiad\u00facich javov syst\u00e9mov, ako s\u00fa napr\u00edklad zam\u0155zanie, chybne naprogramovan\u00e9 funkcie, a podobne. Tieto s\u00fa v ostatnom \u010dase sp\u00f4soben\u00e9 hektick\u00fdm v\u00fdvojom a \u010doraz v\u00e4\u010d\u0161ou zlo\u017eitos\u0165ou syst\u00e9mu a ve\u013eakr\u00e1t si chybu majite\u013e vozidla ani nem\u00f4\u017ee v\u0161imn\u00fa\u0165.<\/p>\n<p>Ako pr\u00edklad by sme mohli uvies\u0165 syst\u00e9my niektor\u00fdch modelov BMW, kde zlyh\u00e1vala &#8220;v\u0161eobecn\u00e1&#8221; komunik\u00e1cia rozli\u010dn\u00fdch koncov\u00fdch zariaden\u00ed, ktor\u00e1 niekedy prer\u00e1stla do \u00fapln\u00e9ho kolapsu elektroniky vozidla. Alebo najnov\u0161\u00ed model motora 3.0 TDI koncernu VAG, kde aktualiz\u00e1cia rie\u0161ila pred\u013a\u017eenie \u010dasu chodu elektrick\u00e9ho vodn\u00e9ho \u010derpadla po vypnut\u00ed motora, ktor\u00e9 pln\u00ed \u00fa\u010del dodato\u010dn\u00e9ho chladenia motora.<\/p>\n<p>Nieje pravidlom \u017ee pri ka\u017edej aktualiz\u00e1cii sa prep\u00ed\u0161u v\u0161etky syst\u00e9my vozidla, ale \u010dasto kr\u00e1t sa stalo \u017ee nami vykonan\u00e1 \u00faprava bola n\u00e1sledne aktualiz\u00e1ciou prep\u00edsan\u00e1 na p\u00f4vodn\u00e9 &#8211; s\u00e9riov\u00e9 kalibra\u010dn\u00e9 d\u00e1ta, \u010do malo za n\u00e1sledok zn\u00ed\u017eenie v\u00fdkonu. Pod\u013ea platn\u00e9ho cenn\u00edka, ak z\u00e1kazn\u00edk chcel ma\u0165 aj na\u010falej zv\u00fd\u0161en\u00fd v\u00fdkon, musel zaplati\u0165 poplatok 200,00 \u20ac za znovu upravenie riadiacej jednotky motora. A to aj v pr\u00edpade \u017ee to bolo dva kr\u00e1t.<\/p>\n<p>Preto sme sa rozhodli prinies\u0165 nov\u00fd produkt, ktor\u00fdm V\u00e1m v bud\u00facnosti u\u0161etr\u00ed napr\u00edklad \u010das pri rozhodovan\u00ed, \u010di vyu\u017ei\u0165 slu\u017ebu zna\u010dkov\u00e9ho servisu a necha\u0165 vozidlo aktualizova\u0165. Ale z\u00e1rove\u0148 u\u0161etr\u00ed peniaze, ked\u017ee pri nov\u0161\u00edch modeloch \u00e1ut \u010dasto kr\u00e1t aktualiz\u00e1ciu vykon\u00e1vaj\u00fa pri be\u017enom servise bez vedomia z\u00e1kazn\u00edka, t\u00fdm p\u00e1dom sa do tejto situ\u00e1cie z\u00e1kazn\u00edk m\u00f4\u017ee dosta\u0165 nevedomky viac kr\u00e1t po\u010das u\u017e\u00edvania vozidla.<\/p>\n<p>Pon\u00fakame V\u00e1m v r\u00e1mci \u00fapravy, za pr\u00edplatok 200,00 \u20ac k cene \u00fapravy, tvz. roz\u0161\u00edrenie z\u00e1ruky. Slu\u017eba spo\u010d\u00edva v tom, \u017ee v bud\u00facnosti V\u00e1s u\u017e ne\u010dakaj\u00fa \u010fal\u0161ie n\u00e1klady spojen\u00e9 s \u00fapravou V\u00e1\u0161ho vozidla, aj ke\u010f bude aktualizovan\u00e9. V pr\u00edpade \u017ee V\u00e1m auto aktualizuj\u00fa, jednoducho sa u n\u00e1s objedn\u00e1te, a vozidlo V\u00e1m znova uprav\u00edme bezplatne. Slu\u017eba nieje obmedzen\u00e1 po\u010dtom programovan\u00ed vozidla.<\/p>\n","protected":false},"excerpt":{"rendered":"<p>V roku 2010 sme sa \u010dastej\u0161ie stret\u00e1vali s problematikou aktualiz\u00e1cie riadiacich syst\u00e9mov vozidla v zna\u010dkovom servise za \u00fa\u010delom elimin\u00e1cie ne\u017eiad\u00facich [&hellip;]<\/p>\n","protected":false},"author":1,"featured_media":0,"parent":187,"menu_order":7,"comment_status":"closed","ping_status":"closed","template":"","meta":{"footnotes":""},"class_list":["post-201","page","type-page","status-publish","hentry"],"yoast_head":"<!-- This site is optimized with the Yoast SEO Premium plugin v23.8 (Yoast SEO v27.5) - https:\/\/yoast.com\/product\/yoast-seo-premium-wordpress\/ -->\n<title>Roz\u0161\u00edren\u00e1 z\u00e1ruka na chiptuning - MM RACING s.r.o.<\/title>\n<meta name=\"description\" content=\"Nad\u0161tandardn\u00e1 z\u00e1ruka \u00fapravy. MM RACING pon\u00faka v\u00e4\u010d\u0161\u00ed komfort pre svojich z\u00e1kazn\u00edkov a \u0161etr\u00ed im pr\u00edpadn\u00e9 mimoriadne v\u00fddaje.\" \/>\n<meta name=\"robots\" content=\"index, follow, max-snippet:-1, max-image-preview:large, max-video-preview:-1\" \/>\n<link rel=\"canonical\" href=\"https:\/\/www.mmracing.sk\/sk\/chip-tuning\/rozsirena-zaruka-chiptuning\/\" \/>\n<meta property=\"og:locale\" content=\"en_GB\" \/>\n<meta property=\"og:type\" content=\"article\" \/>\n<meta property=\"og:title\" content=\"Roz\u0161\u00edren\u00e1 z\u00e1ruka na chiptuning\" \/>\n<meta property=\"og:description\" content=\"Nad\u0161tandardn\u00e1 z\u00e1ruka \u00fapravy. MM RACING pon\u00faka v\u00e4\u010d\u0161\u00ed komfort pre svojich z\u00e1kazn\u00edkov a \u0161etr\u00ed im pr\u00edpadn\u00e9 mimoriadne v\u00fddaje.\" \/>\n<meta property=\"og:url\" content=\"https:\/\/www.mmracing.sk\/sk\/chip-tuning\/rozsirena-zaruka-chiptuning\/\" \/>\n<meta property=\"og:site_name\" content=\"MM RACING\" \/>\n<meta property=\"article:modified_time\" content=\"2017-10-25T20:07:45+00:00\" \/>\n<meta name=\"twitter:card\" content=\"summary_large_image\" \/>\n<meta name=\"twitter:label1\" content=\"Estimated reading time\" \/>\n\t<meta name=\"twitter:data1\" content=\"2 minutes\" \/>\n<script type=\"application\/ld+json\" class=\"yoast-schema-graph\">{\"@context\":\"https:\\\/\\\/schema.org\",\"@graph\":[{\"@type\":\"WebPage\",\"@id\":\"https:\\\/\\\/www.mmracing.sk\\\/sk\\\/chip-tuning\\\/rozsirena-zaruka-chiptuning\\\/\",\"url\":\"https:\\\/\\\/www.mmracing.sk\\\/sk\\\/chip-tuning\\\/rozsirena-zaruka-chiptuning\\\/\",\"name\":\"Roz\u0161\u00edren\u00e1 z\u00e1ruka na chiptuning - MM RACING s.r.o.\",\"isPartOf\":{\"@id\":\"https:\\\/\\\/www.mmracing.sk\\\/sk\\\/#website\"},\"datePublished\":\"2016-09-12T17:28:38+00:00\",\"dateModified\":\"2017-10-25T20:07:45+00:00\",\"description\":\"Nad\u0161tandardn\u00e1 z\u00e1ruka \u00fapravy. MM RACING pon\u00faka v\u00e4\u010d\u0161\u00ed komfort pre svojich z\u00e1kazn\u00edkov a \u0161etr\u00ed im pr\u00edpadn\u00e9 mimoriadne v\u00fddaje.\",\"breadcrumb\":{\"@id\":\"https:\\\/\\\/www.mmracing.sk\\\/sk\\\/chip-tuning\\\/rozsirena-zaruka-chiptuning\\\/#breadcrumb\"},\"inLanguage\":\"en-GB\",\"potentialAction\":[{\"@type\":\"ReadAction\",\"target\":[\"https:\\\/\\\/www.mmracing.sk\\\/sk\\\/chip-tuning\\\/rozsirena-zaruka-chiptuning\\\/\"]}]},{\"@type\":\"BreadcrumbList\",\"@id\":\"https:\\\/\\\/www.mmracing.sk\\\/sk\\\/chip-tuning\\\/rozsirena-zaruka-chiptuning\\\/#breadcrumb\",\"itemListElement\":[{\"@type\":\"ListItem\",\"position\":1,\"name\":\"Domovsk\u00e1 str\u00e1nka\",\"item\":\"https:\\\/\\\/www.mmracing.sk\\\/sk\\\/\"},{\"@type\":\"ListItem\",\"position\":2,\"name\":\"Chip tuning\",\"item\":\"https:\\\/\\\/www.mmracing.sk\\\/sk\\\/chip-tuning\\\/\"},{\"@type\":\"ListItem\",\"position\":3,\"name\":\"Roz\u0161\u00edren\u00e1 z\u00e1ruka na chiptuning\"}]},{\"@type\":\"WebSite\",\"@id\":\"https:\\\/\\\/www.mmracing.sk\\\/sk\\\/#website\",\"url\":\"https:\\\/\\\/www.mmracing.sk\\\/sk\\\/\",\"name\":\"MM RACING\",\"description\":\"MM RACING V\u00e1m pon\u00faka profesion\u00e1lny chip tuning automobilov. Pon\u00fakame aj diagnostiku vozidiel a mno\u017estvo \u010fal\u0161\u00edch slu\u017eieb v Bratislave. Viac na mmracing.sk.\",\"potentialAction\":[{\"@type\":\"SearchAction\",\"target\":{\"@type\":\"EntryPoint\",\"urlTemplate\":\"https:\\\/\\\/www.mmracing.sk\\\/sk\\\/?s={search_term_string}\"},\"query-input\":{\"@type\":\"PropertyValueSpecification\",\"valueRequired\":true,\"valueName\":\"search_term_string\"}}],\"inLanguage\":\"en-GB\"}]}<\/script>\n<!-- \/ Yoast SEO Premium plugin. -->","yoast_head_json":{"title":"Roz\u0161\u00edren\u00e1 z\u00e1ruka na chiptuning - MM RACING s.r.o.","description":"Nad\u0161tandardn\u00e1 z\u00e1ruka \u00fapravy. MM RACING pon\u00faka v\u00e4\u010d\u0161\u00ed komfort pre svojich z\u00e1kazn\u00edkov a \u0161etr\u00ed im pr\u00edpadn\u00e9 mimoriadne v\u00fddaje.","robots":{"index":"index","follow":"follow","max-snippet":"max-snippet:-1","max-image-preview":"max-image-preview:large","max-video-preview":"max-video-preview:-1"},"canonical":"https:\/\/www.mmracing.sk\/sk\/chip-tuning\/rozsirena-zaruka-chiptuning\/","og_locale":"en_GB","og_type":"article","og_title":"Roz\u0161\u00edren\u00e1 z\u00e1ruka na chiptuning","og_description":"Nad\u0161tandardn\u00e1 z\u00e1ruka \u00fapravy. MM RACING pon\u00faka v\u00e4\u010d\u0161\u00ed komfort pre svojich z\u00e1kazn\u00edkov a \u0161etr\u00ed im pr\u00edpadn\u00e9 mimoriadne v\u00fddaje.","og_url":"https:\/\/www.mmracing.sk\/sk\/chip-tuning\/rozsirena-zaruka-chiptuning\/","og_site_name":"MM RACING","article_modified_time":"2017-10-25T20:07:45+00:00","twitter_card":"summary_large_image","twitter_misc":{"Estimated reading time":"2 minutes"},"schema":{"@context":"https:\/\/schema.org","@graph":[{"@type":"WebPage","@id":"https:\/\/www.mmracing.sk\/sk\/chip-tuning\/rozsirena-zaruka-chiptuning\/","url":"https:\/\/www.mmracing.sk\/sk\/chip-tuning\/rozsirena-zaruka-chiptuning\/","name":"Roz\u0161\u00edren\u00e1 z\u00e1ruka na chiptuning - MM RACING s.r.o.","isPartOf":{"@id":"https:\/\/www.mmracing.sk\/sk\/#website"},"datePublished":"2016-09-12T17:28:38+00:00","dateModified":"2017-10-25T20:07:45+00:00","description":"Nad\u0161tandardn\u00e1 z\u00e1ruka \u00fapravy. MM RACING pon\u00faka v\u00e4\u010d\u0161\u00ed komfort pre svojich z\u00e1kazn\u00edkov a \u0161etr\u00ed im pr\u00edpadn\u00e9 mimoriadne v\u00fddaje.","breadcrumb":{"@id":"https:\/\/www.mmracing.sk\/sk\/chip-tuning\/rozsirena-zaruka-chiptuning\/#breadcrumb"},"inLanguage":"en-GB","potentialAction":[{"@type":"ReadAction","target":["https:\/\/www.mmracing.sk\/sk\/chip-tuning\/rozsirena-zaruka-chiptuning\/"]}]},{"@type":"BreadcrumbList","@id":"https:\/\/www.mmracing.sk\/sk\/chip-tuning\/rozsirena-zaruka-chiptuning\/#breadcrumb","itemListElement":[{"@type":"ListItem","position":1,"name":"Domovsk\u00e1 str\u00e1nka","item":"https:\/\/www.mmracing.sk\/sk\/"},{"@type":"ListItem","position":2,"name":"Chip tuning","item":"https:\/\/www.mmracing.sk\/sk\/chip-tuning\/"},{"@type":"ListItem","position":3,"name":"Roz\u0161\u00edren\u00e1 z\u00e1ruka na chiptuning"}]},{"@type":"WebSite","@id":"https:\/\/www.mmracing.sk\/sk\/#website","url":"https:\/\/www.mmracing.sk\/sk\/","name":"MM RACING","description":"MM RACING V\u00e1m pon\u00faka profesion\u00e1lny chip tuning automobilov. Pon\u00fakame aj diagnostiku vozidiel a mno\u017estvo \u010fal\u0161\u00edch slu\u017eieb v Bratislave. Viac na mmracing.sk.","potentialAction":[{"@type":"SearchAction","target":{"@type":"EntryPoint","urlTemplate":"https:\/\/www.mmracing.sk\/sk\/?s={search_term_string}"},"query-input":{"@type":"PropertyValueSpecification","valueRequired":true,"valueName":"search_term_string"}}],"inLanguage":"en-GB"}]}},"_links":{"self":[{"href":"https:\/\/www.mmracing.sk\/sk\/wp-json\/wp\/v2\/pages\/201","targetHints":{"allow":["GET"]}}],"collection":[{"href":"https:\/\/www.mmracing.sk\/sk\/wp-json\/wp\/v2\/pages"}],"about":[{"href":"https:\/\/www.mmracing.sk\/sk\/wp-json\/wp\/v2\/types\/page"}],"author":[{"embeddable":true,"href":"https:\/\/www.mmracing.sk\/sk\/wp-json\/wp\/v2\/users\/1"}],"replies":[{"embeddable":true,"href":"https:\/\/www.mmracing.sk\/sk\/wp-json\/wp\/v2\/comments?post=201"}],"version-history":[{"count":3,"href":"https:\/\/www.mmracing.sk\/sk\/wp-json\/wp\/v2\/pages\/201\/revisions"}],"predecessor-version":[{"id":1080,"href":"https:\/\/www.mmracing.sk\/sk\/wp-json\/wp\/v2\/pages\/201\/revisions\/1080"}],"up":[{"embeddable":true,"href":"https:\/\/www.mmracing.sk\/sk\/wp-json\/wp\/v2\/pages\/187"}],"wp:attachment":[{"href":"https:\/\/www.mmracing.sk\/sk\/wp-json\/wp\/v2\/media?parent=201"}],"curies":[{"name":"wp","href":"https:\/\/api.w.org\/{rel}","templated":true}]}}