{"id":2,"date":"2016-09-11T14:15:18","date_gmt":"2016-09-11T12:15:18","guid":{"rendered":"http:\/\/www.mmracing.sk\/wp\/?page_id=2"},"modified":"2017-10-25T22:06:20","modified_gmt":"2017-10-25T20:06:20","slug":"chiptuning-konfigurator","status":"publish","type":"page","link":"https:\/\/www.mmracing.sk\/sk\/chip-tuning\/chiptuning-konfigurator\/","title":{"rendered":"CHIP TUNING | Konfigur\u00e1tor"},"content":{"rendered":"<h3>N\u00e1poveda konfigur\u00e1tora.<\/h3>\n<p>1. Vyberte si zna\u010dku, model, rok v\u00fdroby, motor a stupe\u0148 chip tuningu.<br \/>\n2. N\u00e1sledne sa v\u00e1m zobrazia \u00fadaje o v\u00fdkone a kr\u00fatiacom momente vozidla pred a po chip tuningu v preh\u013eadom grafe.<\/p>\n","protected":false},"excerpt":{"rendered":"<p>N\u00e1poveda konfigur\u00e1tora. 1. Vyberte si zna\u010dku, model, rok v\u00fdroby, motor a stupe\u0148 chip tuningu. 2. N\u00e1sledne sa v\u00e1m zobrazia \u00fadaje [&hellip;]<\/p>\n","protected":false},"author":1,"featured_media":0,"parent":187,"menu_order":2,"comment_status":"closed","ping_status":"open","template":"page-konfigurator.php","meta":{"footnotes":""},"class_list":["post-2","page","type-page","status-publish","hentry"],"yoast_head":"<!-- This site is optimized with the Yoast SEO Premium plugin v23.8 (Yoast SEO v27.5) - https:\/\/yoast.com\/product\/yoast-seo-premium-wordpress\/ -->\n<title>CHIP TUNING | Konfigur\u00e1tor - MM RACING s.r.o,<\/title>\n<meta name=\"description\" content=\"Vyberte si va\u0161e vozidlo a zistite na ak\u00fd v\u00fdkon ho vieme upravi\u0165. Jazdite na ceste s v\u00e4\u010d\u0161ou akt\u00edvnou bezpe\u010dnos\u0165ou. Vitajte v \u013eavom pruhu!\" \/>\n<meta name=\"robots\" content=\"index, follow, max-snippet:-1, max-image-preview:large, max-video-preview:-1\" \/>\n<link rel=\"canonical\" href=\"https:\/\/www.mmracing.sk\/sk\/chip-tuning\/chiptuning-konfigurator\/\" \/>\n<meta property=\"og:locale\" content=\"en_GB\" \/>\n<meta property=\"og:type\" content=\"article\" \/>\n<meta property=\"og:title\" content=\"CHIP TUNING | Konfigur\u00e1tor\" \/>\n<meta property=\"og:description\" content=\"Vyberte si va\u0161e vozidlo a zistite na ak\u00fd v\u00fdkon ho vieme upravi\u0165. Jazdite na ceste s v\u00e4\u010d\u0161ou akt\u00edvnou bezpe\u010dnos\u0165ou. Vitajte v \u013eavom pruhu!\" \/>\n<meta property=\"og:url\" content=\"https:\/\/www.mmracing.sk\/sk\/chip-tuning\/chiptuning-konfigurator\/\" \/>\n<meta property=\"og:site_name\" content=\"MM RACING\" \/>\n<meta property=\"article:modified_time\" content=\"2017-10-25T20:06:20+00:00\" \/>\n<meta property=\"og:image\" content=\"https:\/\/www.mmracing.sk\/wp\/wp-content\/uploads\/IMG_1033-scaled.jpg\" \/>\n\t<meta property=\"og:image:width\" content=\"2560\" \/>\n\t<meta property=\"og:image:height\" content=\"1920\" \/>\n\t<meta property=\"og:image:type\" content=\"image\/jpeg\" \/>\n<meta name=\"twitter:card\" content=\"summary_large_image\" \/>\n<meta name=\"twitter:image\" content=\"http:\/\/www.mmracing.sk\/wp\/wp-content\/uploads\/IMG_1033.jpg\" \/>\n<script type=\"application\/ld+json\" class=\"yoast-schema-graph\">{\"@context\":\"https:\\\/\\\/schema.org\",\"@graph\":[{\"@type\":\"WebPage\",\"@id\":\"https:\\\/\\\/www.mmracing.sk\\\/sk\\\/chip-tuning\\\/chiptuning-konfigurator\\\/\",\"url\":\"https:\\\/\\\/www.mmracing.sk\\\/sk\\\/chip-tuning\\\/chiptuning-konfigurator\\\/\",\"name\":\"CHIP TUNING | Konfigur\u00e1tor - MM RACING s.r.o,\",\"isPartOf\":{\"@id\":\"https:\\\/\\\/www.mmracing.sk\\\/sk\\\/#website\"},\"datePublished\":\"2016-09-11T12:15:18+00:00\",\"dateModified\":\"2017-10-25T20:06:20+00:00\",\"description\":\"Vyberte si va\u0161e vozidlo a zistite na ak\u00fd v\u00fdkon ho vieme upravi\u0165. Jazdite na ceste s v\u00e4\u010d\u0161ou akt\u00edvnou bezpe\u010dnos\u0165ou. Vitajte v \u013eavom pruhu!\",\"breadcrumb\":{\"@id\":\"https:\\\/\\\/www.mmracing.sk\\\/sk\\\/chip-tuning\\\/chiptuning-konfigurator\\\/#breadcrumb\"},\"inLanguage\":\"en-GB\",\"potentialAction\":[{\"@type\":\"ReadAction\",\"target\":[\"https:\\\/\\\/www.mmracing.sk\\\/sk\\\/chip-tuning\\\/chiptuning-konfigurator\\\/\"]}]},{\"@type\":\"BreadcrumbList\",\"@id\":\"https:\\\/\\\/www.mmracing.sk\\\/sk\\\/chip-tuning\\\/chiptuning-konfigurator\\\/#breadcrumb\",\"itemListElement\":[{\"@type\":\"ListItem\",\"position\":1,\"name\":\"Domovsk\u00e1 str\u00e1nka\",\"item\":\"https:\\\/\\\/www.mmracing.sk\\\/sk\\\/\"},{\"@type\":\"ListItem\",\"position\":2,\"name\":\"Chip tuning\",\"item\":\"https:\\\/\\\/www.mmracing.sk\\\/sk\\\/chip-tuning\\\/\"},{\"@type\":\"ListItem\",\"position\":3,\"name\":\"CHIP TUNING | Konfigur\u00e1tor\"}]},{\"@type\":\"WebSite\",\"@id\":\"https:\\\/\\\/www.mmracing.sk\\\/sk\\\/#website\",\"url\":\"https:\\\/\\\/www.mmracing.sk\\\/sk\\\/\",\"name\":\"MM RACING\",\"description\":\"MM RACING V\u00e1m pon\u00faka profesion\u00e1lny chip tuning automobilov. Pon\u00fakame aj diagnostiku vozidiel a mno\u017estvo \u010fal\u0161\u00edch slu\u017eieb v Bratislave. Viac na mmracing.sk.\",\"potentialAction\":[{\"@type\":\"SearchAction\",\"target\":{\"@type\":\"EntryPoint\",\"urlTemplate\":\"https:\\\/\\\/www.mmracing.sk\\\/sk\\\/?s={search_term_string}\"},\"query-input\":{\"@type\":\"PropertyValueSpecification\",\"valueRequired\":true,\"valueName\":\"search_term_string\"}}],\"inLanguage\":\"en-GB\"}]}<\/script>\n<!-- \/ Yoast SEO Premium plugin. -->","yoast_head_json":{"title":"CHIP TUNING | Konfigur\u00e1tor - MM RACING s.r.o,","description":"Vyberte si va\u0161e vozidlo a zistite na ak\u00fd v\u00fdkon ho vieme upravi\u0165. Jazdite na ceste s v\u00e4\u010d\u0161ou akt\u00edvnou bezpe\u010dnos\u0165ou. Vitajte v \u013eavom pruhu!","robots":{"index":"index","follow":"follow","max-snippet":"max-snippet:-1","max-image-preview":"max-image-preview:large","max-video-preview":"max-video-preview:-1"},"canonical":"https:\/\/www.mmracing.sk\/sk\/chip-tuning\/chiptuning-konfigurator\/","og_locale":"en_GB","og_type":"article","og_title":"CHIP TUNING | Konfigur\u00e1tor","og_description":"Vyberte si va\u0161e vozidlo a zistite na ak\u00fd v\u00fdkon ho vieme upravi\u0165. Jazdite na ceste s v\u00e4\u010d\u0161ou akt\u00edvnou bezpe\u010dnos\u0165ou. Vitajte v \u013eavom pruhu!","og_url":"https:\/\/www.mmracing.sk\/sk\/chip-tuning\/chiptuning-konfigurator\/","og_site_name":"MM RACING","article_modified_time":"2017-10-25T20:06:20+00:00","og_image":[{"width":2560,"height":1920,"url":"https:\/\/www.mmracing.sk\/wp\/wp-content\/uploads\/IMG_1033-scaled.jpg","type":"image\/jpeg"}],"twitter_card":"summary_large_image","twitter_image":"http:\/\/www.mmracing.sk\/wp\/wp-content\/uploads\/IMG_1033.jpg","schema":{"@context":"https:\/\/schema.org","@graph":[{"@type":"WebPage","@id":"https:\/\/www.mmracing.sk\/sk\/chip-tuning\/chiptuning-konfigurator\/","url":"https:\/\/www.mmracing.sk\/sk\/chip-tuning\/chiptuning-konfigurator\/","name":"CHIP TUNING | Konfigur\u00e1tor - MM RACING s.r.o,","isPartOf":{"@id":"https:\/\/www.mmracing.sk\/sk\/#website"},"datePublished":"2016-09-11T12:15:18+00:00","dateModified":"2017-10-25T20:06:20+00:00","description":"Vyberte si va\u0161e vozidlo a zistite na ak\u00fd v\u00fdkon ho vieme upravi\u0165. Jazdite na ceste s v\u00e4\u010d\u0161ou akt\u00edvnou bezpe\u010dnos\u0165ou. Vitajte v \u013eavom pruhu!","breadcrumb":{"@id":"https:\/\/www.mmracing.sk\/sk\/chip-tuning\/chiptuning-konfigurator\/#breadcrumb"},"inLanguage":"en-GB","potentialAction":[{"@type":"ReadAction","target":["https:\/\/www.mmracing.sk\/sk\/chip-tuning\/chiptuning-konfigurator\/"]}]},{"@type":"BreadcrumbList","@id":"https:\/\/www.mmracing.sk\/sk\/chip-tuning\/chiptuning-konfigurator\/#breadcrumb","itemListElement":[{"@type":"ListItem","position":1,"name":"Domovsk\u00e1 str\u00e1nka","item":"https:\/\/www.mmracing.sk\/sk\/"},{"@type":"ListItem","position":2,"name":"Chip tuning","item":"https:\/\/www.mmracing.sk\/sk\/chip-tuning\/"},{"@type":"ListItem","position":3,"name":"CHIP TUNING | Konfigur\u00e1tor"}]},{"@type":"WebSite","@id":"https:\/\/www.mmracing.sk\/sk\/#website","url":"https:\/\/www.mmracing.sk\/sk\/","name":"MM RACING","description":"MM RACING V\u00e1m pon\u00faka profesion\u00e1lny chip tuning automobilov. Pon\u00fakame aj diagnostiku vozidiel a mno\u017estvo \u010fal\u0161\u00edch slu\u017eieb v Bratislave. Viac na mmracing.sk.","potentialAction":[{"@type":"SearchAction","target":{"@type":"EntryPoint","urlTemplate":"https:\/\/www.mmracing.sk\/sk\/?s={search_term_string}"},"query-input":{"@type":"PropertyValueSpecification","valueRequired":true,"valueName":"search_term_string"}}],"inLanguage":"en-GB"}]}},"_links":{"self":[{"href":"https:\/\/www.mmracing.sk\/sk\/wp-json\/wp\/v2\/pages\/2","targetHints":{"allow":["GET"]}}],"collection":[{"href":"https:\/\/www.mmracing.sk\/sk\/wp-json\/wp\/v2\/pages"}],"about":[{"href":"https:\/\/www.mmracing.sk\/sk\/wp-json\/wp\/v2\/types\/page"}],"author":[{"embeddable":true,"href":"https:\/\/www.mmracing.sk\/sk\/wp-json\/wp\/v2\/users\/1"}],"replies":[{"embeddable":true,"href":"https:\/\/www.mmracing.sk\/sk\/wp-json\/wp\/v2\/comments?post=2"}],"version-history":[{"count":4,"href":"https:\/\/www.mmracing.sk\/sk\/wp-json\/wp\/v2\/pages\/2\/revisions"}],"predecessor-version":[{"id":584,"href":"https:\/\/www.mmracing.sk\/sk\/wp-json\/wp\/v2\/pages\/2\/revisions\/584"}],"up":[{"embeddable":true,"href":"https:\/\/www.mmracing.sk\/sk\/wp-json\/wp\/v2\/pages\/187"}],"wp:attachment":[{"href":"https:\/\/www.mmracing.sk\/sk\/wp-json\/wp\/v2\/media?parent=2"}],"curies":[{"name":"wp","href":"https:\/\/api.w.org\/{rel}","templated":true}]}}