{"id":198,"date":"2016-09-12T19:08:45","date_gmt":"2016-09-12T17:08:45","guid":{"rendered":"http:\/\/www.mmracing.sk\/wp\/sk\/?page_id=198"},"modified":"2022-12-30T17:09:56","modified_gmt":"2022-12-30T16:09:56","slug":"deaktivacia-lambda-sondy","status":"publish","type":"page","link":"https:\/\/www.mmracing.sk\/sk\/chip-tuning\/deaktivacia-lambda-sondy\/","title":{"rendered":"Deaktiv\u00e1cia lambda sondy"},"content":{"rendered":"<div id=\"attachment_199\" style=\"width: 355px\" class=\"wp-caption alignnone\"><a href=\"https:\/\/www.mmracing.sk\/wp\/wp-content\/uploads\/katalyzator.jpg\"><img loading=\"lazy\" decoding=\"async\" aria-describedby=\"caption-attachment-199\" class=\"size-medium wp-image-199\" src=\"https:\/\/www.mmracing.sk\/wp\/wp-content\/uploads\/katalyzator-345x259.jpg\" alt=\"katalyz\u00e1tor vozidla\" width=\"345\" height=\"259\" srcset=\"https:\/\/www.mmracing.sk\/wp\/wp-content\/uploads\/katalyzator-345x259.jpg 345w, https:\/\/www.mmracing.sk\/wp\/wp-content\/uploads\/katalyzator-120x90.jpg 120w, https:\/\/www.mmracing.sk\/wp\/wp-content\/uploads\/katalyzator-180x135.jpg 180w, https:\/\/www.mmracing.sk\/wp\/wp-content\/uploads\/katalyzator.jpg 500w\" sizes=\"auto, (max-width: 345px) 100vw, 345px\" \/><\/a><p id=\"caption-attachment-199\" class=\"wp-caption-text\">Deaktiv\u00e1cia kontroly katalyz\u00e1tora na vozidle.<\/p><\/div>\n<p>Pon\u00fakame plne sofistikovan\u00fa elektronick\u00fa deaktiv\u00e1ciu 2. lambda sondy v\u00fdfukov\u00e9ho syst\u00e9mu benz\u00ednov\u00fdch automobilov a motocyklov. T\u00e1to lambda sonda svojou funkciou kontroluje iba funk\u010dnos\u0165 resp. \u00fa\u010dinnos\u0165 katalyz\u00e1tora. Indikuje zn\u00ed\u017een\u00fa \u00fa\u010dinnos\u0165 katalyz\u00e1tora vzh\u013eadom k veku pr\u00edpadne mno\u017estvu najazden\u00fdch kilometrov. Po deaktiv\u00e1cii druhej lambda sondy u\u017e nikdy viac nebude svieti\u0165 kontrolka na pr\u00edstrojovom paneli, ktor\u00e1 zna\u010d\u00ed chybu motora kv\u00f4li nefunk\u010dn\u00e9mu alebo ch\u00fdbaj\u00facemu katalyz\u00e1toru.<\/p>\n<p>\u00dakon pozost\u00e1va z elektronickej deaktiv\u00e1cie lambda sondy v riadiacej jednotke motora.<\/p>\n<h3>Cena elektronickej deaktiv\u00e1cie je pod\u013ea typu motoriz\u00e1cie:<\/h3>\n<p><strong>automobil:<\/strong><\/p>\n<p>do 1.950ccm 150,00 \u20ac bez DPH<br \/>\nod 1.950ccm 200,00 \u20ac bez DPH<br \/>\nod 2.950ccm 250,00 \u20ac bez DPH<\/p>\n<p><strong>motocykel:<\/strong><\/p>\n<p>motocykel bez kapot\u00e1\u017ee 200,00 \u20ac bez DPH<br \/>\nmotocykel s kapot\u00e1\u017eou 250,00 \u20ac bez DPH<\/p>\n<ul>\n<li>cena zah\u0155\u0148a programovanie riadiacej jednotky motora, diagnostiku a pr\u00edpadn\u00e9 k\u00f3dovanie riadiacej jednotky motora.<\/li>\n<\/ul>\n<p>Deaktiv\u00e1cia nijak\u00fdm sp\u00f4sobom neovplyv\u0148uje funk\u010dnos\u0165 riadiacej jednotky motora.<\/p>\n<p>V\u00fdber vozidiel na ktor\u00fdch vieme deaktivova\u0165 druh\u00fa lambda sondu:<\/p>\n<p>AUDI, SEAT, SKODA, VW<br \/>\nBMW 1.8\/2.0\/2.3\/2.5\/2.8\/3.0<br \/>\nBMW MOTO 650\/800\/1000\/1200\/1300\/1600<br \/>\nMINI 1.4\/1.6<br \/>\nPORSCHE 2.6\/2.7\/2.9\/3.2\/3.4\/3.6\/3.8 GT2\/GT3\/Turbo<br \/>\nSEA DOO, SKY DOO 1.5<\/p>\n","protected":false},"excerpt":{"rendered":"<p>Pon\u00fakame plne sofistikovan\u00fa elektronick\u00fa deaktiv\u00e1ciu 2. lambda sondy v\u00fdfukov\u00e9ho syst\u00e9mu benz\u00ednov\u00fdch automobilov a motocyklov. T\u00e1to lambda sonda svojou funkciou kontroluje [&hellip;]<\/p>\n","protected":false},"author":1,"featured_media":0,"parent":187,"menu_order":6,"comment_status":"closed","ping_status":"closed","template":"","meta":{"footnotes":""},"class_list":["post-198","page","type-page","status-publish","hentry"],"yoast_head":"<!-- This site is optimized with the Yoast SEO Premium plugin v23.8 (Yoast SEO v27.6) - https:\/\/yoast.com\/product\/yoast-seo-premium-wordpress\/ -->\n<title>Deaktiv\u00e1cia lambda sondy - MM RACING<\/title>\n<meta name=\"description\" content=\"Pon\u00fakame softv\u00e9rov\u00fa deaktiv\u00e1ciu lambda sondy na kontrolu funk\u010dnosti katalyz\u00e1tora, t\u00e1to vy\u017eaduje zv\u00fd\u0161en\u00fa pozornos\u0165 pri zn\u00ed\u017eenej \u00fa\u010dinnosti katalyz\u00e1tora.\" \/>\n<meta name=\"robots\" content=\"index, follow, max-snippet:-1, max-image-preview:large, max-video-preview:-1\" \/>\n<link rel=\"canonical\" href=\"https:\/\/www.mmracing.sk\/sk\/chip-tuning\/deaktivacia-lambda-sondy\/\" \/>\n<meta property=\"og:locale\" content=\"en_GB\" \/>\n<meta property=\"og:type\" content=\"article\" \/>\n<meta property=\"og:title\" content=\"Deaktiv\u00e1cia lambda sondy\" \/>\n<meta property=\"og:description\" content=\"Pon\u00fakame softv\u00e9rov\u00fa deaktiv\u00e1ciu lambda sondy na kontrolu funk\u010dnosti katalyz\u00e1tora, t\u00e1to vy\u017eaduje zv\u00fd\u0161en\u00fa pozornos\u0165 pri zn\u00ed\u017eenej \u00fa\u010dinnosti katalyz\u00e1tora.\" \/>\n<meta property=\"og:url\" content=\"https:\/\/www.mmracing.sk\/sk\/chip-tuning\/deaktivacia-lambda-sondy\/\" \/>\n<meta property=\"og:site_name\" content=\"MM RACING\" \/>\n<meta property=\"article:modified_time\" content=\"2022-12-30T16:09:56+00:00\" \/>\n<meta property=\"og:image\" content=\"https:\/\/www.mmracing.sk\/wp\/wp-content\/uploads\/katalyzator-345x259.jpg\" \/>\n<meta name=\"twitter:card\" content=\"summary_large_image\" \/>\n<meta name=\"twitter:label1\" content=\"Estimated reading time\" \/>\n\t<meta name=\"twitter:data1\" content=\"1 minute\" \/>\n<script type=\"application\/ld+json\" class=\"yoast-schema-graph\">{\"@context\":\"https:\\\/\\\/schema.org\",\"@graph\":[{\"@type\":\"WebPage\",\"@id\":\"https:\\\/\\\/www.mmracing.sk\\\/sk\\\/chip-tuning\\\/deaktivacia-lambda-sondy\\\/\",\"url\":\"https:\\\/\\\/www.mmracing.sk\\\/sk\\\/chip-tuning\\\/deaktivacia-lambda-sondy\\\/\",\"name\":\"Deaktiv\u00e1cia lambda sondy - MM RACING\",\"isPartOf\":{\"@id\":\"https:\\\/\\\/www.mmracing.sk\\\/sk\\\/#website\"},\"primaryImageOfPage\":{\"@id\":\"https:\\\/\\\/www.mmracing.sk\\\/sk\\\/chip-tuning\\\/deaktivacia-lambda-sondy\\\/#primaryimage\"},\"image\":{\"@id\":\"https:\\\/\\\/www.mmracing.sk\\\/sk\\\/chip-tuning\\\/deaktivacia-lambda-sondy\\\/#primaryimage\"},\"thumbnailUrl\":\"https:\\\/\\\/www.mmracing.sk\\\/wp\\\/wp-content\\\/uploads\\\/katalyzator-345x259.jpg\",\"datePublished\":\"2016-09-12T17:08:45+00:00\",\"dateModified\":\"2022-12-30T16:09:56+00:00\",\"description\":\"Pon\u00fakame softv\u00e9rov\u00fa deaktiv\u00e1ciu lambda sondy na kontrolu funk\u010dnosti katalyz\u00e1tora, t\u00e1to vy\u017eaduje zv\u00fd\u0161en\u00fa pozornos\u0165 pri zn\u00ed\u017eenej \u00fa\u010dinnosti katalyz\u00e1tora.\",\"breadcrumb\":{\"@id\":\"https:\\\/\\\/www.mmracing.sk\\\/sk\\\/chip-tuning\\\/deaktivacia-lambda-sondy\\\/#breadcrumb\"},\"inLanguage\":\"en-GB\",\"potentialAction\":[{\"@type\":\"ReadAction\",\"target\":[\"https:\\\/\\\/www.mmracing.sk\\\/sk\\\/chip-tuning\\\/deaktivacia-lambda-sondy\\\/\"]}]},{\"@type\":\"ImageObject\",\"inLanguage\":\"en-GB\",\"@id\":\"https:\\\/\\\/www.mmracing.sk\\\/sk\\\/chip-tuning\\\/deaktivacia-lambda-sondy\\\/#primaryimage\",\"url\":\"https:\\\/\\\/www.mmracing.sk\\\/wp\\\/wp-content\\\/uploads\\\/katalyzator-345x259.jpg\",\"contentUrl\":\"https:\\\/\\\/www.mmracing.sk\\\/wp\\\/wp-content\\\/uploads\\\/katalyzator-345x259.jpg\"},{\"@type\":\"BreadcrumbList\",\"@id\":\"https:\\\/\\\/www.mmracing.sk\\\/sk\\\/chip-tuning\\\/deaktivacia-lambda-sondy\\\/#breadcrumb\",\"itemListElement\":[{\"@type\":\"ListItem\",\"position\":1,\"name\":\"Domovsk\u00e1 str\u00e1nka\",\"item\":\"https:\\\/\\\/www.mmracing.sk\\\/sk\\\/\"},{\"@type\":\"ListItem\",\"position\":2,\"name\":\"Chip tuning\",\"item\":\"https:\\\/\\\/www.mmracing.sk\\\/sk\\\/chip-tuning\\\/\"},{\"@type\":\"ListItem\",\"position\":3,\"name\":\"Deaktiv\u00e1cia lambda sondy\"}]},{\"@type\":\"WebSite\",\"@id\":\"https:\\\/\\\/www.mmracing.sk\\\/sk\\\/#website\",\"url\":\"https:\\\/\\\/www.mmracing.sk\\\/sk\\\/\",\"name\":\"MM RACING\",\"description\":\"MM RACING V\u00e1m pon\u00faka profesion\u00e1lny chip tuning automobilov. Pon\u00fakame aj diagnostiku vozidiel a mno\u017estvo \u010fal\u0161\u00edch slu\u017eieb v Bratislave. Viac na mmracing.sk.\",\"potentialAction\":[{\"@type\":\"SearchAction\",\"target\":{\"@type\":\"EntryPoint\",\"urlTemplate\":\"https:\\\/\\\/www.mmracing.sk\\\/sk\\\/?s={search_term_string}\"},\"query-input\":{\"@type\":\"PropertyValueSpecification\",\"valueRequired\":true,\"valueName\":\"search_term_string\"}}],\"inLanguage\":\"en-GB\"}]}<\/script>\n<!-- \/ Yoast SEO Premium plugin. -->","yoast_head_json":{"title":"Deaktiv\u00e1cia lambda sondy - MM RACING","description":"Pon\u00fakame softv\u00e9rov\u00fa deaktiv\u00e1ciu lambda sondy na kontrolu funk\u010dnosti katalyz\u00e1tora, t\u00e1to vy\u017eaduje zv\u00fd\u0161en\u00fa pozornos\u0165 pri zn\u00ed\u017eenej \u00fa\u010dinnosti katalyz\u00e1tora.","robots":{"index":"index","follow":"follow","max-snippet":"max-snippet:-1","max-image-preview":"max-image-preview:large","max-video-preview":"max-video-preview:-1"},"canonical":"https:\/\/www.mmracing.sk\/sk\/chip-tuning\/deaktivacia-lambda-sondy\/","og_locale":"en_GB","og_type":"article","og_title":"Deaktiv\u00e1cia lambda sondy","og_description":"Pon\u00fakame softv\u00e9rov\u00fa deaktiv\u00e1ciu lambda sondy na kontrolu funk\u010dnosti katalyz\u00e1tora, t\u00e1to vy\u017eaduje zv\u00fd\u0161en\u00fa pozornos\u0165 pri zn\u00ed\u017eenej \u00fa\u010dinnosti katalyz\u00e1tora.","og_url":"https:\/\/www.mmracing.sk\/sk\/chip-tuning\/deaktivacia-lambda-sondy\/","og_site_name":"MM RACING","article_modified_time":"2022-12-30T16:09:56+00:00","og_image":[{"url":"https:\/\/www.mmracing.sk\/wp\/wp-content\/uploads\/katalyzator-345x259.jpg","type":"","width":"","height":""}],"twitter_card":"summary_large_image","twitter_misc":{"Estimated reading time":"1 minute"},"schema":{"@context":"https:\/\/schema.org","@graph":[{"@type":"WebPage","@id":"https:\/\/www.mmracing.sk\/sk\/chip-tuning\/deaktivacia-lambda-sondy\/","url":"https:\/\/www.mmracing.sk\/sk\/chip-tuning\/deaktivacia-lambda-sondy\/","name":"Deaktiv\u00e1cia lambda sondy - MM RACING","isPartOf":{"@id":"https:\/\/www.mmracing.sk\/sk\/#website"},"primaryImageOfPage":{"@id":"https:\/\/www.mmracing.sk\/sk\/chip-tuning\/deaktivacia-lambda-sondy\/#primaryimage"},"image":{"@id":"https:\/\/www.mmracing.sk\/sk\/chip-tuning\/deaktivacia-lambda-sondy\/#primaryimage"},"thumbnailUrl":"https:\/\/www.mmracing.sk\/wp\/wp-content\/uploads\/katalyzator-345x259.jpg","datePublished":"2016-09-12T17:08:45+00:00","dateModified":"2022-12-30T16:09:56+00:00","description":"Pon\u00fakame softv\u00e9rov\u00fa deaktiv\u00e1ciu lambda sondy na kontrolu funk\u010dnosti katalyz\u00e1tora, t\u00e1to vy\u017eaduje zv\u00fd\u0161en\u00fa pozornos\u0165 pri zn\u00ed\u017eenej \u00fa\u010dinnosti katalyz\u00e1tora.","breadcrumb":{"@id":"https:\/\/www.mmracing.sk\/sk\/chip-tuning\/deaktivacia-lambda-sondy\/#breadcrumb"},"inLanguage":"en-GB","potentialAction":[{"@type":"ReadAction","target":["https:\/\/www.mmracing.sk\/sk\/chip-tuning\/deaktivacia-lambda-sondy\/"]}]},{"@type":"ImageObject","inLanguage":"en-GB","@id":"https:\/\/www.mmracing.sk\/sk\/chip-tuning\/deaktivacia-lambda-sondy\/#primaryimage","url":"https:\/\/www.mmracing.sk\/wp\/wp-content\/uploads\/katalyzator-345x259.jpg","contentUrl":"https:\/\/www.mmracing.sk\/wp\/wp-content\/uploads\/katalyzator-345x259.jpg"},{"@type":"BreadcrumbList","@id":"https:\/\/www.mmracing.sk\/sk\/chip-tuning\/deaktivacia-lambda-sondy\/#breadcrumb","itemListElement":[{"@type":"ListItem","position":1,"name":"Domovsk\u00e1 str\u00e1nka","item":"https:\/\/www.mmracing.sk\/sk\/"},{"@type":"ListItem","position":2,"name":"Chip tuning","item":"https:\/\/www.mmracing.sk\/sk\/chip-tuning\/"},{"@type":"ListItem","position":3,"name":"Deaktiv\u00e1cia lambda sondy"}]},{"@type":"WebSite","@id":"https:\/\/www.mmracing.sk\/sk\/#website","url":"https:\/\/www.mmracing.sk\/sk\/","name":"MM RACING","description":"MM RACING V\u00e1m pon\u00faka profesion\u00e1lny chip tuning automobilov. Pon\u00fakame aj diagnostiku vozidiel a mno\u017estvo \u010fal\u0161\u00edch slu\u017eieb v Bratislave. Viac na mmracing.sk.","potentialAction":[{"@type":"SearchAction","target":{"@type":"EntryPoint","urlTemplate":"https:\/\/www.mmracing.sk\/sk\/?s={search_term_string}"},"query-input":{"@type":"PropertyValueSpecification","valueRequired":true,"valueName":"search_term_string"}}],"inLanguage":"en-GB"}]}},"_links":{"self":[{"href":"https:\/\/www.mmracing.sk\/sk\/wp-json\/wp\/v2\/pages\/198","targetHints":{"allow":["GET"]}}],"collection":[{"href":"https:\/\/www.mmracing.sk\/sk\/wp-json\/wp\/v2\/pages"}],"about":[{"href":"https:\/\/www.mmracing.sk\/sk\/wp-json\/wp\/v2\/types\/page"}],"author":[{"embeddable":true,"href":"https:\/\/www.mmracing.sk\/sk\/wp-json\/wp\/v2\/users\/1"}],"replies":[{"embeddable":true,"href":"https:\/\/www.mmracing.sk\/sk\/wp-json\/wp\/v2\/comments?post=198"}],"version-history":[{"count":2,"href":"https:\/\/www.mmracing.sk\/sk\/wp-json\/wp\/v2\/pages\/198\/revisions"}],"predecessor-version":[{"id":9762,"href":"https:\/\/www.mmracing.sk\/sk\/wp-json\/wp\/v2\/pages\/198\/revisions\/9762"}],"up":[{"embeddable":true,"href":"https:\/\/www.mmracing.sk\/sk\/wp-json\/wp\/v2\/pages\/187"}],"wp:attachment":[{"href":"https:\/\/www.mmracing.sk\/sk\/wp-json\/wp\/v2\/media?parent=198"}],"curies":[{"name":"wp","href":"https:\/\/api.w.org\/{rel}","templated":true}]}}