{"id":196,"date":"2016-09-12T19:05:45","date_gmt":"2016-09-12T17:05:45","guid":{"rendered":"http:\/\/www.mmracing.sk\/wp\/sk\/?page_id=196"},"modified":"2025-03-16T12:55:32","modified_gmt":"2025-03-16T11:55:32","slug":"odstranenie-deaktivicia-egr","status":"publish","type":"page","link":"https:\/\/www.mmracing.sk\/sk\/chip-tuning\/odstranenie-deaktivicia-egr\/","title":{"rendered":"Odstr\u00e1nenie a deaktiv\u00edcia EGR"},"content":{"rendered":"<p>Pon\u00fakame plne sofistikovan\u00e9 elektronick\u00e9 odstr\u00e1nenie EGR &#8211; syst\u00e9m recirkul\u00e1cie v\u00fdfukov\u00fdch plynov .<br \/>\n\u00dakon pozost\u00e1va z elektronickej deaktiv\u00e1cie EGR v riadiacej jednotke motora.<\/p>\n<h3>Cena elektronick\u00e9ho odstr\u00e1nenia je pod\u013ea typu motoriz\u00e1cie:<\/h3>\n<p>do 1.950ccm 150,00 \u20ac bez DPH &#8211; 184,50 \u20ac s DPH<br \/>\nod 1.950ccm 200,00 \u20ac bez DPH &#8211; 246,00 \u20ac s DPH<br \/>\nod 2.950ccm 250,00 \u20ac bez DPH &#8211; 307,50 \u20ac s DPH<\/p>\n<ul>\n<li>cena zah\u0155\u0148a programovanie riadiacej jednotky motora, diagnostiku a pr\u00edpadn\u00e9 k\u00f3dovanie riadiacej jednotky motora.<\/li>\n<\/ul>\n<p>Deaktiv\u00e1ciou sa nijak\u00fdm sp\u00f4sobom neovplyv\u0148uje funk\u010dnos\u0165 riadiacej jednotky motora.<\/p>\n<p>V\u00fdber vozidiel na ktor\u00fdch vieme odstr\u00e1ni\u0165 DPF &#8211; filter pevn\u00fdch \u010dast\u00edc:<\/p>\n<p>Audi &#8211; Seat &#8211; \u0160koda &#8211; VW &#8211; Porsche 1.9TDI, 2.0TDI, 3.0TDI, 4.2TDI<br \/>\nBMW &#8211; Mini 1.6d, 18d, 20d, 25d, 30d, 35d, 40d, 4.5d<br \/>\nCitroen &#8211; Peugeot 1.4HDI, 1.6HDI, 2.0HDI, 2.7HDI, 3.0HDI<br \/>\nFiat &#8211; Alfa Romeo &#8211; Lancia 1.3JTD, 1.9JTD, 2.0JTD, 2.3JTD, 3.0JTD<br \/>\nHonda 2.2CTDi<br \/>\nHyundai &#8211; Kia 1.6CRDI, 2.0CRDI, 2.2CRDI<br \/>\nDaewoo &#8211; Chevrolet 1.5CRD, 2.0CRD<br \/>\nIveco 2.3HPI, 3.0HPI, 3.0HPT<br \/>\nIveco &#8211; New Holland<br \/>\nLand Rover &#8211; Jaguar 2.7TD, 3.0TD, 3.6TD, 4.4TD<br \/>\nDacia &#8211; Renault 1.5DCI, 1.9DCI, 2.0DCI, 2.5DCI, 3.0DCI<br \/>\nMercedes 160CDI, 180CDI, 200CDI, 220CDI, 280CDI, 300CDI, 320CDI, 350CDI, 420CDI<br \/>\nNissan 2.0DCI, 2.2DCI<br \/>\nMazda 1.6MCD, 2.0MCD, 2.2MCD<br \/>\nOpel &#8211; Saab &#8211; 1.7CTDI, 1.9CTDI, 2.5CTDI<br \/>\nSuzuki 1.6DDIS, 1.9DDIS<br \/>\nSubaru 2.0boxer diesel<br \/>\nMitsubishi 2.0DID<br \/>\nToyota 1.4 D-4D<br \/>\nVolvo 1.6d, 2.0d, 2,4d<br \/>\nChrysler &#8211; Jeep &#8211; Dodge 2.0CRD, 2.8CRD, 3.0CRD<br \/>\nSmart 1.0cdi, 1,5cdi<\/p>\n<p>Deaktiv\u00e1cia EGR je mo\u017en\u00e1 rovnako v n\u00e1kladn\u00fdch vozidl\u00e1ch a pracovn\u00fdch strojoch.<\/p>\n<p>Pre viac info n\u00e1s nev\u00e1hajte kontaktova\u0165.<\/p>\n","protected":false},"excerpt":{"rendered":"<p>Pon\u00fakame plne sofistikovan\u00e9 elektronick\u00e9 odstr\u00e1nenie EGR &#8211; syst\u00e9m recirkul\u00e1cie v\u00fdfukov\u00fdch plynov . \u00dakon pozost\u00e1va z elektronickej deaktiv\u00e1cie EGR v riadiacej [&hellip;]<\/p>\n","protected":false},"author":1,"featured_media":0,"parent":187,"menu_order":5,"comment_status":"closed","ping_status":"closed","template":"","meta":{"footnotes":""},"class_list":["post-196","page","type-page","status-publish","hentry"],"yoast_head":"<!-- This site is optimized with the Yoast SEO Premium plugin v23.8 (Yoast SEO v27.4) - https:\/\/yoast.com\/product\/yoast-seo-premium-wordpress\/ -->\n<title>Odstr\u00e1nenie a deaktiv\u00edcia EGR - MM RACING<\/title>\n<meta name=\"description\" content=\"Vykon\u00e1vame profesion\u00e1lnu deaktiv\u00e1ciu EGR na v\u00e4\u010d\u0161ine automobilov. Syst\u00e9m je potrebn\u00e9 mechanicky znefunk\u010dni\u0165 a n\u00e1sledne softv\u00e9rovo deaktivova\u0165.\" \/>\n<meta name=\"robots\" content=\"index, follow, max-snippet:-1, max-image-preview:large, max-video-preview:-1\" \/>\n<link rel=\"canonical\" href=\"https:\/\/www.mmracing.sk\/sk\/chip-tuning\/odstranenie-deaktivicia-egr\/\" \/>\n<meta property=\"og:locale\" content=\"en_GB\" \/>\n<meta property=\"og:type\" content=\"article\" \/>\n<meta property=\"og:title\" content=\"Odstr\u00e1nenie a deaktiv\u00edcia EGR\" \/>\n<meta property=\"og:description\" content=\"Vykon\u00e1vame profesion\u00e1lnu deaktiv\u00e1ciu EGR na v\u00e4\u010d\u0161ine automobilov. Syst\u00e9m je potrebn\u00e9 mechanicky znefunk\u010dni\u0165 a n\u00e1sledne softv\u00e9rovo deaktivova\u0165.\" \/>\n<meta property=\"og:url\" content=\"https:\/\/www.mmracing.sk\/sk\/chip-tuning\/odstranenie-deaktivicia-egr\/\" \/>\n<meta property=\"og:site_name\" content=\"MM RACING\" \/>\n<meta property=\"article:modified_time\" content=\"2025-03-16T11:55:32+00:00\" \/>\n<meta name=\"twitter:card\" content=\"summary_large_image\" \/>\n<meta name=\"twitter:label1\" content=\"Estimated reading time\" \/>\n\t<meta name=\"twitter:data1\" content=\"1 minute\" \/>\n<script type=\"application\/ld+json\" class=\"yoast-schema-graph\">{\"@context\":\"https:\\\/\\\/schema.org\",\"@graph\":[{\"@type\":\"WebPage\",\"@id\":\"https:\\\/\\\/www.mmracing.sk\\\/sk\\\/chip-tuning\\\/odstranenie-deaktivicia-egr\\\/\",\"url\":\"https:\\\/\\\/www.mmracing.sk\\\/sk\\\/chip-tuning\\\/odstranenie-deaktivicia-egr\\\/\",\"name\":\"Odstr\u00e1nenie a deaktiv\u00edcia EGR - MM RACING\",\"isPartOf\":{\"@id\":\"https:\\\/\\\/www.mmracing.sk\\\/sk\\\/#website\"},\"datePublished\":\"2016-09-12T17:05:45+00:00\",\"dateModified\":\"2025-03-16T11:55:32+00:00\",\"description\":\"Vykon\u00e1vame profesion\u00e1lnu deaktiv\u00e1ciu EGR na v\u00e4\u010d\u0161ine automobilov. Syst\u00e9m je potrebn\u00e9 mechanicky znefunk\u010dni\u0165 a n\u00e1sledne softv\u00e9rovo deaktivova\u0165.\",\"breadcrumb\":{\"@id\":\"https:\\\/\\\/www.mmracing.sk\\\/sk\\\/chip-tuning\\\/odstranenie-deaktivicia-egr\\\/#breadcrumb\"},\"inLanguage\":\"en-GB\",\"potentialAction\":[{\"@type\":\"ReadAction\",\"target\":[\"https:\\\/\\\/www.mmracing.sk\\\/sk\\\/chip-tuning\\\/odstranenie-deaktivicia-egr\\\/\"]}]},{\"@type\":\"BreadcrumbList\",\"@id\":\"https:\\\/\\\/www.mmracing.sk\\\/sk\\\/chip-tuning\\\/odstranenie-deaktivicia-egr\\\/#breadcrumb\",\"itemListElement\":[{\"@type\":\"ListItem\",\"position\":1,\"name\":\"Domovsk\u00e1 str\u00e1nka\",\"item\":\"https:\\\/\\\/www.mmracing.sk\\\/sk\\\/\"},{\"@type\":\"ListItem\",\"position\":2,\"name\":\"Chip tuning\",\"item\":\"https:\\\/\\\/www.mmracing.sk\\\/sk\\\/chip-tuning\\\/\"},{\"@type\":\"ListItem\",\"position\":3,\"name\":\"Odstr\u00e1nenie a deaktiv\u00edcia EGR\"}]},{\"@type\":\"WebSite\",\"@id\":\"https:\\\/\\\/www.mmracing.sk\\\/sk\\\/#website\",\"url\":\"https:\\\/\\\/www.mmracing.sk\\\/sk\\\/\",\"name\":\"MM RACING\",\"description\":\"MM RACING V\u00e1m pon\u00faka profesion\u00e1lny chip tuning automobilov. Pon\u00fakame aj diagnostiku vozidiel a mno\u017estvo \u010fal\u0161\u00edch slu\u017eieb v Bratislave. Viac na mmracing.sk.\",\"potentialAction\":[{\"@type\":\"SearchAction\",\"target\":{\"@type\":\"EntryPoint\",\"urlTemplate\":\"https:\\\/\\\/www.mmracing.sk\\\/sk\\\/?s={search_term_string}\"},\"query-input\":{\"@type\":\"PropertyValueSpecification\",\"valueRequired\":true,\"valueName\":\"search_term_string\"}}],\"inLanguage\":\"en-GB\"}]}<\/script>\n<!-- \/ Yoast SEO Premium plugin. -->","yoast_head_json":{"title":"Odstr\u00e1nenie a deaktiv\u00edcia EGR - MM RACING","description":"Vykon\u00e1vame profesion\u00e1lnu deaktiv\u00e1ciu EGR na v\u00e4\u010d\u0161ine automobilov. Syst\u00e9m je potrebn\u00e9 mechanicky znefunk\u010dni\u0165 a n\u00e1sledne softv\u00e9rovo deaktivova\u0165.","robots":{"index":"index","follow":"follow","max-snippet":"max-snippet:-1","max-image-preview":"max-image-preview:large","max-video-preview":"max-video-preview:-1"},"canonical":"https:\/\/www.mmracing.sk\/sk\/chip-tuning\/odstranenie-deaktivicia-egr\/","og_locale":"en_GB","og_type":"article","og_title":"Odstr\u00e1nenie a deaktiv\u00edcia EGR","og_description":"Vykon\u00e1vame profesion\u00e1lnu deaktiv\u00e1ciu EGR na v\u00e4\u010d\u0161ine automobilov. Syst\u00e9m je potrebn\u00e9 mechanicky znefunk\u010dni\u0165 a n\u00e1sledne softv\u00e9rovo deaktivova\u0165.","og_url":"https:\/\/www.mmracing.sk\/sk\/chip-tuning\/odstranenie-deaktivicia-egr\/","og_site_name":"MM RACING","article_modified_time":"2025-03-16T11:55:32+00:00","twitter_card":"summary_large_image","twitter_misc":{"Estimated reading time":"1 minute"},"schema":{"@context":"https:\/\/schema.org","@graph":[{"@type":"WebPage","@id":"https:\/\/www.mmracing.sk\/sk\/chip-tuning\/odstranenie-deaktivicia-egr\/","url":"https:\/\/www.mmracing.sk\/sk\/chip-tuning\/odstranenie-deaktivicia-egr\/","name":"Odstr\u00e1nenie a deaktiv\u00edcia EGR - MM RACING","isPartOf":{"@id":"https:\/\/www.mmracing.sk\/sk\/#website"},"datePublished":"2016-09-12T17:05:45+00:00","dateModified":"2025-03-16T11:55:32+00:00","description":"Vykon\u00e1vame profesion\u00e1lnu deaktiv\u00e1ciu EGR na v\u00e4\u010d\u0161ine automobilov. Syst\u00e9m je potrebn\u00e9 mechanicky znefunk\u010dni\u0165 a n\u00e1sledne softv\u00e9rovo deaktivova\u0165.","breadcrumb":{"@id":"https:\/\/www.mmracing.sk\/sk\/chip-tuning\/odstranenie-deaktivicia-egr\/#breadcrumb"},"inLanguage":"en-GB","potentialAction":[{"@type":"ReadAction","target":["https:\/\/www.mmracing.sk\/sk\/chip-tuning\/odstranenie-deaktivicia-egr\/"]}]},{"@type":"BreadcrumbList","@id":"https:\/\/www.mmracing.sk\/sk\/chip-tuning\/odstranenie-deaktivicia-egr\/#breadcrumb","itemListElement":[{"@type":"ListItem","position":1,"name":"Domovsk\u00e1 str\u00e1nka","item":"https:\/\/www.mmracing.sk\/sk\/"},{"@type":"ListItem","position":2,"name":"Chip tuning","item":"https:\/\/www.mmracing.sk\/sk\/chip-tuning\/"},{"@type":"ListItem","position":3,"name":"Odstr\u00e1nenie a deaktiv\u00edcia EGR"}]},{"@type":"WebSite","@id":"https:\/\/www.mmracing.sk\/sk\/#website","url":"https:\/\/www.mmracing.sk\/sk\/","name":"MM RACING","description":"MM RACING V\u00e1m pon\u00faka profesion\u00e1lny chip tuning automobilov. Pon\u00fakame aj diagnostiku vozidiel a mno\u017estvo \u010fal\u0161\u00edch slu\u017eieb v Bratislave. Viac na mmracing.sk.","potentialAction":[{"@type":"SearchAction","target":{"@type":"EntryPoint","urlTemplate":"https:\/\/www.mmracing.sk\/sk\/?s={search_term_string}"},"query-input":{"@type":"PropertyValueSpecification","valueRequired":true,"valueName":"search_term_string"}}],"inLanguage":"en-GB"}]}},"_links":{"self":[{"href":"https:\/\/www.mmracing.sk\/sk\/wp-json\/wp\/v2\/pages\/196","targetHints":{"allow":["GET"]}}],"collection":[{"href":"https:\/\/www.mmracing.sk\/sk\/wp-json\/wp\/v2\/pages"}],"about":[{"href":"https:\/\/www.mmracing.sk\/sk\/wp-json\/wp\/v2\/types\/page"}],"author":[{"embeddable":true,"href":"https:\/\/www.mmracing.sk\/sk\/wp-json\/wp\/v2\/users\/1"}],"replies":[{"embeddable":true,"href":"https:\/\/www.mmracing.sk\/sk\/wp-json\/wp\/v2\/comments?post=196"}],"version-history":[{"count":3,"href":"https:\/\/www.mmracing.sk\/sk\/wp-json\/wp\/v2\/pages\/196\/revisions"}],"predecessor-version":[{"id":9917,"href":"https:\/\/www.mmracing.sk\/sk\/wp-json\/wp\/v2\/pages\/196\/revisions\/9917"}],"up":[{"embeddable":true,"href":"https:\/\/www.mmracing.sk\/sk\/wp-json\/wp\/v2\/pages\/187"}],"wp:attachment":[{"href":"https:\/\/www.mmracing.sk\/sk\/wp-json\/wp\/v2\/media?parent=196"}],"curies":[{"name":"wp","href":"https:\/\/api.w.org\/{rel}","templated":true}]}}