{"id":193,"date":"2016-09-12T19:00:30","date_gmt":"2016-09-12T17:00:30","guid":{"rendered":"http:\/\/www.mmracing.sk\/wp\/sk\/?page_id=193"},"modified":"2025-03-16T12:52:25","modified_gmt":"2025-03-16T11:52:25","slug":"filter-pevnych-castic-dpffap","status":"publish","type":"page","link":"https:\/\/www.mmracing.sk\/sk\/chip-tuning\/filter-pevnych-castic-dpffap\/","title":{"rendered":"Filter pevn\u00fdch \u010dast\u00edc DPF\/FAP"},"content":{"rendered":"<p>Pon\u00fakame plne sofistikovan\u00e9 elektronick\u00e9 aj mechanick\u00e9 odstr\u00e1nenie filtra pevn\u00fdch \u010dast\u00edc.<br \/>\n\u00dakon pozost\u00e1va z dvoch \u010dast\u00ed, mechanick\u00e9ho odstr\u00e1nenia filtra z v\u00fdfukov\u00e9ho syst\u00e9mu a elektronickej deaktiv\u00e1cie filtra pevn\u00fdch \u010dast\u00edc v riadiacej jednotke motora.<\/p>\n<h3>Cena elektronick\u00e9ho odstr\u00e1nenia je pod\u013ea typu motoriz\u00e1cie:<\/h3>\n<p><strong>Eur\u00f3pske vozidl\u00e1:<\/strong><br \/>\ndo 1.850ccm 200,00 \u20ac bez DPH &#8211; 246,00 \u20ac s DPH ( napr\u00edklad Ford Focus 1.6TDCI )<br \/>\nod 1.850ccm 250,00 \u20ac bez DPH &#8211; 307,50 \u20ac s DPH ( napr\u00edklad VW Golf 2.0TDI )<br \/>\nod 2.950ccm 300,00 \u20ac bez DPH &#8211; 369,00 \u20ac s DPH ( napr\u00edklad BMW 530d )<br \/>\nod 3.950ccm 650,00 \u20ac bez DPH &#8211; 799,50 \u20ac s DPH ( napr\u00edklad Audi A8 4.2TDI )<\/p>\n<p><strong>Japonsk\u00e9 vozidl\u00e1:<\/strong><\/p>\n<p>napr\u00edklad Mazda 2.0d, 2.2d 300,00 \u20ac bez DPH &#8211; 369,00 \u20ac s DPH<br \/>\nnapr\u00edklad Nissan Navara \/ Pathfinder 2.5dci 350,00 \u20ac bez DPH &#8211; 430,50 \u20ac s DPH<\/p>\n<ul>\n<li>cena zah\u0155\u0148a programovanie riadiacej jednotky motora, diagnostiku a pr\u00edpadn\u00e9 k\u00f3dovanie riadiacej jednotky motora.<\/li>\n<\/ul>\n<p>Cena mechanick\u00e9ho odstr\u00e1nenia je pod\u013ea \u010dasu pr\u00e1ce:<\/p>\n<p>na vozidle s pr\u00edstupn\u00fdm filtrom pevn\u00fdch \u010dast\u00edc stoj\u00ed mechanick\u00e1 pr\u00e1ca 80,00 &#8211; 100 \u20ac bez DPH av\u0161ak napr\u00edklad pri Octavia 2.0TDI je potrebn\u00e9 po odstr\u00e1nen\u00ed nastavi\u0165 geometriu vozidla, cena je t\u00fdm p\u00e1dom vy\u0161\u0161ia.<\/p>\n<h3>Naj\u010dastej\u0161ie ot\u00e1zky:<\/h3>\n<p>Odstr\u00e1nen\u00edm filtra pevn\u00fdch \u010dast\u00edc v \u017eiadnom pr\u00edpade nezn\u00ed\u017eite \u017eivotnos\u0165 motora, motor je kon\u0161truovan\u00fd tak \u017ee je nezavisl\u00fd na tejto s\u00fa\u010dasti.<\/p>\n<p>Odstr\u00e1nen\u00edm filtra pevn\u00fdch \u010dast\u00edc, je tento probl\u00e9m vyrie\u0161en\u00fd natrvalo, samozrejme so z\u00e1rukou plnenia emisn\u00fdch hodn\u00f4t.<\/p>\n<p>Ke\u010f sa prebieha regener\u00e1cia, aby sa dosiahla \u010do najvy\u0161ia teplota na DPF kv\u00f4li spravnej regenr\u00e1cii, je vstrekovan\u00e1 v\u00e4\u010d\u0161ia d\u00e1vka paliva v \u010fal\u0161ej f\u00e1ze (tzv post injection). Pri elektronickej deaktiv\u00e1cii samozrejme t\u00fato d\u00e1vku paliva deaktivujeme taktie\u017e. To je \u010fa\u013e\u0161i z d\u00f4vodov pre\u010do potom klesne spotreba.<\/p>\n<p>Deaktiv\u00e1ciou sa \u017eiadnym sp\u00f4sobom neovplyv\u0148uje funk\u010dnos\u0165 riadiacej jednotky motora.<\/p>\n<p><strong>V\u00fdber vozidiel na ktor\u00fdch vieme odstr\u00e1ni\u0165 DPF &#8211; filter pevn\u00fdch \u010dast\u00edc:<\/strong><\/p>\n<p>Audi &#8211; Seat &#8211; \u0160koda &#8211; VW &#8211; Porsche 1.4TDI, 1.6TDI, 1.9TDI, 2.0TDI, 3.0TDI, 4.2TDI<br \/>\nBMW &#8211; Mini 1.6d, 18d, 20d, 25d, 30d, 35d, 40d, 4.5d<br \/>\nCitroen &#8211; Peugeot 1.4HDI, 1.6HDI, 2.0HDI, 2.7HDI, 3.0HDI<br \/>\nFiat &#8211; Alfa Romeo &#8211; Lancia 1.3JTD, 1.9JTD, 2.0JTD, 2.3JTD, 3.0JTD<br \/>\nHonda 2.2CTDi<br \/>\nHyundai &#8211; Kia 1.6CRDI, 1.7CRDI, 2.0CRDI, 2.2CRDI<br \/>\nDaewoo &#8211; Chevrolet 1.5CRD, 2.0CRD<br \/>\nIveco 2.3HPI, 3.0HPI, 3.0HPT<br \/>\nIveco &#8211; New Holland<br \/>\nLand Rover &#8211; Jaguar 2.7TD, 3.0TD, 3.6TD, 4.4TD<br \/>\nDacia &#8211; Renault 1.5DCI, 1.9DCI, 2.0DCI, 2.5DCI, 3.0DCI<br \/>\nMercedes 160CDI, 180CDI, 200CDI, 220CDI, 280CDI, 300CDI, 320CDI, 350CDI, 420CDI<br \/>\nNissan 2.0DCI, 2.2DCI, 2.5DCI<br \/>\nMazda 1.6MCD, 2.0MCD, 2.2MCD<br \/>\nOpel &#8211; Saab &#8211; 1.7CTDI, 1.9CTDI, 2.5CTDI<br \/>\nSuzuki 1.6DDIS, 1.9DDIS<br \/>\nSubaru 2.0boxer diesel<br \/>\nMitsubishi 2.0DID<br \/>\nToyota 1.4 D-4D<br \/>\nVolvo 1.6d, 2.0d, 2,4d<br \/>\nChrysler &#8211; Jeep &#8211; Dodge 2.0CRD, 2.8CRD, 3.0CRD<br \/>\nSmart 1.0cdi, 1,5cdi<\/p>\n<h3>Ako sa prejavuje nespr\u00e1vna funk\u010dos\u0165 filtra pevn\u00fdch \u010dast\u00edc:<\/h3>\n<p>1. auto aj pri maxim\u00e1lne pridanom plyne nem\u00e1 v\u00fdkon<br \/>\n2. svieti kontrolka diagnostiky<br \/>\n3. vozidlo sa sna\u017e\u00ed opakovane regenerova\u0165, ne\u00famerne st\u00fapa spotreba paliva<br \/>\n4.nieko\u013ekokr\u00e1t v krat\u0161om \u010dase bola potreba n\u00fadzovej regener\u00e1cie, sp\u00fa\u0161\u0165anej diagnostick\u00fdm zariaden\u00edm<\/p>\n<div id=\"attachment_194\" style=\"width: 522px\" class=\"wp-caption alignnone\"><a href=\"https:\/\/www.mmracing.sk\/wp\/wp-content\/uploads\/dpf-news.jpg\"><img loading=\"lazy\" decoding=\"async\" aria-describedby=\"caption-attachment-194\" class=\" wp-image-194\" src=\"https:\/\/www.mmracing.sk\/wp\/wp-content\/uploads\/dpf-news-345x267.jpg\" alt=\"Filter pevn\u00fdch \u010dast\u00edc DPF\/FAP\" width=\"512\" height=\"396\" srcset=\"https:\/\/www.mmracing.sk\/wp\/wp-content\/uploads\/dpf-news-345x267.jpg 345w, https:\/\/www.mmracing.sk\/wp\/wp-content\/uploads\/dpf-news-120x93.jpg 120w, https:\/\/www.mmracing.sk\/wp\/wp-content\/uploads\/dpf-news-180x139.jpg 180w, https:\/\/www.mmracing.sk\/wp\/wp-content\/uploads\/dpf-news.jpg 480w\" sizes=\"auto, (max-width: 512px) 100vw, 512px\" \/><\/a><p id=\"caption-attachment-194\" class=\"wp-caption-text\">Filter pevn\u00fdch \u010dast\u00edc DPF\/FAP<\/p><\/div>\n","protected":false},"excerpt":{"rendered":"<p>Pon\u00fakame plne sofistikovan\u00e9 elektronick\u00e9 aj mechanick\u00e9 odstr\u00e1nenie filtra pevn\u00fdch \u010dast\u00edc. \u00dakon pozost\u00e1va z dvoch \u010dast\u00ed, mechanick\u00e9ho odstr\u00e1nenia filtra z v\u00fdfukov\u00e9ho [&hellip;]<\/p>\n","protected":false},"author":1,"featured_media":0,"parent":187,"menu_order":4,"comment_status":"closed","ping_status":"closed","template":"","meta":{"footnotes":""},"class_list":["post-193","page","type-page","status-publish","hentry"],"yoast_head":"<!-- This site is optimized with the Yoast SEO Premium plugin v23.8 (Yoast SEO v27.4) - https:\/\/yoast.com\/product\/yoast-seo-premium-wordpress\/ -->\n<title>Filter pevn\u00fdch \u010dast\u00edc DPF\/FAP - MM RACING<\/title>\n<meta name=\"description\" content=\"Pon\u00fakame V\u00e1m zbavi\u0165 sa probl\u00e9mov s filtrom pevn\u00fdch \u010dast\u00edc na rozli\u010dn\u00fdch vozidl\u00e1ch. Nav\u0161t\u00edvte n\u00e1\u0161 servis v Bratislave.\" \/>\n<meta name=\"robots\" content=\"index, follow, max-snippet:-1, max-image-preview:large, max-video-preview:-1\" \/>\n<link rel=\"canonical\" href=\"https:\/\/www.mmracing.sk\/sk\/chip-tuning\/filter-pevnych-castic-dpffap\/\" \/>\n<meta property=\"og:locale\" content=\"en_GB\" \/>\n<meta property=\"og:type\" content=\"article\" \/>\n<meta property=\"og:title\" content=\"Filter pevn\u00fdch \u010dast\u00edc DPF\/FAP\" \/>\n<meta property=\"og:description\" content=\"Pon\u00fakame V\u00e1m zbavi\u0165 sa probl\u00e9mov s filtrom pevn\u00fdch \u010dast\u00edc na rozli\u010dn\u00fdch vozidl\u00e1ch. Nav\u0161t\u00edvte n\u00e1\u0161 servis v Bratislave.\" \/>\n<meta property=\"og:url\" content=\"https:\/\/www.mmracing.sk\/sk\/chip-tuning\/filter-pevnych-castic-dpffap\/\" \/>\n<meta property=\"og:site_name\" content=\"MM RACING\" \/>\n<meta property=\"article:modified_time\" content=\"2025-03-16T11:52:25+00:00\" \/>\n<meta property=\"og:image\" content=\"https:\/\/www.mmracing.sk\/wp\/wp-content\/uploads\/dpf-news.jpg\" \/>\n\t<meta property=\"og:image:width\" content=\"480\" \/>\n\t<meta property=\"og:image:height\" content=\"371\" \/>\n\t<meta property=\"og:image:type\" content=\"image\/jpeg\" \/>\n<meta name=\"twitter:card\" content=\"summary_large_image\" \/>\n<meta name=\"twitter:label1\" content=\"Estimated reading time\" \/>\n\t<meta name=\"twitter:data1\" content=\"3 minutes\" \/>\n<script type=\"application\/ld+json\" class=\"yoast-schema-graph\">{\"@context\":\"https:\\\/\\\/schema.org\",\"@graph\":[{\"@type\":\"WebPage\",\"@id\":\"https:\\\/\\\/www.mmracing.sk\\\/sk\\\/chip-tuning\\\/filter-pevnych-castic-dpffap\\\/\",\"url\":\"https:\\\/\\\/www.mmracing.sk\\\/sk\\\/chip-tuning\\\/filter-pevnych-castic-dpffap\\\/\",\"name\":\"Filter pevn\u00fdch \u010dast\u00edc DPF\\\/FAP - MM RACING\",\"isPartOf\":{\"@id\":\"https:\\\/\\\/www.mmracing.sk\\\/sk\\\/#website\"},\"primaryImageOfPage\":{\"@id\":\"https:\\\/\\\/www.mmracing.sk\\\/sk\\\/chip-tuning\\\/filter-pevnych-castic-dpffap\\\/#primaryimage\"},\"image\":{\"@id\":\"https:\\\/\\\/www.mmracing.sk\\\/sk\\\/chip-tuning\\\/filter-pevnych-castic-dpffap\\\/#primaryimage\"},\"thumbnailUrl\":\"https:\\\/\\\/www.mmracing.sk\\\/wp\\\/wp-content\\\/uploads\\\/dpf-news-345x267.jpg\",\"datePublished\":\"2016-09-12T17:00:30+00:00\",\"dateModified\":\"2025-03-16T11:52:25+00:00\",\"description\":\"Pon\u00fakame V\u00e1m zbavi\u0165 sa probl\u00e9mov s filtrom pevn\u00fdch \u010dast\u00edc na rozli\u010dn\u00fdch vozidl\u00e1ch. Nav\u0161t\u00edvte n\u00e1\u0161 servis v Bratislave.\",\"breadcrumb\":{\"@id\":\"https:\\\/\\\/www.mmracing.sk\\\/sk\\\/chip-tuning\\\/filter-pevnych-castic-dpffap\\\/#breadcrumb\"},\"inLanguage\":\"en-GB\",\"potentialAction\":[{\"@type\":\"ReadAction\",\"target\":[\"https:\\\/\\\/www.mmracing.sk\\\/sk\\\/chip-tuning\\\/filter-pevnych-castic-dpffap\\\/\"]}]},{\"@type\":\"ImageObject\",\"inLanguage\":\"en-GB\",\"@id\":\"https:\\\/\\\/www.mmracing.sk\\\/sk\\\/chip-tuning\\\/filter-pevnych-castic-dpffap\\\/#primaryimage\",\"url\":\"https:\\\/\\\/www.mmracing.sk\\\/wp\\\/wp-content\\\/uploads\\\/dpf-news-345x267.jpg\",\"contentUrl\":\"https:\\\/\\\/www.mmracing.sk\\\/wp\\\/wp-content\\\/uploads\\\/dpf-news-345x267.jpg\"},{\"@type\":\"BreadcrumbList\",\"@id\":\"https:\\\/\\\/www.mmracing.sk\\\/sk\\\/chip-tuning\\\/filter-pevnych-castic-dpffap\\\/#breadcrumb\",\"itemListElement\":[{\"@type\":\"ListItem\",\"position\":1,\"name\":\"Domovsk\u00e1 str\u00e1nka\",\"item\":\"https:\\\/\\\/www.mmracing.sk\\\/sk\\\/\"},{\"@type\":\"ListItem\",\"position\":2,\"name\":\"Chip tuning\",\"item\":\"https:\\\/\\\/www.mmracing.sk\\\/sk\\\/chip-tuning\\\/\"},{\"@type\":\"ListItem\",\"position\":3,\"name\":\"Filter pevn\u00fdch \u010dast\u00edc DPF\\\/FAP\"}]},{\"@type\":\"WebSite\",\"@id\":\"https:\\\/\\\/www.mmracing.sk\\\/sk\\\/#website\",\"url\":\"https:\\\/\\\/www.mmracing.sk\\\/sk\\\/\",\"name\":\"MM RACING\",\"description\":\"MM RACING V\u00e1m pon\u00faka profesion\u00e1lny chip tuning automobilov. Pon\u00fakame aj diagnostiku vozidiel a mno\u017estvo \u010fal\u0161\u00edch slu\u017eieb v Bratislave. Viac na mmracing.sk.\",\"potentialAction\":[{\"@type\":\"SearchAction\",\"target\":{\"@type\":\"EntryPoint\",\"urlTemplate\":\"https:\\\/\\\/www.mmracing.sk\\\/sk\\\/?s={search_term_string}\"},\"query-input\":{\"@type\":\"PropertyValueSpecification\",\"valueRequired\":true,\"valueName\":\"search_term_string\"}}],\"inLanguage\":\"en-GB\"}]}<\/script>\n<!-- \/ Yoast SEO Premium plugin. -->","yoast_head_json":{"title":"Filter pevn\u00fdch \u010dast\u00edc DPF\/FAP - MM RACING","description":"Pon\u00fakame V\u00e1m zbavi\u0165 sa probl\u00e9mov s filtrom pevn\u00fdch \u010dast\u00edc na rozli\u010dn\u00fdch vozidl\u00e1ch. Nav\u0161t\u00edvte n\u00e1\u0161 servis v Bratislave.","robots":{"index":"index","follow":"follow","max-snippet":"max-snippet:-1","max-image-preview":"max-image-preview:large","max-video-preview":"max-video-preview:-1"},"canonical":"https:\/\/www.mmracing.sk\/sk\/chip-tuning\/filter-pevnych-castic-dpffap\/","og_locale":"en_GB","og_type":"article","og_title":"Filter pevn\u00fdch \u010dast\u00edc DPF\/FAP","og_description":"Pon\u00fakame V\u00e1m zbavi\u0165 sa probl\u00e9mov s filtrom pevn\u00fdch \u010dast\u00edc na rozli\u010dn\u00fdch vozidl\u00e1ch. Nav\u0161t\u00edvte n\u00e1\u0161 servis v Bratislave.","og_url":"https:\/\/www.mmracing.sk\/sk\/chip-tuning\/filter-pevnych-castic-dpffap\/","og_site_name":"MM RACING","article_modified_time":"2025-03-16T11:52:25+00:00","og_image":[{"width":480,"height":371,"url":"https:\/\/www.mmracing.sk\/wp\/wp-content\/uploads\/dpf-news.jpg","type":"image\/jpeg"}],"twitter_card":"summary_large_image","twitter_misc":{"Estimated reading time":"3 minutes"},"schema":{"@context":"https:\/\/schema.org","@graph":[{"@type":"WebPage","@id":"https:\/\/www.mmracing.sk\/sk\/chip-tuning\/filter-pevnych-castic-dpffap\/","url":"https:\/\/www.mmracing.sk\/sk\/chip-tuning\/filter-pevnych-castic-dpffap\/","name":"Filter pevn\u00fdch \u010dast\u00edc DPF\/FAP - MM RACING","isPartOf":{"@id":"https:\/\/www.mmracing.sk\/sk\/#website"},"primaryImageOfPage":{"@id":"https:\/\/www.mmracing.sk\/sk\/chip-tuning\/filter-pevnych-castic-dpffap\/#primaryimage"},"image":{"@id":"https:\/\/www.mmracing.sk\/sk\/chip-tuning\/filter-pevnych-castic-dpffap\/#primaryimage"},"thumbnailUrl":"https:\/\/www.mmracing.sk\/wp\/wp-content\/uploads\/dpf-news-345x267.jpg","datePublished":"2016-09-12T17:00:30+00:00","dateModified":"2025-03-16T11:52:25+00:00","description":"Pon\u00fakame V\u00e1m zbavi\u0165 sa probl\u00e9mov s filtrom pevn\u00fdch \u010dast\u00edc na rozli\u010dn\u00fdch vozidl\u00e1ch. Nav\u0161t\u00edvte n\u00e1\u0161 servis v Bratislave.","breadcrumb":{"@id":"https:\/\/www.mmracing.sk\/sk\/chip-tuning\/filter-pevnych-castic-dpffap\/#breadcrumb"},"inLanguage":"en-GB","potentialAction":[{"@type":"ReadAction","target":["https:\/\/www.mmracing.sk\/sk\/chip-tuning\/filter-pevnych-castic-dpffap\/"]}]},{"@type":"ImageObject","inLanguage":"en-GB","@id":"https:\/\/www.mmracing.sk\/sk\/chip-tuning\/filter-pevnych-castic-dpffap\/#primaryimage","url":"https:\/\/www.mmracing.sk\/wp\/wp-content\/uploads\/dpf-news-345x267.jpg","contentUrl":"https:\/\/www.mmracing.sk\/wp\/wp-content\/uploads\/dpf-news-345x267.jpg"},{"@type":"BreadcrumbList","@id":"https:\/\/www.mmracing.sk\/sk\/chip-tuning\/filter-pevnych-castic-dpffap\/#breadcrumb","itemListElement":[{"@type":"ListItem","position":1,"name":"Domovsk\u00e1 str\u00e1nka","item":"https:\/\/www.mmracing.sk\/sk\/"},{"@type":"ListItem","position":2,"name":"Chip tuning","item":"https:\/\/www.mmracing.sk\/sk\/chip-tuning\/"},{"@type":"ListItem","position":3,"name":"Filter pevn\u00fdch \u010dast\u00edc DPF\/FAP"}]},{"@type":"WebSite","@id":"https:\/\/www.mmracing.sk\/sk\/#website","url":"https:\/\/www.mmracing.sk\/sk\/","name":"MM RACING","description":"MM RACING V\u00e1m pon\u00faka profesion\u00e1lny chip tuning automobilov. Pon\u00fakame aj diagnostiku vozidiel a mno\u017estvo \u010fal\u0161\u00edch slu\u017eieb v Bratislave. Viac na mmracing.sk.","potentialAction":[{"@type":"SearchAction","target":{"@type":"EntryPoint","urlTemplate":"https:\/\/www.mmracing.sk\/sk\/?s={search_term_string}"},"query-input":{"@type":"PropertyValueSpecification","valueRequired":true,"valueName":"search_term_string"}}],"inLanguage":"en-GB"}]}},"_links":{"self":[{"href":"https:\/\/www.mmracing.sk\/sk\/wp-json\/wp\/v2\/pages\/193","targetHints":{"allow":["GET"]}}],"collection":[{"href":"https:\/\/www.mmracing.sk\/sk\/wp-json\/wp\/v2\/pages"}],"about":[{"href":"https:\/\/www.mmracing.sk\/sk\/wp-json\/wp\/v2\/types\/page"}],"author":[{"embeddable":true,"href":"https:\/\/www.mmracing.sk\/sk\/wp-json\/wp\/v2\/users\/1"}],"replies":[{"embeddable":true,"href":"https:\/\/www.mmracing.sk\/sk\/wp-json\/wp\/v2\/comments?post=193"}],"version-history":[{"count":5,"href":"https:\/\/www.mmracing.sk\/sk\/wp-json\/wp\/v2\/pages\/193\/revisions"}],"predecessor-version":[{"id":9914,"href":"https:\/\/www.mmracing.sk\/sk\/wp-json\/wp\/v2\/pages\/193\/revisions\/9914"}],"up":[{"embeddable":true,"href":"https:\/\/www.mmracing.sk\/sk\/wp-json\/wp\/v2\/pages\/187"}],"wp:attachment":[{"href":"https:\/\/www.mmracing.sk\/sk\/wp-json\/wp\/v2\/media?parent=193"}],"curies":[{"name":"wp","href":"https:\/\/api.w.org\/{rel}","templated":true}]}}