{"id":191,"date":"2016-09-12T18:55:28","date_gmt":"2016-09-12T16:55:28","guid":{"rendered":"http:\/\/www.mmracing.sk\/wp\/sk\/?page_id=191"},"modified":"2016-09-21T20:06:47","modified_gmt":"2016-09-21T18:06:47","slug":"rapid-box","status":"publish","type":"page","link":"https:\/\/www.mmracing.sk\/sk\/chip-tuning\/rapid-box\/","title":{"rendered":"Rapid BOX"},"content":{"rendered":"<p>Pre vozidl\u00e1, ktor\u00e9 nemaj\u00fa &#8220;upravite\u013en\u00fa&#8221; riadiacu jednotku, pon\u00fakame mo\u017enos\u0165 \u00fapravy. Od popredn\u00e9ho svetov\u00e9ho v\u00fdrobcu DimSport, mimo pon\u00fakan\u00e9ho sortimentu mo\u017enosti \u00faprav motocyklov v\u010faka produktovej rade RapidBike, pon\u00fakame aj plne programovate\u013en\u00e9 podru\u017en\u00e9 riadiace jednotky rady RapidBox pre osobn\u00e9 a n\u00e1kladn\u00e9 vozidl\u00e1, ako jedin\u00e9 mo\u017en\u00e9 rie\u0161enie zv\u00fd\u0161enia v\u00fdkonu a zn\u00ed\u017eenia spotreby.<\/p>\n<p>Upozor\u0148ujeme z\u00e1kazn\u00edkov, \u017ee sa nejedn\u00e1 o be\u017en\u00e9 &#8220;boxy&#8221; na ktor\u00e9 boli doteraz zvyknut\u00ed. Tak\u00e9to rie\u0161enie ani neodpor\u00fa\u010dame.<\/p>\n<p>RapidBox je inteligentn\u00fd plne programovate\u013en\u00fd syst\u00e9m, riaden\u00fd pod\u013ea plynov\u00e9ho ped\u00e1lu, ovl\u00e1da ka\u017ed\u00fd vstrekova\u010d, vstrekovaciu rampu a hlavne plniaci tlak turba. V\u010faka tomu docielime ide\u00e1lne a z\u00e1rove\u0148 spo\u013eahliv\u00e9 a funk\u010dn\u00e9 rie\u0161enie zv\u00fd\u0161enia v\u00fdkonu a kr\u00fatiaceho momentu aj napriek tomu, \u017ee vozidlo disponuje napr\u00edklad filtrom pevn\u00fdch \u010dast\u00edc vo v\u00fdfukovom syst\u00e9me.<\/p>\n<p><strong>Ako pr\u00edklad uv\u00e1dzame najbe\u017enej\u0161ie montovan\u00e9 vozidl\u00e1:<\/strong><\/p>\n<p>BMW MY2010, MY2011, MY 2012, MY2013 &#8211; 3.0d 245k\/258k &#8211; 3.5d\/4.0d 306k\/313k<\/p>\n<p>Opel Vectra, Signum 2.2DTI<\/p>\n<p>Renault Expace 3.0DCI \/Denso\/<\/p>\n<p>Toyota RAV4, Avensis 2.0D4D<\/p>\n<p>Toyota Avensis, RAV4, Corolla 2.2D4D<\/p>\n<p>Toyota LandCruiser 3.0D4D \/ 4.2D4D<\/p>\n<p>Cena vr\u00e1tane mont\u00e1\u017ee, nastavenia a merania v\u00fdkonu pred a po \u00faprave je<\/p>\n<p><strong>830,00 \u20ac bez DPH &#8211; 996,00 \u20ac s DPH<\/strong><\/p>\n","protected":false},"excerpt":{"rendered":"<p>Pre vozidl\u00e1, ktor\u00e9 nemaj\u00fa &#8220;upravite\u013en\u00fa&#8221; riadiacu jednotku, pon\u00fakame mo\u017enos\u0165 \u00fapravy. Od popredn\u00e9ho svetov\u00e9ho v\u00fdrobcu DimSport, mimo pon\u00fakan\u00e9ho sortimentu mo\u017enosti \u00faprav [&hellip;]<\/p>\n","protected":false},"author":1,"featured_media":0,"parent":187,"menu_order":3,"comment_status":"closed","ping_status":"closed","template":"","meta":{"footnotes":""},"class_list":["post-191","page","type-page","status-publish","hentry"],"yoast_head":"<!-- This site is optimized with the Yoast SEO Premium plugin v23.8 (Yoast SEO v27.5) - https:\/\/yoast.com\/product\/yoast-seo-premium-wordpress\/ -->\n<title>Rapid BOX - MM RACING<\/title>\n<meta name=\"description\" content=\"Rapid box je najide\u00e1lnej\u0161\u00ed variant externej riadiacej jednotky na zv\u00fd\u0161enie v\u00fdkonu motora, v\u010faka ktor\u00e9mu sme doplnili portf\u00f3lio napr. aj pre zna\u010dku Toyota\" \/>\n<meta name=\"robots\" content=\"index, follow, max-snippet:-1, max-image-preview:large, max-video-preview:-1\" \/>\n<link rel=\"canonical\" href=\"https:\/\/www.mmracing.sk\/sk\/chip-tuning\/rapid-box\/\" \/>\n<meta property=\"og:locale\" content=\"en_GB\" \/>\n<meta property=\"og:type\" content=\"article\" \/>\n<meta property=\"og:title\" content=\"Rapid BOX\" \/>\n<meta property=\"og:description\" content=\"Rapid box je najide\u00e1lnej\u0161\u00ed variant externej riadiacej jednotky na zv\u00fd\u0161enie v\u00fdkonu motora, v\u010faka ktor\u00e9mu sme doplnili portf\u00f3lio napr. aj pre zna\u010dku Toyota\" \/>\n<meta property=\"og:url\" content=\"https:\/\/www.mmracing.sk\/sk\/chip-tuning\/rapid-box\/\" \/>\n<meta property=\"og:site_name\" content=\"MM RACING\" \/>\n<meta property=\"article:modified_time\" content=\"2016-09-21T18:06:47+00:00\" \/>\n<meta name=\"twitter:card\" content=\"summary_large_image\" \/>\n<meta name=\"twitter:label1\" content=\"Estimated reading time\" \/>\n\t<meta name=\"twitter:data1\" content=\"1 minute\" \/>\n<script type=\"application\/ld+json\" class=\"yoast-schema-graph\">{\"@context\":\"https:\\\/\\\/schema.org\",\"@graph\":[{\"@type\":\"WebPage\",\"@id\":\"https:\\\/\\\/www.mmracing.sk\\\/sk\\\/chip-tuning\\\/rapid-box\\\/\",\"url\":\"https:\\\/\\\/www.mmracing.sk\\\/sk\\\/chip-tuning\\\/rapid-box\\\/\",\"name\":\"Rapid BOX - MM RACING\",\"isPartOf\":{\"@id\":\"https:\\\/\\\/www.mmracing.sk\\\/sk\\\/#website\"},\"datePublished\":\"2016-09-12T16:55:28+00:00\",\"dateModified\":\"2016-09-21T18:06:47+00:00\",\"description\":\"Rapid box je najide\u00e1lnej\u0161\u00ed variant externej riadiacej jednotky na zv\u00fd\u0161enie v\u00fdkonu motora, v\u010faka ktor\u00e9mu sme doplnili portf\u00f3lio napr. aj pre zna\u010dku Toyota\",\"breadcrumb\":{\"@id\":\"https:\\\/\\\/www.mmracing.sk\\\/sk\\\/chip-tuning\\\/rapid-box\\\/#breadcrumb\"},\"inLanguage\":\"en-GB\",\"potentialAction\":[{\"@type\":\"ReadAction\",\"target\":[\"https:\\\/\\\/www.mmracing.sk\\\/sk\\\/chip-tuning\\\/rapid-box\\\/\"]}]},{\"@type\":\"BreadcrumbList\",\"@id\":\"https:\\\/\\\/www.mmracing.sk\\\/sk\\\/chip-tuning\\\/rapid-box\\\/#breadcrumb\",\"itemListElement\":[{\"@type\":\"ListItem\",\"position\":1,\"name\":\"Domovsk\u00e1 str\u00e1nka\",\"item\":\"https:\\\/\\\/www.mmracing.sk\\\/sk\\\/\"},{\"@type\":\"ListItem\",\"position\":2,\"name\":\"Chip tuning\",\"item\":\"https:\\\/\\\/www.mmracing.sk\\\/sk\\\/chip-tuning\\\/\"},{\"@type\":\"ListItem\",\"position\":3,\"name\":\"Rapid BOX\"}]},{\"@type\":\"WebSite\",\"@id\":\"https:\\\/\\\/www.mmracing.sk\\\/sk\\\/#website\",\"url\":\"https:\\\/\\\/www.mmracing.sk\\\/sk\\\/\",\"name\":\"MM RACING\",\"description\":\"MM RACING V\u00e1m pon\u00faka profesion\u00e1lny chip tuning automobilov. Pon\u00fakame aj diagnostiku vozidiel a mno\u017estvo \u010fal\u0161\u00edch slu\u017eieb v Bratislave. Viac na mmracing.sk.\",\"potentialAction\":[{\"@type\":\"SearchAction\",\"target\":{\"@type\":\"EntryPoint\",\"urlTemplate\":\"https:\\\/\\\/www.mmracing.sk\\\/sk\\\/?s={search_term_string}\"},\"query-input\":{\"@type\":\"PropertyValueSpecification\",\"valueRequired\":true,\"valueName\":\"search_term_string\"}}],\"inLanguage\":\"en-GB\"}]}<\/script>\n<!-- \/ Yoast SEO Premium plugin. -->","yoast_head_json":{"title":"Rapid BOX - MM RACING","description":"Rapid box je najide\u00e1lnej\u0161\u00ed variant externej riadiacej jednotky na zv\u00fd\u0161enie v\u00fdkonu motora, v\u010faka ktor\u00e9mu sme doplnili portf\u00f3lio napr. aj pre zna\u010dku Toyota","robots":{"index":"index","follow":"follow","max-snippet":"max-snippet:-1","max-image-preview":"max-image-preview:large","max-video-preview":"max-video-preview:-1"},"canonical":"https:\/\/www.mmracing.sk\/sk\/chip-tuning\/rapid-box\/","og_locale":"en_GB","og_type":"article","og_title":"Rapid BOX","og_description":"Rapid box je najide\u00e1lnej\u0161\u00ed variant externej riadiacej jednotky na zv\u00fd\u0161enie v\u00fdkonu motora, v\u010faka ktor\u00e9mu sme doplnili portf\u00f3lio napr. aj pre zna\u010dku Toyota","og_url":"https:\/\/www.mmracing.sk\/sk\/chip-tuning\/rapid-box\/","og_site_name":"MM RACING","article_modified_time":"2016-09-21T18:06:47+00:00","twitter_card":"summary_large_image","twitter_misc":{"Estimated reading time":"1 minute"},"schema":{"@context":"https:\/\/schema.org","@graph":[{"@type":"WebPage","@id":"https:\/\/www.mmracing.sk\/sk\/chip-tuning\/rapid-box\/","url":"https:\/\/www.mmracing.sk\/sk\/chip-tuning\/rapid-box\/","name":"Rapid BOX - MM RACING","isPartOf":{"@id":"https:\/\/www.mmracing.sk\/sk\/#website"},"datePublished":"2016-09-12T16:55:28+00:00","dateModified":"2016-09-21T18:06:47+00:00","description":"Rapid box je najide\u00e1lnej\u0161\u00ed variant externej riadiacej jednotky na zv\u00fd\u0161enie v\u00fdkonu motora, v\u010faka ktor\u00e9mu sme doplnili portf\u00f3lio napr. aj pre zna\u010dku Toyota","breadcrumb":{"@id":"https:\/\/www.mmracing.sk\/sk\/chip-tuning\/rapid-box\/#breadcrumb"},"inLanguage":"en-GB","potentialAction":[{"@type":"ReadAction","target":["https:\/\/www.mmracing.sk\/sk\/chip-tuning\/rapid-box\/"]}]},{"@type":"BreadcrumbList","@id":"https:\/\/www.mmracing.sk\/sk\/chip-tuning\/rapid-box\/#breadcrumb","itemListElement":[{"@type":"ListItem","position":1,"name":"Domovsk\u00e1 str\u00e1nka","item":"https:\/\/www.mmracing.sk\/sk\/"},{"@type":"ListItem","position":2,"name":"Chip tuning","item":"https:\/\/www.mmracing.sk\/sk\/chip-tuning\/"},{"@type":"ListItem","position":3,"name":"Rapid BOX"}]},{"@type":"WebSite","@id":"https:\/\/www.mmracing.sk\/sk\/#website","url":"https:\/\/www.mmracing.sk\/sk\/","name":"MM RACING","description":"MM RACING V\u00e1m pon\u00faka profesion\u00e1lny chip tuning automobilov. Pon\u00fakame aj diagnostiku vozidiel a mno\u017estvo \u010fal\u0161\u00edch slu\u017eieb v Bratislave. Viac na mmracing.sk.","potentialAction":[{"@type":"SearchAction","target":{"@type":"EntryPoint","urlTemplate":"https:\/\/www.mmracing.sk\/sk\/?s={search_term_string}"},"query-input":{"@type":"PropertyValueSpecification","valueRequired":true,"valueName":"search_term_string"}}],"inLanguage":"en-GB"}]}},"_links":{"self":[{"href":"https:\/\/www.mmracing.sk\/sk\/wp-json\/wp\/v2\/pages\/191","targetHints":{"allow":["GET"]}}],"collection":[{"href":"https:\/\/www.mmracing.sk\/sk\/wp-json\/wp\/v2\/pages"}],"about":[{"href":"https:\/\/www.mmracing.sk\/sk\/wp-json\/wp\/v2\/types\/page"}],"author":[{"embeddable":true,"href":"https:\/\/www.mmracing.sk\/sk\/wp-json\/wp\/v2\/users\/1"}],"replies":[{"embeddable":true,"href":"https:\/\/www.mmracing.sk\/sk\/wp-json\/wp\/v2\/comments?post=191"}],"version-history":[{"count":1,"href":"https:\/\/www.mmracing.sk\/sk\/wp-json\/wp\/v2\/pages\/191\/revisions"}],"predecessor-version":[{"id":192,"href":"https:\/\/www.mmracing.sk\/sk\/wp-json\/wp\/v2\/pages\/191\/revisions\/192"}],"up":[{"embeddable":true,"href":"https:\/\/www.mmracing.sk\/sk\/wp-json\/wp\/v2\/pages\/187"}],"wp:attachment":[{"href":"https:\/\/www.mmracing.sk\/sk\/wp-json\/wp\/v2\/media?parent=191"}],"curies":[{"name":"wp","href":"https:\/\/api.w.org\/{rel}","templated":true}]}}