{"id":179,"date":"2016-09-12T17:43:30","date_gmt":"2016-09-12T15:43:30","guid":{"rendered":"http:\/\/www.mmracing.sk\/wp\/sk\/?page_id=179"},"modified":"2016-09-21T20:06:48","modified_gmt":"2016-09-21T18:06:48","slug":"chiptuning-pre-lode","status":"publish","type":"page","link":"https:\/\/www.mmracing.sk\/sk\/chip-tuning\/technologia-upravy\/chiptuning-pre-lode\/","title":{"rendered":"Chiptuning pre lode"},"content":{"rendered":"<p>Mo\u017eete ma\u0165 v lodi ak\u00fd ko\u013evek v\u00fdkonn\u00fd motor, st\u00e1le bude m\u00e1lo.<br \/>\nMy V\u00e1m s t\u00fdm pom\u00f4\u017eeme&#8230;<\/p>\n<h3>Pr\u00edklad rozdielu pred a po \u00faprave:<\/h3>\n<p>Regal 38, motor 2x Volvo Penta D6-370<br \/>\nv\u00fdkon po \u00faprave 410k<\/p>\n<h3>nameran\u00e9 hodnoty<\/h3>\n<p><strong>zr\u00fdchlenie 4 &#8211; 25 knots:<\/strong> pred \u00fapravou 26 sec &#8211; po \u00faprave 16 sec<br \/>\n<strong>maxim\u00e1lna r\u00fdchlos\u0165:<\/strong> pred \u00fapravou 27,5 knots &#8211; po \u00faprave 30 knots<br \/>\n<strong>max dosiahnut\u00e9 ot\u00e1\u010dky:<\/strong> pred \u00fapravou 3480 ot\/min &#8211; po \u00faprave 3610 ot\/min<\/p>\n","protected":false},"excerpt":{"rendered":"<p>Mo\u017eete ma\u0165 v lodi ak\u00fd ko\u013evek v\u00fdkonn\u00fd motor, st\u00e1le bude m\u00e1lo. My V\u00e1m s t\u00fdm pom\u00f4\u017eeme&#8230; Pr\u00edklad rozdielu pred a [&hellip;]<\/p>\n","protected":false},"author":1,"featured_media":0,"parent":7,"menu_order":3,"comment_status":"closed","ping_status":"closed","template":"","meta":{"footnotes":""},"class_list":["post-179","page","type-page","status-publish","hentry"],"yoast_head":"<!-- This site is optimized with the Yoast SEO Premium plugin v23.8 (Yoast SEO v27.6) - https:\/\/yoast.com\/product\/yoast-seo-premium-wordpress\/ -->\n<title>Chiptuning pre lode - MM RACING<\/title>\n<meta name=\"description\" content=\"Optimaliz\u00e1ciou v\u00fdkonu lode narastie jej v\u00fdkon, ale hlavne optimalizuje - zn\u00ed\u017ei spotreba paliva. Rovnako pri vznetov\u00fdch aj z\u00e1\u017eihov\u00fdch motoroch.\" \/>\n<meta name=\"robots\" content=\"index, follow, max-snippet:-1, max-image-preview:large, max-video-preview:-1\" \/>\n<link rel=\"canonical\" href=\"https:\/\/www.mmracing.sk\/sk\/chip-tuning\/technologia-upravy\/chiptuning-pre-lode\/\" \/>\n<meta property=\"og:locale\" content=\"en_GB\" \/>\n<meta property=\"og:type\" content=\"article\" \/>\n<meta property=\"og:title\" content=\"Chiptuning pre lode\" \/>\n<meta property=\"og:description\" content=\"Optimaliz\u00e1ciou v\u00fdkonu lode narastie jej v\u00fdkon, ale hlavne optimalizuje - zn\u00ed\u017ei spotreba paliva. Rovnako pri vznetov\u00fdch aj z\u00e1\u017eihov\u00fdch motoroch.\" \/>\n<meta property=\"og:url\" content=\"https:\/\/www.mmracing.sk\/sk\/chip-tuning\/technologia-upravy\/chiptuning-pre-lode\/\" \/>\n<meta property=\"og:site_name\" content=\"MM RACING\" \/>\n<meta property=\"article:modified_time\" content=\"2016-09-21T18:06:48+00:00\" \/>\n<meta name=\"twitter:card\" content=\"summary_large_image\" \/>\n<script type=\"application\/ld+json\" class=\"yoast-schema-graph\">{\"@context\":\"https:\\\/\\\/schema.org\",\"@graph\":[{\"@type\":\"WebPage\",\"@id\":\"https:\\\/\\\/www.mmracing.sk\\\/sk\\\/chip-tuning\\\/technologia-upravy\\\/chiptuning-pre-lode\\\/\",\"url\":\"https:\\\/\\\/www.mmracing.sk\\\/sk\\\/chip-tuning\\\/technologia-upravy\\\/chiptuning-pre-lode\\\/\",\"name\":\"Chiptuning pre lode - MM RACING\",\"isPartOf\":{\"@id\":\"https:\\\/\\\/www.mmracing.sk\\\/sk\\\/#website\"},\"datePublished\":\"2016-09-12T15:43:30+00:00\",\"dateModified\":\"2016-09-21T18:06:48+00:00\",\"description\":\"Optimaliz\u00e1ciou v\u00fdkonu lode narastie jej v\u00fdkon, ale hlavne optimalizuje - zn\u00ed\u017ei spotreba paliva. Rovnako pri vznetov\u00fdch aj z\u00e1\u017eihov\u00fdch motoroch.\",\"breadcrumb\":{\"@id\":\"https:\\\/\\\/www.mmracing.sk\\\/sk\\\/chip-tuning\\\/technologia-upravy\\\/chiptuning-pre-lode\\\/#breadcrumb\"},\"inLanguage\":\"en-GB\",\"potentialAction\":[{\"@type\":\"ReadAction\",\"target\":[\"https:\\\/\\\/www.mmracing.sk\\\/sk\\\/chip-tuning\\\/technologia-upravy\\\/chiptuning-pre-lode\\\/\"]}]},{\"@type\":\"BreadcrumbList\",\"@id\":\"https:\\\/\\\/www.mmracing.sk\\\/sk\\\/chip-tuning\\\/technologia-upravy\\\/chiptuning-pre-lode\\\/#breadcrumb\",\"itemListElement\":[{\"@type\":\"ListItem\",\"position\":1,\"name\":\"Domovsk\u00e1 str\u00e1nka\",\"item\":\"https:\\\/\\\/www.mmracing.sk\\\/sk\\\/\"},{\"@type\":\"ListItem\",\"position\":2,\"name\":\"Chip tuning\",\"item\":\"https:\\\/\\\/www.mmracing.sk\\\/sk\\\/chip-tuning\\\/\"},{\"@type\":\"ListItem\",\"position\":3,\"name\":\"Technol\u00f3gia \u00fapravy pri chiptuningu\",\"item\":\"https:\\\/\\\/www.mmracing.sk\\\/sk\\\/chip-tuning\\\/technologia-upravy\\\/\"},{\"@type\":\"ListItem\",\"position\":4,\"name\":\"Chiptuning pre lode\"}]},{\"@type\":\"WebSite\",\"@id\":\"https:\\\/\\\/www.mmracing.sk\\\/sk\\\/#website\",\"url\":\"https:\\\/\\\/www.mmracing.sk\\\/sk\\\/\",\"name\":\"MM RACING\",\"description\":\"MM RACING V\u00e1m pon\u00faka profesion\u00e1lny chip tuning automobilov. Pon\u00fakame aj diagnostiku vozidiel a mno\u017estvo \u010fal\u0161\u00edch slu\u017eieb v Bratislave. Viac na mmracing.sk.\",\"potentialAction\":[{\"@type\":\"SearchAction\",\"target\":{\"@type\":\"EntryPoint\",\"urlTemplate\":\"https:\\\/\\\/www.mmracing.sk\\\/sk\\\/?s={search_term_string}\"},\"query-input\":{\"@type\":\"PropertyValueSpecification\",\"valueRequired\":true,\"valueName\":\"search_term_string\"}}],\"inLanguage\":\"en-GB\"}]}<\/script>\n<!-- \/ Yoast SEO Premium plugin. -->","yoast_head_json":{"title":"Chiptuning pre lode - MM RACING","description":"Optimaliz\u00e1ciou v\u00fdkonu lode narastie jej v\u00fdkon, ale hlavne optimalizuje - zn\u00ed\u017ei spotreba paliva. Rovnako pri vznetov\u00fdch aj z\u00e1\u017eihov\u00fdch motoroch.","robots":{"index":"index","follow":"follow","max-snippet":"max-snippet:-1","max-image-preview":"max-image-preview:large","max-video-preview":"max-video-preview:-1"},"canonical":"https:\/\/www.mmracing.sk\/sk\/chip-tuning\/technologia-upravy\/chiptuning-pre-lode\/","og_locale":"en_GB","og_type":"article","og_title":"Chiptuning pre lode","og_description":"Optimaliz\u00e1ciou v\u00fdkonu lode narastie jej v\u00fdkon, ale hlavne optimalizuje - zn\u00ed\u017ei spotreba paliva. Rovnako pri vznetov\u00fdch aj z\u00e1\u017eihov\u00fdch motoroch.","og_url":"https:\/\/www.mmracing.sk\/sk\/chip-tuning\/technologia-upravy\/chiptuning-pre-lode\/","og_site_name":"MM RACING","article_modified_time":"2016-09-21T18:06:48+00:00","twitter_card":"summary_large_image","schema":{"@context":"https:\/\/schema.org","@graph":[{"@type":"WebPage","@id":"https:\/\/www.mmracing.sk\/sk\/chip-tuning\/technologia-upravy\/chiptuning-pre-lode\/","url":"https:\/\/www.mmracing.sk\/sk\/chip-tuning\/technologia-upravy\/chiptuning-pre-lode\/","name":"Chiptuning pre lode - MM RACING","isPartOf":{"@id":"https:\/\/www.mmracing.sk\/sk\/#website"},"datePublished":"2016-09-12T15:43:30+00:00","dateModified":"2016-09-21T18:06:48+00:00","description":"Optimaliz\u00e1ciou v\u00fdkonu lode narastie jej v\u00fdkon, ale hlavne optimalizuje - zn\u00ed\u017ei spotreba paliva. Rovnako pri vznetov\u00fdch aj z\u00e1\u017eihov\u00fdch motoroch.","breadcrumb":{"@id":"https:\/\/www.mmracing.sk\/sk\/chip-tuning\/technologia-upravy\/chiptuning-pre-lode\/#breadcrumb"},"inLanguage":"en-GB","potentialAction":[{"@type":"ReadAction","target":["https:\/\/www.mmracing.sk\/sk\/chip-tuning\/technologia-upravy\/chiptuning-pre-lode\/"]}]},{"@type":"BreadcrumbList","@id":"https:\/\/www.mmracing.sk\/sk\/chip-tuning\/technologia-upravy\/chiptuning-pre-lode\/#breadcrumb","itemListElement":[{"@type":"ListItem","position":1,"name":"Domovsk\u00e1 str\u00e1nka","item":"https:\/\/www.mmracing.sk\/sk\/"},{"@type":"ListItem","position":2,"name":"Chip tuning","item":"https:\/\/www.mmracing.sk\/sk\/chip-tuning\/"},{"@type":"ListItem","position":3,"name":"Technol\u00f3gia \u00fapravy pri chiptuningu","item":"https:\/\/www.mmracing.sk\/sk\/chip-tuning\/technologia-upravy\/"},{"@type":"ListItem","position":4,"name":"Chiptuning pre lode"}]},{"@type":"WebSite","@id":"https:\/\/www.mmracing.sk\/sk\/#website","url":"https:\/\/www.mmracing.sk\/sk\/","name":"MM RACING","description":"MM RACING V\u00e1m pon\u00faka profesion\u00e1lny chip tuning automobilov. Pon\u00fakame aj diagnostiku vozidiel a mno\u017estvo \u010fal\u0161\u00edch slu\u017eieb v Bratislave. Viac na mmracing.sk.","potentialAction":[{"@type":"SearchAction","target":{"@type":"EntryPoint","urlTemplate":"https:\/\/www.mmracing.sk\/sk\/?s={search_term_string}"},"query-input":{"@type":"PropertyValueSpecification","valueRequired":true,"valueName":"search_term_string"}}],"inLanguage":"en-GB"}]}},"_links":{"self":[{"href":"https:\/\/www.mmracing.sk\/sk\/wp-json\/wp\/v2\/pages\/179","targetHints":{"allow":["GET"]}}],"collection":[{"href":"https:\/\/www.mmracing.sk\/sk\/wp-json\/wp\/v2\/pages"}],"about":[{"href":"https:\/\/www.mmracing.sk\/sk\/wp-json\/wp\/v2\/types\/page"}],"author":[{"embeddable":true,"href":"https:\/\/www.mmracing.sk\/sk\/wp-json\/wp\/v2\/users\/1"}],"replies":[{"embeddable":true,"href":"https:\/\/www.mmracing.sk\/sk\/wp-json\/wp\/v2\/comments?post=179"}],"version-history":[{"count":1,"href":"https:\/\/www.mmracing.sk\/sk\/wp-json\/wp\/v2\/pages\/179\/revisions"}],"predecessor-version":[{"id":180,"href":"https:\/\/www.mmracing.sk\/sk\/wp-json\/wp\/v2\/pages\/179\/revisions\/180"}],"up":[{"embeddable":true,"href":"https:\/\/www.mmracing.sk\/sk\/wp-json\/wp\/v2\/pages\/7"}],"wp:attachment":[{"href":"https:\/\/www.mmracing.sk\/sk\/wp-json\/wp\/v2\/media?parent=179"}],"curies":[{"name":"wp","href":"https:\/\/api.w.org\/{rel}","templated":true}]}}