{"id":174,"date":"2016-09-12T17:39:58","date_gmt":"2016-09-12T15:39:58","guid":{"rendered":"http:\/\/www.mmracing.sk\/wp\/sk\/?page_id=174"},"modified":"2022-12-30T17:17:28","modified_gmt":"2022-12-30T16:17:28","slug":"chiptuning-nakladne-automobily","status":"publish","type":"page","link":"https:\/\/www.mmracing.sk\/sk\/chip-tuning\/technologia-upravy\/chiptuning-nakladne-automobily\/","title":{"rendered":"Chiptuning pre n\u00e1kladn\u00e9 automobily"},"content":{"rendered":"<p>Zna\u010dka MM racing vznikla v roku 1999, kedy sme sa za\u010dali naplno zaobera\u0165 \u00fapravou osobn\u00fdch motorov\u00fdch vozidiel, pri\u010dom postupne sme za\u010dali zlep\u0161ova\u0165 a roz\u0161irova\u0165 na\u0161e technick\u00e9 vybavenie a know-how, v\u010faka ktor\u00e9mu si neust\u00e1le upev\u0148ujeme poz\u00edciu l\u00eddra na Slovenskom trhu a roz\u0161irujeme p\u00f4sobnos\u0165 do okolit\u00fdch kraj\u00edn.<\/p>\n<p>Postupne sme dop\u013a\u0148ali n\u00e1\u0161 sortiment \u00faprav riadiacich jednotiek motorov o motocykle, lode, \u00fa\u017eitkov\u00e9 a n\u00e1kladn\u00e9 vozidl\u00e1, kami\u00f3ny, autobusy ale aj pracovn\u00e9 stroje. Z\u00e1kladnou po\u017eiadavkou klientov vlastniacich n\u00e1kladn\u00e9 vozidl\u00e1, kami\u00f3ny, autobusy a pracovn\u00e9 stroje je zn\u00ed\u017ei\u0165 ich spotrebu. Preto sme sa za\u010dali integrova\u0165 aj v oblasti \u00fapravy riadiacej jednotky motora za \u00fa\u010delom zn\u00ed\u017eenia spotreby a optimaliz\u00e1cie chodu motora \u00fa\u017eitkov\u00fdch i n\u00e1kladn\u00fdch vozidiel, kami\u00f3nov, autobusov a pracovn\u00fdch strojov.<\/p>\n<p><a href=\"https:\/\/www.mmracing.sk\/wp\/wp-content\/uploads\/MMPOWER-logo300.png\"><img loading=\"lazy\" decoding=\"async\" class=\"size-full wp-image-175\" src=\"https:\/\/www.mmracing.sk\/wp\/wp-content\/uploads\/MMPOWER-logo300.png\" alt=\"mm power - upravy nakladnych automobilov a polnohospodarskej techniky\" width=\"300\" height=\"51\" srcset=\"https:\/\/www.mmracing.sk\/wp\/wp-content\/uploads\/MMPOWER-logo300.png 300w, https:\/\/www.mmracing.sk\/wp\/wp-content\/uploads\/MMPOWER-logo300-120x20.png 120w, https:\/\/www.mmracing.sk\/wp\/wp-content\/uploads\/MMPOWER-logo300-180x31.png 180w\" sizes=\"auto, (max-width: 300px) 100vw, 300px\" \/><\/a><\/p>\n<p>Produkt MM POWER zna\u010dky MM RACING pre \u00fa\u017eitkov\u00e9 a n\u00e1kladn\u00e9 vozidl\u00e1, kami\u00f3ny, autobusy a pracovn\u00e9 stroje sa l\u00ed\u0161i od \u00fapravy osobn\u00fdch motorov\u00fdch vozidiel \u010di motocyklov v tom, \u017ee in\u0161tal\u00e1cia nov\u00e9ho softv\u00e9ru je na z\u00e1klade po\u017eiadaviek z\u00e1kazn\u00edkov zameran\u00e1 nie na n\u00e1rast v\u00fdkonu ale na optimaliz\u00e1ciu chodu motora a s t\u00fdm spojen\u00fa \u00fasporu paliva.<br \/>\nPo in\u0161tal\u00e1cii nov\u00e9ho softv\u00e9ru do riadiacej jednotky motora dosiahneme \u00fasporu spotreby paliva o 2 &#8211; 5 litrov na 100 kilometrov, pod\u013ea objemu a typu motora. In\u0161tal\u00e1cia pri v\u00e4\u010d\u0161ine typov n\u00e1kladn\u00fdch motorov\u00fdch vozidiel, autobusov \u010di pracovn\u00fdch strojov sa vykon\u00e1va programovan\u00edm cez diagnostick\u00fd port vozidla.<br \/>\nPri star\u0161\u00edch vozidl\u00e1ch sp\u013a\u0148aj\u00facich emisn\u00fa normu EURO 2 a menej je v\u0161ak programovanie potrebn\u00e9 previes\u0165 priamym prepisom d\u00e1t v riadiacej jednotke, nako\u013eko riadiaca jednotka namontovan\u00e1 v takomto vozidle nie je programovate\u013en\u00e1 a jej \u00faprava je preveden\u00e1 priamym prepisom d\u00e1tovej pam\u00e4te v program\u00e1tore.<\/p>\n<ul>\n<li>\u00faspora spotreby 2 &#8211; 5 L \/ 100km<\/li>\n<li>hodnoty sa m\u00f4\u017eu l\u00ed\u0161i\u0165 v z\u00e1vislosti od prev\u00e1dzky vozidla i \u013eudsk\u00fdm faktorom<\/li>\n<li>\u00faprava jedn\u00e9ho vozidla trv\u00e1 pribli\u017ene 4 &#8211; 8 hod\u00edn, pod\u013ea typu riadiacej jednotky vo vozidle<\/li>\n<li>nov\u00e9 d\u00e1ta v riadiacej jednotke sa nedaj\u00fa identifikova\u0165 diagnostikou pri servisnej prehliadke<\/li>\n<li>po \u00faprave vozidlo sp\u013a\u0148a predp\u00edsan\u00fa emisn\u00fa normu a \u00faprava nem\u00e1 vplyv na pravideln\u00fa TK<\/li>\n<li>\u00faprava nem\u00e1 vplyv na \u017eivotnos\u0165 motora, resp. pohonnej jednotky &#8211; na nami nain\u0161talovan\u00fd softv\u00e9r poskytujeme neobmedzen\u00fa z\u00e1ruku<\/li>\n<li>p\u00f4vodn\u00fd softv\u00e9r je automaticky z\u00e1lohovan\u00fd v databanke a \u00fapravu je mo\u017en\u00e9 kedyko\u013evek vr\u00e1ti\u0165 do p\u00f4vodn\u00e9ho stavu zdarma<\/li>\n<\/ul>\n<p>Pr\u00edklad n\u00e1vratnosti: N\u00e1vratnos\u0165 \u00fapravy pri cene nafty 1,30 \u20ac za 1L, v priemere 10.000 najazden\u00fdch km mesa\u010dne a 4 usporen\u00fdch litroch na 100 km \u010din\u00ed 520,00 \u20ac mesa\u010dne alebo 6.240,00 \u20ac ro\u010dne.<\/p>\n<p><a href=\"http:\/\/www.mmpower.sk\">viac inform\u00e1cii na st\u00e1nke mmpower.sk<\/a><\/p>\n","protected":false},"excerpt":{"rendered":"<p>Zna\u010dka MM racing vznikla v roku 1999, kedy sme sa za\u010dali naplno zaobera\u0165 \u00fapravou osobn\u00fdch motorov\u00fdch vozidiel, pri\u010dom postupne sme [&hellip;]<\/p>\n","protected":false},"author":1,"featured_media":0,"parent":7,"menu_order":1,"comment_status":"closed","ping_status":"closed","template":"","meta":{"footnotes":""},"class_list":["post-174","page","type-page","status-publish","hentry"],"yoast_head":"<!-- This site is optimized with the Yoast SEO Premium plugin v23.8 (Yoast SEO v27.5) - https:\/\/yoast.com\/product\/yoast-seo-premium-wordpress\/ -->\n<title>Chiptuning pre n\u00e1kladn\u00e9 automobily - MM RACING<\/title>\n<meta name=\"robots\" content=\"index, follow, max-snippet:-1, max-image-preview:large, max-video-preview:-1\" \/>\n<link rel=\"canonical\" href=\"https:\/\/www.mmracing.sk\/sk\/chip-tuning\/technologia-upravy\/chiptuning-nakladne-automobily\/\" \/>\n<meta property=\"og:locale\" content=\"en_GB\" \/>\n<meta property=\"og:type\" content=\"article\" \/>\n<meta property=\"og:title\" content=\"Chiptuning pre n\u00e1kladn\u00e9 automobily\" \/>\n<meta property=\"og:description\" content=\"Zna\u010dka MM racing vznikla v roku 1999, kedy sme sa za\u010dali naplno zaobera\u0165 \u00fapravou osobn\u00fdch motorov\u00fdch vozidiel, pri\u010dom postupne sme [&hellip;]\" \/>\n<meta property=\"og:url\" content=\"https:\/\/www.mmracing.sk\/sk\/chip-tuning\/technologia-upravy\/chiptuning-nakladne-automobily\/\" \/>\n<meta property=\"og:site_name\" content=\"MM RACING\" \/>\n<meta property=\"article:modified_time\" content=\"2022-12-30T16:17:28+00:00\" \/>\n<meta property=\"og:image\" content=\"https:\/\/www.mmracing.sk\/wp\/wp-content\/uploads\/MMPOWER-logo300.png\" \/>\n<meta name=\"twitter:card\" content=\"summary_large_image\" \/>\n<meta name=\"twitter:label1\" content=\"Estimated reading time\" \/>\n\t<meta name=\"twitter:data1\" content=\"2 minutes\" \/>\n<script type=\"application\/ld+json\" class=\"yoast-schema-graph\">{\"@context\":\"https:\\\/\\\/schema.org\",\"@graph\":[{\"@type\":\"WebPage\",\"@id\":\"https:\\\/\\\/www.mmracing.sk\\\/sk\\\/chip-tuning\\\/technologia-upravy\\\/chiptuning-nakladne-automobily\\\/\",\"url\":\"https:\\\/\\\/www.mmracing.sk\\\/sk\\\/chip-tuning\\\/technologia-upravy\\\/chiptuning-nakladne-automobily\\\/\",\"name\":\"Chiptuning pre n\u00e1kladn\u00e9 automobily - MM RACING\",\"isPartOf\":{\"@id\":\"https:\\\/\\\/www.mmracing.sk\\\/sk\\\/#website\"},\"primaryImageOfPage\":{\"@id\":\"https:\\\/\\\/www.mmracing.sk\\\/sk\\\/chip-tuning\\\/technologia-upravy\\\/chiptuning-nakladne-automobily\\\/#primaryimage\"},\"image\":{\"@id\":\"https:\\\/\\\/www.mmracing.sk\\\/sk\\\/chip-tuning\\\/technologia-upravy\\\/chiptuning-nakladne-automobily\\\/#primaryimage\"},\"thumbnailUrl\":\"https:\\\/\\\/www.mmracing.sk\\\/wp\\\/wp-content\\\/uploads\\\/MMPOWER-logo300.png\",\"datePublished\":\"2016-09-12T15:39:58+00:00\",\"dateModified\":\"2022-12-30T16:17:28+00:00\",\"breadcrumb\":{\"@id\":\"https:\\\/\\\/www.mmracing.sk\\\/sk\\\/chip-tuning\\\/technologia-upravy\\\/chiptuning-nakladne-automobily\\\/#breadcrumb\"},\"inLanguage\":\"en-GB\",\"potentialAction\":[{\"@type\":\"ReadAction\",\"target\":[\"https:\\\/\\\/www.mmracing.sk\\\/sk\\\/chip-tuning\\\/technologia-upravy\\\/chiptuning-nakladne-automobily\\\/\"]}]},{\"@type\":\"ImageObject\",\"inLanguage\":\"en-GB\",\"@id\":\"https:\\\/\\\/www.mmracing.sk\\\/sk\\\/chip-tuning\\\/technologia-upravy\\\/chiptuning-nakladne-automobily\\\/#primaryimage\",\"url\":\"https:\\\/\\\/www.mmracing.sk\\\/wp\\\/wp-content\\\/uploads\\\/MMPOWER-logo300.png\",\"contentUrl\":\"https:\\\/\\\/www.mmracing.sk\\\/wp\\\/wp-content\\\/uploads\\\/MMPOWER-logo300.png\"},{\"@type\":\"BreadcrumbList\",\"@id\":\"https:\\\/\\\/www.mmracing.sk\\\/sk\\\/chip-tuning\\\/technologia-upravy\\\/chiptuning-nakladne-automobily\\\/#breadcrumb\",\"itemListElement\":[{\"@type\":\"ListItem\",\"position\":1,\"name\":\"Domovsk\u00e1 str\u00e1nka\",\"item\":\"https:\\\/\\\/www.mmracing.sk\\\/sk\\\/\"},{\"@type\":\"ListItem\",\"position\":2,\"name\":\"Chip tuning\",\"item\":\"https:\\\/\\\/www.mmracing.sk\\\/sk\\\/chip-tuning\\\/\"},{\"@type\":\"ListItem\",\"position\":3,\"name\":\"Technol\u00f3gia \u00fapravy pri chiptuningu\",\"item\":\"https:\\\/\\\/www.mmracing.sk\\\/sk\\\/chip-tuning\\\/technologia-upravy\\\/\"},{\"@type\":\"ListItem\",\"position\":4,\"name\":\"Chiptuning pre n\u00e1kladn\u00e9 automobily\"}]},{\"@type\":\"WebSite\",\"@id\":\"https:\\\/\\\/www.mmracing.sk\\\/sk\\\/#website\",\"url\":\"https:\\\/\\\/www.mmracing.sk\\\/sk\\\/\",\"name\":\"MM RACING\",\"description\":\"MM RACING V\u00e1m pon\u00faka profesion\u00e1lny chip tuning automobilov. Pon\u00fakame aj diagnostiku vozidiel a mno\u017estvo \u010fal\u0161\u00edch slu\u017eieb v Bratislave. Viac na mmracing.sk.\",\"potentialAction\":[{\"@type\":\"SearchAction\",\"target\":{\"@type\":\"EntryPoint\",\"urlTemplate\":\"https:\\\/\\\/www.mmracing.sk\\\/sk\\\/?s={search_term_string}\"},\"query-input\":{\"@type\":\"PropertyValueSpecification\",\"valueRequired\":true,\"valueName\":\"search_term_string\"}}],\"inLanguage\":\"en-GB\"}]}<\/script>\n<!-- \/ Yoast SEO Premium plugin. -->","yoast_head_json":{"title":"Chiptuning pre n\u00e1kladn\u00e9 automobily - MM RACING","robots":{"index":"index","follow":"follow","max-snippet":"max-snippet:-1","max-image-preview":"max-image-preview:large","max-video-preview":"max-video-preview:-1"},"canonical":"https:\/\/www.mmracing.sk\/sk\/chip-tuning\/technologia-upravy\/chiptuning-nakladne-automobily\/","og_locale":"en_GB","og_type":"article","og_title":"Chiptuning pre n\u00e1kladn\u00e9 automobily","og_description":"Zna\u010dka MM racing vznikla v roku 1999, kedy sme sa za\u010dali naplno zaobera\u0165 \u00fapravou osobn\u00fdch motorov\u00fdch vozidiel, pri\u010dom postupne sme [&hellip;]","og_url":"https:\/\/www.mmracing.sk\/sk\/chip-tuning\/technologia-upravy\/chiptuning-nakladne-automobily\/","og_site_name":"MM RACING","article_modified_time":"2022-12-30T16:17:28+00:00","og_image":[{"url":"https:\/\/www.mmracing.sk\/wp\/wp-content\/uploads\/MMPOWER-logo300.png","type":"","width":"","height":""}],"twitter_card":"summary_large_image","twitter_misc":{"Estimated reading time":"2 minutes"},"schema":{"@context":"https:\/\/schema.org","@graph":[{"@type":"WebPage","@id":"https:\/\/www.mmracing.sk\/sk\/chip-tuning\/technologia-upravy\/chiptuning-nakladne-automobily\/","url":"https:\/\/www.mmracing.sk\/sk\/chip-tuning\/technologia-upravy\/chiptuning-nakladne-automobily\/","name":"Chiptuning pre n\u00e1kladn\u00e9 automobily - MM RACING","isPartOf":{"@id":"https:\/\/www.mmracing.sk\/sk\/#website"},"primaryImageOfPage":{"@id":"https:\/\/www.mmracing.sk\/sk\/chip-tuning\/technologia-upravy\/chiptuning-nakladne-automobily\/#primaryimage"},"image":{"@id":"https:\/\/www.mmracing.sk\/sk\/chip-tuning\/technologia-upravy\/chiptuning-nakladne-automobily\/#primaryimage"},"thumbnailUrl":"https:\/\/www.mmracing.sk\/wp\/wp-content\/uploads\/MMPOWER-logo300.png","datePublished":"2016-09-12T15:39:58+00:00","dateModified":"2022-12-30T16:17:28+00:00","breadcrumb":{"@id":"https:\/\/www.mmracing.sk\/sk\/chip-tuning\/technologia-upravy\/chiptuning-nakladne-automobily\/#breadcrumb"},"inLanguage":"en-GB","potentialAction":[{"@type":"ReadAction","target":["https:\/\/www.mmracing.sk\/sk\/chip-tuning\/technologia-upravy\/chiptuning-nakladne-automobily\/"]}]},{"@type":"ImageObject","inLanguage":"en-GB","@id":"https:\/\/www.mmracing.sk\/sk\/chip-tuning\/technologia-upravy\/chiptuning-nakladne-automobily\/#primaryimage","url":"https:\/\/www.mmracing.sk\/wp\/wp-content\/uploads\/MMPOWER-logo300.png","contentUrl":"https:\/\/www.mmracing.sk\/wp\/wp-content\/uploads\/MMPOWER-logo300.png"},{"@type":"BreadcrumbList","@id":"https:\/\/www.mmracing.sk\/sk\/chip-tuning\/technologia-upravy\/chiptuning-nakladne-automobily\/#breadcrumb","itemListElement":[{"@type":"ListItem","position":1,"name":"Domovsk\u00e1 str\u00e1nka","item":"https:\/\/www.mmracing.sk\/sk\/"},{"@type":"ListItem","position":2,"name":"Chip tuning","item":"https:\/\/www.mmracing.sk\/sk\/chip-tuning\/"},{"@type":"ListItem","position":3,"name":"Technol\u00f3gia \u00fapravy pri chiptuningu","item":"https:\/\/www.mmracing.sk\/sk\/chip-tuning\/technologia-upravy\/"},{"@type":"ListItem","position":4,"name":"Chiptuning pre n\u00e1kladn\u00e9 automobily"}]},{"@type":"WebSite","@id":"https:\/\/www.mmracing.sk\/sk\/#website","url":"https:\/\/www.mmracing.sk\/sk\/","name":"MM RACING","description":"MM RACING V\u00e1m pon\u00faka profesion\u00e1lny chip tuning automobilov. Pon\u00fakame aj diagnostiku vozidiel a mno\u017estvo \u010fal\u0161\u00edch slu\u017eieb v Bratislave. Viac na mmracing.sk.","potentialAction":[{"@type":"SearchAction","target":{"@type":"EntryPoint","urlTemplate":"https:\/\/www.mmracing.sk\/sk\/?s={search_term_string}"},"query-input":{"@type":"PropertyValueSpecification","valueRequired":true,"valueName":"search_term_string"}}],"inLanguage":"en-GB"}]}},"_links":{"self":[{"href":"https:\/\/www.mmracing.sk\/sk\/wp-json\/wp\/v2\/pages\/174","targetHints":{"allow":["GET"]}}],"collection":[{"href":"https:\/\/www.mmracing.sk\/sk\/wp-json\/wp\/v2\/pages"}],"about":[{"href":"https:\/\/www.mmracing.sk\/sk\/wp-json\/wp\/v2\/types\/page"}],"author":[{"embeddable":true,"href":"https:\/\/www.mmracing.sk\/sk\/wp-json\/wp\/v2\/users\/1"}],"replies":[{"embeddable":true,"href":"https:\/\/www.mmracing.sk\/sk\/wp-json\/wp\/v2\/comments?post=174"}],"version-history":[{"count":2,"href":"https:\/\/www.mmracing.sk\/sk\/wp-json\/wp\/v2\/pages\/174\/revisions"}],"predecessor-version":[{"id":9772,"href":"https:\/\/www.mmracing.sk\/sk\/wp-json\/wp\/v2\/pages\/174\/revisions\/9772"}],"up":[{"embeddable":true,"href":"https:\/\/www.mmracing.sk\/sk\/wp-json\/wp\/v2\/pages\/7"}],"wp:attachment":[{"href":"https:\/\/www.mmracing.sk\/sk\/wp-json\/wp\/v2\/media?parent=174"}],"curies":[{"name":"wp","href":"https:\/\/api.w.org\/{rel}","templated":true}]}}