{"id":163,"date":"2016-09-12T17:33:48","date_gmt":"2016-09-12T15:33:48","guid":{"rendered":"http:\/\/www.mmracing.sk\/wp\/sk\/?page_id=163"},"modified":"2025-01-15T14:13:18","modified_gmt":"2025-01-15T13:13:18","slug":"osobne-automobily","status":"publish","type":"page","link":"https:\/\/www.mmracing.sk\/sk\/chip-tuning\/technologia-upravy\/osobne-automobily\/","title":{"rendered":"Chiptuning pre osobn\u00e1 automobily"},"content":{"rendered":"<p>Zv\u00fd\u0161enie v\u00fdkonu motora vykon\u00e1vame za pomoci verifik\u00e1cie spr\u00e1vnej funk\u010dnosti motora po \u00faprave pomocou z\u00e1\u0165a\u017eovej brzdy Maha MSR500 4&#215;4, s vyu\u017ei\u0165\u00edm maxim\u00e1lneho mno\u017estva kontrolovan\u00fdch hodn\u00f4t d\u00f4le\u017eit\u00fdch pre spr\u00e1vnu funk\u010dnos\u0165 motora a to v\u0161etko po\u010das z\u00e1\u0165a\u017eov\u00e9ho testu vozidla v priebehu pomerne kr\u00e1tkeho \u010dasu. Vozidl\u00e1 upravujeme cez diagnostick\u00fa z\u00e1suvku vozidla, bez z\u00e1sahu do riadiacej jednotky motora a mo\u017enosti identifik\u00e1cie \u00fapravy v servise diagnostikou.<\/p>\n<p>Na\u0161a pr\u00e1ca je v\u00fdsledkom sk\u00fasenost\u00ed, nadobudnut\u00fdch dlhodob\u00fdm v\u00fdvojom a prec\u00edznym zodpovedn\u00fdm pr\u00edstupom k problematike upravovania riadiacich jednotiek. To sa odzrkad\u013euje nielen v na\u0161ich cen\u00e1ch, ale predov\u0161etk\u00fdm v kvalite a profesionalite.<\/p>\n<div id=\"attachment_9774\" style=\"width: 486px\" class=\"wp-caption alignnone\"><a href=\"https:\/\/www.mmracing.sk\/wp\/wp-content\/uploads\/IMG_5168.jpg\"><img loading=\"lazy\" decoding=\"async\" aria-describedby=\"caption-attachment-9774\" class=\" wp-image-9774\" src=\"https:\/\/www.mmracing.sk\/wp\/wp-content\/uploads\/IMG_5168-345x259.jpg\" alt=\"meranie v\u00fdkonu automobilov na z\u00e1\u0165a\u017eovej brzde\" width=\"476\" height=\"358\" srcset=\"https:\/\/www.mmracing.sk\/wp\/wp-content\/uploads\/IMG_5168-345x259.jpg 345w, https:\/\/www.mmracing.sk\/wp\/wp-content\/uploads\/IMG_5168-1024x768.jpg 1024w, https:\/\/www.mmracing.sk\/wp\/wp-content\/uploads\/IMG_5168-768x576.jpg 768w, https:\/\/www.mmracing.sk\/wp\/wp-content\/uploads\/IMG_5168-1536x1152.jpg 1536w, https:\/\/www.mmracing.sk\/wp\/wp-content\/uploads\/IMG_5168-120x90.jpg 120w, https:\/\/www.mmracing.sk\/wp\/wp-content\/uploads\/IMG_5168-180x135.jpg 180w, https:\/\/www.mmracing.sk\/wp\/wp-content\/uploads\/IMG_5168.jpg 2016w\" sizes=\"auto, (max-width: 476px) 100vw, 476px\" \/><\/a><p id=\"caption-attachment-9774\" class=\"wp-caption-text\">Z\u00e1\u0165a\u017eov\u00e1 brzda MAHA-MSR500 4&#215;4<\/p><\/div>\n","protected":false},"excerpt":{"rendered":"<p>Zv\u00fd\u0161enie v\u00fdkonu motora vykon\u00e1vame za pomoci verifik\u00e1cie spr\u00e1vnej funk\u010dnosti motora po \u00faprave pomocou z\u00e1\u0165a\u017eovej brzdy Maha MSR500 4&#215;4, s vyu\u017ei\u0165\u00edm [&hellip;]<\/p>\n","protected":false},"author":1,"featured_media":0,"parent":7,"menu_order":4,"comment_status":"closed","ping_status":"closed","template":"","meta":{"footnotes":""},"class_list":["post-163","page","type-page","status-publish","hentry"],"yoast_head":"<!-- This site is optimized with the Yoast SEO Premium plugin v23.8 (Yoast SEO v27.5) - https:\/\/yoast.com\/product\/yoast-seo-premium-wordpress\/ -->\n<title>Chiptuning pre osobn\u00e1 automobily - MM RACING<\/title>\n<meta name=\"description\" content=\"Ako prebieha chiptuning - zv\u00fd\u0161enie v\u00fdkonu motora osobn\u00fdch automobilov. MM RACING - l\u00edder v oblasti \u00faprav na Slovensku.\" \/>\n<meta name=\"robots\" content=\"index, follow, max-snippet:-1, max-image-preview:large, max-video-preview:-1\" \/>\n<link rel=\"canonical\" href=\"https:\/\/www.mmracing.sk\/sk\/chip-tuning\/technologia-upravy\/osobne-automobily\/\" \/>\n<meta property=\"og:locale\" content=\"en_GB\" \/>\n<meta property=\"og:type\" content=\"article\" \/>\n<meta property=\"og:title\" content=\"Chiptuning pre osobn\u00e1 automobily\" \/>\n<meta property=\"og:description\" content=\"Ako prebieha chiptuning - zv\u00fd\u0161enie v\u00fdkonu motora osobn\u00fdch automobilov. MM RACING - l\u00edder v oblasti \u00faprav na Slovensku.\" \/>\n<meta property=\"og:url\" content=\"https:\/\/www.mmracing.sk\/sk\/chip-tuning\/technologia-upravy\/osobne-automobily\/\" \/>\n<meta property=\"og:site_name\" content=\"MM RACING\" \/>\n<meta property=\"article:modified_time\" content=\"2025-01-15T13:13:18+00:00\" \/>\n<meta property=\"og:image\" content=\"https:\/\/www.mmracing.sk\/wp\/wp-content\/uploads\/IMG_5168.jpg\" \/>\n\t<meta property=\"og:image:width\" content=\"2016\" \/>\n\t<meta property=\"og:image:height\" content=\"1512\" \/>\n\t<meta property=\"og:image:type\" content=\"image\/jpeg\" \/>\n<meta name=\"twitter:card\" content=\"summary_large_image\" \/>\n<meta name=\"twitter:label1\" content=\"Estimated reading time\" \/>\n\t<meta name=\"twitter:data1\" content=\"1 minute\" \/>\n<script type=\"application\/ld+json\" class=\"yoast-schema-graph\">{\"@context\":\"https:\\\/\\\/schema.org\",\"@graph\":[{\"@type\":\"WebPage\",\"@id\":\"https:\\\/\\\/www.mmracing.sk\\\/sk\\\/chip-tuning\\\/technologia-upravy\\\/osobne-automobily\\\/\",\"url\":\"https:\\\/\\\/www.mmracing.sk\\\/sk\\\/chip-tuning\\\/technologia-upravy\\\/osobne-automobily\\\/\",\"name\":\"Chiptuning pre osobn\u00e1 automobily - MM RACING\",\"isPartOf\":{\"@id\":\"https:\\\/\\\/www.mmracing.sk\\\/sk\\\/#website\"},\"primaryImageOfPage\":{\"@id\":\"https:\\\/\\\/www.mmracing.sk\\\/sk\\\/chip-tuning\\\/technologia-upravy\\\/osobne-automobily\\\/#primaryimage\"},\"image\":{\"@id\":\"https:\\\/\\\/www.mmracing.sk\\\/sk\\\/chip-tuning\\\/technologia-upravy\\\/osobne-automobily\\\/#primaryimage\"},\"thumbnailUrl\":\"https:\\\/\\\/www.mmracing.sk\\\/wp\\\/wp-content\\\/uploads\\\/IMG_5168-345x259.jpg\",\"datePublished\":\"2016-09-12T15:33:48+00:00\",\"dateModified\":\"2025-01-15T13:13:18+00:00\",\"description\":\"Ako prebieha chiptuning - zv\u00fd\u0161enie v\u00fdkonu motora osobn\u00fdch automobilov. MM RACING - l\u00edder v oblasti \u00faprav na Slovensku.\",\"breadcrumb\":{\"@id\":\"https:\\\/\\\/www.mmracing.sk\\\/sk\\\/chip-tuning\\\/technologia-upravy\\\/osobne-automobily\\\/#breadcrumb\"},\"inLanguage\":\"en-GB\",\"potentialAction\":[{\"@type\":\"ReadAction\",\"target\":[\"https:\\\/\\\/www.mmracing.sk\\\/sk\\\/chip-tuning\\\/technologia-upravy\\\/osobne-automobily\\\/\"]}]},{\"@type\":\"ImageObject\",\"inLanguage\":\"en-GB\",\"@id\":\"https:\\\/\\\/www.mmracing.sk\\\/sk\\\/chip-tuning\\\/technologia-upravy\\\/osobne-automobily\\\/#primaryimage\",\"url\":\"https:\\\/\\\/www.mmracing.sk\\\/wp\\\/wp-content\\\/uploads\\\/IMG_5168-345x259.jpg\",\"contentUrl\":\"https:\\\/\\\/www.mmracing.sk\\\/wp\\\/wp-content\\\/uploads\\\/IMG_5168-345x259.jpg\"},{\"@type\":\"BreadcrumbList\",\"@id\":\"https:\\\/\\\/www.mmracing.sk\\\/sk\\\/chip-tuning\\\/technologia-upravy\\\/osobne-automobily\\\/#breadcrumb\",\"itemListElement\":[{\"@type\":\"ListItem\",\"position\":1,\"name\":\"Domovsk\u00e1 str\u00e1nka\",\"item\":\"https:\\\/\\\/www.mmracing.sk\\\/sk\\\/\"},{\"@type\":\"ListItem\",\"position\":2,\"name\":\"Chip tuning\",\"item\":\"https:\\\/\\\/www.mmracing.sk\\\/sk\\\/chip-tuning\\\/\"},{\"@type\":\"ListItem\",\"position\":3,\"name\":\"Technol\u00f3gia \u00fapravy pri chiptuningu\",\"item\":\"https:\\\/\\\/www.mmracing.sk\\\/sk\\\/chip-tuning\\\/technologia-upravy\\\/\"},{\"@type\":\"ListItem\",\"position\":4,\"name\":\"Chiptuning pre osobn\u00e1 automobily\"}]},{\"@type\":\"WebSite\",\"@id\":\"https:\\\/\\\/www.mmracing.sk\\\/sk\\\/#website\",\"url\":\"https:\\\/\\\/www.mmracing.sk\\\/sk\\\/\",\"name\":\"MM RACING\",\"description\":\"MM RACING V\u00e1m pon\u00faka profesion\u00e1lny chip tuning automobilov. Pon\u00fakame aj diagnostiku vozidiel a mno\u017estvo \u010fal\u0161\u00edch slu\u017eieb v Bratislave. Viac na mmracing.sk.\",\"potentialAction\":[{\"@type\":\"SearchAction\",\"target\":{\"@type\":\"EntryPoint\",\"urlTemplate\":\"https:\\\/\\\/www.mmracing.sk\\\/sk\\\/?s={search_term_string}\"},\"query-input\":{\"@type\":\"PropertyValueSpecification\",\"valueRequired\":true,\"valueName\":\"search_term_string\"}}],\"inLanguage\":\"en-GB\"}]}<\/script>\n<!-- \/ Yoast SEO Premium plugin. -->","yoast_head_json":{"title":"Chiptuning pre osobn\u00e1 automobily - MM RACING","description":"Ako prebieha chiptuning - zv\u00fd\u0161enie v\u00fdkonu motora osobn\u00fdch automobilov. MM RACING - l\u00edder v oblasti \u00faprav na Slovensku.","robots":{"index":"index","follow":"follow","max-snippet":"max-snippet:-1","max-image-preview":"max-image-preview:large","max-video-preview":"max-video-preview:-1"},"canonical":"https:\/\/www.mmracing.sk\/sk\/chip-tuning\/technologia-upravy\/osobne-automobily\/","og_locale":"en_GB","og_type":"article","og_title":"Chiptuning pre osobn\u00e1 automobily","og_description":"Ako prebieha chiptuning - zv\u00fd\u0161enie v\u00fdkonu motora osobn\u00fdch automobilov. MM RACING - l\u00edder v oblasti \u00faprav na Slovensku.","og_url":"https:\/\/www.mmracing.sk\/sk\/chip-tuning\/technologia-upravy\/osobne-automobily\/","og_site_name":"MM RACING","article_modified_time":"2025-01-15T13:13:18+00:00","og_image":[{"width":2016,"height":1512,"url":"https:\/\/www.mmracing.sk\/wp\/wp-content\/uploads\/IMG_5168.jpg","type":"image\/jpeg"}],"twitter_card":"summary_large_image","twitter_misc":{"Estimated reading time":"1 minute"},"schema":{"@context":"https:\/\/schema.org","@graph":[{"@type":"WebPage","@id":"https:\/\/www.mmracing.sk\/sk\/chip-tuning\/technologia-upravy\/osobne-automobily\/","url":"https:\/\/www.mmracing.sk\/sk\/chip-tuning\/technologia-upravy\/osobne-automobily\/","name":"Chiptuning pre osobn\u00e1 automobily - MM RACING","isPartOf":{"@id":"https:\/\/www.mmracing.sk\/sk\/#website"},"primaryImageOfPage":{"@id":"https:\/\/www.mmracing.sk\/sk\/chip-tuning\/technologia-upravy\/osobne-automobily\/#primaryimage"},"image":{"@id":"https:\/\/www.mmracing.sk\/sk\/chip-tuning\/technologia-upravy\/osobne-automobily\/#primaryimage"},"thumbnailUrl":"https:\/\/www.mmracing.sk\/wp\/wp-content\/uploads\/IMG_5168-345x259.jpg","datePublished":"2016-09-12T15:33:48+00:00","dateModified":"2025-01-15T13:13:18+00:00","description":"Ako prebieha chiptuning - zv\u00fd\u0161enie v\u00fdkonu motora osobn\u00fdch automobilov. MM RACING - l\u00edder v oblasti \u00faprav na Slovensku.","breadcrumb":{"@id":"https:\/\/www.mmracing.sk\/sk\/chip-tuning\/technologia-upravy\/osobne-automobily\/#breadcrumb"},"inLanguage":"en-GB","potentialAction":[{"@type":"ReadAction","target":["https:\/\/www.mmracing.sk\/sk\/chip-tuning\/technologia-upravy\/osobne-automobily\/"]}]},{"@type":"ImageObject","inLanguage":"en-GB","@id":"https:\/\/www.mmracing.sk\/sk\/chip-tuning\/technologia-upravy\/osobne-automobily\/#primaryimage","url":"https:\/\/www.mmracing.sk\/wp\/wp-content\/uploads\/IMG_5168-345x259.jpg","contentUrl":"https:\/\/www.mmracing.sk\/wp\/wp-content\/uploads\/IMG_5168-345x259.jpg"},{"@type":"BreadcrumbList","@id":"https:\/\/www.mmracing.sk\/sk\/chip-tuning\/technologia-upravy\/osobne-automobily\/#breadcrumb","itemListElement":[{"@type":"ListItem","position":1,"name":"Domovsk\u00e1 str\u00e1nka","item":"https:\/\/www.mmracing.sk\/sk\/"},{"@type":"ListItem","position":2,"name":"Chip tuning","item":"https:\/\/www.mmracing.sk\/sk\/chip-tuning\/"},{"@type":"ListItem","position":3,"name":"Technol\u00f3gia \u00fapravy pri chiptuningu","item":"https:\/\/www.mmracing.sk\/sk\/chip-tuning\/technologia-upravy\/"},{"@type":"ListItem","position":4,"name":"Chiptuning pre osobn\u00e1 automobily"}]},{"@type":"WebSite","@id":"https:\/\/www.mmracing.sk\/sk\/#website","url":"https:\/\/www.mmracing.sk\/sk\/","name":"MM RACING","description":"MM RACING V\u00e1m pon\u00faka profesion\u00e1lny chip tuning automobilov. Pon\u00fakame aj diagnostiku vozidiel a mno\u017estvo \u010fal\u0161\u00edch slu\u017eieb v Bratislave. Viac na mmracing.sk.","potentialAction":[{"@type":"SearchAction","target":{"@type":"EntryPoint","urlTemplate":"https:\/\/www.mmracing.sk\/sk\/?s={search_term_string}"},"query-input":{"@type":"PropertyValueSpecification","valueRequired":true,"valueName":"search_term_string"}}],"inLanguage":"en-GB"}]}},"_links":{"self":[{"href":"https:\/\/www.mmracing.sk\/sk\/wp-json\/wp\/v2\/pages\/163","targetHints":{"allow":["GET"]}}],"collection":[{"href":"https:\/\/www.mmracing.sk\/sk\/wp-json\/wp\/v2\/pages"}],"about":[{"href":"https:\/\/www.mmracing.sk\/sk\/wp-json\/wp\/v2\/types\/page"}],"author":[{"embeddable":true,"href":"https:\/\/www.mmracing.sk\/sk\/wp-json\/wp\/v2\/users\/1"}],"replies":[{"embeddable":true,"href":"https:\/\/www.mmracing.sk\/sk\/wp-json\/wp\/v2\/comments?post=163"}],"version-history":[{"count":3,"href":"https:\/\/www.mmracing.sk\/sk\/wp-json\/wp\/v2\/pages\/163\/revisions"}],"predecessor-version":[{"id":9900,"href":"https:\/\/www.mmracing.sk\/sk\/wp-json\/wp\/v2\/pages\/163\/revisions\/9900"}],"up":[{"embeddable":true,"href":"https:\/\/www.mmracing.sk\/sk\/wp-json\/wp\/v2\/pages\/7"}],"wp:attachment":[{"href":"https:\/\/www.mmracing.sk\/sk\/wp-json\/wp\/v2\/media?parent=163"}],"curies":[{"name":"wp","href":"https:\/\/api.w.org\/{rel}","templated":true}]}}