{"id":145,"date":"2016-09-12T14:48:41","date_gmt":"2016-09-12T12:48:41","guid":{"rendered":"http:\/\/www.mmracing.sk\/wp\/sk\/?page_id=145"},"modified":"2022-12-30T17:47:14","modified_gmt":"2022-12-30T16:47:14","slug":"dialkovy-start-mercedes-smartkey","status":"publish","type":"page","link":"https:\/\/www.mmracing.sk\/sk\/sluzby\/dialkovy-start-mercedes-smartkey\/","title":{"rendered":"Dia\u013ekov\u00fd \u0161tart pre Mercedes SmartKey"},"content":{"rendered":"<h3>Na\u0161tartujte svoj Mercedes-Benz na dia\u013eku<\/h3>\n<div id=\"attachment_147\" style=\"width: 355px\" class=\"wp-caption alignnone\"><a href=\"https:\/\/www.mmracing.sk\/wp\/wp-content\/uploads\/smartkey_starter_header.png\"><img loading=\"lazy\" decoding=\"async\" aria-describedby=\"caption-attachment-147\" class=\"size-medium wp-image-147\" src=\"https:\/\/www.mmracing.sk\/wp\/wp-content\/uploads\/smartkey_starter_header-345x88.png\" alt=\"dia\u013ekov\u00fd \u0161tart pre Marcedes\" width=\"345\" height=\"88\" srcset=\"https:\/\/www.mmracing.sk\/wp\/wp-content\/uploads\/smartkey_starter_header-345x88.png 345w, https:\/\/www.mmracing.sk\/wp\/wp-content\/uploads\/smartkey_starter_header-120x31.png 120w, https:\/\/www.mmracing.sk\/wp\/wp-content\/uploads\/smartkey_starter_header-180x46.png 180w, https:\/\/www.mmracing.sk\/wp\/wp-content\/uploads\/smartkey_starter_header-600x153.png 600w, https:\/\/www.mmracing.sk\/wp\/wp-content\/uploads\/smartkey_starter_header.png 698w\" sizes=\"auto, (max-width: 345px) 100vw, 345px\" \/><\/a><p id=\"caption-attachment-147\" class=\"wp-caption-text\">dia\u013ekov\u00fd \u0161tart pre Marcedes<\/p><\/div>\n<p>Smartkey Starter\u00ae je prv\u00fdm a na svete jedin\u00fdm syst\u00e9mom umo\u017e\u0148uj\u00facim dia\u013ekovo na\u0161tartova\u0165 vozidl\u00e1 Mercedes-Benz vybaven\u00e9 Smartkey k\u013e\u00fa\u010dom [tzv. laser key]. Je bezpe\u010dn\u00fd, pohodln\u00fd a ve\u013emi jednoducho sa pou\u017e\u00edva. Na rozdiel od nez\u00e1visl\u00e9ho k\u00farenia m\u00e1 syst\u00e9m dia\u013ekov\u00e9ho \u0161tartu viacero v\u00fdhod, ako napr\u00edklad mo\u017enos\u0165 pou\u017ei\u0165 vyhrievanie sedadiel alebo vychladi\u0165 interi\u00e9r vozidla v hor\u00facom letnom dni. Vychutnajte si komfort vyhriateho auta v zime a vychladen\u00e9ho v lete. Na\u0161tartuje svoje vozidlo e\u0161te pred odchodom z domova alebo kancel\u00e1rie.<\/p>\n<p><a href=\"https:\/\/www.mmracing.sk\/wp\/wp-content\/uploads\/smartkey_starter_key.gif\"><img loading=\"lazy\" decoding=\"async\" class=\"alignnone size-full wp-image-148\" src=\"https:\/\/www.mmracing.sk\/wp\/wp-content\/uploads\/smartkey_starter_key.gif\" alt=\"dia\u013ekov\u00fd \u0161tart pre Marcedes\" width=\"125\" height=\"125\" srcset=\"https:\/\/www.mmracing.sk\/wp\/wp-content\/uploads\/smartkey_starter_key.gif 125w, https:\/\/www.mmracing.sk\/wp\/wp-content\/uploads\/smartkey_starter_key-120x120.gif 120w, https:\/\/www.mmracing.sk\/wp\/wp-content\/uploads\/smartkey_starter_key-100x100.gif 100w\" sizes=\"auto, (max-width: 125px) 100vw, 125px\" \/><\/a><\/p>\n<h3>Vlastnosti Smartkey Starter\u00ae<\/h3>\n<ul>\n<li>Ovl\u00e1danie pomocou origin\u00e1lneho Mercedes k\u013e\u00fa\u010da [mo\u017enos\u0165 roz\u0161\u00edrenia dosahu pagerom]<\/li>\n<li>\u010casova\u010d odpo\u010d\u00edtavania integrovan\u00fd do palubn\u00e9ho po\u010d\u00edta\u010da [15 min\u00fat]<\/li>\n<li>Extern\u00e9 vizu\u00e1lne potvrdenie stavu bliknut\u00edm smerovkami<\/li>\n<li>Pre vozidl\u00e1 s Key alebo KeylessGo<\/li>\n<li>Plug &amp; play in\u0161tal\u00e1cia vyu\u017e\u00edva Mercedes konektory; \u017eiadne modifik\u00e1cie<\/li>\n<li>Ur\u010den\u00e9 pre vozidl\u00e1 s automatickou prevodovkou<\/li>\n<li>Maxim\u00e1lna bezpe\u010dnos\u0165<\/li>\n<li>Automatick\u00e9 zastavenie motora pri otvoren\u00ed kapoty<\/li>\n<li>Automatick\u00e9 zastavenie motora pri zo\u0161lapnut\u00ed brzdy \/ pokuse o vyradenie parkovacej polohy (P)<\/li>\n<li>Automatick\u00e9 zastavenie motora pri zv\u00fd\u0161en\u00ed ot\u00e1\u010dok nad \u00farove\u0148 vo\u013enobehu<\/li>\n<li>Automatick\u00e9 zastavenie motora pri n\u00edzkych ot\u00e1\u010dkach<\/li>\n<\/ul>\n<h3>Podporuje nasledovn\u00e9 modely vozidiel Mercedes-Benz<\/h3>\n<ul>\n<li>ML, GL, R 2005-2011<\/li>\n<li>E, CLK CLS, G 2004-2011<\/li>\n<li>SLK, B 2005-2010<\/li>\n<li>C 2003-2011<\/li>\n<li>GLK 2010-2011<\/li>\n<li>S, CL 2007-2011<\/li>\n<\/ul>\n<h3><a href=\"https:\/\/www.mmracing.sk\/wp\/wp-content\/uploads\/smartkey_starter_02.jpg\"><img loading=\"lazy\" decoding=\"async\" class=\"alignnone size-medium wp-image-146\" src=\"https:\/\/www.mmracing.sk\/wp\/wp-content\/uploads\/smartkey_starter_02-345x192.jpg\" alt=\"dia\u013ekov\u00fd \u0161tart pre Marcedes\" width=\"345\" height=\"192\" srcset=\"https:\/\/www.mmracing.sk\/wp\/wp-content\/uploads\/smartkey_starter_02-345x192.jpg 345w, https:\/\/www.mmracing.sk\/wp\/wp-content\/uploads\/smartkey_starter_02-120x67.jpg 120w, https:\/\/www.mmracing.sk\/wp\/wp-content\/uploads\/smartkey_starter_02-180x100.jpg 180w, https:\/\/www.mmracing.sk\/wp\/wp-content\/uploads\/smartkey_starter_02.jpg 392w\" sizes=\"auto, (max-width: 345px) 100vw, 345px\" \/><\/a><\/h3>\n","protected":false},"excerpt":{"rendered":"<p>Na\u0161tartujte svoj Mercedes-Benz na dia\u013eku Smartkey Starter\u00ae je prv\u00fdm a na svete jedin\u00fdm syst\u00e9mom umo\u017e\u0148uj\u00facim dia\u013ekovo na\u0161tartova\u0165 vozidl\u00e1 Mercedes-Benz vybaven\u00e9 [&hellip;]<\/p>\n","protected":false},"author":1,"featured_media":0,"parent":121,"menu_order":9,"comment_status":"closed","ping_status":"closed","template":"","meta":{"footnotes":""},"class_list":["post-145","page","type-page","status-publish","hentry"],"yoast_head":"<!-- This site is optimized with the Yoast SEO Premium plugin v23.8 (Yoast SEO v27.5) - https:\/\/yoast.com\/product\/yoast-seo-premium-wordpress\/ -->\n<title>Dia\u013ekov\u00fd \u0161tart pre Mercedes SmartKey - MM RACING<\/title>\n<meta name=\"robots\" content=\"index, follow, max-snippet:-1, max-image-preview:large, max-video-preview:-1\" \/>\n<link rel=\"canonical\" href=\"https:\/\/www.mmracing.sk\/sk\/sluzby\/dialkovy-start-mercedes-smartkey\/\" \/>\n<meta property=\"og:locale\" content=\"en_GB\" \/>\n<meta property=\"og:type\" content=\"article\" \/>\n<meta property=\"og:title\" content=\"Dia\u013ekov\u00fd \u0161tart pre Mercedes SmartKey\" \/>\n<meta property=\"og:description\" content=\"Na\u0161tartujte svoj Mercedes-Benz na dia\u013eku Smartkey Starter\u00ae je prv\u00fdm a na svete jedin\u00fdm syst\u00e9mom umo\u017e\u0148uj\u00facim dia\u013ekovo na\u0161tartova\u0165 vozidl\u00e1 Mercedes-Benz vybaven\u00e9 [&hellip;]\" \/>\n<meta property=\"og:url\" content=\"https:\/\/www.mmracing.sk\/sk\/sluzby\/dialkovy-start-mercedes-smartkey\/\" \/>\n<meta property=\"og:site_name\" content=\"MM RACING\" \/>\n<meta property=\"article:modified_time\" content=\"2022-12-30T16:47:14+00:00\" \/>\n<meta property=\"og:image\" content=\"https:\/\/www.mmracing.sk\/wp\/wp-content\/uploads\/smartkey_starter_header-345x88.png\" \/>\n<meta name=\"twitter:card\" content=\"summary_large_image\" \/>\n<meta name=\"twitter:label1\" content=\"Estimated reading time\" \/>\n\t<meta name=\"twitter:data1\" content=\"2 minutes\" \/>\n<script type=\"application\/ld+json\" class=\"yoast-schema-graph\">{\"@context\":\"https:\\\/\\\/schema.org\",\"@graph\":[{\"@type\":\"WebPage\",\"@id\":\"https:\\\/\\\/www.mmracing.sk\\\/sk\\\/sluzby\\\/dialkovy-start-mercedes-smartkey\\\/\",\"url\":\"https:\\\/\\\/www.mmracing.sk\\\/sk\\\/sluzby\\\/dialkovy-start-mercedes-smartkey\\\/\",\"name\":\"Dia\u013ekov\u00fd \u0161tart pre Mercedes SmartKey - MM RACING\",\"isPartOf\":{\"@id\":\"https:\\\/\\\/www.mmracing.sk\\\/sk\\\/#website\"},\"primaryImageOfPage\":{\"@id\":\"https:\\\/\\\/www.mmracing.sk\\\/sk\\\/sluzby\\\/dialkovy-start-mercedes-smartkey\\\/#primaryimage\"},\"image\":{\"@id\":\"https:\\\/\\\/www.mmracing.sk\\\/sk\\\/sluzby\\\/dialkovy-start-mercedes-smartkey\\\/#primaryimage\"},\"thumbnailUrl\":\"https:\\\/\\\/www.mmracing.sk\\\/wp\\\/wp-content\\\/uploads\\\/smartkey_starter_header-345x88.png\",\"datePublished\":\"2016-09-12T12:48:41+00:00\",\"dateModified\":\"2022-12-30T16:47:14+00:00\",\"breadcrumb\":{\"@id\":\"https:\\\/\\\/www.mmracing.sk\\\/sk\\\/sluzby\\\/dialkovy-start-mercedes-smartkey\\\/#breadcrumb\"},\"inLanguage\":\"en-GB\",\"potentialAction\":[{\"@type\":\"ReadAction\",\"target\":[\"https:\\\/\\\/www.mmracing.sk\\\/sk\\\/sluzby\\\/dialkovy-start-mercedes-smartkey\\\/\"]}]},{\"@type\":\"ImageObject\",\"inLanguage\":\"en-GB\",\"@id\":\"https:\\\/\\\/www.mmracing.sk\\\/sk\\\/sluzby\\\/dialkovy-start-mercedes-smartkey\\\/#primaryimage\",\"url\":\"https:\\\/\\\/www.mmracing.sk\\\/wp\\\/wp-content\\\/uploads\\\/smartkey_starter_header-345x88.png\",\"contentUrl\":\"https:\\\/\\\/www.mmracing.sk\\\/wp\\\/wp-content\\\/uploads\\\/smartkey_starter_header-345x88.png\"},{\"@type\":\"BreadcrumbList\",\"@id\":\"https:\\\/\\\/www.mmracing.sk\\\/sk\\\/sluzby\\\/dialkovy-start-mercedes-smartkey\\\/#breadcrumb\",\"itemListElement\":[{\"@type\":\"ListItem\",\"position\":1,\"name\":\"Domovsk\u00e1 str\u00e1nka\",\"item\":\"https:\\\/\\\/www.mmracing.sk\\\/sk\\\/\"},{\"@type\":\"ListItem\",\"position\":2,\"name\":\"Slu\u017eby\",\"item\":\"https:\\\/\\\/www.mmracing.sk\\\/sk\\\/sluzby\\\/\"},{\"@type\":\"ListItem\",\"position\":3,\"name\":\"Dia\u013ekov\u00fd \u0161tart pre Mercedes SmartKey\"}]},{\"@type\":\"WebSite\",\"@id\":\"https:\\\/\\\/www.mmracing.sk\\\/sk\\\/#website\",\"url\":\"https:\\\/\\\/www.mmracing.sk\\\/sk\\\/\",\"name\":\"MM RACING\",\"description\":\"MM RACING V\u00e1m pon\u00faka profesion\u00e1lny chip tuning automobilov. Pon\u00fakame aj diagnostiku vozidiel a mno\u017estvo \u010fal\u0161\u00edch slu\u017eieb v Bratislave. Viac na mmracing.sk.\",\"potentialAction\":[{\"@type\":\"SearchAction\",\"target\":{\"@type\":\"EntryPoint\",\"urlTemplate\":\"https:\\\/\\\/www.mmracing.sk\\\/sk\\\/?s={search_term_string}\"},\"query-input\":{\"@type\":\"PropertyValueSpecification\",\"valueRequired\":true,\"valueName\":\"search_term_string\"}}],\"inLanguage\":\"en-GB\"}]}<\/script>\n<!-- \/ Yoast SEO Premium plugin. -->","yoast_head_json":{"title":"Dia\u013ekov\u00fd \u0161tart pre Mercedes SmartKey - MM RACING","robots":{"index":"index","follow":"follow","max-snippet":"max-snippet:-1","max-image-preview":"max-image-preview:large","max-video-preview":"max-video-preview:-1"},"canonical":"https:\/\/www.mmracing.sk\/sk\/sluzby\/dialkovy-start-mercedes-smartkey\/","og_locale":"en_GB","og_type":"article","og_title":"Dia\u013ekov\u00fd \u0161tart pre Mercedes SmartKey","og_description":"Na\u0161tartujte svoj Mercedes-Benz na dia\u013eku Smartkey Starter\u00ae je prv\u00fdm a na svete jedin\u00fdm syst\u00e9mom umo\u017e\u0148uj\u00facim dia\u013ekovo na\u0161tartova\u0165 vozidl\u00e1 Mercedes-Benz vybaven\u00e9 [&hellip;]","og_url":"https:\/\/www.mmracing.sk\/sk\/sluzby\/dialkovy-start-mercedes-smartkey\/","og_site_name":"MM RACING","article_modified_time":"2022-12-30T16:47:14+00:00","og_image":[{"url":"https:\/\/www.mmracing.sk\/wp\/wp-content\/uploads\/smartkey_starter_header-345x88.png","type":"","width":"","height":""}],"twitter_card":"summary_large_image","twitter_misc":{"Estimated reading time":"2 minutes"},"schema":{"@context":"https:\/\/schema.org","@graph":[{"@type":"WebPage","@id":"https:\/\/www.mmracing.sk\/sk\/sluzby\/dialkovy-start-mercedes-smartkey\/","url":"https:\/\/www.mmracing.sk\/sk\/sluzby\/dialkovy-start-mercedes-smartkey\/","name":"Dia\u013ekov\u00fd \u0161tart pre Mercedes SmartKey - MM RACING","isPartOf":{"@id":"https:\/\/www.mmracing.sk\/sk\/#website"},"primaryImageOfPage":{"@id":"https:\/\/www.mmracing.sk\/sk\/sluzby\/dialkovy-start-mercedes-smartkey\/#primaryimage"},"image":{"@id":"https:\/\/www.mmracing.sk\/sk\/sluzby\/dialkovy-start-mercedes-smartkey\/#primaryimage"},"thumbnailUrl":"https:\/\/www.mmracing.sk\/wp\/wp-content\/uploads\/smartkey_starter_header-345x88.png","datePublished":"2016-09-12T12:48:41+00:00","dateModified":"2022-12-30T16:47:14+00:00","breadcrumb":{"@id":"https:\/\/www.mmracing.sk\/sk\/sluzby\/dialkovy-start-mercedes-smartkey\/#breadcrumb"},"inLanguage":"en-GB","potentialAction":[{"@type":"ReadAction","target":["https:\/\/www.mmracing.sk\/sk\/sluzby\/dialkovy-start-mercedes-smartkey\/"]}]},{"@type":"ImageObject","inLanguage":"en-GB","@id":"https:\/\/www.mmracing.sk\/sk\/sluzby\/dialkovy-start-mercedes-smartkey\/#primaryimage","url":"https:\/\/www.mmracing.sk\/wp\/wp-content\/uploads\/smartkey_starter_header-345x88.png","contentUrl":"https:\/\/www.mmracing.sk\/wp\/wp-content\/uploads\/smartkey_starter_header-345x88.png"},{"@type":"BreadcrumbList","@id":"https:\/\/www.mmracing.sk\/sk\/sluzby\/dialkovy-start-mercedes-smartkey\/#breadcrumb","itemListElement":[{"@type":"ListItem","position":1,"name":"Domovsk\u00e1 str\u00e1nka","item":"https:\/\/www.mmracing.sk\/sk\/"},{"@type":"ListItem","position":2,"name":"Slu\u017eby","item":"https:\/\/www.mmracing.sk\/sk\/sluzby\/"},{"@type":"ListItem","position":3,"name":"Dia\u013ekov\u00fd \u0161tart pre Mercedes SmartKey"}]},{"@type":"WebSite","@id":"https:\/\/www.mmracing.sk\/sk\/#website","url":"https:\/\/www.mmracing.sk\/sk\/","name":"MM RACING","description":"MM RACING V\u00e1m pon\u00faka profesion\u00e1lny chip tuning automobilov. Pon\u00fakame aj diagnostiku vozidiel a mno\u017estvo \u010fal\u0161\u00edch slu\u017eieb v Bratislave. Viac na mmracing.sk.","potentialAction":[{"@type":"SearchAction","target":{"@type":"EntryPoint","urlTemplate":"https:\/\/www.mmracing.sk\/sk\/?s={search_term_string}"},"query-input":{"@type":"PropertyValueSpecification","valueRequired":true,"valueName":"search_term_string"}}],"inLanguage":"en-GB"}]}},"_links":{"self":[{"href":"https:\/\/www.mmracing.sk\/sk\/wp-json\/wp\/v2\/pages\/145","targetHints":{"allow":["GET"]}}],"collection":[{"href":"https:\/\/www.mmracing.sk\/sk\/wp-json\/wp\/v2\/pages"}],"about":[{"href":"https:\/\/www.mmracing.sk\/sk\/wp-json\/wp\/v2\/types\/page"}],"author":[{"embeddable":true,"href":"https:\/\/www.mmracing.sk\/sk\/wp-json\/wp\/v2\/users\/1"}],"replies":[{"embeddable":true,"href":"https:\/\/www.mmracing.sk\/sk\/wp-json\/wp\/v2\/comments?post=145"}],"version-history":[{"count":3,"href":"https:\/\/www.mmracing.sk\/sk\/wp-json\/wp\/v2\/pages\/145\/revisions"}],"predecessor-version":[{"id":9786,"href":"https:\/\/www.mmracing.sk\/sk\/wp-json\/wp\/v2\/pages\/145\/revisions\/9786"}],"up":[{"embeddable":true,"href":"https:\/\/www.mmracing.sk\/sk\/wp-json\/wp\/v2\/pages\/121"}],"wp:attachment":[{"href":"https:\/\/www.mmracing.sk\/sk\/wp-json\/wp\/v2\/media?parent=145"}],"curies":[{"name":"wp","href":"https:\/\/api.w.org\/{rel}","templated":true}]}}