{"id":134,"date":"2016-09-12T14:42:22","date_gmt":"2016-09-12T12:42:22","guid":{"rendered":"http:\/\/www.mmracing.sk\/wp\/sk\/?page_id=134"},"modified":"2022-12-30T17:50:07","modified_gmt":"2022-12-30T16:50:07","slug":"pieskovanie-skiel-vozidla","status":"publish","type":"page","link":"https:\/\/www.mmracing.sk\/sk\/sluzby\/pieskovanie-skiel-vozidla\/","title":{"rendered":"Bezpe\u010dnostn\u00e9 ozna\u010denie skiel vozidla"},"content":{"rendered":"<p>Zabezpe\u010dujeme bezpe\u010dnostn\u00e9 ozna\u010denie skiel vozidla pomocou pieskovania VIN (\u010disla karos\u00e9rie) na skl\u00e1 vozidla.<\/p>\n<p>Tento \u00fakon zabezpe\u010duje v\u00fdbornu ochranu pred odcuzden\u00edm, z\u00e1rove\u0148 v\u00fdhodnej\u0161ie poistenie vozidla.<\/p>\n<p>Cena zna\u010denia jedn\u00e9ho skla automobilu je 7,00 \u20ac bez DPH.<\/p>\n<p><a href=\"https:\/\/www.mmracing.sk\/wp\/wp-content\/uploads\/IMG_0277.jpg\"><img loading=\"lazy\" decoding=\"async\" class=\"alignnone  wp-image-135\" src=\"https:\/\/www.mmracing.sk\/wp\/wp-content\/uploads\/IMG_0277-345x258.jpg\" alt=\"pieskovanie VIN vozidla\" width=\"500\" height=\"374\" srcset=\"https:\/\/www.mmracing.sk\/wp\/wp-content\/uploads\/IMG_0277-345x258.jpg 345w, https:\/\/www.mmracing.sk\/wp\/wp-content\/uploads\/IMG_0277-120x90.jpg 120w, https:\/\/www.mmracing.sk\/wp\/wp-content\/uploads\/IMG_0277-180x135.jpg 180w, https:\/\/www.mmracing.sk\/wp\/wp-content\/uploads\/IMG_0277.jpg 448w\" sizes=\"auto, (max-width: 500px) 100vw, 500px\" \/><\/a><\/p>\n<p><a href=\"https:\/\/www.mmracing.sk\/wp\/wp-content\/uploads\/IMG_0278.jpg\"><img loading=\"lazy\" decoding=\"async\" class=\"alignnone  wp-image-136\" src=\"https:\/\/www.mmracing.sk\/wp\/wp-content\/uploads\/IMG_0278-345x258.jpg\" alt=\"pieskovanie VIN na sklo vozidla\" width=\"499\" height=\"373\" srcset=\"https:\/\/www.mmracing.sk\/wp\/wp-content\/uploads\/IMG_0278-345x258.jpg 345w, https:\/\/www.mmracing.sk\/wp\/wp-content\/uploads\/IMG_0278-120x90.jpg 120w, https:\/\/www.mmracing.sk\/wp\/wp-content\/uploads\/IMG_0278-180x135.jpg 180w, https:\/\/www.mmracing.sk\/wp\/wp-content\/uploads\/IMG_0278.jpg 448w\" sizes=\"auto, (max-width: 499px) 100vw, 499px\" \/><\/a><\/p>\n","protected":false},"excerpt":{"rendered":"<p>Zabezpe\u010dujeme bezpe\u010dnostn\u00e9 ozna\u010denie skiel vozidla pomocou pieskovania VIN (\u010disla karos\u00e9rie) na skl\u00e1 vozidla. Tento \u00fakon zabezpe\u010duje v\u00fdbornu ochranu pred odcuzden\u00edm, [&hellip;]<\/p>\n","protected":false},"author":1,"featured_media":0,"parent":121,"menu_order":8,"comment_status":"closed","ping_status":"closed","template":"","meta":{"footnotes":""},"class_list":["post-134","page","type-page","status-publish","hentry"],"yoast_head":"<!-- This site is optimized with the Yoast SEO Premium plugin v23.8 (Yoast SEO v27.4) - https:\/\/yoast.com\/product\/yoast-seo-premium-wordpress\/ -->\n<title>Bezpe\u010dnostn\u00e9 ozna\u010denie skiel vozidla - MM RACING<\/title>\n<meta name=\"description\" content=\"Bezpe\u010dnostn\u00e9 zna\u010denie skiel vozidla, ozna\u010denie VIN na okn\u00e1 automobilu\" \/>\n<meta name=\"robots\" content=\"index, follow, max-snippet:-1, max-image-preview:large, max-video-preview:-1\" \/>\n<link rel=\"canonical\" href=\"https:\/\/www.mmracing.sk\/sk\/sluzby\/pieskovanie-skiel-vozidla\/\" \/>\n<meta property=\"og:locale\" content=\"en_GB\" \/>\n<meta property=\"og:type\" content=\"article\" \/>\n<meta property=\"og:title\" content=\"Bezpe\u010dnostn\u00e9 ozna\u010denie skiel vozidla\" \/>\n<meta property=\"og:description\" content=\"Bezpe\u010dnostn\u00e9 zna\u010denie skiel vozidla, ozna\u010denie VIN na okn\u00e1 automobilu\" \/>\n<meta property=\"og:url\" content=\"https:\/\/www.mmracing.sk\/sk\/sluzby\/pieskovanie-skiel-vozidla\/\" \/>\n<meta property=\"og:site_name\" content=\"MM RACING\" \/>\n<meta property=\"article:modified_time\" content=\"2022-12-30T16:50:07+00:00\" \/>\n<meta property=\"og:image\" content=\"https:\/\/www.mmracing.sk\/wp\/wp-content\/uploads\/IMG_0277-345x258.jpg\" \/>\n<meta name=\"twitter:card\" content=\"summary_large_image\" \/>\n<meta name=\"twitter:label1\" content=\"Estimated reading time\" \/>\n\t<meta name=\"twitter:data1\" content=\"1 minute\" \/>\n<script type=\"application\/ld+json\" class=\"yoast-schema-graph\">{\"@context\":\"https:\\\/\\\/schema.org\",\"@graph\":[{\"@type\":\"WebPage\",\"@id\":\"https:\\\/\\\/www.mmracing.sk\\\/sk\\\/sluzby\\\/pieskovanie-skiel-vozidla\\\/\",\"url\":\"https:\\\/\\\/www.mmracing.sk\\\/sk\\\/sluzby\\\/pieskovanie-skiel-vozidla\\\/\",\"name\":\"Bezpe\u010dnostn\u00e9 ozna\u010denie skiel vozidla - MM RACING\",\"isPartOf\":{\"@id\":\"https:\\\/\\\/www.mmracing.sk\\\/sk\\\/#website\"},\"primaryImageOfPage\":{\"@id\":\"https:\\\/\\\/www.mmracing.sk\\\/sk\\\/sluzby\\\/pieskovanie-skiel-vozidla\\\/#primaryimage\"},\"image\":{\"@id\":\"https:\\\/\\\/www.mmracing.sk\\\/sk\\\/sluzby\\\/pieskovanie-skiel-vozidla\\\/#primaryimage\"},\"thumbnailUrl\":\"https:\\\/\\\/www.mmracing.sk\\\/wp\\\/wp-content\\\/uploads\\\/IMG_0277-345x258.jpg\",\"datePublished\":\"2016-09-12T12:42:22+00:00\",\"dateModified\":\"2022-12-30T16:50:07+00:00\",\"description\":\"Bezpe\u010dnostn\u00e9 zna\u010denie skiel vozidla, ozna\u010denie VIN na okn\u00e1 automobilu\",\"breadcrumb\":{\"@id\":\"https:\\\/\\\/www.mmracing.sk\\\/sk\\\/sluzby\\\/pieskovanie-skiel-vozidla\\\/#breadcrumb\"},\"inLanguage\":\"en-GB\",\"potentialAction\":[{\"@type\":\"ReadAction\",\"target\":[\"https:\\\/\\\/www.mmracing.sk\\\/sk\\\/sluzby\\\/pieskovanie-skiel-vozidla\\\/\"]}]},{\"@type\":\"ImageObject\",\"inLanguage\":\"en-GB\",\"@id\":\"https:\\\/\\\/www.mmracing.sk\\\/sk\\\/sluzby\\\/pieskovanie-skiel-vozidla\\\/#primaryimage\",\"url\":\"https:\\\/\\\/www.mmracing.sk\\\/wp\\\/wp-content\\\/uploads\\\/IMG_0277-345x258.jpg\",\"contentUrl\":\"https:\\\/\\\/www.mmracing.sk\\\/wp\\\/wp-content\\\/uploads\\\/IMG_0277-345x258.jpg\"},{\"@type\":\"BreadcrumbList\",\"@id\":\"https:\\\/\\\/www.mmracing.sk\\\/sk\\\/sluzby\\\/pieskovanie-skiel-vozidla\\\/#breadcrumb\",\"itemListElement\":[{\"@type\":\"ListItem\",\"position\":1,\"name\":\"Domovsk\u00e1 str\u00e1nka\",\"item\":\"https:\\\/\\\/www.mmracing.sk\\\/sk\\\/\"},{\"@type\":\"ListItem\",\"position\":2,\"name\":\"Slu\u017eby\",\"item\":\"https:\\\/\\\/www.mmracing.sk\\\/sk\\\/sluzby\\\/\"},{\"@type\":\"ListItem\",\"position\":3,\"name\":\"Bezpe\u010dnostn\u00e9 ozna\u010denie skiel vozidla\"}]},{\"@type\":\"WebSite\",\"@id\":\"https:\\\/\\\/www.mmracing.sk\\\/sk\\\/#website\",\"url\":\"https:\\\/\\\/www.mmracing.sk\\\/sk\\\/\",\"name\":\"MM RACING\",\"description\":\"MM RACING V\u00e1m pon\u00faka profesion\u00e1lny chip tuning automobilov. Pon\u00fakame aj diagnostiku vozidiel a mno\u017estvo \u010fal\u0161\u00edch slu\u017eieb v Bratislave. Viac na mmracing.sk.\",\"potentialAction\":[{\"@type\":\"SearchAction\",\"target\":{\"@type\":\"EntryPoint\",\"urlTemplate\":\"https:\\\/\\\/www.mmracing.sk\\\/sk\\\/?s={search_term_string}\"},\"query-input\":{\"@type\":\"PropertyValueSpecification\",\"valueRequired\":true,\"valueName\":\"search_term_string\"}}],\"inLanguage\":\"en-GB\"}]}<\/script>\n<!-- \/ Yoast SEO Premium plugin. -->","yoast_head_json":{"title":"Bezpe\u010dnostn\u00e9 ozna\u010denie skiel vozidla - MM RACING","description":"Bezpe\u010dnostn\u00e9 zna\u010denie skiel vozidla, ozna\u010denie VIN na okn\u00e1 automobilu","robots":{"index":"index","follow":"follow","max-snippet":"max-snippet:-1","max-image-preview":"max-image-preview:large","max-video-preview":"max-video-preview:-1"},"canonical":"https:\/\/www.mmracing.sk\/sk\/sluzby\/pieskovanie-skiel-vozidla\/","og_locale":"en_GB","og_type":"article","og_title":"Bezpe\u010dnostn\u00e9 ozna\u010denie skiel vozidla","og_description":"Bezpe\u010dnostn\u00e9 zna\u010denie skiel vozidla, ozna\u010denie VIN na okn\u00e1 automobilu","og_url":"https:\/\/www.mmracing.sk\/sk\/sluzby\/pieskovanie-skiel-vozidla\/","og_site_name":"MM RACING","article_modified_time":"2022-12-30T16:50:07+00:00","og_image":[{"url":"https:\/\/www.mmracing.sk\/wp\/wp-content\/uploads\/IMG_0277-345x258.jpg","type":"","width":"","height":""}],"twitter_card":"summary_large_image","twitter_misc":{"Estimated reading time":"1 minute"},"schema":{"@context":"https:\/\/schema.org","@graph":[{"@type":"WebPage","@id":"https:\/\/www.mmracing.sk\/sk\/sluzby\/pieskovanie-skiel-vozidla\/","url":"https:\/\/www.mmracing.sk\/sk\/sluzby\/pieskovanie-skiel-vozidla\/","name":"Bezpe\u010dnostn\u00e9 ozna\u010denie skiel vozidla - MM RACING","isPartOf":{"@id":"https:\/\/www.mmracing.sk\/sk\/#website"},"primaryImageOfPage":{"@id":"https:\/\/www.mmracing.sk\/sk\/sluzby\/pieskovanie-skiel-vozidla\/#primaryimage"},"image":{"@id":"https:\/\/www.mmracing.sk\/sk\/sluzby\/pieskovanie-skiel-vozidla\/#primaryimage"},"thumbnailUrl":"https:\/\/www.mmracing.sk\/wp\/wp-content\/uploads\/IMG_0277-345x258.jpg","datePublished":"2016-09-12T12:42:22+00:00","dateModified":"2022-12-30T16:50:07+00:00","description":"Bezpe\u010dnostn\u00e9 zna\u010denie skiel vozidla, ozna\u010denie VIN na okn\u00e1 automobilu","breadcrumb":{"@id":"https:\/\/www.mmracing.sk\/sk\/sluzby\/pieskovanie-skiel-vozidla\/#breadcrumb"},"inLanguage":"en-GB","potentialAction":[{"@type":"ReadAction","target":["https:\/\/www.mmracing.sk\/sk\/sluzby\/pieskovanie-skiel-vozidla\/"]}]},{"@type":"ImageObject","inLanguage":"en-GB","@id":"https:\/\/www.mmracing.sk\/sk\/sluzby\/pieskovanie-skiel-vozidla\/#primaryimage","url":"https:\/\/www.mmracing.sk\/wp\/wp-content\/uploads\/IMG_0277-345x258.jpg","contentUrl":"https:\/\/www.mmracing.sk\/wp\/wp-content\/uploads\/IMG_0277-345x258.jpg"},{"@type":"BreadcrumbList","@id":"https:\/\/www.mmracing.sk\/sk\/sluzby\/pieskovanie-skiel-vozidla\/#breadcrumb","itemListElement":[{"@type":"ListItem","position":1,"name":"Domovsk\u00e1 str\u00e1nka","item":"https:\/\/www.mmracing.sk\/sk\/"},{"@type":"ListItem","position":2,"name":"Slu\u017eby","item":"https:\/\/www.mmracing.sk\/sk\/sluzby\/"},{"@type":"ListItem","position":3,"name":"Bezpe\u010dnostn\u00e9 ozna\u010denie skiel vozidla"}]},{"@type":"WebSite","@id":"https:\/\/www.mmracing.sk\/sk\/#website","url":"https:\/\/www.mmracing.sk\/sk\/","name":"MM RACING","description":"MM RACING V\u00e1m pon\u00faka profesion\u00e1lny chip tuning automobilov. Pon\u00fakame aj diagnostiku vozidiel a mno\u017estvo \u010fal\u0161\u00edch slu\u017eieb v Bratislave. Viac na mmracing.sk.","potentialAction":[{"@type":"SearchAction","target":{"@type":"EntryPoint","urlTemplate":"https:\/\/www.mmracing.sk\/sk\/?s={search_term_string}"},"query-input":{"@type":"PropertyValueSpecification","valueRequired":true,"valueName":"search_term_string"}}],"inLanguage":"en-GB"}]}},"_links":{"self":[{"href":"https:\/\/www.mmracing.sk\/sk\/wp-json\/wp\/v2\/pages\/134","targetHints":{"allow":["GET"]}}],"collection":[{"href":"https:\/\/www.mmracing.sk\/sk\/wp-json\/wp\/v2\/pages"}],"about":[{"href":"https:\/\/www.mmracing.sk\/sk\/wp-json\/wp\/v2\/types\/page"}],"author":[{"embeddable":true,"href":"https:\/\/www.mmracing.sk\/sk\/wp-json\/wp\/v2\/users\/1"}],"replies":[{"embeddable":true,"href":"https:\/\/www.mmracing.sk\/sk\/wp-json\/wp\/v2\/comments?post=134"}],"version-history":[{"count":5,"href":"https:\/\/www.mmracing.sk\/sk\/wp-json\/wp\/v2\/pages\/134\/revisions"}],"predecessor-version":[{"id":9790,"href":"https:\/\/www.mmracing.sk\/sk\/wp-json\/wp\/v2\/pages\/134\/revisions\/9790"}],"up":[{"embeddable":true,"href":"https:\/\/www.mmracing.sk\/sk\/wp-json\/wp\/v2\/pages\/121"}],"wp:attachment":[{"href":"https:\/\/www.mmracing.sk\/sk\/wp-json\/wp\/v2\/media?parent=134"}],"curies":[{"name":"wp","href":"https:\/\/api.w.org\/{rel}","templated":true}]}}