{"id":128,"date":"2016-09-12T14:09:50","date_gmt":"2016-09-12T12:09:50","guid":{"rendered":"http:\/\/www.mmracing.sk\/wp\/sk\/?page_id=128"},"modified":"2016-09-21T20:06:42","modified_gmt":"2016-09-21T18:06:42","slug":"laser-interceptor","status":"publish","type":"page","link":"https:\/\/www.mmracing.sk\/sk\/sluzby\/stinger-laser-interceptor\/laser-interceptor\/","title":{"rendered":"Laser Interceptor"},"content":{"rendered":"<h3>LASER INTERCEPTOR &#8211; NAJLEP\u0160\u00cd PARKOVAC\u00cd ASISTENT!<\/h3>\n<p>Laser Interceptor je inteligentn\u00e9 laserov\u00e9 parkovacie zariadenie, ktor\u00e9 chr\u00e1ni Va\u0161e vozidlo pri parkovan\u00ed aj v prev\u00e1dzke napr\u00edklad pri dopravnej z\u00e1pche.<\/p>\n<p>Zariadenie je z\u00e1rove\u0148 schopn\u00e9 plni\u0165 \u010fal\u0161ie funkcie ako parkovac\u00ed senzor, v kombin\u00e1cii s da\u013e\u0161\u00edmi v\u00fdrobkami [zatia\u013e nie s\u00fa k dispoz\u00edcii] ako automatick\u00fd otv\u00e1ra\u010d dver\u00ed, alebo aktiv\u00e1tor osvetlenia. V\u0161etky funkcie s\u00fa nastavite\u013en\u00e9 prostredn\u00edctvom po\u010d\u00edta\u010da. Laser Interceptor m\u00e1 jedine\u010dn\u00fa a ve\u013emi u\u017eito\u010dn\u00fa vlastnos\u0165 &#8211; na u\u017e\u00edvate\u013eskej \u00farovni je mo\u017en\u00e9 prostredn\u00edctvom po\u010d\u00edta\u010da upravova\u0165 jeho nastavenia a nahr\u00e1va\u0165 vlastn\u00e9 hlasov\u00e9 v\u00fdstrahy.<\/p>\n<p>Laser Interceptor sa pou\u017e\u00edva na pevn\u00fa mont\u00e1\u017e do vozidla na ochranu prednej pr\u00edpadne zadnej \u010dasti vozidla pri parkovan\u00ed.<\/p>\n<p>Zariadenie je pred\u00e1van\u00e9 ako stavebnica &#8211; multifunk\u010dn\u00fd laserov\u00fd senzor a v z\u00e1klade obsahuje riadiacu jednotku s reproduktorom, 2 senzory, vyp\u00edna\u010d, in\u0161tala\u010dn\u00fd materi\u00e1l a manu\u00e1l. Senzory sa umiest\u0148uj\u00fa do prednej \u010dasti vozidla tak, aby mali priamy v\u00fdh\u013ead smerom dopredu. Nesm\u00fa sa montova\u0165 za mrie\u017eky chladi\u010da, alebo in\u00e9 \u010dasti, ktor\u00e9 by im br\u00e1nili vo v\u00fdh\u013eade. Senzory musia by\u0165 namontovan\u00e9 tak, aby boli rovnobe\u017en\u00e9 so smerom jazdy. Je mo\u017en\u00e9 ich namontova\u0165 horizont\u00e1lne, vertik\u00e1lne, alebo aj \u0161ikmo.<\/p>\n<p><strong>Laser Interceptor Dual(po\u010det senzorov: 2 ks):<\/strong><br \/>\n<strong> Cena: \u20ac 530,00 bez DPH \/ \u20ac 636,00 s DPH<\/strong><\/p>\n<p><strong>Laser Interceptor Quad(po\u010det senzorov: 4 ks):<\/strong><br \/>\n<strong> Cena: \u20ac 830,00 bez DPH \/ \u20ac 996,00 s DPH<\/strong><\/p>\n","protected":false},"excerpt":{"rendered":"<p>LASER INTERCEPTOR &#8211; NAJLEP\u0160\u00cd PARKOVAC\u00cd ASISTENT! Laser Interceptor je inteligentn\u00e9 laserov\u00e9 parkovacie zariadenie, ktor\u00e9 chr\u00e1ni Va\u0161e vozidlo pri parkovan\u00ed aj [&hellip;]<\/p>\n","protected":false},"author":1,"featured_media":0,"parent":113,"menu_order":2,"comment_status":"closed","ping_status":"closed","template":"","meta":{"footnotes":""},"class_list":["post-128","page","type-page","status-publish","hentry"],"yoast_head":"<!-- This site is optimized with the Yoast SEO Premium plugin v23.8 (Yoast SEO v27.5) - https:\/\/yoast.com\/product\/yoast-seo-premium-wordpress\/ -->\n<title>Laser Interceptor - MM RACING<\/title>\n<meta name=\"robots\" content=\"index, follow, max-snippet:-1, max-image-preview:large, max-video-preview:-1\" \/>\n<link rel=\"canonical\" href=\"https:\/\/www.mmracing.sk\/sk\/sluzby\/stinger-laser-interceptor\/laser-interceptor\/\" \/>\n<meta property=\"og:locale\" content=\"en_GB\" \/>\n<meta property=\"og:type\" content=\"article\" \/>\n<meta property=\"og:title\" content=\"Laser Interceptor\" \/>\n<meta property=\"og:description\" content=\"LASER INTERCEPTOR &#8211; NAJLEP\u0160\u00cd PARKOVAC\u00cd ASISTENT! Laser Interceptor je inteligentn\u00e9 laserov\u00e9 parkovacie zariadenie, ktor\u00e9 chr\u00e1ni Va\u0161e vozidlo pri parkovan\u00ed aj [&hellip;]\" \/>\n<meta property=\"og:url\" content=\"https:\/\/www.mmracing.sk\/sk\/sluzby\/stinger-laser-interceptor\/laser-interceptor\/\" \/>\n<meta property=\"og:site_name\" content=\"MM RACING\" \/>\n<meta property=\"article:modified_time\" content=\"2016-09-21T18:06:42+00:00\" \/>\n<meta name=\"twitter:card\" content=\"summary_large_image\" \/>\n<meta name=\"twitter:label1\" content=\"Estimated reading time\" \/>\n\t<meta name=\"twitter:data1\" content=\"1 minute\" \/>\n<script type=\"application\/ld+json\" class=\"yoast-schema-graph\">{\"@context\":\"https:\\\/\\\/schema.org\",\"@graph\":[{\"@type\":\"WebPage\",\"@id\":\"https:\\\/\\\/www.mmracing.sk\\\/sk\\\/sluzby\\\/stinger-laser-interceptor\\\/laser-interceptor\\\/\",\"url\":\"https:\\\/\\\/www.mmracing.sk\\\/sk\\\/sluzby\\\/stinger-laser-interceptor\\\/laser-interceptor\\\/\",\"name\":\"Laser Interceptor - MM RACING\",\"isPartOf\":{\"@id\":\"https:\\\/\\\/www.mmracing.sk\\\/sk\\\/#website\"},\"datePublished\":\"2016-09-12T12:09:50+00:00\",\"dateModified\":\"2016-09-21T18:06:42+00:00\",\"breadcrumb\":{\"@id\":\"https:\\\/\\\/www.mmracing.sk\\\/sk\\\/sluzby\\\/stinger-laser-interceptor\\\/laser-interceptor\\\/#breadcrumb\"},\"inLanguage\":\"en-GB\",\"potentialAction\":[{\"@type\":\"ReadAction\",\"target\":[\"https:\\\/\\\/www.mmracing.sk\\\/sk\\\/sluzby\\\/stinger-laser-interceptor\\\/laser-interceptor\\\/\"]}]},{\"@type\":\"BreadcrumbList\",\"@id\":\"https:\\\/\\\/www.mmracing.sk\\\/sk\\\/sluzby\\\/stinger-laser-interceptor\\\/laser-interceptor\\\/#breadcrumb\",\"itemListElement\":[{\"@type\":\"ListItem\",\"position\":1,\"name\":\"Domovsk\u00e1 str\u00e1nka\",\"item\":\"https:\\\/\\\/www.mmracing.sk\\\/sk\\\/\"},{\"@type\":\"ListItem\",\"position\":2,\"name\":\"Slu\u017eby\",\"item\":\"https:\\\/\\\/www.mmracing.sk\\\/sk\\\/sluzby\\\/\"},{\"@type\":\"ListItem\",\"position\":3,\"name\":\"Stinger \\\/ Laser Interceptor\",\"item\":\"https:\\\/\\\/www.mmracing.sk\\\/sk\\\/sluzby\\\/stinger-laser-interceptor\\\/\"},{\"@type\":\"ListItem\",\"position\":4,\"name\":\"Laser Interceptor\"}]},{\"@type\":\"WebSite\",\"@id\":\"https:\\\/\\\/www.mmracing.sk\\\/sk\\\/#website\",\"url\":\"https:\\\/\\\/www.mmracing.sk\\\/sk\\\/\",\"name\":\"MM RACING\",\"description\":\"MM RACING V\u00e1m pon\u00faka profesion\u00e1lny chip tuning automobilov. Pon\u00fakame aj diagnostiku vozidiel a mno\u017estvo \u010fal\u0161\u00edch slu\u017eieb v Bratislave. Viac na mmracing.sk.\",\"potentialAction\":[{\"@type\":\"SearchAction\",\"target\":{\"@type\":\"EntryPoint\",\"urlTemplate\":\"https:\\\/\\\/www.mmracing.sk\\\/sk\\\/?s={search_term_string}\"},\"query-input\":{\"@type\":\"PropertyValueSpecification\",\"valueRequired\":true,\"valueName\":\"search_term_string\"}}],\"inLanguage\":\"en-GB\"}]}<\/script>\n<!-- \/ Yoast SEO Premium plugin. -->","yoast_head_json":{"title":"Laser Interceptor - MM RACING","robots":{"index":"index","follow":"follow","max-snippet":"max-snippet:-1","max-image-preview":"max-image-preview:large","max-video-preview":"max-video-preview:-1"},"canonical":"https:\/\/www.mmracing.sk\/sk\/sluzby\/stinger-laser-interceptor\/laser-interceptor\/","og_locale":"en_GB","og_type":"article","og_title":"Laser Interceptor","og_description":"LASER INTERCEPTOR &#8211; NAJLEP\u0160\u00cd PARKOVAC\u00cd ASISTENT! Laser Interceptor je inteligentn\u00e9 laserov\u00e9 parkovacie zariadenie, ktor\u00e9 chr\u00e1ni Va\u0161e vozidlo pri parkovan\u00ed aj [&hellip;]","og_url":"https:\/\/www.mmracing.sk\/sk\/sluzby\/stinger-laser-interceptor\/laser-interceptor\/","og_site_name":"MM RACING","article_modified_time":"2016-09-21T18:06:42+00:00","twitter_card":"summary_large_image","twitter_misc":{"Estimated reading time":"1 minute"},"schema":{"@context":"https:\/\/schema.org","@graph":[{"@type":"WebPage","@id":"https:\/\/www.mmracing.sk\/sk\/sluzby\/stinger-laser-interceptor\/laser-interceptor\/","url":"https:\/\/www.mmracing.sk\/sk\/sluzby\/stinger-laser-interceptor\/laser-interceptor\/","name":"Laser Interceptor - MM RACING","isPartOf":{"@id":"https:\/\/www.mmracing.sk\/sk\/#website"},"datePublished":"2016-09-12T12:09:50+00:00","dateModified":"2016-09-21T18:06:42+00:00","breadcrumb":{"@id":"https:\/\/www.mmracing.sk\/sk\/sluzby\/stinger-laser-interceptor\/laser-interceptor\/#breadcrumb"},"inLanguage":"en-GB","potentialAction":[{"@type":"ReadAction","target":["https:\/\/www.mmracing.sk\/sk\/sluzby\/stinger-laser-interceptor\/laser-interceptor\/"]}]},{"@type":"BreadcrumbList","@id":"https:\/\/www.mmracing.sk\/sk\/sluzby\/stinger-laser-interceptor\/laser-interceptor\/#breadcrumb","itemListElement":[{"@type":"ListItem","position":1,"name":"Domovsk\u00e1 str\u00e1nka","item":"https:\/\/www.mmracing.sk\/sk\/"},{"@type":"ListItem","position":2,"name":"Slu\u017eby","item":"https:\/\/www.mmracing.sk\/sk\/sluzby\/"},{"@type":"ListItem","position":3,"name":"Stinger \/ Laser Interceptor","item":"https:\/\/www.mmracing.sk\/sk\/sluzby\/stinger-laser-interceptor\/"},{"@type":"ListItem","position":4,"name":"Laser Interceptor"}]},{"@type":"WebSite","@id":"https:\/\/www.mmracing.sk\/sk\/#website","url":"https:\/\/www.mmracing.sk\/sk\/","name":"MM RACING","description":"MM RACING V\u00e1m pon\u00faka profesion\u00e1lny chip tuning automobilov. Pon\u00fakame aj diagnostiku vozidiel a mno\u017estvo \u010fal\u0161\u00edch slu\u017eieb v Bratislave. Viac na mmracing.sk.","potentialAction":[{"@type":"SearchAction","target":{"@type":"EntryPoint","urlTemplate":"https:\/\/www.mmracing.sk\/sk\/?s={search_term_string}"},"query-input":{"@type":"PropertyValueSpecification","valueRequired":true,"valueName":"search_term_string"}}],"inLanguage":"en-GB"}]}},"_links":{"self":[{"href":"https:\/\/www.mmracing.sk\/sk\/wp-json\/wp\/v2\/pages\/128","targetHints":{"allow":["GET"]}}],"collection":[{"href":"https:\/\/www.mmracing.sk\/sk\/wp-json\/wp\/v2\/pages"}],"about":[{"href":"https:\/\/www.mmracing.sk\/sk\/wp-json\/wp\/v2\/types\/page"}],"author":[{"embeddable":true,"href":"https:\/\/www.mmracing.sk\/sk\/wp-json\/wp\/v2\/users\/1"}],"replies":[{"embeddable":true,"href":"https:\/\/www.mmracing.sk\/sk\/wp-json\/wp\/v2\/comments?post=128"}],"version-history":[{"count":1,"href":"https:\/\/www.mmracing.sk\/sk\/wp-json\/wp\/v2\/pages\/128\/revisions"}],"predecessor-version":[{"id":129,"href":"https:\/\/www.mmracing.sk\/sk\/wp-json\/wp\/v2\/pages\/128\/revisions\/129"}],"up":[{"embeddable":true,"href":"https:\/\/www.mmracing.sk\/sk\/wp-json\/wp\/v2\/pages\/113"}],"wp:attachment":[{"href":"https:\/\/www.mmracing.sk\/sk\/wp-json\/wp\/v2\/media?parent=128"}],"curies":[{"name":"wp","href":"https:\/\/api.w.org\/{rel}","templated":true}]}}