{"id":115,"date":"2016-09-12T14:00:55","date_gmt":"2016-09-12T12:00:55","guid":{"rendered":"http:\/\/www.mmracing.sk\/wp\/sk\/?page_id=115"},"modified":"2022-12-30T18:04:24","modified_gmt":"2022-12-30T17:04:24","slug":"stinger-card","status":"publish","type":"page","link":"https:\/\/www.mmracing.sk\/sk\/sluzby\/stinger-laser-interceptor\/stinger-card\/","title":{"rendered":"Stinger Card"},"content":{"rendered":"<p>Stinger u\u017e vy\u0161e 20 rokov vyv\u00edja high-end zariadenia pre trh z\u00e1padnej eur\u00f3py.<\/p>\n<p><img loading=\"lazy\" decoding=\"async\" class=\"alignnone size-full wp-image-119\" src=\"http:\/\/www.mmracing.sk\/wp\/wp-content\/uploads\/stinger_logo.png\" alt=\"stinger_logo\" width=\"250\" height=\"59\" srcset=\"https:\/\/www.mmracing.sk\/wp\/wp-content\/uploads\/stinger_logo.png 250w, https:\/\/www.mmracing.sk\/wp\/wp-content\/uploads\/stinger_logo-120x28.png 120w, https:\/\/www.mmracing.sk\/wp\/wp-content\/uploads\/stinger_logo-180x42.png 180w\" sizes=\"auto, (max-width: 250px) 100vw, 250px\" \/><\/p>\n<h2>Stinger CARD + HD ant\u00e9na<\/h2>\n<p>V\u010faka minim\u00e1lnej ve\u013ekosti a hladn\u00e9mu leskl\u00e9mu povrchu vyzer\u00e1 Card elegantne v ka\u017edom luxusnom aute. M\u00e1 ve\u013ekos\u0165 kreditnej karty a nepotrebuje ni\u010d in\u00e9 ako nain\u0161talovan\u00fd dr\u017eiak. Po vlo\u017een\u00ed do dr\u017eiaku sa Card preberie k \u017eivotu a inak nevidite\u013ene LED indik\u00e1tory sa zobrazia.<\/p>\n<p><a href=\"https:\/\/www.mmracing.sk\/wp\/wp-content\/uploads\/stinger_card_side.png\"><img loading=\"lazy\" decoding=\"async\" class=\"alignnone size-full wp-image-118\" src=\"https:\/\/www.mmracing.sk\/wp\/wp-content\/uploads\/stinger_card_side.png\" alt=\"\" width=\"250\" height=\"177\" srcset=\"https:\/\/www.mmracing.sk\/wp\/wp-content\/uploads\/stinger_card_side.png 250w, https:\/\/www.mmracing.sk\/wp\/wp-content\/uploads\/stinger_card_side-120x85.png 120w, https:\/\/www.mmracing.sk\/wp\/wp-content\/uploads\/stinger_card_side-180x127.png 180w\" sizes=\"auto, (max-width: 250px) 100vw, 250px\" \/><\/a><\/p>\n<p>Elegantn\u00e9 dotykov\u00e9 tla\u010d\u00edtka umo\u017e\u0148uj\u00fa jednoduch\u00fd pr\u00edstup k funkci\u00e1m ako nastavovanie hlasitosti, zapnutie a vypnutie knihy j\u00e1zd a podobne. Ak chcete Stinger Card vypn\u00fa\u0165 vytiahnite ju z dr\u017eiaku alebo jednoducho vypnite zapalovanie. Zariadenie m\u00e1 dostato\u010dn\u00fa pam\u00e4\u0165 na nieko\u013eko mesa\u010dn\u00fa prev\u00e1dzku vozidla a uchov\u00e1vanie d\u00e1t o pou\u017e\u00edvan\u00ed vozdila.<\/p>\n<p>Stinger Card je samozrejme vybaven\u00fd GPS prij\u00edma\u010dom. U\u017e\u00edvate\u013e m\u00e1 m\u00f4\u017enos\u0165 aktualiz\u00e1cie datab\u00e1zy POI bodov.<\/p>\n<p>Zariadenia Stinger s\u00fa certifikovan\u00e9 a homologovan\u00e9 na pevn\u00fa mont\u00e1\u017e do vozidiel a s\u00fa ozna\u010den\u00e9 zna\u010dkami e4 a CE.<\/p>\n<p>Info o cene v MM RACING s.r.o.<\/p>\n<p><a href=\"https:\/\/www.mmracing.sk\/wp\/wp-content\/uploads\/stinger_card_alert.png\"><img loading=\"lazy\" decoding=\"async\" class=\"alignnone size-full wp-image-116\" src=\"https:\/\/www.mmracing.sk\/wp\/wp-content\/uploads\/stinger_card_alert.png\" alt=\"\" width=\"250\" height=\"159\" srcset=\"https:\/\/www.mmracing.sk\/wp\/wp-content\/uploads\/stinger_card_alert.png 250w, https:\/\/www.mmracing.sk\/wp\/wp-content\/uploads\/stinger_card_alert-120x76.png 120w, https:\/\/www.mmracing.sk\/wp\/wp-content\/uploads\/stinger_card_alert-180x114.png 180w\" sizes=\"auto, (max-width: 250px) 100vw, 250px\" \/><\/a><a href=\"https:\/\/www.mmracing.sk\/wp\/wp-content\/uploads\/stinger_card_holder_small.gif\"><img loading=\"lazy\" decoding=\"async\" class=\"alignnone size-full wp-image-117\" src=\"https:\/\/www.mmracing.sk\/wp\/wp-content\/uploads\/stinger_card_holder_small.gif\" alt=\"\" width=\"250\" height=\"196\" srcset=\"https:\/\/www.mmracing.sk\/wp\/wp-content\/uploads\/stinger_card_holder_small.gif 250w, https:\/\/www.mmracing.sk\/wp\/wp-content\/uploads\/stinger_card_holder_small-120x94.gif 120w, https:\/\/www.mmracing.sk\/wp\/wp-content\/uploads\/stinger_card_holder_small-180x141.gif 180w\" sizes=\"auto, (max-width: 250px) 100vw, 250px\" \/><\/a><\/p>\n","protected":false},"excerpt":{"rendered":"<p>Stinger u\u017e vy\u0161e 20 rokov vyv\u00edja high-end zariadenia pre trh z\u00e1padnej eur\u00f3py. Stinger CARD + HD ant\u00e9na V\u010faka minim\u00e1lnej ve\u013ekosti [&hellip;]<\/p>\n","protected":false},"author":1,"featured_media":0,"parent":113,"menu_order":0,"comment_status":"closed","ping_status":"closed","template":"","meta":{"footnotes":""},"class_list":["post-115","page","type-page","status-publish","hentry"],"yoast_head":"<!-- This site is optimized with the Yoast SEO Premium plugin v23.8 (Yoast SEO v27.5) - https:\/\/yoast.com\/product\/yoast-seo-premium-wordpress\/ -->\n<title>Stinger Card - MM RACING<\/title>\n<meta name=\"robots\" content=\"index, follow, max-snippet:-1, max-image-preview:large, max-video-preview:-1\" \/>\n<link rel=\"canonical\" href=\"https:\/\/www.mmracing.sk\/sk\/sluzby\/stinger-laser-interceptor\/stinger-card\/\" \/>\n<meta property=\"og:locale\" content=\"en_GB\" \/>\n<meta property=\"og:type\" content=\"article\" \/>\n<meta property=\"og:title\" content=\"Stinger Card\" \/>\n<meta property=\"og:description\" content=\"Stinger u\u017e vy\u0161e 20 rokov vyv\u00edja high-end zariadenia pre trh z\u00e1padnej eur\u00f3py. Stinger CARD + HD ant\u00e9na V\u010faka minim\u00e1lnej ve\u013ekosti [&hellip;]\" \/>\n<meta property=\"og:url\" content=\"https:\/\/www.mmracing.sk\/sk\/sluzby\/stinger-laser-interceptor\/stinger-card\/\" \/>\n<meta property=\"og:site_name\" content=\"MM RACING\" \/>\n<meta property=\"article:modified_time\" content=\"2022-12-30T17:04:24+00:00\" \/>\n<meta property=\"og:image\" content=\"http:\/\/www.mmracing.sk\/wp\/wp-content\/uploads\/stinger_logo.png\" \/>\n<meta name=\"twitter:card\" content=\"summary_large_image\" \/>\n<meta name=\"twitter:label1\" content=\"Estimated reading time\" \/>\n\t<meta name=\"twitter:data1\" content=\"2 minutes\" \/>\n<script type=\"application\/ld+json\" class=\"yoast-schema-graph\">{\"@context\":\"https:\\\/\\\/schema.org\",\"@graph\":[{\"@type\":\"WebPage\",\"@id\":\"https:\\\/\\\/www.mmracing.sk\\\/sk\\\/sluzby\\\/stinger-laser-interceptor\\\/stinger-card\\\/\",\"url\":\"https:\\\/\\\/www.mmracing.sk\\\/sk\\\/sluzby\\\/stinger-laser-interceptor\\\/stinger-card\\\/\",\"name\":\"Stinger Card - MM RACING\",\"isPartOf\":{\"@id\":\"https:\\\/\\\/www.mmracing.sk\\\/sk\\\/#website\"},\"primaryImageOfPage\":{\"@id\":\"https:\\\/\\\/www.mmracing.sk\\\/sk\\\/sluzby\\\/stinger-laser-interceptor\\\/stinger-card\\\/#primaryimage\"},\"image\":{\"@id\":\"https:\\\/\\\/www.mmracing.sk\\\/sk\\\/sluzby\\\/stinger-laser-interceptor\\\/stinger-card\\\/#primaryimage\"},\"thumbnailUrl\":\"http:\\\/\\\/www.mmracing.sk\\\/wp\\\/wp-content\\\/uploads\\\/stinger_logo.png\",\"datePublished\":\"2016-09-12T12:00:55+00:00\",\"dateModified\":\"2022-12-30T17:04:24+00:00\",\"breadcrumb\":{\"@id\":\"https:\\\/\\\/www.mmracing.sk\\\/sk\\\/sluzby\\\/stinger-laser-interceptor\\\/stinger-card\\\/#breadcrumb\"},\"inLanguage\":\"en-GB\",\"potentialAction\":[{\"@type\":\"ReadAction\",\"target\":[\"https:\\\/\\\/www.mmracing.sk\\\/sk\\\/sluzby\\\/stinger-laser-interceptor\\\/stinger-card\\\/\"]}]},{\"@type\":\"ImageObject\",\"inLanguage\":\"en-GB\",\"@id\":\"https:\\\/\\\/www.mmracing.sk\\\/sk\\\/sluzby\\\/stinger-laser-interceptor\\\/stinger-card\\\/#primaryimage\",\"url\":\"http:\\\/\\\/www.mmracing.sk\\\/wp\\\/wp-content\\\/uploads\\\/stinger_logo.png\",\"contentUrl\":\"http:\\\/\\\/www.mmracing.sk\\\/wp\\\/wp-content\\\/uploads\\\/stinger_logo.png\"},{\"@type\":\"BreadcrumbList\",\"@id\":\"https:\\\/\\\/www.mmracing.sk\\\/sk\\\/sluzby\\\/stinger-laser-interceptor\\\/stinger-card\\\/#breadcrumb\",\"itemListElement\":[{\"@type\":\"ListItem\",\"position\":1,\"name\":\"Domovsk\u00e1 str\u00e1nka\",\"item\":\"https:\\\/\\\/www.mmracing.sk\\\/sk\\\/\"},{\"@type\":\"ListItem\",\"position\":2,\"name\":\"Slu\u017eby\",\"item\":\"https:\\\/\\\/www.mmracing.sk\\\/sk\\\/sluzby\\\/\"},{\"@type\":\"ListItem\",\"position\":3,\"name\":\"Stinger \\\/ Laser Interceptor\",\"item\":\"https:\\\/\\\/www.mmracing.sk\\\/sk\\\/sluzby\\\/stinger-laser-interceptor\\\/\"},{\"@type\":\"ListItem\",\"position\":4,\"name\":\"Stinger Card\"}]},{\"@type\":\"WebSite\",\"@id\":\"https:\\\/\\\/www.mmracing.sk\\\/sk\\\/#website\",\"url\":\"https:\\\/\\\/www.mmracing.sk\\\/sk\\\/\",\"name\":\"MM RACING\",\"description\":\"MM RACING V\u00e1m pon\u00faka profesion\u00e1lny chip tuning automobilov. Pon\u00fakame aj diagnostiku vozidiel a mno\u017estvo \u010fal\u0161\u00edch slu\u017eieb v Bratislave. Viac na mmracing.sk.\",\"potentialAction\":[{\"@type\":\"SearchAction\",\"target\":{\"@type\":\"EntryPoint\",\"urlTemplate\":\"https:\\\/\\\/www.mmracing.sk\\\/sk\\\/?s={search_term_string}\"},\"query-input\":{\"@type\":\"PropertyValueSpecification\",\"valueRequired\":true,\"valueName\":\"search_term_string\"}}],\"inLanguage\":\"en-GB\"}]}<\/script>\n<!-- \/ Yoast SEO Premium plugin. -->","yoast_head_json":{"title":"Stinger Card - MM RACING","robots":{"index":"index","follow":"follow","max-snippet":"max-snippet:-1","max-image-preview":"max-image-preview:large","max-video-preview":"max-video-preview:-1"},"canonical":"https:\/\/www.mmracing.sk\/sk\/sluzby\/stinger-laser-interceptor\/stinger-card\/","og_locale":"en_GB","og_type":"article","og_title":"Stinger Card","og_description":"Stinger u\u017e vy\u0161e 20 rokov vyv\u00edja high-end zariadenia pre trh z\u00e1padnej eur\u00f3py. Stinger CARD + HD ant\u00e9na V\u010faka minim\u00e1lnej ve\u013ekosti [&hellip;]","og_url":"https:\/\/www.mmracing.sk\/sk\/sluzby\/stinger-laser-interceptor\/stinger-card\/","og_site_name":"MM RACING","article_modified_time":"2022-12-30T17:04:24+00:00","og_image":[{"url":"http:\/\/www.mmracing.sk\/wp\/wp-content\/uploads\/stinger_logo.png","type":"","width":"","height":""}],"twitter_card":"summary_large_image","twitter_misc":{"Estimated reading time":"2 minutes"},"schema":{"@context":"https:\/\/schema.org","@graph":[{"@type":"WebPage","@id":"https:\/\/www.mmracing.sk\/sk\/sluzby\/stinger-laser-interceptor\/stinger-card\/","url":"https:\/\/www.mmracing.sk\/sk\/sluzby\/stinger-laser-interceptor\/stinger-card\/","name":"Stinger Card - MM RACING","isPartOf":{"@id":"https:\/\/www.mmracing.sk\/sk\/#website"},"primaryImageOfPage":{"@id":"https:\/\/www.mmracing.sk\/sk\/sluzby\/stinger-laser-interceptor\/stinger-card\/#primaryimage"},"image":{"@id":"https:\/\/www.mmracing.sk\/sk\/sluzby\/stinger-laser-interceptor\/stinger-card\/#primaryimage"},"thumbnailUrl":"http:\/\/www.mmracing.sk\/wp\/wp-content\/uploads\/stinger_logo.png","datePublished":"2016-09-12T12:00:55+00:00","dateModified":"2022-12-30T17:04:24+00:00","breadcrumb":{"@id":"https:\/\/www.mmracing.sk\/sk\/sluzby\/stinger-laser-interceptor\/stinger-card\/#breadcrumb"},"inLanguage":"en-GB","potentialAction":[{"@type":"ReadAction","target":["https:\/\/www.mmracing.sk\/sk\/sluzby\/stinger-laser-interceptor\/stinger-card\/"]}]},{"@type":"ImageObject","inLanguage":"en-GB","@id":"https:\/\/www.mmracing.sk\/sk\/sluzby\/stinger-laser-interceptor\/stinger-card\/#primaryimage","url":"http:\/\/www.mmracing.sk\/wp\/wp-content\/uploads\/stinger_logo.png","contentUrl":"http:\/\/www.mmracing.sk\/wp\/wp-content\/uploads\/stinger_logo.png"},{"@type":"BreadcrumbList","@id":"https:\/\/www.mmracing.sk\/sk\/sluzby\/stinger-laser-interceptor\/stinger-card\/#breadcrumb","itemListElement":[{"@type":"ListItem","position":1,"name":"Domovsk\u00e1 str\u00e1nka","item":"https:\/\/www.mmracing.sk\/sk\/"},{"@type":"ListItem","position":2,"name":"Slu\u017eby","item":"https:\/\/www.mmracing.sk\/sk\/sluzby\/"},{"@type":"ListItem","position":3,"name":"Stinger \/ Laser Interceptor","item":"https:\/\/www.mmracing.sk\/sk\/sluzby\/stinger-laser-interceptor\/"},{"@type":"ListItem","position":4,"name":"Stinger Card"}]},{"@type":"WebSite","@id":"https:\/\/www.mmracing.sk\/sk\/#website","url":"https:\/\/www.mmracing.sk\/sk\/","name":"MM RACING","description":"MM RACING V\u00e1m pon\u00faka profesion\u00e1lny chip tuning automobilov. Pon\u00fakame aj diagnostiku vozidiel a mno\u017estvo \u010fal\u0161\u00edch slu\u017eieb v Bratislave. Viac na mmracing.sk.","potentialAction":[{"@type":"SearchAction","target":{"@type":"EntryPoint","urlTemplate":"https:\/\/www.mmracing.sk\/sk\/?s={search_term_string}"},"query-input":{"@type":"PropertyValueSpecification","valueRequired":true,"valueName":"search_term_string"}}],"inLanguage":"en-GB"}]}},"_links":{"self":[{"href":"https:\/\/www.mmracing.sk\/sk\/wp-json\/wp\/v2\/pages\/115","targetHints":{"allow":["GET"]}}],"collection":[{"href":"https:\/\/www.mmracing.sk\/sk\/wp-json\/wp\/v2\/pages"}],"about":[{"href":"https:\/\/www.mmracing.sk\/sk\/wp-json\/wp\/v2\/types\/page"}],"author":[{"embeddable":true,"href":"https:\/\/www.mmracing.sk\/sk\/wp-json\/wp\/v2\/users\/1"}],"replies":[{"embeddable":true,"href":"https:\/\/www.mmracing.sk\/sk\/wp-json\/wp\/v2\/comments?post=115"}],"version-history":[{"count":2,"href":"https:\/\/www.mmracing.sk\/sk\/wp-json\/wp\/v2\/pages\/115\/revisions"}],"predecessor-version":[{"id":9802,"href":"https:\/\/www.mmracing.sk\/sk\/wp-json\/wp\/v2\/pages\/115\/revisions\/9802"}],"up":[{"embeddable":true,"href":"https:\/\/www.mmracing.sk\/sk\/wp-json\/wp\/v2\/pages\/113"}],"wp:attachment":[{"href":"https:\/\/www.mmracing.sk\/sk\/wp-json\/wp\/v2\/media?parent=115"}],"curies":[{"name":"wp","href":"https:\/\/api.w.org\/{rel}","templated":true}]}}