{"id":113,"date":"2016-09-12T13:58:05","date_gmt":"2016-09-12T11:58:05","guid":{"rendered":"http:\/\/www.mmracing.sk\/wp\/sk\/?page_id=113"},"modified":"2016-09-21T20:06:42","modified_gmt":"2016-09-21T18:06:42","slug":"stinger-laser-interceptor","status":"publish","type":"page","link":"https:\/\/www.mmracing.sk\/sk\/sluzby\/stinger-laser-interceptor\/","title":{"rendered":"Stinger \/ Laser Interceptor"},"content":{"rendered":"<p>Pon\u00fakame v\u00fdborne syst\u00e9my Stinger Card a Stinger VIP, v\u010faka ktor\u00e9mu dok\u00e1\u017eete analyzova\u0165 knihu j\u00e1zd s va\u0161im vozidlom, a Laser Interceptor, ktor\u00fd sl\u00fa\u017ei ako parkovac\u00ed asistent a je mo\u017en\u00e9 ho vyu\u017ei\u0165 aj ako optick\u00e9 dia\u013ekov\u00e9 ovl\u00e1danie napr\u00edklad vstupnej br\u00e1ny do dvora.<\/p>\n","protected":false},"excerpt":{"rendered":"<p>Pon\u00fakame v\u00fdborne syst\u00e9my Stinger Card a Stinger VIP, v\u010faka ktor\u00e9mu dok\u00e1\u017eete analyzova\u0165 knihu j\u00e1zd s va\u0161im vozidlom, a Laser Interceptor, [&hellip;]<\/p>\n","protected":false},"author":1,"featured_media":0,"parent":121,"menu_order":4,"comment_status":"closed","ping_status":"closed","template":"","meta":{"footnotes":""},"class_list":["post-113","page","type-page","status-publish","hentry"],"yoast_head":"<!-- This site is optimized with the Yoast SEO Premium plugin v23.8 (Yoast SEO v27.6) - https:\/\/yoast.com\/product\/yoast-seo-premium-wordpress\/ -->\n<title>Stinger \/ Laser Interceptor - MM RACING<\/title>\n<meta name=\"robots\" content=\"index, follow, max-snippet:-1, max-image-preview:large, max-video-preview:-1\" \/>\n<link rel=\"canonical\" href=\"https:\/\/www.mmracing.sk\/sk\/sluzby\/stinger-laser-interceptor\/\" \/>\n<meta property=\"og:locale\" content=\"en_GB\" \/>\n<meta property=\"og:type\" content=\"article\" \/>\n<meta property=\"og:title\" content=\"Stinger \/ Laser Interceptor\" \/>\n<meta property=\"og:description\" content=\"Pon\u00fakame v\u00fdborne syst\u00e9my Stinger Card a Stinger VIP, v\u010faka ktor\u00e9mu dok\u00e1\u017eete analyzova\u0165 knihu j\u00e1zd s va\u0161im vozidlom, a Laser Interceptor, [&hellip;]\" \/>\n<meta property=\"og:url\" content=\"https:\/\/www.mmracing.sk\/sk\/sluzby\/stinger-laser-interceptor\/\" \/>\n<meta property=\"og:site_name\" content=\"MM RACING\" \/>\n<meta property=\"article:modified_time\" content=\"2016-09-21T18:06:42+00:00\" \/>\n<meta name=\"twitter:card\" content=\"summary_large_image\" \/>\n<script type=\"application\/ld+json\" class=\"yoast-schema-graph\">{\"@context\":\"https:\\\/\\\/schema.org\",\"@graph\":[{\"@type\":\"WebPage\",\"@id\":\"https:\\\/\\\/www.mmracing.sk\\\/sk\\\/sluzby\\\/stinger-laser-interceptor\\\/\",\"url\":\"https:\\\/\\\/www.mmracing.sk\\\/sk\\\/sluzby\\\/stinger-laser-interceptor\\\/\",\"name\":\"Stinger \\\/ Laser Interceptor - MM RACING\",\"isPartOf\":{\"@id\":\"https:\\\/\\\/www.mmracing.sk\\\/sk\\\/#website\"},\"datePublished\":\"2016-09-12T11:58:05+00:00\",\"dateModified\":\"2016-09-21T18:06:42+00:00\",\"breadcrumb\":{\"@id\":\"https:\\\/\\\/www.mmracing.sk\\\/sk\\\/sluzby\\\/stinger-laser-interceptor\\\/#breadcrumb\"},\"inLanguage\":\"en-GB\",\"potentialAction\":[{\"@type\":\"ReadAction\",\"target\":[\"https:\\\/\\\/www.mmracing.sk\\\/sk\\\/sluzby\\\/stinger-laser-interceptor\\\/\"]}]},{\"@type\":\"BreadcrumbList\",\"@id\":\"https:\\\/\\\/www.mmracing.sk\\\/sk\\\/sluzby\\\/stinger-laser-interceptor\\\/#breadcrumb\",\"itemListElement\":[{\"@type\":\"ListItem\",\"position\":1,\"name\":\"Domovsk\u00e1 str\u00e1nka\",\"item\":\"https:\\\/\\\/www.mmracing.sk\\\/sk\\\/\"},{\"@type\":\"ListItem\",\"position\":2,\"name\":\"Slu\u017eby\",\"item\":\"https:\\\/\\\/www.mmracing.sk\\\/sk\\\/sluzby\\\/\"},{\"@type\":\"ListItem\",\"position\":3,\"name\":\"Stinger \\\/ Laser Interceptor\"}]},{\"@type\":\"WebSite\",\"@id\":\"https:\\\/\\\/www.mmracing.sk\\\/sk\\\/#website\",\"url\":\"https:\\\/\\\/www.mmracing.sk\\\/sk\\\/\",\"name\":\"MM RACING\",\"description\":\"MM RACING V\u00e1m pon\u00faka profesion\u00e1lny chip tuning automobilov. Pon\u00fakame aj diagnostiku vozidiel a mno\u017estvo \u010fal\u0161\u00edch slu\u017eieb v Bratislave. Viac na mmracing.sk.\",\"potentialAction\":[{\"@type\":\"SearchAction\",\"target\":{\"@type\":\"EntryPoint\",\"urlTemplate\":\"https:\\\/\\\/www.mmracing.sk\\\/sk\\\/?s={search_term_string}\"},\"query-input\":{\"@type\":\"PropertyValueSpecification\",\"valueRequired\":true,\"valueName\":\"search_term_string\"}}],\"inLanguage\":\"en-GB\"}]}<\/script>\n<!-- \/ Yoast SEO Premium plugin. -->","yoast_head_json":{"title":"Stinger \/ Laser Interceptor - MM RACING","robots":{"index":"index","follow":"follow","max-snippet":"max-snippet:-1","max-image-preview":"max-image-preview:large","max-video-preview":"max-video-preview:-1"},"canonical":"https:\/\/www.mmracing.sk\/sk\/sluzby\/stinger-laser-interceptor\/","og_locale":"en_GB","og_type":"article","og_title":"Stinger \/ Laser Interceptor","og_description":"Pon\u00fakame v\u00fdborne syst\u00e9my Stinger Card a Stinger VIP, v\u010faka ktor\u00e9mu dok\u00e1\u017eete analyzova\u0165 knihu j\u00e1zd s va\u0161im vozidlom, a Laser Interceptor, [&hellip;]","og_url":"https:\/\/www.mmracing.sk\/sk\/sluzby\/stinger-laser-interceptor\/","og_site_name":"MM RACING","article_modified_time":"2016-09-21T18:06:42+00:00","twitter_card":"summary_large_image","schema":{"@context":"https:\/\/schema.org","@graph":[{"@type":"WebPage","@id":"https:\/\/www.mmracing.sk\/sk\/sluzby\/stinger-laser-interceptor\/","url":"https:\/\/www.mmracing.sk\/sk\/sluzby\/stinger-laser-interceptor\/","name":"Stinger \/ Laser Interceptor - MM RACING","isPartOf":{"@id":"https:\/\/www.mmracing.sk\/sk\/#website"},"datePublished":"2016-09-12T11:58:05+00:00","dateModified":"2016-09-21T18:06:42+00:00","breadcrumb":{"@id":"https:\/\/www.mmracing.sk\/sk\/sluzby\/stinger-laser-interceptor\/#breadcrumb"},"inLanguage":"en-GB","potentialAction":[{"@type":"ReadAction","target":["https:\/\/www.mmracing.sk\/sk\/sluzby\/stinger-laser-interceptor\/"]}]},{"@type":"BreadcrumbList","@id":"https:\/\/www.mmracing.sk\/sk\/sluzby\/stinger-laser-interceptor\/#breadcrumb","itemListElement":[{"@type":"ListItem","position":1,"name":"Domovsk\u00e1 str\u00e1nka","item":"https:\/\/www.mmracing.sk\/sk\/"},{"@type":"ListItem","position":2,"name":"Slu\u017eby","item":"https:\/\/www.mmracing.sk\/sk\/sluzby\/"},{"@type":"ListItem","position":3,"name":"Stinger \/ Laser Interceptor"}]},{"@type":"WebSite","@id":"https:\/\/www.mmracing.sk\/sk\/#website","url":"https:\/\/www.mmracing.sk\/sk\/","name":"MM RACING","description":"MM RACING V\u00e1m pon\u00faka profesion\u00e1lny chip tuning automobilov. Pon\u00fakame aj diagnostiku vozidiel a mno\u017estvo \u010fal\u0161\u00edch slu\u017eieb v Bratislave. Viac na mmracing.sk.","potentialAction":[{"@type":"SearchAction","target":{"@type":"EntryPoint","urlTemplate":"https:\/\/www.mmracing.sk\/sk\/?s={search_term_string}"},"query-input":{"@type":"PropertyValueSpecification","valueRequired":true,"valueName":"search_term_string"}}],"inLanguage":"en-GB"}]}},"_links":{"self":[{"href":"https:\/\/www.mmracing.sk\/sk\/wp-json\/wp\/v2\/pages\/113","targetHints":{"allow":["GET"]}}],"collection":[{"href":"https:\/\/www.mmracing.sk\/sk\/wp-json\/wp\/v2\/pages"}],"about":[{"href":"https:\/\/www.mmracing.sk\/sk\/wp-json\/wp\/v2\/types\/page"}],"author":[{"embeddable":true,"href":"https:\/\/www.mmracing.sk\/sk\/wp-json\/wp\/v2\/users\/1"}],"replies":[{"embeddable":true,"href":"https:\/\/www.mmracing.sk\/sk\/wp-json\/wp\/v2\/comments?post=113"}],"version-history":[{"count":1,"href":"https:\/\/www.mmracing.sk\/sk\/wp-json\/wp\/v2\/pages\/113\/revisions"}],"predecessor-version":[{"id":114,"href":"https:\/\/www.mmracing.sk\/sk\/wp-json\/wp\/v2\/pages\/113\/revisions\/114"}],"up":[{"embeddable":true,"href":"https:\/\/www.mmracing.sk\/sk\/wp-json\/wp\/v2\/pages\/121"}],"wp:attachment":[{"href":"https:\/\/www.mmracing.sk\/sk\/wp-json\/wp\/v2\/media?parent=113"}],"curies":[{"name":"wp","href":"https:\/\/api.w.org\/{rel}","templated":true}]}}