{"id":11,"date":"2016-09-11T14:49:11","date_gmt":"2016-09-11T12:49:11","guid":{"rendered":"http:\/\/www.mmracing.sk\/wp\/sk\/?page_id=11"},"modified":"2017-10-25T20:51:26","modified_gmt":"2017-10-25T18:51:26","slug":"autoservis","status":"publish","type":"page","link":"https:\/\/www.mmracing.sk\/sk\/sluzby\/autoservis\/","title":{"rendered":"Autoservis"},"content":{"rendered":"<p>Geni\u00e1lny vyn\u00e1lez kolesa sa zmenil na sofistikovan\u00fd dopravn\u00fd prostriedok. Pred 7000 rokmi kohosi v Mezopot\u00e1mii napadlo osadi\u0165 ko\u0161\u00edk na hr\u00edby hrn\u010diarskymi kolesami, vtedy ur\u010dite netu\u0161il, \u017ee o p\u00e1r rokov nesk\u00f4r k tomu in\u017einieri pridaj\u00fa 16 ventilov a hlasom ovl\u00e1dan\u00fd palubn\u00fd po\u010d\u00edta\u010d a to u\u017e nejde servisova\u0165 doma. Vy\u017eaduje si to auto-diagnostiku, zdvih\u00e1k, momentov\u00fd k\u013e\u00fa\u010d&#8230;<\/p>\n<p>Najlep\u0161ie posadi\u0165 sa u n\u00e1s do kresla s pripojen\u00edm na wifi a k\u00fdm dopijete \u0161\u00e1lku k\u00e1vy n\u00e1js\u0165 s na\u0161im pr\u00edj\u00edmac\u00edm technikom \u010dasovo a cenovo optim\u00e1lne rie\u0161enie pre V\u00e1s.<\/p>\n<p>Porad\u00edme si so \u0161irokou \u0161k\u00e1lou preven\u010dn\u00fdch, be\u017en\u00fdch, ojedinel\u00fdch i z\u00e1sadn\u00fdch z\u00e1sahov. Presved\u010d\u00edme V\u00e1s, \u017ee kvalitn\u00fd servis nem\u00fasi by\u0165 drah\u00fd.<\/p>\n<p>Navy\u0161e pri ka\u017edom servisnom z\u00e1sahu nad 500 \u20ac V\u00e1m zadarmo starostlivo vy\u010dist\u00edme interi\u00e9r a umyjeme karos\u00e9riu vozidla.<\/p>\n<p><strong>Servis osobn\u00fdch a \u00fa\u017eitkov\u00fdch vozidiel do 3,5t<\/strong><\/p>\n<h3>Opravy motorov a prevodoviek<\/h3>\n<ul>\n<li>anal\u00fdza motorov na z\u00e1\u0165a\u017eovej brzde<\/li>\n<li>gener\u00e1lne opravy motorov<\/li>\n<li>v\u00fdmena rozvodov<\/li>\n<li>v\u00fdmena tesnenia pod hlavou motora<\/li>\n<li>\u010distenie sac\u00edch kan\u00e1lov<\/li>\n<li>\u010distenie a testovanie benz\u00ednov\u00fdch vstrekova\u010dov<\/li>\n<li>\u010distenie a testovanie dieselov\u00fdch vstrekova\u010dov<\/li>\n<li>opravy manu\u00e1lnych prevodoviek<\/li>\n<li>v\u00fdmena oleja a preplach automatick\u00fdch prevodoviek<\/li>\n<\/ul>\n<h3>Opravy nemotorov\u00fdch \u010dast\u00ed vozidiel<\/h3>\n<ul>\n<li>v\u00fdmena opotrebovan\u00fdch brzdov\u00fdch platni\u010diek a kot\u00fa\u010dov<\/li>\n<li>v\u00fdmena lo\u017e\u00edsk, \u010dapov, ramien a tlmi\u010dov<\/li>\n<li>opravy a ladenie v\u00fdfukov\u00e9ho syst\u00e9mu<\/li>\n<li>v\u00fdmena a opravy \u010deln\u00fdch skiel po\u0161koden\u00fdch kamienkom<\/li>\n<\/ul>\n<h3>Autoelektrik\u00e1rske pr\u00e1ce<\/h3>\n<ul>\n<li>mont\u00e1\u017e audio a video techniky<\/li>\n<li>in\u0161tal\u00e1cia antiradaru<\/li>\n<li>v\u00fdmeny elektronick\u00fdch komponentov<\/li>\n<li>mont\u00e1\u017e a opravy elektronick\u00fdch obslu\u017en\u00fdch syst\u00e9mov<\/li>\n<li>opravy elektroin\u0161tal\u00e1cie<\/li>\n<li>opravy \u0161tart\u00e9rov a altern\u00e1torov<\/li>\n<li>mont\u00e1\u017e elektrodoplnkov a pr\u00edslu\u0161enstva<\/li>\n<\/ul>\n<h3>Z\u00e1ru\u010dn\u00e9 a poz\u00e1ru\u010dn\u00e9 servisn\u00e9 prehliadky<\/h3>\n<h3>Sez\u00f3nny servis<\/h3>\n<ul>\n<li>doplnenie chladiacej kvapaliny<\/li>\n<li>dolievanie zmesi do ostrekova\u010dov<\/li>\n<li>diagnostika, oprava a plnenie auto-klimatiz\u00e1ci\u00ed<\/li>\n<li>nastavenie svetlometov<\/li>\n<li>kontrola stiera\u010dov<\/li>\n<\/ul>\n<h3>Diagnostika vozidiel<\/h3>\n<h3>Pneuservis<\/h3>\n<ul>\n<li>prez\u00favanie pneumat\u00edk<\/li>\n<li>vyva\u017eovanie kolies<\/li>\n<li>opravy defektov<\/li>\n<li>opravy diskov<\/li>\n<li>sez\u00f3nne uskladnenie a likvid\u00e1cia star\u00fdch pneumat\u00edk<\/li>\n<\/ul>\n<h3>Predaj<\/h3>\n<ul>\n<li>predaj ND a akumul\u00e1torov<\/li>\n<li>predaj pneumat\u00edk, plechov\u00fdch a zliatinov\u00fdch diskov<\/li>\n<li>predaj olejov a maz\u00edv<\/li>\n<li>predaj autokozmetiky<\/li>\n<li>predaj autopr\u00edslu\u0161enstva<\/li>\n<\/ul>\n<h3>Slu\u017eby<\/h3>\n<ul>\n<li>prec\u00edzne ru\u010dn\u00e9 detailn\u00e9 \u010distenie interi\u00e9ru a karos\u00e9rie vozidla<\/li>\n<li>vyzdvihnutie vozidla u z\u00e1kazn\u00edka v r\u00e1mci kapac\u00edt<\/li>\n<li>odvoz a dovoz z\u00e1kazn\u00edkov v r\u00e1mci kapac\u00edt<\/li>\n<li>technick\u00e1 pomoc pri poruch\u00e1ch na ceste v r\u00e1mci kapac\u00edt<\/li>\n<li>poskytnutie n\u00e1hradn\u00e9ho vozidla v r\u00e1mci kapac\u00edt<\/li>\n<li>individu\u00e1lna starostlivos\u0165 a konzult\u00e1cie so z\u00e1kazn\u00edkom<\/li>\n<li>pr\u00edprava na STK a EK<\/li>\n<\/ul>\n","protected":false},"excerpt":{"rendered":"<p>Geni\u00e1lny vyn\u00e1lez kolesa sa zmenil na sofistikovan\u00fd dopravn\u00fd prostriedok. Pred 7000 rokmi kohosi v Mezopot\u00e1mii napadlo osadi\u0165 ko\u0161\u00edk na hr\u00edby [&hellip;]<\/p>\n","protected":false},"author":1,"featured_media":0,"parent":121,"menu_order":3,"comment_status":"closed","ping_status":"closed","template":"","meta":{"footnotes":""},"class_list":["post-11","page","type-page","status-publish","hentry"],"yoast_head":"<!-- This site is optimized with the Yoast SEO Premium plugin v23.8 (Yoast SEO v27.6) - https:\/\/yoast.com\/product\/yoast-seo-premium-wordpress\/ -->\n<title>Autoservis - MM RACING<\/title>\n<meta name=\"description\" content=\"Dobr\u00fd Autoservis s.r.o. je dc\u00e9ra spolo\u010dnosti MM RACING s.r.o., pon\u00faka servisn\u00e9 slu\u017eby pre automobily a motocykle.\" \/>\n<meta name=\"robots\" content=\"index, follow, max-snippet:-1, max-image-preview:large, max-video-preview:-1\" \/>\n<link rel=\"canonical\" href=\"https:\/\/www.mmracing.sk\/sk\/sluzby\/autoservis\/\" \/>\n<meta property=\"og:locale\" content=\"en_GB\" \/>\n<meta property=\"og:type\" content=\"article\" \/>\n<meta property=\"og:title\" content=\"Autoservis\" \/>\n<meta property=\"og:description\" content=\"Dobr\u00fd Autoservis s.r.o. je dc\u00e9ra spolo\u010dnosti MM RACING s.r.o., pon\u00faka servisn\u00e9 slu\u017eby pre automobily a motocykle.\" \/>\n<meta property=\"og:url\" content=\"https:\/\/www.mmracing.sk\/sk\/sluzby\/autoservis\/\" \/>\n<meta property=\"og:site_name\" content=\"MM RACING\" \/>\n<meta property=\"article:modified_time\" content=\"2017-10-25T18:51:26+00:00\" \/>\n<meta name=\"twitter:card\" content=\"summary_large_image\" \/>\n<meta name=\"twitter:label1\" content=\"Estimated reading time\" \/>\n\t<meta name=\"twitter:data1\" content=\"2 minutes\" \/>\n<script type=\"application\/ld+json\" class=\"yoast-schema-graph\">{\"@context\":\"https:\\\/\\\/schema.org\",\"@graph\":[{\"@type\":\"WebPage\",\"@id\":\"https:\\\/\\\/www.mmracing.sk\\\/sk\\\/sluzby\\\/autoservis\\\/\",\"url\":\"https:\\\/\\\/www.mmracing.sk\\\/sk\\\/sluzby\\\/autoservis\\\/\",\"name\":\"Autoservis - MM RACING\",\"isPartOf\":{\"@id\":\"https:\\\/\\\/www.mmracing.sk\\\/sk\\\/#website\"},\"datePublished\":\"2016-09-11T12:49:11+00:00\",\"dateModified\":\"2017-10-25T18:51:26+00:00\",\"description\":\"Dobr\u00fd Autoservis s.r.o. je dc\u00e9ra spolo\u010dnosti MM RACING s.r.o., pon\u00faka servisn\u00e9 slu\u017eby pre automobily a motocykle.\",\"breadcrumb\":{\"@id\":\"https:\\\/\\\/www.mmracing.sk\\\/sk\\\/sluzby\\\/autoservis\\\/#breadcrumb\"},\"inLanguage\":\"en-GB\",\"potentialAction\":[{\"@type\":\"ReadAction\",\"target\":[\"https:\\\/\\\/www.mmracing.sk\\\/sk\\\/sluzby\\\/autoservis\\\/\"]}]},{\"@type\":\"BreadcrumbList\",\"@id\":\"https:\\\/\\\/www.mmracing.sk\\\/sk\\\/sluzby\\\/autoservis\\\/#breadcrumb\",\"itemListElement\":[{\"@type\":\"ListItem\",\"position\":1,\"name\":\"Domovsk\u00e1 str\u00e1nka\",\"item\":\"https:\\\/\\\/www.mmracing.sk\\\/sk\\\/\"},{\"@type\":\"ListItem\",\"position\":2,\"name\":\"Slu\u017eby\",\"item\":\"https:\\\/\\\/www.mmracing.sk\\\/sk\\\/sluzby\\\/\"},{\"@type\":\"ListItem\",\"position\":3,\"name\":\"Autoservis\"}]},{\"@type\":\"WebSite\",\"@id\":\"https:\\\/\\\/www.mmracing.sk\\\/sk\\\/#website\",\"url\":\"https:\\\/\\\/www.mmracing.sk\\\/sk\\\/\",\"name\":\"MM RACING\",\"description\":\"MM RACING V\u00e1m pon\u00faka profesion\u00e1lny chip tuning automobilov. Pon\u00fakame aj diagnostiku vozidiel a mno\u017estvo \u010fal\u0161\u00edch slu\u017eieb v Bratislave. Viac na mmracing.sk.\",\"potentialAction\":[{\"@type\":\"SearchAction\",\"target\":{\"@type\":\"EntryPoint\",\"urlTemplate\":\"https:\\\/\\\/www.mmracing.sk\\\/sk\\\/?s={search_term_string}\"},\"query-input\":{\"@type\":\"PropertyValueSpecification\",\"valueRequired\":true,\"valueName\":\"search_term_string\"}}],\"inLanguage\":\"en-GB\"}]}<\/script>\n<!-- \/ Yoast SEO Premium plugin. -->","yoast_head_json":{"title":"Autoservis - MM RACING","description":"Dobr\u00fd Autoservis s.r.o. je dc\u00e9ra spolo\u010dnosti MM RACING s.r.o., pon\u00faka servisn\u00e9 slu\u017eby pre automobily a motocykle.","robots":{"index":"index","follow":"follow","max-snippet":"max-snippet:-1","max-image-preview":"max-image-preview:large","max-video-preview":"max-video-preview:-1"},"canonical":"https:\/\/www.mmracing.sk\/sk\/sluzby\/autoservis\/","og_locale":"en_GB","og_type":"article","og_title":"Autoservis","og_description":"Dobr\u00fd Autoservis s.r.o. je dc\u00e9ra spolo\u010dnosti MM RACING s.r.o., pon\u00faka servisn\u00e9 slu\u017eby pre automobily a motocykle.","og_url":"https:\/\/www.mmracing.sk\/sk\/sluzby\/autoservis\/","og_site_name":"MM RACING","article_modified_time":"2017-10-25T18:51:26+00:00","twitter_card":"summary_large_image","twitter_misc":{"Estimated reading time":"2 minutes"},"schema":{"@context":"https:\/\/schema.org","@graph":[{"@type":"WebPage","@id":"https:\/\/www.mmracing.sk\/sk\/sluzby\/autoservis\/","url":"https:\/\/www.mmracing.sk\/sk\/sluzby\/autoservis\/","name":"Autoservis - MM RACING","isPartOf":{"@id":"https:\/\/www.mmracing.sk\/sk\/#website"},"datePublished":"2016-09-11T12:49:11+00:00","dateModified":"2017-10-25T18:51:26+00:00","description":"Dobr\u00fd Autoservis s.r.o. je dc\u00e9ra spolo\u010dnosti MM RACING s.r.o., pon\u00faka servisn\u00e9 slu\u017eby pre automobily a motocykle.","breadcrumb":{"@id":"https:\/\/www.mmracing.sk\/sk\/sluzby\/autoservis\/#breadcrumb"},"inLanguage":"en-GB","potentialAction":[{"@type":"ReadAction","target":["https:\/\/www.mmracing.sk\/sk\/sluzby\/autoservis\/"]}]},{"@type":"BreadcrumbList","@id":"https:\/\/www.mmracing.sk\/sk\/sluzby\/autoservis\/#breadcrumb","itemListElement":[{"@type":"ListItem","position":1,"name":"Domovsk\u00e1 str\u00e1nka","item":"https:\/\/www.mmracing.sk\/sk\/"},{"@type":"ListItem","position":2,"name":"Slu\u017eby","item":"https:\/\/www.mmracing.sk\/sk\/sluzby\/"},{"@type":"ListItem","position":3,"name":"Autoservis"}]},{"@type":"WebSite","@id":"https:\/\/www.mmracing.sk\/sk\/#website","url":"https:\/\/www.mmracing.sk\/sk\/","name":"MM RACING","description":"MM RACING V\u00e1m pon\u00faka profesion\u00e1lny chip tuning automobilov. Pon\u00fakame aj diagnostiku vozidiel a mno\u017estvo \u010fal\u0161\u00edch slu\u017eieb v Bratislave. Viac na mmracing.sk.","potentialAction":[{"@type":"SearchAction","target":{"@type":"EntryPoint","urlTemplate":"https:\/\/www.mmracing.sk\/sk\/?s={search_term_string}"},"query-input":{"@type":"PropertyValueSpecification","valueRequired":true,"valueName":"search_term_string"}}],"inLanguage":"en-GB"}]}},"_links":{"self":[{"href":"https:\/\/www.mmracing.sk\/sk\/wp-json\/wp\/v2\/pages\/11","targetHints":{"allow":["GET"]}}],"collection":[{"href":"https:\/\/www.mmracing.sk\/sk\/wp-json\/wp\/v2\/pages"}],"about":[{"href":"https:\/\/www.mmracing.sk\/sk\/wp-json\/wp\/v2\/types\/page"}],"author":[{"embeddable":true,"href":"https:\/\/www.mmracing.sk\/sk\/wp-json\/wp\/v2\/users\/1"}],"replies":[{"embeddable":true,"href":"https:\/\/www.mmracing.sk\/sk\/wp-json\/wp\/v2\/comments?post=11"}],"version-history":[{"count":8,"href":"https:\/\/www.mmracing.sk\/sk\/wp-json\/wp\/v2\/pages\/11\/revisions"}],"predecessor-version":[{"id":112,"href":"https:\/\/www.mmracing.sk\/sk\/wp-json\/wp\/v2\/pages\/11\/revisions\/112"}],"up":[{"embeddable":true,"href":"https:\/\/www.mmracing.sk\/sk\/wp-json\/wp\/v2\/pages\/121"}],"wp:attachment":[{"href":"https:\/\/www.mmracing.sk\/sk\/wp-json\/wp\/v2\/media?parent=11"}],"curies":[{"name":"wp","href":"https:\/\/api.w.org\/{rel}","templated":true}]}}